{"id":1091912,"date":"2024-03-28T19:18:06","date_gmt":"2024-03-28T18:18:06","guid":{"rendered":"https:\/\/positiveprints.com\/?post_type=product&#038;p=1091912"},"modified":"2026-04-18T04:30:25","modified_gmt":"2026-04-18T03:30:25","slug":"pappa-4-fotocollage","status":"publish","type":"product","link":"https:\/\/positiveprints.com\/sv\/produkt\/pappa-4-fotocollage\/","title":{"rendered":"Pappa 4 Fotocollage"},"content":{"rendered":"<p>\u00c4r du p\u00e5 jakt efter en present som p\u00e5 ett perfekt s\u00e4tt uttrycker din k\u00e4rlek och uppskattning f\u00f6r din pappa? Leta inte l\u00e4ngre! V\u00e5rt fotocollage &#8220;Dad 4 Photo Collage&#8221; \u00e4r en l\u00f6sning som g\u00e5r rakt in i hj\u00e4rtat. Uppt\u00e4ck hur du kan skapa ett personligt m\u00e4sterverk som din pappa kommer att uppskatta f\u00f6r alltid.<\/p>\r\n\r\n<h2>Skapa din pappa 4 fotocollage<\/h2>\r\n\r\n\r\n<p>B\u00f6rja med att v\u00e4lja ett tema som st\u00e4mmer \u00f6verens med din pappas personlighet och intressen. Oavsett om du vill fira hans roll som &#8220;b\u00e4sta pappa&#8221; eller visa upp minnesv\u00e4rda \u00f6gonblick, v\u00e5rt urval av teman garanterar att det finns n\u00e5got speciellt f\u00f6r varje pappa. Dessutom har varje tema ett elegant handstilsteckensnitt f\u00f6r en extra sofistikerad touch.<\/p>\r\n\r\n<p>Fyll ditt collage med minnen genom att l\u00e4gga till fyra av dina favoritbilder. Fr\u00e5n familje\u00e4ventyr till hj\u00e4rtev\u00e4rmande \u00f6gonblicksbilder &#8211; dessa bilder f\u00e5ngar essensen av ditt band till din pappa. V\u00e5r editor g\u00f6r det enkelt att ladda upp och arrangera dina foton f\u00f6r den perfekta kompositionen.<\/p>\r\n\r\n<h2>G\u00e5van av meningsfulla minnen<\/h2>\r\n\r\n<p>Ge din pappa en g\u00e5va som s\u00e4ger mycket med v\u00e5rt personliga &#8220;Dad 4 Photo Collage&#8221;. Det \u00e4r mer \u00e4n bara en present, det \u00e4r ett innerligt uttryck f\u00f6r tacksamhet och k\u00e4rlek. Oavsett om det \u00e4r Fars dag, hans f\u00f6delsedag eller n\u00e5got annat speciellt tillf\u00e4lle kommer det h\u00e4r collaget garanterat att g\u00f6ra hans dag of\u00f6rgl\u00f6mlig. Oavsett om du v\u00e4ljer en tryckt eller inramad poster, canvas eller en digital nedladdningsfil erbjuder vi m\u00e5ngsidiga alternativ som passar dina preferenser.<\/p>\r\n\r\n<p>Visa din pappa hur mycket han betyder f\u00f6r dig med en g\u00e5va som \u00e4r lika unik som han sj\u00e4lv. Best\u00e4ll ditt personliga &#8220;Dad 4 Photo Collage&#8221; idag och l\u00e5t din pappa veta att han verkligen \u00e4r uppskattad.<\/p>","protected":false},"excerpt":{"rendered":"<ul class=\"check-list\">\n<li>Visa din pappa hur mycket du uppskattar honom med en fantastisk g\u00e5va som hyllar de stunder ni tillbringat tillsammans.<\/li>\n<li>L\u00e4gg till text\u00f6verl\u00e4gg f\u00f6r att g\u00f6ra varje g\u00e5va speciell och meningsfull<\/li>\n<li>Anpassa p\u00e5 bara 2 minuter<\/li>\n<li>V\u00e4lj en mall eller var kreativ<\/li>\n<li>Se resultatet direkt \u2013 den interaktiva f\u00f6rhandsvisningen l\u00e5ter dig finjustera varje detalj<\/li>\n<\/ul>\n","protected":false},"featured_media":1096552,"template":"","meta":[],"product_brand":[],"product_cat":[7459,8109,7503,8108,11466,15061,7982],"product_tag":[16082,8560,13470,11765],"class_list":{"0":"post-1091912","1":"product","2":"type-product","3":"status-publish","4":"has-post-thumbnail","6":"product_cat-alla-produkter","7":"product_cat-fars-dag-present","8":"product_cat-foto-sv","9":"product_cat-julpresenter","10":"product_cat-julklappar-till-pappa","11":"product_cat-julklappar-till-familjen","12":"product_cat-gavor-till-pappa","13":"product_tag-cadeaux-de-noel-pour-la-famille-sv","14":"product_tag-father-sv","15":"product_tag-julklappar-till-familjen","16":"product_tag-julklappar-till-pappa","18":"first","19":"instock","20":"sale","21":"taxable","22":"shipping-taxable","23":"purchasable","24":"product-type-variable"},"yoast_head":"<!-- This site is optimized with the Yoast SEO Premium plugin v27.2 (Yoast SEO v27.2) - https:\/\/yoast.com\/product\/yoast-seo-premium-wordpress\/ -->\n<title>Pappa 4 fotocollage - Positiva tryck<\/title>\n<meta name=\"description\" content=\"Fira pappas milstolpar med v\u00e5rt fotocollage Dad 4. Skapa ett personligt m\u00e4sterverk i bara tre enkla steg. Best\u00e4ll nu!\" \/>\n<meta name=\"robots\" content=\"index, follow, max-snippet:-1, max-image-preview:large, max-video-preview:-1\" \/>\n<link rel=\"canonical\" href=\"https:\/\/positiveprints.com\/sv\/produkt\/pappa-4-fotocollage\/\" \/>\n<meta property=\"og:locale\" content=\"sv_SE\" \/>\n<meta property=\"og:type\" content=\"article\" \/>\n<meta property=\"og:title\" content=\"Pappa 4 Fotocollage\" \/>\n<meta property=\"og:description\" content=\"Visa din pappa hur mycket du uppskattar honom med en fantastisk g\u00e5va som hyllar de stunder ni tillbringat tillsammans. L\u00e4gg till text\u00f6verl\u00e4gg f\u00f6r att g\u00f6ra varje g\u00e5va speciell och meningsfull Anpassa p\u00e5 bara 2 minuter V\u00e4lj en mall eller var kreativ Se resultatet direkt \u2013 den interaktiva f\u00f6rhandsvisningen l\u00e5ter dig finjustera varje detalj\" \/>\n<meta property=\"og:url\" content=\"https:\/\/positiveprints.com\/sv\/produkt\/pappa-4-fotocollage\/\" \/>\n<meta property=\"og:site_name\" content=\"Positive Prints\" \/>\n<meta property=\"article:publisher\" content=\"https:\/\/www.facebook.com\/positiveprintscom\" \/>\n<meta property=\"article:modified_time\" content=\"2026-04-18T03:30:25+00:00\" \/>\n<meta property=\"og:image\" content=\"https:\/\/positiveprints.com\/wp-content\/uploads\/2024\/04\/Dad-4-photo-collage.jpg\" \/>\n\t<meta property=\"og:image:width\" content=\"1080\" \/>\n\t<meta property=\"og:image:height\" content=\"1080\" \/>\n\t<meta property=\"og:image:type\" content=\"image\/jpeg\" \/>\n<meta name=\"twitter:card\" content=\"summary_large_image\" \/>\n<meta name=\"twitter:label1\" content=\"Ber\u00e4knad l\u00e4stid\" \/>\n\t<meta name=\"twitter:data1\" content=\"2 minut\" \/>\n<!-- \/ Yoast SEO Premium plugin. -->","yoast_head_json":{"title":"Pappa 4 fotocollage - Positiva tryck","description":"Fira pappas milstolpar med v\u00e5rt fotocollage Dad 4. Skapa ett personligt m\u00e4sterverk i bara tre enkla steg. Best\u00e4ll nu!","robots":{"index":"index","follow":"follow","max-snippet":"max-snippet:-1","max-image-preview":"max-image-preview:large","max-video-preview":"max-video-preview:-1"},"canonical":"https:\/\/positiveprints.com\/sv\/produkt\/pappa-4-fotocollage\/","og_locale":"sv_SE","og_type":"article","og_title":"Pappa 4 Fotocollage","og_description":"Visa din pappa hur mycket du uppskattar honom med en fantastisk g\u00e5va som hyllar de stunder ni tillbringat tillsammans. L\u00e4gg till text\u00f6verl\u00e4gg f\u00f6r att g\u00f6ra varje g\u00e5va speciell och meningsfull Anpassa p\u00e5 bara 2 minuter V\u00e4lj en mall eller var kreativ Se resultatet direkt \u2013 den interaktiva f\u00f6rhandsvisningen l\u00e5ter dig finjustera varje detalj","og_url":"https:\/\/positiveprints.com\/sv\/produkt\/pappa-4-fotocollage\/","og_site_name":"Positive Prints","article_publisher":"https:\/\/www.facebook.com\/positiveprintscom","article_modified_time":"2026-04-18T03:30:25+00:00","og_image":[{"width":1080,"height":1080,"url":"https:\/\/positiveprints.com\/wp-content\/uploads\/2024\/04\/Dad-4-photo-collage.jpg","type":"image\/jpeg"}],"twitter_card":"summary_large_image","twitter_misc":{"Ber\u00e4knad l\u00e4stid":"2 minut"},"schema":{"@context":"https:\/\/schema.org","@graph":[{"@type":["WebPage","ItemPage"],"@id":"https:\/\/positiveprints.com\/sv\/produkt\/pappa-4-fotocollage\/","url":"https:\/\/positiveprints.com\/sv\/produkt\/pappa-4-fotocollage\/","name":"Pappa 4 fotocollage - Positiva tryck","isPartOf":{"@id":"https:\/\/positiveprints.com\/sv\/#website"},"primaryImageOfPage":{"@id":"https:\/\/positiveprints.com\/sv\/produkt\/pappa-4-fotocollage\/#primaryimage"},"image":{"@id":"https:\/\/positiveprints.com\/sv\/produkt\/pappa-4-fotocollage\/#primaryimage"},"thumbnailUrl":"https:\/\/positiveprints.com\/wp-content\/uploads\/2024\/04\/Dad-4-photo-collage.jpg","datePublished":"2024-03-28T18:18:06+00:00","dateModified":"2026-04-18T03:30:25+00:00","description":"Fira pappas milstolpar med v\u00e5rt fotocollage Dad 4. Skapa ett personligt m\u00e4sterverk i bara tre enkla steg. Best\u00e4ll nu!","breadcrumb":{"@id":"https:\/\/positiveprints.com\/sv\/produkt\/pappa-4-fotocollage\/#breadcrumb"},"inLanguage":"sv-SE","potentialAction":[{"@type":"ReadAction","target":["https:\/\/positiveprints.com\/sv\/produkt\/pappa-4-fotocollage\/"]}]},{"@type":"ImageObject","inLanguage":"sv-SE","@id":"https:\/\/positiveprints.com\/sv\/produkt\/pappa-4-fotocollage\/#primaryimage","url":"https:\/\/positiveprints.com\/wp-content\/uploads\/2024\/04\/Dad-4-photo-collage.jpg","contentUrl":"https:\/\/positiveprints.com\/wp-content\/uploads\/2024\/04\/Dad-4-photo-collage.jpg","width":1080,"height":1080,"caption":"Dad 4 photo collage"},{"@type":"BreadcrumbList","@id":"https:\/\/positiveprints.com\/sv\/produkt\/pappa-4-fotocollage\/#breadcrumb","itemListElement":[{"@type":"ListItem","position":1,"name":"Home","item":"https:\/\/positiveprints.com\/sv\/"},{"@type":"ListItem","position":2,"name":"Produkter","item":"https:\/\/positiveprints.com\/sv\/shop\/"},{"@type":"ListItem","position":3,"name":"Pappa 4 Fotocollage"}]},{"@type":"WebSite","@id":"https:\/\/positiveprints.com\/sv\/#website","url":"https:\/\/positiveprints.com\/sv\/","name":"Positive Prints","description":"Amazing Custom Personalized Gifts","publisher":{"@id":"https:\/\/positiveprints.com\/sv\/#organization"},"potentialAction":[{"@type":"SearchAction","target":{"@type":"EntryPoint","urlTemplate":"https:\/\/positiveprints.com\/sv\/?s={search_term_string}"},"query-input":{"@type":"PropertyValueSpecification","valueRequired":true,"valueName":"search_term_string"}}],"inLanguage":"sv-SE"},{"@type":"Organization","@id":"https:\/\/positiveprints.com\/sv\/#organization","name":"Positive Prints","alternateName":"Positive Prints","url":"https:\/\/positiveprints.com\/sv\/","logo":{"@type":"ImageObject","inLanguage":"sv-SE","@id":"https:\/\/positiveprints.com\/sv\/#\/schema\/logo\/image\/","url":"https:\/\/positiveprints.com\/wp-content\/uploads\/2026\/03\/245815646_1337939713319158_5671353136411139666_n.png","contentUrl":"https:\/\/positiveprints.com\/wp-content\/uploads\/2026\/03\/245815646_1337939713319158_5671353136411139666_n.png","width":800,"height":800,"caption":"Positive Prints"},"image":{"@id":"https:\/\/positiveprints.com\/sv\/#\/schema\/logo\/image\/"},"sameAs":["https:\/\/www.facebook.com\/positiveprintscom","https:\/\/www.instagram.com\/positiveprintscom\/","https:\/\/www.tiktok.com\/@positiveprintscom","https:\/\/www.pinterest.com\/positiveprintscom\/"]}]}},"jetpack_sharing_enabled":true,"_links":{"self":[{"href":"https:\/\/positiveprints.com\/sv\/wp-json\/wp\/v2\/product\/1091912","targetHints":{"allow":["GET"]}}],"collection":[{"href":"https:\/\/positiveprints.com\/sv\/wp-json\/wp\/v2\/product"}],"about":[{"href":"https:\/\/positiveprints.com\/sv\/wp-json\/wp\/v2\/types\/product"}],"wp:featuredmedia":[{"embeddable":true,"href":"https:\/\/positiveprints.com\/sv\/wp-json\/wp\/v2\/media\/1096552"}],"wp:attachment":[{"href":"https:\/\/positiveprints.com\/sv\/wp-json\/wp\/v2\/media?parent=1091912"}],"wp:term":[{"taxonomy":"product_brand","embeddable":true,"href":"https:\/\/positiveprints.com\/sv\/wp-json\/wp\/v2\/product_brand?post=1091912"},{"taxonomy":"product_cat","embeddable":true,"href":"https:\/\/positiveprints.com\/sv\/wp-json\/wp\/v2\/product_cat?post=1091912"},{"taxonomy":"product_tag","embeddable":true,"href":"https:\/\/positiveprints.com\/sv\/wp-json\/wp\/v2\/product_tag?post=1091912"}],"curies":[{"name":"wp","href":"https:\/\/api.w.org\/{rel}","templated":true}]}}