{"id":1091896,"date":"2024-03-28T19:47:55","date_gmt":"2024-03-28T18:47:55","guid":{"rendered":"https:\/\/positiveprints.com\/?post_type=product&#038;p=1091896"},"modified":"2026-04-28T13:53:41","modified_gmt":"2026-04-28T12:53:41","slug":"moder-linje-konst-smycken","status":"publish","type":"product","link":"https:\/\/positiveprints.com\/sv\/produkt\/moder-linje-konst-smycken\/","title":{"rendered":"Moder Linje Konst Smycken"},"content":{"rendered":"<p>Hedra din mammas k\u00e4rlek och uppoffringar med v\u00e5ra innerliga smycken fr\u00e5n Mom Line Art. F\u00f6rvandla ett v\u00e4rdefullt minne till ett tidl\u00f6st personligt konstverk som hedrar din mammas styrka och omv\u00e5rdande anda. V\u00e5ra skickliga hantverkare ritar varje detalj f\u00f6r hand och skapar en unik avbildning som speglar den k\u00e4rlek och omsorg som hon ger.<\/p>\n\n\n\n<h2>Enkel process i tre steg:<\/h2>\n\n\n\n<p>Med v\u00e5r intuitiva redigerare kan du anpassa dina Mom Line Art-smycken i tre enkla steg. F\u00f6rhandsgranska din design i varje steg f\u00f6r att s\u00e4kerst\u00e4lla att den perfekt f\u00e5ngar essensen av din k\u00e4rlek och tacksamhet. V\u00e4lj datum, plats och anpassa f\u00f6r att skapa ett v\u00e4rdefullt minne.<\/p>\n\n\n\n<ol>\n\n<li>V\u00e4lj stil och f\u00e4rger: <\/li>\n\n<p>V\u00e4lj den stil och de f\u00e4rger som \u00e5terspeglar din \u00e4lskade mammas k\u00e4rlek och omt\u00e4nksamhet.<\/p>\n\n\n\n<li>Ladda upp ett speciellt foto av din mamma: <\/li>\n\n<p>Dela med dig av ett foto som sammanfattar den styrka och k\u00e4rlek som din mamma f\u00f6rkroppsligar. V\u00e5ra konstn\u00e4rer tecknar noggrant f\u00f6r hand och ser till att konstverket f\u00e5ngar hennes unika v\u00e4sen.<\/p>\n\n\n\n<li>L\u00e4gg till ett personligt meddelande och avsluta: <\/li>\n\n<p>F\u00f6rgyll ditt Mom Line Art-smycke med ett innerligt budskap. V\u00e5rt supportteam bekr\u00e4ftar din best\u00e4llning och n\u00e4r den \u00e4r klar f\u00e5r du ett digitalt korrektur som du kan granska. Din tillfredsst\u00e4llelse \u00e4r viktig, s\u00e5 du f\u00e5r g\u00e4rna beg\u00e4ra \u00e4ndringar upp till tv\u00e5 g\u00e5nger. Efter godk\u00e4nnande kommer ditt personliga m\u00e4sterverk att tillverkas och levereras f\u00f6r att hedra det speciella bandet mellan dig och din mamma.<\/p>\n\n<\/ol>\n\n\n\n<h2>Fira det speciella bandet med smycken fr\u00e5n Mother Line Art<\/h2>\n\n\n\n<p>Fira k\u00e4rleken, uppoffringarna och det varaktiga bandet med Mom Line Art Jewelry &#8211; en perfekt g\u00e5va f\u00f6r att uttrycka tacksamhet och skapa ett best\u00e5ende minne. Best\u00e4ll nu och hedra din mor med ett personligt m\u00e4sterverk som f\u00e5ngar essensen av hennes orubbliga k\u00e4rlek.<\/p>\n\n\n\n<p>Dina personliga smycken levereras i en elegant ask tillsammans med sk\u00f6tselr\u00e5d och en speciell reng\u00f6ringsduk, vilket visar v\u00e5rt engagemang f\u00f6r att ge dig inte bara smycken, utan en v\u00e4rdefull upplevelse. Ladda upp din mammas foto f\u00f6r att skapa ett unikt konstverk p\u00e5 framsidan av h\u00e4nget &#8211; en vacker p\u00e5minnelse om ett speciellt \u00f6gonblick. P\u00e5 baksidan kan du gravera in ett personligt meddelande som ger en djupt personlig touch.<\/p>","protected":false},"excerpt":{"rendered":"<ul class=\"check-list\">\n<li>L\u00e5t v\u00e5ra konstn\u00e4rer rita unika linjer fr\u00e5n ett foto av din mamma<\/li>\n<li>Ritad och skickad f\u00f6r godk\u00e4nnande inom 2-3 arbetsdagar<\/li>\n<li>20 mm h\u00e4nge tillverkat av h\u00f6gkvalitativt sterlingsilver , lasergraverat och handbearbetat<\/li>\n<li>V\u00e4lj en hj\u00e4rtlig text som passar tillf\u00e4llet<\/li>\n<li>2 revisioner tillg\u00e4ngliga p\u00e5 beg\u00e4ran<\/li>\n<\/ul>\n","protected":false},"featured_media":1534677,"template":"","meta":[],"product_brand":[],"product_cat":[9266,7459,8113,8108,11474,7710],"product_tag":[11833,15067,11030,11031,10961,11032,15068,8409,11033,11029,15069,16781,15070],"class_list":{"0":"post-1091896","1":"product","2":"type-product","3":"status-publish","4":"has-post-thumbnail","6":"product_cat-jewelry-sv","7":"product_cat-alla-produkter","8":"product_cat-mors-dag-presenter","9":"product_cat-julpresenter","10":"product_cat-julklappar-till-mamma","11":"product_cat-gavor-till-mamma","12":"product_tag-julklappar-till-mamma","13":"product_tag-lancuszek-sv","14":"product_tag-mam-sv","15":"product_tag-mamma-sv","16":"product_tag-mamma","17":"product_tag-mammor","18":"product_tag-medalion-sv","19":"product_tag-mother-sv","20":"product_tag-mumie-sv","21":"product_tag-mumie","22":"product_tag-naszyjnik-sv","23":"product_tag-presenter-till-mamma","24":"product_tag-wisiorek-sv","26":"first","27":"instock","28":"sale","29":"taxable","30":"shipping-taxable","31":"purchasable","32":"product-type-variable"},"yoast_head":"<!-- This site is optimized with the Yoast SEO Premium plugin v27.2 (Yoast SEO v27.2) - https:\/\/yoast.com\/product\/yoast-seo-premium-wordpress\/ -->\n<title>Moderlinje konstsmycken - positiva tryck<\/title>\n<meta name=\"description\" content=\"Uttryck evig k\u00e4rlek med smycket Mom Line Art Jewelry. Det \u00e4r en tidl\u00f6s hyllning till en mors styrka och omv\u00e5rdande sj\u00e4l.\" \/>\n<meta name=\"robots\" content=\"index, follow, max-snippet:-1, max-image-preview:large, max-video-preview:-1\" \/>\n<link rel=\"canonical\" href=\"https:\/\/positiveprints.com\/sv\/produkt\/moder-linje-konst-smycken\/\" \/>\n<meta property=\"og:locale\" content=\"sv_SE\" \/>\n<meta property=\"og:type\" content=\"article\" \/>\n<meta property=\"og:title\" content=\"Moder Linje Konst Smycken\" \/>\n<meta property=\"og:description\" content=\"L\u00e5t v\u00e5ra konstn\u00e4rer rita unika linjer fr\u00e5n ett foto av din mamma  Ritad och skickad f\u00f6r godk\u00e4nnande inom 2-3 arbetsdagar  20 mm h\u00e4nge tillverkat av h\u00f6gkvalitativt sterlingsilver , lasergraverat och handbearbetat  V\u00e4lj en hj\u00e4rtlig text som passar tillf\u00e4llet  2 revisioner tillg\u00e4ngliga p\u00e5 beg\u00e4ran\" \/>\n<meta property=\"og:url\" content=\"https:\/\/positiveprints.com\/sv\/produkt\/moder-linje-konst-smycken\/\" \/>\n<meta property=\"og:site_name\" content=\"Positive Prints\" \/>\n<meta property=\"article:publisher\" content=\"https:\/\/www.facebook.com\/positiveprintscom\" \/>\n<meta property=\"article:modified_time\" content=\"2026-04-28T12:53:41+00:00\" \/>\n<meta property=\"og:image\" content=\"https:\/\/positiveprints.com\/wp-content\/uploads\/2025\/10\/MAIN_SE_Moder-Linje-Konst-Smycken.webp\" \/>\n\t<meta property=\"og:image:width\" content=\"2500\" \/>\n\t<meta property=\"og:image:height\" content=\"2500\" \/>\n\t<meta property=\"og:image:type\" content=\"image\/webp\" \/>\n<meta name=\"twitter:card\" content=\"summary_large_image\" \/>\n<!-- \/ Yoast SEO Premium plugin. -->","yoast_head_json":{"title":"Moderlinje konstsmycken - positiva tryck","description":"Uttryck evig k\u00e4rlek med smycket Mom Line Art Jewelry. Det \u00e4r en tidl\u00f6s hyllning till en mors styrka och omv\u00e5rdande sj\u00e4l.","robots":{"index":"index","follow":"follow","max-snippet":"max-snippet:-1","max-image-preview":"max-image-preview:large","max-video-preview":"max-video-preview:-1"},"canonical":"https:\/\/positiveprints.com\/sv\/produkt\/moder-linje-konst-smycken\/","og_locale":"sv_SE","og_type":"article","og_title":"Moder Linje Konst Smycken","og_description":"L\u00e5t v\u00e5ra konstn\u00e4rer rita unika linjer fr\u00e5n ett foto av din mamma  Ritad och skickad f\u00f6r godk\u00e4nnande inom 2-3 arbetsdagar  20 mm h\u00e4nge tillverkat av h\u00f6gkvalitativt sterlingsilver , lasergraverat och handbearbetat  V\u00e4lj en hj\u00e4rtlig text som passar tillf\u00e4llet  2 revisioner tillg\u00e4ngliga p\u00e5 beg\u00e4ran","og_url":"https:\/\/positiveprints.com\/sv\/produkt\/moder-linje-konst-smycken\/","og_site_name":"Positive Prints","article_publisher":"https:\/\/www.facebook.com\/positiveprintscom","article_modified_time":"2026-04-28T12:53:41+00:00","og_image":[{"width":2500,"height":2500,"url":"https:\/\/positiveprints.com\/wp-content\/uploads\/2025\/10\/MAIN_SE_Moder-Linje-Konst-Smycken.webp","type":"image\/webp"}],"twitter_card":"summary_large_image","schema":{"@context":"https:\/\/schema.org","@graph":[{"@type":["WebPage","ItemPage"],"@id":"https:\/\/positiveprints.com\/sv\/produkt\/moder-linje-konst-smycken\/","url":"https:\/\/positiveprints.com\/sv\/produkt\/moder-linje-konst-smycken\/","name":"Moderlinje konstsmycken - positiva tryck","isPartOf":{"@id":"https:\/\/positiveprints.com\/sv\/#website"},"primaryImageOfPage":{"@id":"https:\/\/positiveprints.com\/sv\/produkt\/moder-linje-konst-smycken\/#primaryimage"},"image":{"@id":"https:\/\/positiveprints.com\/sv\/produkt\/moder-linje-konst-smycken\/#primaryimage"},"thumbnailUrl":"https:\/\/positiveprints.com\/wp-content\/uploads\/2025\/10\/MAIN_SE_Moder-Linje-Konst-Smycken.webp","datePublished":"2024-03-28T18:47:55+00:00","dateModified":"2026-04-28T12:53:41+00:00","description":"Uttryck evig k\u00e4rlek med smycket Mom Line Art Jewelry. Det \u00e4r en tidl\u00f6s hyllning till en mors styrka och omv\u00e5rdande sj\u00e4l.","breadcrumb":{"@id":"https:\/\/positiveprints.com\/sv\/produkt\/moder-linje-konst-smycken\/#breadcrumb"},"inLanguage":"sv-SE","potentialAction":[{"@type":"ReadAction","target":["https:\/\/positiveprints.com\/sv\/produkt\/moder-linje-konst-smycken\/"]}]},{"@type":"ImageObject","inLanguage":"sv-SE","@id":"https:\/\/positiveprints.com\/sv\/produkt\/moder-linje-konst-smycken\/#primaryimage","url":"https:\/\/positiveprints.com\/wp-content\/uploads\/2025\/10\/MAIN_SE_Moder-Linje-Konst-Smycken.webp","contentUrl":"https:\/\/positiveprints.com\/wp-content\/uploads\/2025\/10\/MAIN_SE_Moder-Linje-Konst-Smycken.webp","width":2500,"height":2500},{"@type":"BreadcrumbList","@id":"https:\/\/positiveprints.com\/sv\/produkt\/moder-linje-konst-smycken\/#breadcrumb","itemListElement":[{"@type":"ListItem","position":1,"name":"Home","item":"https:\/\/positiveprints.com\/sv\/"},{"@type":"ListItem","position":2,"name":"Produkter","item":"https:\/\/positiveprints.com\/sv\/shop\/"},{"@type":"ListItem","position":3,"name":"Moder Linje Konst Smycken"}]},{"@type":"WebSite","@id":"https:\/\/positiveprints.com\/sv\/#website","url":"https:\/\/positiveprints.com\/sv\/","name":"Positive Prints","description":"Amazing Custom Personalized Gifts","publisher":{"@id":"https:\/\/positiveprints.com\/sv\/#organization"},"potentialAction":[{"@type":"SearchAction","target":{"@type":"EntryPoint","urlTemplate":"https:\/\/positiveprints.com\/sv\/?s={search_term_string}"},"query-input":{"@type":"PropertyValueSpecification","valueRequired":true,"valueName":"search_term_string"}}],"inLanguage":"sv-SE"},{"@type":"Organization","@id":"https:\/\/positiveprints.com\/sv\/#organization","name":"Positive Prints","alternateName":"Positive Prints","url":"https:\/\/positiveprints.com\/sv\/","logo":{"@type":"ImageObject","inLanguage":"sv-SE","@id":"https:\/\/positiveprints.com\/sv\/#\/schema\/logo\/image\/","url":"https:\/\/positiveprints.com\/wp-content\/uploads\/2026\/03\/245815646_1337939713319158_5671353136411139666_n.png","contentUrl":"https:\/\/positiveprints.com\/wp-content\/uploads\/2026\/03\/245815646_1337939713319158_5671353136411139666_n.png","width":800,"height":800,"caption":"Positive Prints"},"image":{"@id":"https:\/\/positiveprints.com\/sv\/#\/schema\/logo\/image\/"},"sameAs":["https:\/\/www.facebook.com\/positiveprintscom","https:\/\/www.instagram.com\/positiveprintscom\/","https:\/\/www.tiktok.com\/@positiveprintscom","https:\/\/www.pinterest.com\/positiveprintscom\/"]}]}},"jetpack_sharing_enabled":true,"_links":{"self":[{"href":"https:\/\/positiveprints.com\/sv\/wp-json\/wp\/v2\/product\/1091896","targetHints":{"allow":["GET"]}}],"collection":[{"href":"https:\/\/positiveprints.com\/sv\/wp-json\/wp\/v2\/product"}],"about":[{"href":"https:\/\/positiveprints.com\/sv\/wp-json\/wp\/v2\/types\/product"}],"wp:featuredmedia":[{"embeddable":true,"href":"https:\/\/positiveprints.com\/sv\/wp-json\/wp\/v2\/media\/1534677"}],"wp:attachment":[{"href":"https:\/\/positiveprints.com\/sv\/wp-json\/wp\/v2\/media?parent=1091896"}],"wp:term":[{"taxonomy":"product_brand","embeddable":true,"href":"https:\/\/positiveprints.com\/sv\/wp-json\/wp\/v2\/product_brand?post=1091896"},{"taxonomy":"product_cat","embeddable":true,"href":"https:\/\/positiveprints.com\/sv\/wp-json\/wp\/v2\/product_cat?post=1091896"},{"taxonomy":"product_tag","embeddable":true,"href":"https:\/\/positiveprints.com\/sv\/wp-json\/wp\/v2\/product_tag?post=1091896"}],"curies":[{"name":"wp","href":"https:\/\/api.w.org\/{rel}","templated":true}]}}