{"id":1091893,"date":"2024-03-28T19:54:54","date_gmt":"2024-03-28T18:54:54","guid":{"rendered":"https:\/\/positiveprints.com\/?post_type=product&#038;p=1091893"},"modified":"2026-04-03T02:55:05","modified_gmt":"2026-04-03T01:55:05","slug":"graduation-line-art-smycken","status":"publish","type":"product","link":"https:\/\/positiveprints.com\/sv\/produkt\/graduation-line-art-smycken\/","title":{"rendered":"Graduation Line Art Smycken"},"content":{"rendered":"<p>Fira examensdagens prestationer och milstolpar med v\u00e5ra uts\u00f6kta Graduation Line Art-smycken. F\u00f6rvandla k\u00e4ra minnen till tidl\u00f6sa personliga konstverk som symboliserar de utexaminerades engagemang och framg\u00e5ngar. V\u00e5ra skickliga konstn\u00e4rer tecknar noggrant f\u00f6r hand varje detalj och skapar unika representationer som f\u00e5ngar essensen av akademiska prestationer.<\/p>\n\n\n\n<h2>Enkel process i tre steg:<\/h2>\n\n\n\n<p>V\u00e5r intuitiva redigerare effektiviserar anpassningen av dina Graduation Line Art-smycken i tre enkla steg. Granska din design i varje steg f\u00f6r att s\u00e4kerst\u00e4lla att den perfekt sammanfattar betydelsen av prestationen. V\u00e4lj datum, plats och anpassa ditt smycke f\u00f6r att skapa ett k\u00e4rt minne av detta betydelsefulla tillf\u00e4lle.<\/p>\n\n\n\n<ol>\n\n<li>V\u00e4lj stil och f\u00e4rger: <\/li>\n\n<p>V\u00e4lj den stil och de f\u00e4rger som f\u00f6rkroppsligar andan av akademisk prestation och framg\u00e5ng.<\/p>\n\n\n\n<li>Ladda upp ett speciellt examensfoto:  <\/li>\n\n<p>Dela med dig av ett foto som symboliserar den nyutexaminerades engagemang och h\u00e5rda arbete. V\u00e5ra konstn\u00e4rer kommer att rita konstverket f\u00f6r hand och se till att det f\u00e5ngar den unika essensen av detta milstolpe\u00f6gonblick.<\/p>\n\n\n\n<li>L\u00e4gg till ett personligt meddelande och avsluta: <\/li>\n\n<p>F\u00f6rgyll ditt Graduation Line Art-smycke med ett innerligt budskap. V\u00e5rt supportteam verifierar din best\u00e4llning och n\u00e4r den \u00e4r klar f\u00e5r du ett digitalt korrektur f\u00f6r granskning. Vi prioriterar att du \u00e4r n\u00f6jd, s\u00e5 du f\u00e5r g\u00e4rna beg\u00e4ra \u00e4ndringar upp till tv\u00e5 g\u00e5nger. Efter godk\u00e4nnande kommer ditt personliga m\u00e4sterverk att tillverkas och levereras som ett minne av den resa du gjort.<\/p>\n\n<\/ol>\n\n\n\n<h2>Fira examen med smycken i linjekonst<\/h2>\n\n\n\n<p>Fira engagemanget, uth\u00e5lligheten och framg\u00e5ngen med Graduation Line Art Jewelry &#8211; en perfekt present f\u00f6r att markera kulmen p\u00e5 akademiska str\u00e4vanden. Best\u00e4ll nu och hedra den nyutexaminerade med ett personligt m\u00e4sterverk som f\u00e5ngar essensen av deras prestation.<\/p>\n\n\n\n<p>Dina personliga smycken levereras i en elegant ask tillsammans med sk\u00f6tselr\u00e5d och en speciell reng\u00f6ringsduk, vilket visar v\u00e5rt engagemang f\u00f6r att inte bara ge dig smycken utan ocks\u00e5 en v\u00e4rdefull upplevelse. Ladda upp ett examensfoto f\u00f6r att skapa ett unikt konstverk p\u00e5 framsidan av h\u00e4nget &#8211; en vacker p\u00e5minnelse om denna viktiga milstolpe. P\u00e5 baksidan kan du gravera in ett personligt meddelande, vilket ger en djupt personlig touch till minnet av en resa av utbildning och utveckling.<\/p>","protected":false},"excerpt":{"rendered":"<ul class=\"check-list\">\n<li>L\u00e5t v\u00e5ra konstn\u00e4rer f\u00f6rvandla ett viktigt \u00f6gonblick i samband med examen till ett tidl\u00f6st personligt smycke<\/li>\n<li>Ritad och skickad f\u00f6r godk\u00e4nnande inom 2-3 arbetsdagar<\/li>\n<li>20 mm h\u00e4nge tillverkat av h\u00f6gkvalitativt sterlingsilver , lasergraverat och handbearbetat<\/li>\n<li>V\u00e4lj en hj\u00e4rtlig text som passar tillf\u00e4llet<\/li>\n<li>2 revisioner tillg\u00e4ngliga p\u00e5 beg\u00e4ran<\/li>\n<\/ul>\n","protected":false},"featured_media":1533055,"template":"","meta":[],"product_brand":[],"product_cat":[7459,7918,9266,9698],"product_tag":[11905,11906,8497,15067,15068,15069,15070],"class_list":{"0":"post-1091893","1":"product","2":"type-product","3":"status-publish","4":"has-post-thumbnail","6":"product_cat-alla-produkter","7":"product_cat-gavor-till-graduatie","8":"product_cat-jewelry-sv","9":"product_cat-line-art-smycken","10":"product_tag-berlock","11":"product_tag-berlocker","12":"product_tag-graduation-sv","13":"product_tag-lancuszek-sv","14":"product_tag-medalion-sv","15":"product_tag-naszyjnik-sv","16":"product_tag-wisiorek-sv","18":"first","19":"instock","20":"sale","21":"taxable","22":"shipping-taxable","23":"purchasable","24":"product-type-variable"},"yoast_head":"<!-- This site is optimized with the Yoast SEO Premium plugin v27.2 (Yoast SEO v27.2) - https:\/\/yoast.com\/product\/yoast-seo-premium-wordpress\/ -->\n<title>Graduation Line Art-smycken - positiva tryck<\/title>\n<meta name=\"description\" content=\"Fira akademiska framg\u00e5ngar med Graduation Line Art-smycken. Den \u00e4r perfekt anpassad och \u00e4r en uppskattad symbol f\u00f6r framg\u00e5ng.\" \/>\n<meta name=\"robots\" content=\"index, follow, max-snippet:-1, max-image-preview:large, max-video-preview:-1\" \/>\n<link rel=\"canonical\" href=\"https:\/\/positiveprints.com\/sv\/produkt\/graduation-line-art-smycken\/\" \/>\n<meta property=\"og:locale\" content=\"sv_SE\" \/>\n<meta property=\"og:type\" content=\"article\" \/>\n<meta property=\"og:title\" content=\"Graduation Line Art Smycken\" \/>\n<meta property=\"og:description\" content=\"L\u00e5t v\u00e5ra konstn\u00e4rer f\u00f6rvandla ett viktigt \u00f6gonblick i samband med examen till ett tidl\u00f6st personligt smycke  Ritad och skickad f\u00f6r godk\u00e4nnande inom 2-3 arbetsdagar  20 mm h\u00e4nge tillverkat av h\u00f6gkvalitativt sterlingsilver , lasergraverat och handbearbetat  V\u00e4lj en hj\u00e4rtlig text som passar tillf\u00e4llet  2 revisioner tillg\u00e4ngliga p\u00e5 beg\u00e4ran\" \/>\n<meta property=\"og:url\" content=\"https:\/\/positiveprints.com\/sv\/produkt\/graduation-line-art-smycken\/\" \/>\n<meta property=\"og:site_name\" content=\"Positive Prints\" \/>\n<meta property=\"article:publisher\" content=\"https:\/\/www.facebook.com\/positiveprintscom\" \/>\n<meta property=\"article:modified_time\" content=\"2026-04-03T01:55:05+00:00\" \/>\n<meta property=\"og:image\" content=\"https:\/\/positiveprints.com\/wp-content\/uploads\/2025\/10\/MAIN_SE_Graduation-Line-Art-Smycken.webp\" \/>\n\t<meta property=\"og:image:width\" content=\"2500\" \/>\n\t<meta property=\"og:image:height\" content=\"2500\" \/>\n\t<meta property=\"og:image:type\" content=\"image\/webp\" \/>\n<meta name=\"twitter:card\" content=\"summary_large_image\" \/>\n<meta name=\"twitter:label1\" content=\"Ber\u00e4knad l\u00e4stid\" \/>\n\t<meta name=\"twitter:data1\" content=\"2 minut\" \/>\n<!-- \/ Yoast SEO Premium plugin. -->","yoast_head_json":{"title":"Graduation Line Art-smycken - positiva tryck","description":"Fira akademiska framg\u00e5ngar med Graduation Line Art-smycken. Den \u00e4r perfekt anpassad och \u00e4r en uppskattad symbol f\u00f6r framg\u00e5ng.","robots":{"index":"index","follow":"follow","max-snippet":"max-snippet:-1","max-image-preview":"max-image-preview:large","max-video-preview":"max-video-preview:-1"},"canonical":"https:\/\/positiveprints.com\/sv\/produkt\/graduation-line-art-smycken\/","og_locale":"sv_SE","og_type":"article","og_title":"Graduation Line Art Smycken","og_description":"L\u00e5t v\u00e5ra konstn\u00e4rer f\u00f6rvandla ett viktigt \u00f6gonblick i samband med examen till ett tidl\u00f6st personligt smycke  Ritad och skickad f\u00f6r godk\u00e4nnande inom 2-3 arbetsdagar  20 mm h\u00e4nge tillverkat av h\u00f6gkvalitativt sterlingsilver , lasergraverat och handbearbetat  V\u00e4lj en hj\u00e4rtlig text som passar tillf\u00e4llet  2 revisioner tillg\u00e4ngliga p\u00e5 beg\u00e4ran","og_url":"https:\/\/positiveprints.com\/sv\/produkt\/graduation-line-art-smycken\/","og_site_name":"Positive Prints","article_publisher":"https:\/\/www.facebook.com\/positiveprintscom","article_modified_time":"2026-04-03T01:55:05+00:00","og_image":[{"width":2500,"height":2500,"url":"https:\/\/positiveprints.com\/wp-content\/uploads\/2025\/10\/MAIN_SE_Graduation-Line-Art-Smycken.webp","type":"image\/webp"}],"twitter_card":"summary_large_image","twitter_misc":{"Ber\u00e4knad l\u00e4stid":"2 minut"},"schema":{"@context":"https:\/\/schema.org","@graph":[{"@type":["WebPage","ItemPage"],"@id":"https:\/\/positiveprints.com\/sv\/produkt\/graduation-line-art-smycken\/","url":"https:\/\/positiveprints.com\/sv\/produkt\/graduation-line-art-smycken\/","name":"Graduation Line Art-smycken - positiva tryck","isPartOf":{"@id":"https:\/\/positiveprints.com\/sv\/#website"},"primaryImageOfPage":{"@id":"https:\/\/positiveprints.com\/sv\/produkt\/graduation-line-art-smycken\/#primaryimage"},"image":{"@id":"https:\/\/positiveprints.com\/sv\/produkt\/graduation-line-art-smycken\/#primaryimage"},"thumbnailUrl":"https:\/\/positiveprints.com\/wp-content\/uploads\/2025\/10\/MAIN_SE_Graduation-Line-Art-Smycken.webp","datePublished":"2024-03-28T18:54:54+00:00","dateModified":"2026-04-03T01:55:05+00:00","description":"Fira akademiska framg\u00e5ngar med Graduation Line Art-smycken. Den \u00e4r perfekt anpassad och \u00e4r en uppskattad symbol f\u00f6r framg\u00e5ng.","breadcrumb":{"@id":"https:\/\/positiveprints.com\/sv\/produkt\/graduation-line-art-smycken\/#breadcrumb"},"inLanguage":"sv-SE","potentialAction":[{"@type":"ReadAction","target":["https:\/\/positiveprints.com\/sv\/produkt\/graduation-line-art-smycken\/"]}]},{"@type":"ImageObject","inLanguage":"sv-SE","@id":"https:\/\/positiveprints.com\/sv\/produkt\/graduation-line-art-smycken\/#primaryimage","url":"https:\/\/positiveprints.com\/wp-content\/uploads\/2025\/10\/MAIN_SE_Graduation-Line-Art-Smycken.webp","contentUrl":"https:\/\/positiveprints.com\/wp-content\/uploads\/2025\/10\/MAIN_SE_Graduation-Line-Art-Smycken.webp","width":2500,"height":2500},{"@type":"BreadcrumbList","@id":"https:\/\/positiveprints.com\/sv\/produkt\/graduation-line-art-smycken\/#breadcrumb","itemListElement":[{"@type":"ListItem","position":1,"name":"Home","item":"https:\/\/positiveprints.com\/sv\/"},{"@type":"ListItem","position":2,"name":"Produkter","item":"https:\/\/positiveprints.com\/sv\/shop\/"},{"@type":"ListItem","position":3,"name":"Graduation Line Art Smycken"}]},{"@type":"WebSite","@id":"https:\/\/positiveprints.com\/sv\/#website","url":"https:\/\/positiveprints.com\/sv\/","name":"Positive Prints","description":"Amazing Custom Personalized Gifts","publisher":{"@id":"https:\/\/positiveprints.com\/sv\/#organization"},"potentialAction":[{"@type":"SearchAction","target":{"@type":"EntryPoint","urlTemplate":"https:\/\/positiveprints.com\/sv\/?s={search_term_string}"},"query-input":{"@type":"PropertyValueSpecification","valueRequired":true,"valueName":"search_term_string"}}],"inLanguage":"sv-SE"},{"@type":"Organization","@id":"https:\/\/positiveprints.com\/sv\/#organization","name":"Positive Prints","alternateName":"Positive Prints","url":"https:\/\/positiveprints.com\/sv\/","logo":{"@type":"ImageObject","inLanguage":"sv-SE","@id":"https:\/\/positiveprints.com\/sv\/#\/schema\/logo\/image\/","url":"https:\/\/positiveprints.com\/wp-content\/uploads\/2026\/03\/245815646_1337939713319158_5671353136411139666_n.png","contentUrl":"https:\/\/positiveprints.com\/wp-content\/uploads\/2026\/03\/245815646_1337939713319158_5671353136411139666_n.png","width":800,"height":800,"caption":"Positive Prints"},"image":{"@id":"https:\/\/positiveprints.com\/sv\/#\/schema\/logo\/image\/"},"sameAs":["https:\/\/www.facebook.com\/positiveprintscom","https:\/\/www.instagram.com\/positiveprintscom\/","https:\/\/www.tiktok.com\/@positiveprintscom","https:\/\/www.pinterest.com\/positiveprintscom\/"]}]}},"jetpack_sharing_enabled":true,"_links":{"self":[{"href":"https:\/\/positiveprints.com\/sv\/wp-json\/wp\/v2\/product\/1091893","targetHints":{"allow":["GET"]}}],"collection":[{"href":"https:\/\/positiveprints.com\/sv\/wp-json\/wp\/v2\/product"}],"about":[{"href":"https:\/\/positiveprints.com\/sv\/wp-json\/wp\/v2\/types\/product"}],"wp:featuredmedia":[{"embeddable":true,"href":"https:\/\/positiveprints.com\/sv\/wp-json\/wp\/v2\/media\/1533055"}],"wp:attachment":[{"href":"https:\/\/positiveprints.com\/sv\/wp-json\/wp\/v2\/media?parent=1091893"}],"wp:term":[{"taxonomy":"product_brand","embeddable":true,"href":"https:\/\/positiveprints.com\/sv\/wp-json\/wp\/v2\/product_brand?post=1091893"},{"taxonomy":"product_cat","embeddable":true,"href":"https:\/\/positiveprints.com\/sv\/wp-json\/wp\/v2\/product_cat?post=1091893"},{"taxonomy":"product_tag","embeddable":true,"href":"https:\/\/positiveprints.com\/sv\/wp-json\/wp\/v2\/product_tag?post=1091893"}],"curies":[{"name":"wp","href":"https:\/\/api.w.org\/{rel}","templated":true}]}}