{"id":1091883,"date":"2024-03-28T19:13:40","date_gmt":"2024-03-28T18:13:40","guid":{"rendered":"https:\/\/positiveprints.com\/?post_type=product&#038;p=1091883"},"modified":"2026-04-12T21:11:05","modified_gmt":"2026-04-12T20:11:05","slug":"mamma-4-fotocollage","status":"publish","type":"product","link":"https:\/\/positiveprints.com\/sv\/produkt\/mamma-4-fotocollage\/","title":{"rendered":"Mamma 4 fotocollage"},"content":{"rendered":"<p>Letar du efter det perfekta s\u00e4ttet att uttrycka din k\u00e4rlek och uppskattning f\u00f6r din mamma? V\u00e5rt &#8220;Mom 4 Photo Collage&#8221; \u00e4r det perfekta valet! Med sin anpassningsbara design och genomt\u00e4nkta funktioner kommer detta collage s\u00e4kert att bli ett k\u00e4rt minne f\u00f6r din mamma.<\/p>\r\n\r\n<h2>Skapa din mamma 4 fotocollage<\/h2>\r\n\r\n<p>Det \u00e4r enkelt att designa ditt personliga collage med v\u00e5r anv\u00e4ndarv\u00e4nliga online-redigerare. Med bara tre enkla steg kan du skapa ett personligt m\u00e4sterverk som f\u00e5ngar k\u00e4rnan i din relation med din mamma. B\u00f6rja med att v\u00e4lja ett tema f\u00f6r ditt collage. Oavsett om du vill fira din mammas roll som &#8220;b\u00e4sta mamma&#8221; eller lyfta fram ett speciellt minne, erbjuder v\u00e5r samling av teman n\u00e5got f\u00f6r alla mammor. Varje tema inneh\u00e5ller ett elegant handstilsteckensnitt som ger dina collage en sofistikerad touch.<\/p>\r\n\r\n<p>L\u00e4gg sedan till fyra av dina favoritfoton i collaget. Fr\u00e5n familjesemestrar till vardagliga \u00f6gonblick &#8211; dessa foton kommer att ge liv \u00e5t ditt collage och skapa en meningsfull representation av ditt band till din mamma. Med v\u00e5r intuitiva redigerare kan du enkelt ladda upp och arrangera dina foton f\u00f6r den perfekta layouten. Slutligen v\u00e4ljer du hur du vill att ditt collage ska visas. Oavsett om du f\u00f6redrar en tryckt eller inramad poster, canvas eller en digital nedladdningsfil, erbjuder vi en m\u00e4ngd olika alternativ som passar dina behov.  <\/p>\r\n\r\n<h2>Den perfekta presenten till mamma<\/h2>\r\n\r\n<p>Ge din mamma en g\u00e5va som hon kommer att uppskatta f\u00f6r alltid med v\u00e5rt personliga &#8220;Mom 4 Photo Collage&#8221;. Oavsett om det \u00e4r till Mors dag, hennes f\u00f6delsedag eller bara f\u00f6r att, \u00e4r detta collage ett hj\u00e4rtligt s\u00e4tt att visa din mamma hur mycket hon betyder f\u00f6r dig. Best\u00e4ll ditt exemplar idag och g\u00f6r din mammas dag extra speciell!<\/p>","protected":false},"excerpt":{"rendered":"<ul class=\"check-list\">\n<li>P\u00e5minn din mamma om de speciella stunder ni har haft tillsammans och v\u00e4ck dessa minnen till liv<\/li>\n<li>L\u00e4gg till text\u00f6verl\u00e4gg f\u00f6r att g\u00f6ra varje g\u00e5va speciell och meningsfull<\/li>\n<li>Anpassa p\u00e5 bara 2 minuter<\/li>\n<li>V\u00e4lj en mall eller var kreativ<\/li>\n<li>Se resultatet direkt \u2013 den interaktiva f\u00f6rhandsvisningen l\u00e5ter dig finjustera varje detalj<\/li>\n<\/ul>\n","protected":false},"featured_media":1096168,"template":"","meta":[],"product_brand":[],"product_cat":[7459,8113,7503,8108,11474,11475,7710],"product_tag":[11833,11030,11031,10961,11032,8409,11033,11029],"class_list":{"0":"post-1091883","1":"product","2":"type-product","3":"status-publish","4":"has-post-thumbnail","6":"product_cat-alla-produkter","7":"product_cat-mors-dag-presenter","8":"product_cat-foto-sv","9":"product_cat-julpresenter","10":"product_cat-julklappar-till-mamma","11":"product_cat-julklappar-till-foraldrarna","12":"product_cat-gavor-till-mamma","13":"product_tag-julklappar-till-mamma","14":"product_tag-mam-sv","15":"product_tag-mamma-sv","16":"product_tag-mamma","17":"product_tag-mammor","18":"product_tag-mother-sv","19":"product_tag-mumie-sv","20":"product_tag-mumie","22":"first","23":"instock","24":"sale","25":"taxable","26":"shipping-taxable","27":"purchasable","28":"product-type-variable"},"yoast_head":"<!-- This site is optimized with the Yoast SEO Premium plugin v27.2 (Yoast SEO v27.2) - https:\/\/yoast.com\/product\/yoast-seo-premium-wordpress\/ -->\n<title>Mamma 4 fotocollage - positiva tryck<\/title>\n<meta name=\"description\" content=\"F\u00e5nga fina minnen med v\u00e5rt fotocollage Mom 4. L\u00e4tt att designa, anpassa och trycka. Den perfekta presenten till mammas speciella dag!\" \/>\n<meta name=\"robots\" content=\"index, follow, max-snippet:-1, max-image-preview:large, max-video-preview:-1\" \/>\n<link rel=\"canonical\" href=\"https:\/\/positiveprints.com\/sv\/produkt\/mamma-4-fotocollage\/\" \/>\n<meta property=\"og:locale\" content=\"sv_SE\" \/>\n<meta property=\"og:type\" content=\"article\" \/>\n<meta property=\"og:title\" content=\"Mamma 4 fotocollage\" \/>\n<meta property=\"og:description\" content=\"P\u00e5minn din mamma om de speciella stunder ni har haft tillsammans och v\u00e4ck dessa minnen till liv L\u00e4gg till text\u00f6verl\u00e4gg f\u00f6r att g\u00f6ra varje g\u00e5va speciell och meningsfull Anpassa p\u00e5 bara 2 minuter V\u00e4lj en mall eller var kreativ Se resultatet direkt \u2013 den interaktiva f\u00f6rhandsvisningen l\u00e5ter dig finjustera varje detalj\" \/>\n<meta property=\"og:url\" content=\"https:\/\/positiveprints.com\/sv\/produkt\/mamma-4-fotocollage\/\" \/>\n<meta property=\"og:site_name\" content=\"Positive Prints\" \/>\n<meta property=\"article:publisher\" content=\"https:\/\/www.facebook.com\/positiveprintscom\" \/>\n<meta property=\"article:modified_time\" content=\"2026-04-12T20:11:05+00:00\" \/>\n<meta property=\"og:image\" content=\"https:\/\/positiveprints.com\/wp-content\/uploads\/2024\/04\/Mom-4-photo-collage.jpg\" \/>\n\t<meta property=\"og:image:width\" content=\"1080\" \/>\n\t<meta property=\"og:image:height\" content=\"1080\" \/>\n\t<meta property=\"og:image:type\" content=\"image\/jpeg\" \/>\n<meta name=\"twitter:card\" content=\"summary_large_image\" \/>\n<meta name=\"twitter:label1\" content=\"Ber\u00e4knad l\u00e4stid\" \/>\n\t<meta name=\"twitter:data1\" content=\"2 minut\" \/>\n<!-- \/ Yoast SEO Premium plugin. -->","yoast_head_json":{"title":"Mamma 4 fotocollage - positiva tryck","description":"F\u00e5nga fina minnen med v\u00e5rt fotocollage Mom 4. L\u00e4tt att designa, anpassa och trycka. Den perfekta presenten till mammas speciella dag!","robots":{"index":"index","follow":"follow","max-snippet":"max-snippet:-1","max-image-preview":"max-image-preview:large","max-video-preview":"max-video-preview:-1"},"canonical":"https:\/\/positiveprints.com\/sv\/produkt\/mamma-4-fotocollage\/","og_locale":"sv_SE","og_type":"article","og_title":"Mamma 4 fotocollage","og_description":"P\u00e5minn din mamma om de speciella stunder ni har haft tillsammans och v\u00e4ck dessa minnen till liv L\u00e4gg till text\u00f6verl\u00e4gg f\u00f6r att g\u00f6ra varje g\u00e5va speciell och meningsfull Anpassa p\u00e5 bara 2 minuter V\u00e4lj en mall eller var kreativ Se resultatet direkt \u2013 den interaktiva f\u00f6rhandsvisningen l\u00e5ter dig finjustera varje detalj","og_url":"https:\/\/positiveprints.com\/sv\/produkt\/mamma-4-fotocollage\/","og_site_name":"Positive Prints","article_publisher":"https:\/\/www.facebook.com\/positiveprintscom","article_modified_time":"2026-04-12T20:11:05+00:00","og_image":[{"width":1080,"height":1080,"url":"https:\/\/positiveprints.com\/wp-content\/uploads\/2024\/04\/Mom-4-photo-collage.jpg","type":"image\/jpeg"}],"twitter_card":"summary_large_image","twitter_misc":{"Ber\u00e4knad l\u00e4stid":"2 minut"},"schema":{"@context":"https:\/\/schema.org","@graph":[{"@type":["WebPage","ItemPage"],"@id":"https:\/\/positiveprints.com\/sv\/produkt\/mamma-4-fotocollage\/","url":"https:\/\/positiveprints.com\/sv\/produkt\/mamma-4-fotocollage\/","name":"Mamma 4 fotocollage - positiva tryck","isPartOf":{"@id":"https:\/\/positiveprints.com\/sv\/#website"},"primaryImageOfPage":{"@id":"https:\/\/positiveprints.com\/sv\/produkt\/mamma-4-fotocollage\/#primaryimage"},"image":{"@id":"https:\/\/positiveprints.com\/sv\/produkt\/mamma-4-fotocollage\/#primaryimage"},"thumbnailUrl":"https:\/\/positiveprints.com\/wp-content\/uploads\/2024\/04\/Mom-4-photo-collage.jpg","datePublished":"2024-03-28T18:13:40+00:00","dateModified":"2026-04-12T20:11:05+00:00","description":"F\u00e5nga fina minnen med v\u00e5rt fotocollage Mom 4. L\u00e4tt att designa, anpassa och trycka. Den perfekta presenten till mammas speciella dag!","breadcrumb":{"@id":"https:\/\/positiveprints.com\/sv\/produkt\/mamma-4-fotocollage\/#breadcrumb"},"inLanguage":"sv-SE","potentialAction":[{"@type":"ReadAction","target":["https:\/\/positiveprints.com\/sv\/produkt\/mamma-4-fotocollage\/"]}]},{"@type":"ImageObject","inLanguage":"sv-SE","@id":"https:\/\/positiveprints.com\/sv\/produkt\/mamma-4-fotocollage\/#primaryimage","url":"https:\/\/positiveprints.com\/wp-content\/uploads\/2024\/04\/Mom-4-photo-collage.jpg","contentUrl":"https:\/\/positiveprints.com\/wp-content\/uploads\/2024\/04\/Mom-4-photo-collage.jpg","width":1080,"height":1080,"caption":"Mom 4 photo collage"},{"@type":"BreadcrumbList","@id":"https:\/\/positiveprints.com\/sv\/produkt\/mamma-4-fotocollage\/#breadcrumb","itemListElement":[{"@type":"ListItem","position":1,"name":"Home","item":"https:\/\/positiveprints.com\/sv\/"},{"@type":"ListItem","position":2,"name":"Produkter","item":"https:\/\/positiveprints.com\/sv\/shop\/"},{"@type":"ListItem","position":3,"name":"Mamma 4 fotocollage"}]},{"@type":"WebSite","@id":"https:\/\/positiveprints.com\/sv\/#website","url":"https:\/\/positiveprints.com\/sv\/","name":"Positive Prints","description":"Amazing Custom Personalized Gifts","publisher":{"@id":"https:\/\/positiveprints.com\/sv\/#organization"},"potentialAction":[{"@type":"SearchAction","target":{"@type":"EntryPoint","urlTemplate":"https:\/\/positiveprints.com\/sv\/?s={search_term_string}"},"query-input":{"@type":"PropertyValueSpecification","valueRequired":true,"valueName":"search_term_string"}}],"inLanguage":"sv-SE"},{"@type":"Organization","@id":"https:\/\/positiveprints.com\/sv\/#organization","name":"Positive Prints","alternateName":"Positive Prints","url":"https:\/\/positiveprints.com\/sv\/","logo":{"@type":"ImageObject","inLanguage":"sv-SE","@id":"https:\/\/positiveprints.com\/sv\/#\/schema\/logo\/image\/","url":"https:\/\/positiveprints.com\/wp-content\/uploads\/2026\/03\/245815646_1337939713319158_5671353136411139666_n.png","contentUrl":"https:\/\/positiveprints.com\/wp-content\/uploads\/2026\/03\/245815646_1337939713319158_5671353136411139666_n.png","width":800,"height":800,"caption":"Positive Prints"},"image":{"@id":"https:\/\/positiveprints.com\/sv\/#\/schema\/logo\/image\/"},"sameAs":["https:\/\/www.facebook.com\/positiveprintscom","https:\/\/www.instagram.com\/positiveprintscom\/","https:\/\/www.tiktok.com\/@positiveprintscom","https:\/\/www.pinterest.com\/positiveprintscom\/"]}]}},"jetpack_sharing_enabled":true,"_links":{"self":[{"href":"https:\/\/positiveprints.com\/sv\/wp-json\/wp\/v2\/product\/1091883","targetHints":{"allow":["GET"]}}],"collection":[{"href":"https:\/\/positiveprints.com\/sv\/wp-json\/wp\/v2\/product"}],"about":[{"href":"https:\/\/positiveprints.com\/sv\/wp-json\/wp\/v2\/types\/product"}],"wp:featuredmedia":[{"embeddable":true,"href":"https:\/\/positiveprints.com\/sv\/wp-json\/wp\/v2\/media\/1096168"}],"wp:attachment":[{"href":"https:\/\/positiveprints.com\/sv\/wp-json\/wp\/v2\/media?parent=1091883"}],"wp:term":[{"taxonomy":"product_brand","embeddable":true,"href":"https:\/\/positiveprints.com\/sv\/wp-json\/wp\/v2\/product_brand?post=1091883"},{"taxonomy":"product_cat","embeddable":true,"href":"https:\/\/positiveprints.com\/sv\/wp-json\/wp\/v2\/product_cat?post=1091883"},{"taxonomy":"product_tag","embeddable":true,"href":"https:\/\/positiveprints.com\/sv\/wp-json\/wp\/v2\/product_tag?post=1091883"}],"curies":[{"name":"wp","href":"https:\/\/api.w.org\/{rel}","templated":true}]}}