{"id":1089369,"date":"2024-03-28T11:39:12","date_gmt":"2024-03-28T10:39:12","guid":{"rendered":"https:\/\/positiveprints.com\/product\/poster-med-definition-av-examen\/"},"modified":"2026-04-28T13:54:36","modified_gmt":"2026-04-28T12:54:36","slug":"examens-definition-affisch","status":"publish","type":"product","link":"https:\/\/positiveprints.com\/sv\/produkt\/examens-definition-affisch\/","title":{"rendered":"Poster med definition av examen"},"content":{"rendered":"<p>Letar du efter ett minnesv\u00e4rt s\u00e4tt att fira den milstolpe som examen inneb\u00e4r? V\u00e5r &#8220;Graduation Definition Poster&#8221; \u00e4r det perfekta valet! Med denna personliga v\u00e4ggkonst kan du skapa en unik hyllning till den utexaminerade och fira deras h\u00e5rda arbete, prestationer och framtida ambitioner.<\/p>\r\n\r\n<h2>Skapa din affisch med examensdefinitioner<\/h2>\r\n\r\n<p>Med v\u00e5r anv\u00e4ndarv\u00e4nliga online editor \u00e4r det enkelt att designa din &#8220;Graduation Definition Poster&#8221;. F\u00f6lj tre enkla steg f\u00f6r att skapa ett personligt m\u00e4sterverk. B\u00f6rja med att v\u00e4lja en layout som speglar kandidatens stil och personlighet, l\u00e4gg sedan till din personliga touch genom att ladda upp ett foto och skriva in ditt valda ord tillsammans med en definition.<\/p>\r\n\r\n<p>Du kan v\u00e4lja fr\u00e5n v\u00e5rt urval av inspirerande definitioner eller skapa ditt eget innerliga budskap f\u00f6r att inspirera den utexaminerade n\u00e4r de p\u00e5b\u00f6rjar sitt n\u00e4sta kapitel. Oavsett om det g\u00e4ller high school, college eller n\u00e5gon annan akademisk prestation \u00e4r v\u00e5r poster den perfekta g\u00e5van f\u00f6r att fira deras prestationer.<\/p>\r\n\r\n<h2>Perfekt present till alla akademiker<\/h2>\r\n\r\n<p>N\u00e4r du har full\u00e4ndat din design kan du v\u00e4lja mellan en rad olika alternativ, t.ex. inramade utskrifter, utskrifter p\u00e5 duk eller omedelbara digitala nedladdningar. Det \u00e4r ett meningsfullt s\u00e4tt att fira deras prestationer och visa ditt st\u00f6d n\u00e4r de g\u00e5r vidare till n\u00e4sta fas i sin livsresa.<\/p>\r\n\r\n<p>Ge examenskandidaten i ditt liv en g\u00e5va som de kommer att uppskatta f\u00f6r alltid med v\u00e5r personliga &#8220;Graduation Definition Poster&#8221;. Best\u00e4ll ditt exemplar idag och fira deras framg\u00e5ng med stil!<\/p>","protected":false},"excerpt":{"rendered":"<ul class=\"check-list\">\n<li>G\u00f6r din personliga definition av examen<\/li>\n<li>L\u00e4gg till ditt eget foto<\/li>\n<li>Anpassa i 3 enkla steg<\/li>\n<li>V\u00e4lj en mall eller var kreativ<\/li>\n<li>Se resultatet direkt \u2013 den interaktiva f\u00f6rhandsvisningen l\u00e5ter dig finjustera varje detalj<\/li>\n<\/ul>\n","protected":false},"featured_media":1090585,"template":"","meta":[],"product_brand":[],"product_cat":[9525,9767,7459,7918],"product_tag":[8497],"class_list":{"0":"post-1089369","1":"product","2":"type-product","3":"status-publish","4":"has-post-thumbnail","6":"product_cat-definition-sv","7":"product_cat-trending-label-sv","8":"product_cat-alla-produkter","9":"product_cat-gavor-till-graduatie","10":"product_tag-graduation-sv","12":"first","13":"instock","14":"sale","15":"taxable","16":"shipping-taxable","17":"purchasable","18":"product-type-variable"},"yoast_head":"<!-- This site is optimized with the Yoast SEO Premium plugin v27.2 (Yoast SEO v27.2) - https:\/\/yoast.com\/product\/yoast-seo-premium-wordpress\/ -->\n<title>Affisch med definition av examen - Positiva tryck<\/title>\n<meta name=\"description\" content=\"Fira examensh\u00f6gtiden med v\u00e5r affisch &quot;Definition av examensh\u00f6gtid&quot;. V\u00e4lj deras favoritord och design. Perfekt f\u00f6r att fira prestationer!\" \/>\n<meta name=\"robots\" content=\"index, follow, max-snippet:-1, max-image-preview:large, max-video-preview:-1\" \/>\n<link rel=\"canonical\" href=\"https:\/\/positiveprints.com\/sv\/produkt\/examens-definition-affisch\/\" \/>\n<meta property=\"og:locale\" content=\"sv_SE\" \/>\n<meta property=\"og:type\" content=\"article\" \/>\n<meta property=\"og:title\" content=\"Poster med definition av examen\" \/>\n<meta property=\"og:description\" content=\"G\u00f6r din personliga definition av examen L\u00e4gg till ditt eget foto Anpassa i 3 enkla steg V\u00e4lj en mall eller var kreativ Se resultatet direkt \u2013 den interaktiva f\u00f6rhandsvisningen l\u00e5ter dig finjustera varje detalj\" \/>\n<meta property=\"og:url\" content=\"https:\/\/positiveprints.com\/sv\/produkt\/examens-definition-affisch\/\" \/>\n<meta property=\"og:site_name\" content=\"Positive Prints\" \/>\n<meta property=\"article:publisher\" content=\"https:\/\/www.facebook.com\/positiveprintscom\" \/>\n<meta property=\"article:modified_time\" content=\"2026-04-28T12:54:36+00:00\" \/>\n<meta property=\"og:image\" content=\"https:\/\/positiveprints.com\/wp-content\/uploads\/2024\/03\/Poster-med-definition-av-examen.jpg\" \/>\n\t<meta property=\"og:image:width\" content=\"1080\" \/>\n\t<meta property=\"og:image:height\" content=\"1080\" \/>\n\t<meta property=\"og:image:type\" content=\"image\/jpeg\" \/>\n<meta name=\"twitter:card\" content=\"summary_large_image\" \/>\n<!-- \/ Yoast SEO Premium plugin. -->","yoast_head_json":{"title":"Affisch med definition av examen - Positiva tryck","description":"Fira examensh\u00f6gtiden med v\u00e5r affisch \"Definition av examensh\u00f6gtid\". V\u00e4lj deras favoritord och design. Perfekt f\u00f6r att fira prestationer!","robots":{"index":"index","follow":"follow","max-snippet":"max-snippet:-1","max-image-preview":"max-image-preview:large","max-video-preview":"max-video-preview:-1"},"canonical":"https:\/\/positiveprints.com\/sv\/produkt\/examens-definition-affisch\/","og_locale":"sv_SE","og_type":"article","og_title":"Poster med definition av examen","og_description":"G\u00f6r din personliga definition av examen L\u00e4gg till ditt eget foto Anpassa i 3 enkla steg V\u00e4lj en mall eller var kreativ Se resultatet direkt \u2013 den interaktiva f\u00f6rhandsvisningen l\u00e5ter dig finjustera varje detalj","og_url":"https:\/\/positiveprints.com\/sv\/produkt\/examens-definition-affisch\/","og_site_name":"Positive Prints","article_publisher":"https:\/\/www.facebook.com\/positiveprintscom","article_modified_time":"2026-04-28T12:54:36+00:00","og_image":[{"width":1080,"height":1080,"url":"https:\/\/positiveprints.com\/wp-content\/uploads\/2024\/03\/Poster-med-definition-av-examen.jpg","type":"image\/jpeg"}],"twitter_card":"summary_large_image","schema":{"@context":"https:\/\/schema.org","@graph":[{"@type":["WebPage","ItemPage"],"@id":"https:\/\/positiveprints.com\/sv\/produkt\/examens-definition-affisch\/","url":"https:\/\/positiveprints.com\/sv\/produkt\/examens-definition-affisch\/","name":"Affisch med definition av examen - Positiva tryck","isPartOf":{"@id":"https:\/\/positiveprints.com\/sv\/#website"},"primaryImageOfPage":{"@id":"https:\/\/positiveprints.com\/sv\/produkt\/examens-definition-affisch\/#primaryimage"},"image":{"@id":"https:\/\/positiveprints.com\/sv\/produkt\/examens-definition-affisch\/#primaryimage"},"thumbnailUrl":"https:\/\/positiveprints.com\/wp-content\/uploads\/2024\/03\/Poster-med-definition-av-examen.jpg","datePublished":"2024-03-28T10:39:12+00:00","dateModified":"2026-04-28T12:54:36+00:00","description":"Fira examensh\u00f6gtiden med v\u00e5r affisch \"Definition av examensh\u00f6gtid\". V\u00e4lj deras favoritord och design. Perfekt f\u00f6r att fira prestationer!","breadcrumb":{"@id":"https:\/\/positiveprints.com\/sv\/produkt\/examens-definition-affisch\/#breadcrumb"},"inLanguage":"sv-SE","potentialAction":[{"@type":"ReadAction","target":["https:\/\/positiveprints.com\/sv\/produkt\/examens-definition-affisch\/"]}]},{"@type":"ImageObject","inLanguage":"sv-SE","@id":"https:\/\/positiveprints.com\/sv\/produkt\/examens-definition-affisch\/#primaryimage","url":"https:\/\/positiveprints.com\/wp-content\/uploads\/2024\/03\/Poster-med-definition-av-examen.jpg","contentUrl":"https:\/\/positiveprints.com\/wp-content\/uploads\/2024\/03\/Poster-med-definition-av-examen.jpg","width":1080,"height":1080,"caption":"Poster med definition av examen"},{"@type":"BreadcrumbList","@id":"https:\/\/positiveprints.com\/sv\/produkt\/examens-definition-affisch\/#breadcrumb","itemListElement":[{"@type":"ListItem","position":1,"name":"Home","item":"https:\/\/positiveprints.com\/sv\/"},{"@type":"ListItem","position":2,"name":"Produkter","item":"https:\/\/positiveprints.com\/sv\/shop\/"},{"@type":"ListItem","position":3,"name":"Poster med definition av examen"}]},{"@type":"WebSite","@id":"https:\/\/positiveprints.com\/sv\/#website","url":"https:\/\/positiveprints.com\/sv\/","name":"Positive Prints","description":"Amazing Custom Personalized Gifts","publisher":{"@id":"https:\/\/positiveprints.com\/sv\/#organization"},"potentialAction":[{"@type":"SearchAction","target":{"@type":"EntryPoint","urlTemplate":"https:\/\/positiveprints.com\/sv\/?s={search_term_string}"},"query-input":{"@type":"PropertyValueSpecification","valueRequired":true,"valueName":"search_term_string"}}],"inLanguage":"sv-SE"},{"@type":"Organization","@id":"https:\/\/positiveprints.com\/sv\/#organization","name":"Positive Prints","alternateName":"Positive Prints","url":"https:\/\/positiveprints.com\/sv\/","logo":{"@type":"ImageObject","inLanguage":"sv-SE","@id":"https:\/\/positiveprints.com\/sv\/#\/schema\/logo\/image\/","url":"https:\/\/positiveprints.com\/wp-content\/uploads\/2026\/03\/245815646_1337939713319158_5671353136411139666_n.png","contentUrl":"https:\/\/positiveprints.com\/wp-content\/uploads\/2026\/03\/245815646_1337939713319158_5671353136411139666_n.png","width":800,"height":800,"caption":"Positive Prints"},"image":{"@id":"https:\/\/positiveprints.com\/sv\/#\/schema\/logo\/image\/"},"sameAs":["https:\/\/www.facebook.com\/positiveprintscom","https:\/\/www.instagram.com\/positiveprintscom\/","https:\/\/www.tiktok.com\/@positiveprintscom","https:\/\/www.pinterest.com\/positiveprintscom\/"]}]}},"jetpack_sharing_enabled":true,"_links":{"self":[{"href":"https:\/\/positiveprints.com\/sv\/wp-json\/wp\/v2\/product\/1089369","targetHints":{"allow":["GET"]}}],"collection":[{"href":"https:\/\/positiveprints.com\/sv\/wp-json\/wp\/v2\/product"}],"about":[{"href":"https:\/\/positiveprints.com\/sv\/wp-json\/wp\/v2\/types\/product"}],"wp:featuredmedia":[{"embeddable":true,"href":"https:\/\/positiveprints.com\/sv\/wp-json\/wp\/v2\/media\/1090585"}],"wp:attachment":[{"href":"https:\/\/positiveprints.com\/sv\/wp-json\/wp\/v2\/media?parent=1089369"}],"wp:term":[{"taxonomy":"product_brand","embeddable":true,"href":"https:\/\/positiveprints.com\/sv\/wp-json\/wp\/v2\/product_brand?post=1089369"},{"taxonomy":"product_cat","embeddable":true,"href":"https:\/\/positiveprints.com\/sv\/wp-json\/wp\/v2\/product_cat?post=1089369"},{"taxonomy":"product_tag","embeddable":true,"href":"https:\/\/positiveprints.com\/sv\/wp-json\/wp\/v2\/product_tag?post=1089369"}],"curies":[{"name":"wp","href":"https:\/\/api.w.org\/{rel}","templated":true}]}}