{"id":1089356,"date":"2024-03-28T11:04:32","date_gmt":"2024-03-28T10:04:32","guid":{"rendered":"https:\/\/positiveprints.com\/product\/definition-av-pappa-poster\/"},"modified":"2026-04-03T02:56:11","modified_gmt":"2026-04-03T01:56:11","slug":"pappa-definition-affisch","status":"publish","type":"product","link":"https:\/\/positiveprints.com\/sv\/produkt\/pappa-definition-affisch\/","title":{"rendered":"Definition av pappa Poster"},"content":{"rendered":"<p>Letar du efter det perfekta s\u00e4ttet att hedra fadersgestalten i ditt liv? V\u00e5r affisch &#8220;Definition av pappa&#8221; \u00e4r precis vad du beh\u00f6ver! Med denna personliga v\u00e4ggkonst kan du skapa en unik hyllning till pappa och fira alla de egenskaper som g\u00f6r honom speciell. V\u00e4lj hans favoritord &#8211; oavsett om det \u00e4r &#8220;pappa&#8221;, &#8220;pappa&#8221;, &#8220;far&#8221; eller ett smeknamn han h\u00e5ller k\u00e4rt &#8211; och skapa en unik inredningsdetalj som han kommer att uppskatta i m\u00e5nga \u00e5r fram\u00f6ver.<\/p>\r\n\r\n<h2>Personlig affisch med definitionen av din perfekta pappa<\/h2>\r\n\r\n<p>Med v\u00e5r l\u00e4ttanv\u00e4nda online editor \u00e4r det enkelt att designa din &#8220;Dad Definition Poster&#8221;. F\u00f6lj bara tre enkla steg f\u00f6r att skapa ett personligt m\u00e4sterverk. B\u00f6rja med att v\u00e4lja en layout som passar pappas stil och l\u00e4gg sedan till din personliga touch genom att ladda upp ett foto och skriva in ditt valda ord tillsammans med en definition. Du kan v\u00e4lja fr\u00e5n v\u00e5rt urval av roliga definitioner eller komma p\u00e5 ditt eget innerliga budskap.<\/p>\r\n\r\n<p>N\u00e4r du har full\u00e4ndat din design kan du v\u00e4lja mellan en rad olika alternativ, t.ex. inramade utskrifter, utskrifter p\u00e5 duk eller omedelbara digitala nedladdningar. Oavsett om du firar Fars dag, hans f\u00f6delsedag eller bara vill visa honom hur mycket han betyder f\u00f6r dig, \u00e4r &#8220;Dad Definition Poster&#8221; den perfekta presenten. Det \u00e4r ett omt\u00e4nksamt och meningsfullt s\u00e4tt att uttrycka din k\u00e4rlek och uppskattning f\u00f6r pappan i ditt liv.<\/p>\r\n\r\n<h2>Perfekt present f\u00f6r alla tillf\u00e4llen<\/h2>\r\n\r\n<p>Ge pappa en g\u00e5va som han kommer att uppskatta f\u00f6r alltid med v\u00e5r personliga &#8220;Dad Definition Poster&#8221;. Denna unika v\u00e4ggkonst \u00e4r mer \u00e4n bara dekoration &#8211; det \u00e4r ett innerligt uttryck f\u00f6r din k\u00e4rlek och uppskattning f\u00f6r den man som alltid har funnits d\u00e4r f\u00f6r dig. Oavsett om du firar Fars dag, hans f\u00f6delsedag eller bara vill g\u00f6ra en vanlig dag extraordin\u00e4r, \u00e4r v\u00e5r affisch det perfekta valet. Med sina anpassningsbara alternativ och genomt\u00e4nkta design \u00e4r det ett meningsfullt s\u00e4tt att hedra fadersgestalten i ditt liv och p\u00e5minna honom om den inverkan han har haft p\u00e5 dig. Best\u00e4ll din idag och g\u00f6r hans dag extra speciell!<\/p>","protected":false},"excerpt":{"rendered":"<ul class=\"check-list\">\n<li>L\u00e4gg till ditt eget foto<\/li>\n<li>Anpassa i 3 enkla steg<\/li>\n<li>V\u00e4lj en mall eller var kreativ<\/li>\n<li>Se resultatet direkt \u2013 den interaktiva f\u00f6rhandsvisningen l\u00e5ter dig finjustera varje detalj<\/li>\n<\/ul>\n","protected":false},"featured_media":1090271,"template":"","meta":[],"product_brand":[],"product_cat":[9525,9767,7459,8109,7966,8108,11466,7982,7822],"product_tag":[8560,11765],"class_list":{"0":"post-1089356","1":"product","2":"type-product","3":"status-publish","4":"has-post-thumbnail","6":"product_cat-definition-sv","7":"product_cat-trending-label-sv","8":"product_cat-alla-produkter","9":"product_cat-fars-dag-present","10":"product_cat-gavor-till-baby-shower","11":"product_cat-julpresenter","12":"product_cat-julklappar-till-pappa","13":"product_cat-gavor-till-pappa","14":"product_cat-gavor-till-nya-foraldrar","15":"product_tag-father-sv","16":"product_tag-julklappar-till-pappa","18":"first","19":"instock","20":"sale","21":"taxable","22":"shipping-taxable","23":"purchasable","24":"product-type-variable"},"yoast_head":"<!-- This site is optimized with the Yoast SEO Premium plugin v27.2 (Yoast SEO v27.2) - https:\/\/yoast.com\/product\/yoast-seo-premium-wordpress\/ -->\n<title>Affisch med definition av pappa - Positiva tryck<\/title>\n<meta name=\"description\" content=\"Skapa en personlig hyllning till pappa med v\u00e5r affisch &quot;Definition av pappa&quot;. V\u00e4lj hans favoritord och design. Perfekt f\u00f6r fars dag eller bara f\u00f6r att!\" \/>\n<meta name=\"robots\" content=\"index, follow, max-snippet:-1, max-image-preview:large, max-video-preview:-1\" \/>\n<link rel=\"canonical\" href=\"https:\/\/positiveprints.com\/sv\/produkt\/pappa-definition-affisch\/\" \/>\n<meta property=\"og:locale\" content=\"sv_SE\" \/>\n<meta property=\"og:type\" content=\"article\" \/>\n<meta property=\"og:title\" content=\"Definition av pappa Poster\" \/>\n<meta property=\"og:description\" content=\"L\u00e4gg till ditt eget foto  Anpassa i 3 enkla steg  V\u00e4lj en mall eller var kreativ  Se resultatet direkt \u2013 den interaktiva f\u00f6rhandsvisningen l\u00e5ter dig finjustera varje detalj\" \/>\n<meta property=\"og:url\" content=\"https:\/\/positiveprints.com\/sv\/produkt\/pappa-definition-affisch\/\" \/>\n<meta property=\"og:site_name\" content=\"Positive Prints\" \/>\n<meta property=\"article:publisher\" content=\"https:\/\/www.facebook.com\/positiveprintscom\" \/>\n<meta property=\"article:modified_time\" content=\"2026-04-03T01:56:11+00:00\" \/>\n<meta property=\"og:image\" content=\"https:\/\/positiveprints.com\/wp-content\/uploads\/2024\/03\/Definition-av-pappa-Poster.jpg\" \/>\n\t<meta property=\"og:image:width\" content=\"1080\" \/>\n\t<meta property=\"og:image:height\" content=\"1080\" \/>\n\t<meta property=\"og:image:type\" content=\"image\/jpeg\" \/>\n<meta name=\"twitter:card\" content=\"summary_large_image\" \/>\n<meta name=\"twitter:label1\" content=\"Ber\u00e4knad l\u00e4stid\" \/>\n\t<meta name=\"twitter:data1\" content=\"2 minut\" \/>\n<!-- \/ Yoast SEO Premium plugin. -->","yoast_head_json":{"title":"Affisch med definition av pappa - Positiva tryck","description":"Skapa en personlig hyllning till pappa med v\u00e5r affisch \"Definition av pappa\". V\u00e4lj hans favoritord och design. Perfekt f\u00f6r fars dag eller bara f\u00f6r att!","robots":{"index":"index","follow":"follow","max-snippet":"max-snippet:-1","max-image-preview":"max-image-preview:large","max-video-preview":"max-video-preview:-1"},"canonical":"https:\/\/positiveprints.com\/sv\/produkt\/pappa-definition-affisch\/","og_locale":"sv_SE","og_type":"article","og_title":"Definition av pappa Poster","og_description":"L\u00e4gg till ditt eget foto  Anpassa i 3 enkla steg  V\u00e4lj en mall eller var kreativ  Se resultatet direkt \u2013 den interaktiva f\u00f6rhandsvisningen l\u00e5ter dig finjustera varje detalj","og_url":"https:\/\/positiveprints.com\/sv\/produkt\/pappa-definition-affisch\/","og_site_name":"Positive Prints","article_publisher":"https:\/\/www.facebook.com\/positiveprintscom","article_modified_time":"2026-04-03T01:56:11+00:00","og_image":[{"width":1080,"height":1080,"url":"https:\/\/positiveprints.com\/wp-content\/uploads\/2024\/03\/Definition-av-pappa-Poster.jpg","type":"image\/jpeg"}],"twitter_card":"summary_large_image","twitter_misc":{"Ber\u00e4knad l\u00e4stid":"2 minut"},"schema":{"@context":"https:\/\/schema.org","@graph":[{"@type":["WebPage","ItemPage"],"@id":"https:\/\/positiveprints.com\/sv\/produkt\/pappa-definition-affisch\/","url":"https:\/\/positiveprints.com\/sv\/produkt\/pappa-definition-affisch\/","name":"Affisch med definition av pappa - Positiva tryck","isPartOf":{"@id":"https:\/\/positiveprints.com\/sv\/#website"},"primaryImageOfPage":{"@id":"https:\/\/positiveprints.com\/sv\/produkt\/pappa-definition-affisch\/#primaryimage"},"image":{"@id":"https:\/\/positiveprints.com\/sv\/produkt\/pappa-definition-affisch\/#primaryimage"},"thumbnailUrl":"https:\/\/positiveprints.com\/wp-content\/uploads\/2024\/03\/Definition-av-pappa-Poster.jpg","datePublished":"2024-03-28T10:04:32+00:00","dateModified":"2026-04-03T01:56:11+00:00","description":"Skapa en personlig hyllning till pappa med v\u00e5r affisch \"Definition av pappa\". V\u00e4lj hans favoritord och design. Perfekt f\u00f6r fars dag eller bara f\u00f6r att!","breadcrumb":{"@id":"https:\/\/positiveprints.com\/sv\/produkt\/pappa-definition-affisch\/#breadcrumb"},"inLanguage":"sv-SE","potentialAction":[{"@type":"ReadAction","target":["https:\/\/positiveprints.com\/sv\/produkt\/pappa-definition-affisch\/"]}]},{"@type":"ImageObject","inLanguage":"sv-SE","@id":"https:\/\/positiveprints.com\/sv\/produkt\/pappa-definition-affisch\/#primaryimage","url":"https:\/\/positiveprints.com\/wp-content\/uploads\/2024\/03\/Definition-av-pappa-Poster.jpg","contentUrl":"https:\/\/positiveprints.com\/wp-content\/uploads\/2024\/03\/Definition-av-pappa-Poster.jpg","width":1080,"height":1080,"caption":"Definition av pappa Poster"},{"@type":"BreadcrumbList","@id":"https:\/\/positiveprints.com\/sv\/produkt\/pappa-definition-affisch\/#breadcrumb","itemListElement":[{"@type":"ListItem","position":1,"name":"Home","item":"https:\/\/positiveprints.com\/sv\/"},{"@type":"ListItem","position":2,"name":"Produkter","item":"https:\/\/positiveprints.com\/sv\/shop\/"},{"@type":"ListItem","position":3,"name":"Definition av pappa Poster"}]},{"@type":"WebSite","@id":"https:\/\/positiveprints.com\/sv\/#website","url":"https:\/\/positiveprints.com\/sv\/","name":"Positive Prints","description":"Amazing Custom Personalized Gifts","publisher":{"@id":"https:\/\/positiveprints.com\/sv\/#organization"},"potentialAction":[{"@type":"SearchAction","target":{"@type":"EntryPoint","urlTemplate":"https:\/\/positiveprints.com\/sv\/?s={search_term_string}"},"query-input":{"@type":"PropertyValueSpecification","valueRequired":true,"valueName":"search_term_string"}}],"inLanguage":"sv-SE"},{"@type":"Organization","@id":"https:\/\/positiveprints.com\/sv\/#organization","name":"Positive Prints","alternateName":"Positive Prints","url":"https:\/\/positiveprints.com\/sv\/","logo":{"@type":"ImageObject","inLanguage":"sv-SE","@id":"https:\/\/positiveprints.com\/sv\/#\/schema\/logo\/image\/","url":"https:\/\/positiveprints.com\/wp-content\/uploads\/2026\/03\/245815646_1337939713319158_5671353136411139666_n.png","contentUrl":"https:\/\/positiveprints.com\/wp-content\/uploads\/2026\/03\/245815646_1337939713319158_5671353136411139666_n.png","width":800,"height":800,"caption":"Positive Prints"},"image":{"@id":"https:\/\/positiveprints.com\/sv\/#\/schema\/logo\/image\/"},"sameAs":["https:\/\/www.facebook.com\/positiveprintscom","https:\/\/www.instagram.com\/positiveprintscom\/","https:\/\/www.tiktok.com\/@positiveprintscom","https:\/\/www.pinterest.com\/positiveprintscom\/"]}]}},"jetpack_sharing_enabled":true,"_links":{"self":[{"href":"https:\/\/positiveprints.com\/sv\/wp-json\/wp\/v2\/product\/1089356","targetHints":{"allow":["GET"]}}],"collection":[{"href":"https:\/\/positiveprints.com\/sv\/wp-json\/wp\/v2\/product"}],"about":[{"href":"https:\/\/positiveprints.com\/sv\/wp-json\/wp\/v2\/types\/product"}],"wp:featuredmedia":[{"embeddable":true,"href":"https:\/\/positiveprints.com\/sv\/wp-json\/wp\/v2\/media\/1090271"}],"wp:attachment":[{"href":"https:\/\/positiveprints.com\/sv\/wp-json\/wp\/v2\/media?parent=1089356"}],"wp:term":[{"taxonomy":"product_brand","embeddable":true,"href":"https:\/\/positiveprints.com\/sv\/wp-json\/wp\/v2\/product_brand?post=1089356"},{"taxonomy":"product_cat","embeddable":true,"href":"https:\/\/positiveprints.com\/sv\/wp-json\/wp\/v2\/product_cat?post=1089356"},{"taxonomy":"product_tag","embeddable":true,"href":"https:\/\/positiveprints.com\/sv\/wp-json\/wp\/v2\/product_tag?post=1089356"}],"curies":[{"name":"wp","href":"https:\/\/api.w.org\/{rel}","templated":true}]}}