{"id":1089268,"date":"2024-03-28T10:09:38","date_gmt":"2024-03-28T09:09:38","guid":{"rendered":"https:\/\/positiveprints.com\/product\/mamma-definition-poster\/"},"modified":"2026-04-03T02:56:17","modified_gmt":"2026-04-03T01:56:17","slug":"mamma-definition-affisch","status":"publish","type":"product","link":"https:\/\/positiveprints.com\/sv\/produkt\/mamma-definition-affisch\/","title":{"rendered":"Mamma Definition Poster"},"content":{"rendered":"<p>Letar du efter ett speciellt s\u00e4tt att fira de fantastiska mammorna i ditt liv? Titta inte l\u00e4ngre \u00e4n till v\u00e5r affisch &#8220;Definition av mamma&#8221;! Med o\u00e4ndliga m\u00f6jligheter kan du skapa en unik v\u00e4ggkonst som speglar din personliga definition av mamma.<\/p>\r\n\r\n<h2>Personlig affisch med definitionen av din perfekta mamma<\/h2>\r\n\r\n<p>F\u00e5 din mamma att k\u00e4nna sig extra speciell med en &#8220;Mamma Definition Poster&#8221; som \u00e4r skr\u00e4ddarsydd just f\u00f6r henne. V\u00e4lj hennes favoritord &#8211; oavsett om det \u00e4r &#8220;mamma&#8221;, &#8220;mor&#8221;, &#8220;mami&#8221; eller ett speciellt smeknamn som ligger henne varmt om hj\u00e4rtat. Dyk sedan ner i v\u00e5r samling av designer f\u00f6r att hitta en som passar hennes stil perfekt.<\/p>\r\n\r\n\r\n<p>Att skapa denna hj\u00e4rtliga g\u00e5va kan inte vara enklare tack vare v\u00e5r enkla online-redigerare. F\u00f6rst v\u00e4ljer du en layout som f\u00e5ngar ditt intresse. L\u00e4gg sedan till din personliga touch genom att ladda upp ett foto och skriva in ditt valda ord tillsammans med en definition. Du kan \u00e4ven vara kreativ och hitta p\u00e5 en egen definition som \u00e5terspeglar din mammas unika personlighet och egenheter. Slutligen kan du v\u00e4lja mellan olika alternativ, t.ex. inramade bilder, tryckta posters, canvasbilder eller direktnedladdade digitala bilder.<\/p>\r\n\r\n<h2>Perfekt present f\u00f6r alla tillf\u00e4llen<\/h2>\r\n\r\n<p>Oavsett tillf\u00e4lle &#8211; om det \u00e4r mors dag, hennes f\u00f6delsedag, jul eller bara en vanlig dag n\u00e4r du vill visa henne hur mycket du bryr dig &#8211; kommer &#8220;Mamma Definition Poster&#8221; s\u00e4kert att ge henne ett leende p\u00e5 l\u00e4pparna. Det \u00e4r en omt\u00e4nksam och innerlig g\u00e5va som kan vara rolig, sentimental eller n\u00e5got d\u00e4remellan, beroende p\u00e5 vilken definition du v\u00e4ljer. F\u00e5 henne att k\u00e4nna sig \u00e4lskad och uppskattad med en personlig present som hon kommer att uppskatta i m\u00e5nga \u00e5r fram\u00f6ver!<\/p>","protected":false},"excerpt":{"rendered":"<ul class=\"check-list\">\n<li>G\u00f6r din personliga definition av mamma<\/li>\n<li>L\u00e4gg till ditt eget foto<\/li>\n<li>Anpassa i 3 enkla steg<\/li>\n<li>V\u00e4lj en mall eller var kreativ<\/li>\n<li>Se resultatet direkt \u2013 den interaktiva f\u00f6rhandsvisningen l\u00e5ter dig finjustera varje detalj<\/li>\n<\/ul>\n","protected":false},"featured_media":1089799,"template":"","meta":[],"product_brand":[],"product_cat":[7459,7966,9525,8108,8113,7710,11474,7822,9767],"product_tag":[11833,11030,10961,11031,11032,8409,11033,11029],"class_list":{"0":"post-1089268","1":"product","2":"type-product","3":"status-publish","4":"has-post-thumbnail","6":"product_cat-alla-produkter","7":"product_cat-gavor-till-baby-shower","8":"product_cat-definition-sv","9":"product_cat-julpresenter","10":"product_cat-mors-dag-presenter","11":"product_cat-gavor-till-mamma","12":"product_cat-julklappar-till-mamma","13":"product_cat-gavor-till-nya-foraldrar","14":"product_cat-trending-label-sv","15":"product_tag-julklappar-till-mamma","16":"product_tag-mam-sv","17":"product_tag-mamma","18":"product_tag-mamma-sv","19":"product_tag-mammor","20":"product_tag-mother-sv","21":"product_tag-mumie-sv","22":"product_tag-mumie","24":"first","25":"instock","26":"sale","27":"taxable","28":"shipping-taxable","29":"purchasable","30":"product-type-variable"},"yoast_head":"<!-- This site is optimized with the Yoast SEO Premium plugin v27.2 (Yoast SEO v27.2) - https:\/\/yoast.com\/product\/yoast-seo-premium-wordpress\/ -->\n<title>Affisch med definition av mamma - Positiva tryck<\/title>\n<meta name=\"description\" content=\"Skapa en innerlig hyllning till mamma med v\u00e5r personliga &quot;Mom Definition Poster&quot;. V\u00e4lj hennes favoritord och design. Perfekt f\u00f6r alla tillf\u00e4llen!\" \/>\n<meta name=\"robots\" content=\"index, follow, max-snippet:-1, max-image-preview:large, max-video-preview:-1\" \/>\n<link rel=\"canonical\" href=\"https:\/\/positiveprints.com\/sv\/produkt\/mamma-definition-affisch\/\" \/>\n<meta property=\"og:locale\" content=\"sv_SE\" \/>\n<meta property=\"og:type\" content=\"article\" \/>\n<meta property=\"og:title\" content=\"Mamma Definition Poster\" \/>\n<meta property=\"og:description\" content=\"G\u00f6r din personliga definition av mamma L\u00e4gg till ditt eget foto Anpassa i 3 enkla steg V\u00e4lj en mall eller var kreativ Se resultatet direkt \u2013 den interaktiva f\u00f6rhandsvisningen l\u00e5ter dig finjustera varje detalj\" \/>\n<meta property=\"og:url\" content=\"https:\/\/positiveprints.com\/sv\/produkt\/mamma-definition-affisch\/\" \/>\n<meta property=\"og:site_name\" content=\"Positive Prints\" \/>\n<meta property=\"article:publisher\" content=\"https:\/\/www.facebook.com\/positiveprintscom\" \/>\n<meta property=\"article:modified_time\" content=\"2026-04-03T01:56:17+00:00\" \/>\n<meta property=\"og:image\" content=\"https:\/\/positiveprints.com\/wp-content\/uploads\/2024\/03\/Mamma-Definition-Poster.jpg\" \/>\n\t<meta property=\"og:image:width\" content=\"1080\" \/>\n\t<meta property=\"og:image:height\" content=\"1080\" \/>\n\t<meta property=\"og:image:type\" content=\"image\/jpeg\" \/>\n<meta name=\"twitter:card\" content=\"summary_large_image\" \/>\n<meta name=\"twitter:label1\" content=\"Ber\u00e4knad l\u00e4stid\" \/>\n\t<meta name=\"twitter:data1\" content=\"2 minut\" \/>\n<!-- \/ Yoast SEO Premium plugin. -->","yoast_head_json":{"title":"Affisch med definition av mamma - Positiva tryck","description":"Skapa en innerlig hyllning till mamma med v\u00e5r personliga \"Mom Definition Poster\". V\u00e4lj hennes favoritord och design. Perfekt f\u00f6r alla tillf\u00e4llen!","robots":{"index":"index","follow":"follow","max-snippet":"max-snippet:-1","max-image-preview":"max-image-preview:large","max-video-preview":"max-video-preview:-1"},"canonical":"https:\/\/positiveprints.com\/sv\/produkt\/mamma-definition-affisch\/","og_locale":"sv_SE","og_type":"article","og_title":"Mamma Definition Poster","og_description":"G\u00f6r din personliga definition av mamma L\u00e4gg till ditt eget foto Anpassa i 3 enkla steg V\u00e4lj en mall eller var kreativ Se resultatet direkt \u2013 den interaktiva f\u00f6rhandsvisningen l\u00e5ter dig finjustera varje detalj","og_url":"https:\/\/positiveprints.com\/sv\/produkt\/mamma-definition-affisch\/","og_site_name":"Positive Prints","article_publisher":"https:\/\/www.facebook.com\/positiveprintscom","article_modified_time":"2026-04-03T01:56:17+00:00","og_image":[{"width":1080,"height":1080,"url":"https:\/\/positiveprints.com\/wp-content\/uploads\/2024\/03\/Mamma-Definition-Poster.jpg","type":"image\/jpeg"}],"twitter_card":"summary_large_image","twitter_misc":{"Ber\u00e4knad l\u00e4stid":"2 minut"},"schema":{"@context":"https:\/\/schema.org","@graph":[{"@type":["WebPage","ItemPage"],"@id":"https:\/\/positiveprints.com\/sv\/produkt\/mamma-definition-affisch\/","url":"https:\/\/positiveprints.com\/sv\/produkt\/mamma-definition-affisch\/","name":"Affisch med definition av mamma - Positiva tryck","isPartOf":{"@id":"https:\/\/positiveprints.com\/sv\/#website"},"primaryImageOfPage":{"@id":"https:\/\/positiveprints.com\/sv\/produkt\/mamma-definition-affisch\/#primaryimage"},"image":{"@id":"https:\/\/positiveprints.com\/sv\/produkt\/mamma-definition-affisch\/#primaryimage"},"thumbnailUrl":"https:\/\/positiveprints.com\/wp-content\/uploads\/2024\/03\/Mamma-Definition-Poster.jpg","datePublished":"2024-03-28T09:09:38+00:00","dateModified":"2026-04-03T01:56:17+00:00","description":"Skapa en innerlig hyllning till mamma med v\u00e5r personliga \"Mom Definition Poster\". V\u00e4lj hennes favoritord och design. Perfekt f\u00f6r alla tillf\u00e4llen!","breadcrumb":{"@id":"https:\/\/positiveprints.com\/sv\/produkt\/mamma-definition-affisch\/#breadcrumb"},"inLanguage":"sv-SE","potentialAction":[{"@type":"ReadAction","target":["https:\/\/positiveprints.com\/sv\/produkt\/mamma-definition-affisch\/"]}]},{"@type":"ImageObject","inLanguage":"sv-SE","@id":"https:\/\/positiveprints.com\/sv\/produkt\/mamma-definition-affisch\/#primaryimage","url":"https:\/\/positiveprints.com\/wp-content\/uploads\/2024\/03\/Mamma-Definition-Poster.jpg","contentUrl":"https:\/\/positiveprints.com\/wp-content\/uploads\/2024\/03\/Mamma-Definition-Poster.jpg","width":1080,"height":1080,"caption":"Mamma Definition Poster"},{"@type":"BreadcrumbList","@id":"https:\/\/positiveprints.com\/sv\/produkt\/mamma-definition-affisch\/#breadcrumb","itemListElement":[{"@type":"ListItem","position":1,"name":"Home","item":"https:\/\/positiveprints.com\/sv\/"},{"@type":"ListItem","position":2,"name":"Produkter","item":"https:\/\/positiveprints.com\/sv\/shop\/"},{"@type":"ListItem","position":3,"name":"Mamma Definition Poster"}]},{"@type":"WebSite","@id":"https:\/\/positiveprints.com\/sv\/#website","url":"https:\/\/positiveprints.com\/sv\/","name":"Positive Prints","description":"Amazing Custom Personalized Gifts","publisher":{"@id":"https:\/\/positiveprints.com\/sv\/#organization"},"potentialAction":[{"@type":"SearchAction","target":{"@type":"EntryPoint","urlTemplate":"https:\/\/positiveprints.com\/sv\/?s={search_term_string}"},"query-input":{"@type":"PropertyValueSpecification","valueRequired":true,"valueName":"search_term_string"}}],"inLanguage":"sv-SE"},{"@type":"Organization","@id":"https:\/\/positiveprints.com\/sv\/#organization","name":"Positive Prints","alternateName":"Positive Prints","url":"https:\/\/positiveprints.com\/sv\/","logo":{"@type":"ImageObject","inLanguage":"sv-SE","@id":"https:\/\/positiveprints.com\/sv\/#\/schema\/logo\/image\/","url":"https:\/\/positiveprints.com\/wp-content\/uploads\/2026\/03\/245815646_1337939713319158_5671353136411139666_n.png","contentUrl":"https:\/\/positiveprints.com\/wp-content\/uploads\/2026\/03\/245815646_1337939713319158_5671353136411139666_n.png","width":800,"height":800,"caption":"Positive Prints"},"image":{"@id":"https:\/\/positiveprints.com\/sv\/#\/schema\/logo\/image\/"},"sameAs":["https:\/\/www.facebook.com\/positiveprintscom","https:\/\/www.instagram.com\/positiveprintscom\/","https:\/\/www.tiktok.com\/@positiveprintscom","https:\/\/www.pinterest.com\/positiveprintscom\/"]}]}},"jetpack_sharing_enabled":true,"_links":{"self":[{"href":"https:\/\/positiveprints.com\/sv\/wp-json\/wp\/v2\/product\/1089268","targetHints":{"allow":["GET"]}}],"collection":[{"href":"https:\/\/positiveprints.com\/sv\/wp-json\/wp\/v2\/product"}],"about":[{"href":"https:\/\/positiveprints.com\/sv\/wp-json\/wp\/v2\/types\/product"}],"wp:featuredmedia":[{"embeddable":true,"href":"https:\/\/positiveprints.com\/sv\/wp-json\/wp\/v2\/media\/1089799"}],"wp:attachment":[{"href":"https:\/\/positiveprints.com\/sv\/wp-json\/wp\/v2\/media?parent=1089268"}],"wp:term":[{"taxonomy":"product_brand","embeddable":true,"href":"https:\/\/positiveprints.com\/sv\/wp-json\/wp\/v2\/product_brand?post=1089268"},{"taxonomy":"product_cat","embeddable":true,"href":"https:\/\/positiveprints.com\/sv\/wp-json\/wp\/v2\/product_cat?post=1089268"},{"taxonomy":"product_tag","embeddable":true,"href":"https:\/\/positiveprints.com\/sv\/wp-json\/wp\/v2\/product_tag?post=1089268"}],"curies":[{"name":"wp","href":"https:\/\/api.w.org\/{rel}","templated":true}]}}