{"id":1080165,"date":"2023-10-24T14:26:46","date_gmt":"2023-10-24T13:26:46","guid":{"rendered":"https:\/\/positiveprints.com\/product\/stjarnor-natten-da-vi-traffades-med-photo\/"},"modified":"2026-04-23T11:15:18","modified_gmt":"2026-04-23T10:15:18","slug":"stjarnor-den-natt-vi-motte-med-foto","status":"publish","type":"product","link":"https:\/\/positiveprints.com\/sv\/produkt\/stjarnor-den-natt-vi-motte-med-foto\/","title":{"rendered":"Stj\u00e4rnor natten d\u00e5 vi tr\u00e4ffades med Photo"},"content":{"rendered":"<p>Romantik och stj\u00e4rnsk\u00e5dning f\u00f6renas i &#8220;Stars the Night We Met with Photo&#8221;. Oavsett om det \u00e4r \u00e5rsdag, Alla hj\u00e4rtans dag, jul eller din \u00e4lskades f\u00f6delsedag s\u00e5 t\u00e4nder den h\u00e4r g\u00e5van gnistorna av k\u00e4rlek. Minns den magiska natten d\u00e5 ni tr\u00e4ffades med en stj\u00e4rnkarta och ett foto av er tv\u00e5. &#8220;Stars the Night We Met&#8221; pryder konstverket som den perfekta huvudtiteln.<\/p>\r\n\r\n<h2>Hur man skapar en Stars the Night We Met med foto<\/h2>\r\n\r\n<p>V\u00e5r online-skapare f\u00f6rvandlar dina minnen till ett konstverk. V\u00e4lj din stil, v\u00e4lj himmelska element som konstellationer och Vintergatan, och g\u00f6r den till din egen med huvudtiteln. Ange datum och plats f\u00f6r den of\u00f6rgl\u00f6mliga natten och se stj\u00e4rnkartan komma till liv i f\u00f6rhandsgranskningen online. L\u00e4gg till ditt speciella foto och ditt romantiska m\u00e4sterverk \u00e4r komplett.<\/p>\r\n\r\n<p>&#8220;Stars the Night We Met with Photo&#8221; \u00e4r som en \u00f6gonblicksbild av himlen den natt d\u00e5 din k\u00e4rlekshistoria b\u00f6rjade, f\u00e5ngad i ett konstverk med ditt foto. Det \u00e4r en vacker bild av stj\u00e4rnorna som prydde himlen n\u00e4r ni delade det magiska \u00f6gonblicket.<\/p>\r\n\r\n<h2>Den perfekta romantiska presenten och ett best\u00e5ende minne<\/h2>\r\n\r\n<p>Denna exceptionella g\u00e5va \u00e4r en symbol f\u00f6r romantik. Det \u00e4r inte bara f\u00f6r \u00e5rsdagar eller Alla hj\u00e4rtans dag. Den \u00e4r till f\u00f6r alla tillf\u00e4llen d\u00e5 du vill fira den k\u00e4rlek ni delar. Huvudtiteln, &#8220;Stars the Night We Met&#8221;, sammanfattar den f\u00f6rtrollande auran fr\u00e5n den speciella natten.<\/p>\r\n\r\n<p>&#8220;Stars the Night We Met with Photo&#8221; \u00e4r en k\u00e4rlekshistoria p\u00e5 display. Det \u00e4r ett bevis p\u00e5 er k\u00e4rlek och de minnen som har f\u00f6rt er n\u00e4rmare varandra. Varje blick p\u00e5 denna kombination av stj\u00e4rnkarta och foto v\u00e4cker k\u00e4nslorna fr\u00e5n den magiska natten och g\u00f6r den till ett best\u00e5ende minne av din k\u00e4rlekshistoria. G\u00f6r din romantiska g\u00e5va of\u00f6rgl\u00f6mlig med detta personliga m\u00e4sterverk.<\/p>","protected":false},"excerpt":{"rendered":"<ul class=\"check-list\">\n<li>Minns den magiska natten ni tr\u00e4ffades med en stj\u00e4rnkarta och ett foto<\/li>\n<li>L\u00e4gg till konstellationer p\u00e5 din stj\u00e4rnkarta och v\u00e4lj ett foto<\/li>\n<li>Anpassa i 3 enkla steg<\/li>\n<li>Inkludera en meningsfull personlig text<\/li>\n<li>Se resultatet direkt \u2013 den interaktiva f\u00f6rhandsvisningen l\u00e5ter dig finjustera varje detalj<\/li>\n<\/ul>\n","protected":false},"featured_media":1259256,"template":"","meta":[],"product_brand":[],"product_cat":[8831,8188,8214,7459,7934,8108,11470,11471,11469,11463,11477,11472,8014,7679,7647,7694,7790,7758,7806,8116,11251,11252],"product_tag":[14998,11758,11772,11835,11829,11832,11830],"class_list":{"0":"post-1080165","1":"product","2":"type-product","3":"status-publish","4":"has-post-thumbnail","6":"product_cat-duo-stjarnor","7":"product_cat-till-henne","8":"product_cat-till-honom","9":"product_cat-alla-produkter","10":"product_cat-gavor-till-brollopsdusch","11":"product_cat-julpresenter","12":"product_cat-julklappar-till-henne","13":"product_cat-julklappar-till-honom","14":"product_cat-julklappar-till-flickvannen","15":"product_cat-julklapp-till-pojkvan","16":"product_cat-julklappar-till-frun","17":"product_cat-julklappar-till-maken","18":"product_cat-gavor-for-man","19":"product_cat-gavor-till-pojkvannen","20":"product_cat-gavor-till-din-man","21":"product_cat-gavor-for-kvinnor","22":"product_cat-gavor-till-flickvannen","23":"product_cat-gavor-till-fru","24":"product_cat-gavor-for-par","25":"product_cat-gava-pa-alla-hjartans-dag","26":"product_cat-alla-hjartans-dag-presenter-for-henne","27":"product_cat-alla-hjartans-dag-presenter-for-honom","28":"product_tag-anniversary-sv","29":"product_tag-julklapp-till-pojkvan","30":"product_tag-julklappar-till-flickvannen","31":"product_tag-julklappar-till-frun","32":"product_tag-julklappar-till-henne","33":"product_tag-julklappar-till-maken","34":"product_tag-kerstcadeaus-for-honom","36":"first","37":"instock","38":"sale","39":"taxable","40":"shipping-taxable","41":"purchasable","42":"product-type-variable"},"yoast_head":"<!-- This site is optimized with the Yoast SEO Premium plugin v27.2 (Yoast SEO v27.2) - https:\/\/yoast.com\/product\/yoast-seo-premium-wordpress\/ -->\n<title>Stj\u00e4rnor natten vi tr\u00e4ffades med Foto - Positive Prints<\/title>\n<meta name=\"description\" content=\"Stars the Night We Met med Photo det \u00e4r en k\u00e4rlekshistoria p\u00e5 display. Det \u00e4r ett bevis p\u00e5 er k\u00e4rlek och de minnen som har f\u00f6rt er n\u00e4rmare varandra.\" \/>\n<meta name=\"robots\" content=\"index, follow, max-snippet:-1, max-image-preview:large, max-video-preview:-1\" \/>\n<link rel=\"canonical\" href=\"https:\/\/positiveprints.com\/sv\/produkt\/stjarnor-den-natt-vi-motte-med-foto\/\" \/>\n<meta property=\"og:locale\" content=\"sv_SE\" \/>\n<meta property=\"og:type\" content=\"article\" \/>\n<meta property=\"og:title\" content=\"Stj\u00e4rnor natten d\u00e5 vi tr\u00e4ffades med Photo\" \/>\n<meta property=\"og:description\" content=\"Minns den magiska natten ni tr\u00e4ffades med en stj\u00e4rnkarta och ett foto L\u00e4gg till konstellationer p\u00e5 din stj\u00e4rnkarta och v\u00e4lj ett foto Anpassa i 3 enkla steg Inkludera en meningsfull personlig text Se resultatet direkt \u2013 den interaktiva f\u00f6rhandsvisningen l\u00e5ter dig finjustera varje detalj\" \/>\n<meta property=\"og:url\" content=\"https:\/\/positiveprints.com\/sv\/produkt\/stjarnor-den-natt-vi-motte-med-foto\/\" \/>\n<meta property=\"og:site_name\" content=\"Positive Prints\" \/>\n<meta property=\"article:publisher\" content=\"https:\/\/www.facebook.com\/positiveprintscom\" \/>\n<meta property=\"article:modified_time\" content=\"2026-04-23T10:15:18+00:00\" \/>\n<meta property=\"og:image\" content=\"https:\/\/positiveprints.com\/wp-content\/uploads\/2024\/11\/SE_PACKSHOT_Stars-the-Night-We-Met-with-Photo-product-image-.webp\" \/>\n\t<meta property=\"og:image:width\" content=\"1450\" \/>\n\t<meta property=\"og:image:height\" content=\"1450\" \/>\n\t<meta property=\"og:image:type\" content=\"image\/webp\" \/>\n<meta name=\"twitter:card\" content=\"summary_large_image\" \/>\n<!-- \/ Yoast SEO Premium plugin. -->","yoast_head_json":{"title":"Stj\u00e4rnor natten vi tr\u00e4ffades med Foto - Positive Prints","description":"Stars the Night We Met med Photo det \u00e4r en k\u00e4rlekshistoria p\u00e5 display. Det \u00e4r ett bevis p\u00e5 er k\u00e4rlek och de minnen som har f\u00f6rt er n\u00e4rmare varandra.","robots":{"index":"index","follow":"follow","max-snippet":"max-snippet:-1","max-image-preview":"max-image-preview:large","max-video-preview":"max-video-preview:-1"},"canonical":"https:\/\/positiveprints.com\/sv\/produkt\/stjarnor-den-natt-vi-motte-med-foto\/","og_locale":"sv_SE","og_type":"article","og_title":"Stj\u00e4rnor natten d\u00e5 vi tr\u00e4ffades med Photo","og_description":"Minns den magiska natten ni tr\u00e4ffades med en stj\u00e4rnkarta och ett foto L\u00e4gg till konstellationer p\u00e5 din stj\u00e4rnkarta och v\u00e4lj ett foto Anpassa i 3 enkla steg Inkludera en meningsfull personlig text Se resultatet direkt \u2013 den interaktiva f\u00f6rhandsvisningen l\u00e5ter dig finjustera varje detalj","og_url":"https:\/\/positiveprints.com\/sv\/produkt\/stjarnor-den-natt-vi-motte-med-foto\/","og_site_name":"Positive Prints","article_publisher":"https:\/\/www.facebook.com\/positiveprintscom","article_modified_time":"2026-04-23T10:15:18+00:00","og_image":[{"width":1450,"height":1450,"url":"https:\/\/positiveprints.com\/wp-content\/uploads\/2024\/11\/SE_PACKSHOT_Stars-the-Night-We-Met-with-Photo-product-image-.webp","type":"image\/webp"}],"twitter_card":"summary_large_image","schema":{"@context":"https:\/\/schema.org","@graph":[{"@type":["WebPage","ItemPage"],"@id":"https:\/\/positiveprints.com\/sv\/produkt\/stjarnor-den-natt-vi-motte-med-foto\/","url":"https:\/\/positiveprints.com\/sv\/produkt\/stjarnor-den-natt-vi-motte-med-foto\/","name":"Stj\u00e4rnor natten vi tr\u00e4ffades med Foto - Positive Prints","isPartOf":{"@id":"https:\/\/positiveprints.com\/sv\/#website"},"primaryImageOfPage":{"@id":"https:\/\/positiveprints.com\/sv\/produkt\/stjarnor-den-natt-vi-motte-med-foto\/#primaryimage"},"image":{"@id":"https:\/\/positiveprints.com\/sv\/produkt\/stjarnor-den-natt-vi-motte-med-foto\/#primaryimage"},"thumbnailUrl":"https:\/\/positiveprints.com\/wp-content\/uploads\/2024\/11\/SE_PACKSHOT_Stars-the-Night-We-Met-with-Photo-product-image-.webp","datePublished":"2023-10-24T13:26:46+00:00","dateModified":"2026-04-23T10:15:18+00:00","description":"Stars the Night We Met med Photo det \u00e4r en k\u00e4rlekshistoria p\u00e5 display. Det \u00e4r ett bevis p\u00e5 er k\u00e4rlek och de minnen som har f\u00f6rt er n\u00e4rmare varandra.","breadcrumb":{"@id":"https:\/\/positiveprints.com\/sv\/produkt\/stjarnor-den-natt-vi-motte-med-foto\/#breadcrumb"},"inLanguage":"sv-SE","potentialAction":[{"@type":"ReadAction","target":["https:\/\/positiveprints.com\/sv\/produkt\/stjarnor-den-natt-vi-motte-med-foto\/"]}]},{"@type":"ImageObject","inLanguage":"sv-SE","@id":"https:\/\/positiveprints.com\/sv\/produkt\/stjarnor-den-natt-vi-motte-med-foto\/#primaryimage","url":"https:\/\/positiveprints.com\/wp-content\/uploads\/2024\/11\/SE_PACKSHOT_Stars-the-Night-We-Met-with-Photo-product-image-.webp","contentUrl":"https:\/\/positiveprints.com\/wp-content\/uploads\/2024\/11\/SE_PACKSHOT_Stars-the-Night-We-Met-with-Photo-product-image-.webp","width":1450,"height":1450},{"@type":"BreadcrumbList","@id":"https:\/\/positiveprints.com\/sv\/produkt\/stjarnor-den-natt-vi-motte-med-foto\/#breadcrumb","itemListElement":[{"@type":"ListItem","position":1,"name":"Home","item":"https:\/\/positiveprints.com\/sv\/"},{"@type":"ListItem","position":2,"name":"Produkter","item":"https:\/\/positiveprints.com\/sv\/shop\/"},{"@type":"ListItem","position":3,"name":"Stj\u00e4rnor natten d\u00e5 vi tr\u00e4ffades med Photo"}]},{"@type":"WebSite","@id":"https:\/\/positiveprints.com\/sv\/#website","url":"https:\/\/positiveprints.com\/sv\/","name":"Positive Prints","description":"Amazing Custom Personalized Gifts","publisher":{"@id":"https:\/\/positiveprints.com\/sv\/#organization"},"potentialAction":[{"@type":"SearchAction","target":{"@type":"EntryPoint","urlTemplate":"https:\/\/positiveprints.com\/sv\/?s={search_term_string}"},"query-input":{"@type":"PropertyValueSpecification","valueRequired":true,"valueName":"search_term_string"}}],"inLanguage":"sv-SE"},{"@type":"Organization","@id":"https:\/\/positiveprints.com\/sv\/#organization","name":"Positive Prints","alternateName":"Positive Prints","url":"https:\/\/positiveprints.com\/sv\/","logo":{"@type":"ImageObject","inLanguage":"sv-SE","@id":"https:\/\/positiveprints.com\/sv\/#\/schema\/logo\/image\/","url":"https:\/\/positiveprints.com\/wp-content\/uploads\/2026\/03\/245815646_1337939713319158_5671353136411139666_n.png","contentUrl":"https:\/\/positiveprints.com\/wp-content\/uploads\/2026\/03\/245815646_1337939713319158_5671353136411139666_n.png","width":800,"height":800,"caption":"Positive Prints"},"image":{"@id":"https:\/\/positiveprints.com\/sv\/#\/schema\/logo\/image\/"},"sameAs":["https:\/\/www.facebook.com\/positiveprintscom","https:\/\/www.instagram.com\/positiveprintscom\/","https:\/\/www.tiktok.com\/@positiveprintscom","https:\/\/www.pinterest.com\/positiveprintscom\/"]}]}},"jetpack_sharing_enabled":true,"_links":{"self":[{"href":"https:\/\/positiveprints.com\/sv\/wp-json\/wp\/v2\/product\/1080165","targetHints":{"allow":["GET"]}}],"collection":[{"href":"https:\/\/positiveprints.com\/sv\/wp-json\/wp\/v2\/product"}],"about":[{"href":"https:\/\/positiveprints.com\/sv\/wp-json\/wp\/v2\/types\/product"}],"wp:featuredmedia":[{"embeddable":true,"href":"https:\/\/positiveprints.com\/sv\/wp-json\/wp\/v2\/media\/1259256"}],"wp:attachment":[{"href":"https:\/\/positiveprints.com\/sv\/wp-json\/wp\/v2\/media?parent=1080165"}],"wp:term":[{"taxonomy":"product_brand","embeddable":true,"href":"https:\/\/positiveprints.com\/sv\/wp-json\/wp\/v2\/product_brand?post=1080165"},{"taxonomy":"product_cat","embeddable":true,"href":"https:\/\/positiveprints.com\/sv\/wp-json\/wp\/v2\/product_cat?post=1080165"},{"taxonomy":"product_tag","embeddable":true,"href":"https:\/\/positiveprints.com\/sv\/wp-json\/wp\/v2\/product_tag?post=1080165"}],"curies":[{"name":"wp","href":"https:\/\/api.w.org\/{rel}","templated":true}]}}