{"id":1080155,"date":"2023-10-25T12:22:35","date_gmt":"2023-10-25T11:22:35","guid":{"rendered":"https:\/\/positiveprints.com\/product\/natten-da-vi-forlovade-oss-med-foto\/"},"modified":"2026-04-03T03:02:15","modified_gmt":"2026-04-03T02:02:15","slug":"natten-vi-blev-engagerade-med-foto","status":"publish","type":"product","link":"https:\/\/positiveprints.com\/sv\/produkt\/natten-vi-blev-engagerade-med-foto\/","title":{"rendered":"Natten d\u00e5 vi f\u00f6rlovade oss med Foto"},"content":{"rendered":"<p>Fira k\u00e4rlekens vackra resa med &#8220;The Night We Got Engaged with Photo&#8221;. Detta hj\u00e4rtliga konstverk f\u00e5ngar stj\u00e4rnhimlen fr\u00e5n det exakta \u00f6gonblicket av er <a href=\"https:\/\/positiveprints.com\/engagement-gifts\/\">f\u00f6rlovning<\/a>. Oavsett om det \u00e4r en present till dina nyf\u00f6rlovade v\u00e4nner eller din partner \u00e4r det det perfekta s\u00e4ttet att fira b\u00f6rjan p\u00e5 en evighet. Kombinera stj\u00e4rnkartan fr\u00e5n den d\u00e4r speciella natten med ditt favoritfoto och skapa ett v\u00e4rdefullt minne.<\/p>\r\n\r\n<h2>Natten d\u00e5 vi f\u00f6rlovade oss: Att skapa k\u00e4rlek och minnen<\/h2>\r\n\r\n<p>V\u00e5r online-skapare g\u00f6r det enkelt att f\u00f6rvandla k\u00e4ra \u00f6gonblick till ett konstverk. V\u00e4lj din favoritstil, inkludera himmelska element som konstellationer och Vintergatan och g\u00f6r den personlig med en speciell titel. Ange datum och plats f\u00f6r din f\u00f6rlovning och se <a href=\"https:\/\/positiveprints.com\/product\/star-map\/\">stj\u00e4rnkartan<\/a> komma till liv i f\u00f6rhandsgranskningen online. L\u00e4gg till ditt favoritf\u00f6rlovningsfoto f\u00f6r att full\u00e4nda detta hj\u00e4rtev\u00e4rmande m\u00e4sterverk.<\/p>\r\n\r\n<p>&#8220;The Night We Got Engaged with Photo&#8221; \u00e4r en hisnande skildring av natthimlen den kv\u00e4ll d\u00e5 du sa &#8220;ja&#8221;. Det \u00e4r en detaljerad representation av de stj\u00e4rnor som prydde himlen under er betydelsefulla f\u00f6rlovning.<\/p>\r\n\r\n<h2>Den perfekta f\u00f6rlovningspresenten och ett best\u00e5ende minne<\/h2>\r\n\r\n<p>Denna g\u00e5va \u00e4r mer \u00e4n bara en g\u00e5va. Det \u00e4r en hyllning till er k\u00e4rlek och det \u00e5tagande ni har gjort gentemot varandra. Den \u00e4r perfekt f\u00f6r nyf\u00f6rlovade v\u00e4nner eller som en innerlig gest till din partner. Titeln, &#8220;The Night We Got Engaged&#8221;, f\u00e5ngar v\u00e4rmen och k\u00e4nslan i detta speciella \u00f6gonblick.<\/p>\r\n\r\n<p>&#8220;The Night We Got Engaged with Photo&#8221; \u00e4r en skatt av er k\u00e4rlek och de minnen ni har skapat tillsammans. Varje blick p\u00e5 denna kombination av stj\u00e4rnkarta och foto f\u00f6rflyttar dig tillbaka till den d\u00e4r \u00e4lskade natten och v\u00e4cker de k\u00e4nslor och den gl\u00e4dje du k\u00e4nde under din f\u00f6rlovning. G\u00f6r din g\u00e5va of\u00f6rgl\u00f6mlig med detta personliga m\u00e4sterverk, som hyllar den k\u00e4rlek som f\u00f6rde er samman.<\/p>","protected":false},"excerpt":{"rendered":"<ul class=\"check-list\">\n<li>F\u00e5nga stj\u00e4rnhimlen fr\u00e5n det exakta \u00f6gonblicket av er f\u00f6rlovning och l\u00e4gg till ett v\u00e4rdefullt foto<\/li>\n<li>L\u00e4gg till konstellationer p\u00e5 din stj\u00e4rnkarta och v\u00e4lj ett foto<\/li>\n<li>Anpassa i 3 enkla steg<\/li>\n<li>Inkludera en meningsfull personlig text<\/li>\n<li>Se resultatet direkt \u2013 den interaktiva f\u00f6rhandsvisningen l\u00e5ter dig finjustera varje detalj<\/li>\n<\/ul>\n","protected":false},"featured_media":1249472,"template":"","meta":[],"product_brand":[],"product_cat":[8831,9767,7459,8118],"product_tag":[8441],"class_list":{"0":"post-1080155","1":"product","2":"type-product","3":"status-publish","4":"has-post-thumbnail","6":"product_cat-duo-stjarnor","7":"product_cat-trending-label-sv","8":"product_cat-alla-produkter","9":"product_cat-gavor-for-nyforlovade-par-presenttillfallen","10":"product_tag-forlovning","12":"first","13":"instock","14":"sale","15":"taxable","16":"shipping-taxable","17":"purchasable","18":"product-type-variable"},"yoast_head":"<!-- This site is optimized with the Yoast SEO Premium plugin v27.2 (Yoast SEO v27.2) - https:\/\/yoast.com\/product\/yoast-seo-premium-wordpress\/ -->\n<title>Natten d\u00e5 vi f\u00f6rlovade oss med Foto - Positive Prints<\/title>\n<meta name=\"description\" content=\"Fira k\u00e4rlekens resa med The Night We Got Engaged med foto. Detta konstverk f\u00e5ngar stj\u00e4rnhimlen fr\u00e5n det exakta \u00f6gonblicket av din f\u00f6rlovning\" \/>\n<meta name=\"robots\" content=\"index, follow, max-snippet:-1, max-image-preview:large, max-video-preview:-1\" \/>\n<link rel=\"canonical\" href=\"https:\/\/positiveprints.com\/sv\/produkt\/natten-vi-blev-engagerade-med-foto\/\" \/>\n<meta property=\"og:locale\" content=\"sv_SE\" \/>\n<meta property=\"og:type\" content=\"article\" \/>\n<meta property=\"og:title\" content=\"Natten d\u00e5 vi f\u00f6rlovade oss med Foto\" \/>\n<meta property=\"og:description\" content=\"F\u00e5nga stj\u00e4rnhimlen fr\u00e5n det exakta \u00f6gonblicket av er f\u00f6rlovning och l\u00e4gg till ett v\u00e4rdefullt foto L\u00e4gg till konstellationer p\u00e5 din stj\u00e4rnkarta och v\u00e4lj ett foto Anpassa i 3 enkla steg Inkludera en meningsfull personlig text Se resultatet direkt \u2013 den interaktiva f\u00f6rhandsvisningen l\u00e5ter dig finjustera varje detalj\" \/>\n<meta property=\"og:url\" content=\"https:\/\/positiveprints.com\/sv\/produkt\/natten-vi-blev-engagerade-med-foto\/\" \/>\n<meta property=\"og:site_name\" content=\"Positive Prints\" \/>\n<meta property=\"article:publisher\" content=\"https:\/\/www.facebook.com\/positiveprintscom\" \/>\n<meta property=\"article:modified_time\" content=\"2026-04-03T02:02:15+00:00\" \/>\n<meta property=\"og:image\" content=\"https:\/\/positiveprints.com\/wp-content\/uploads\/2024\/11\/SE_PACKSHOT_The-Night-We-Got-Engaged-with-Photo-product-image-.webp\" \/>\n\t<meta property=\"og:image:width\" content=\"1450\" \/>\n\t<meta property=\"og:image:height\" content=\"1450\" \/>\n\t<meta property=\"og:image:type\" content=\"image\/webp\" \/>\n<meta name=\"twitter:card\" content=\"summary_large_image\" \/>\n<meta name=\"twitter:label1\" content=\"Ber\u00e4knad l\u00e4stid\" \/>\n\t<meta name=\"twitter:data1\" content=\"2 minut\" \/>\n<!-- \/ Yoast SEO Premium plugin. -->","yoast_head_json":{"title":"Natten d\u00e5 vi f\u00f6rlovade oss med Foto - Positive Prints","description":"Fira k\u00e4rlekens resa med The Night We Got Engaged med foto. Detta konstverk f\u00e5ngar stj\u00e4rnhimlen fr\u00e5n det exakta \u00f6gonblicket av din f\u00f6rlovning","robots":{"index":"index","follow":"follow","max-snippet":"max-snippet:-1","max-image-preview":"max-image-preview:large","max-video-preview":"max-video-preview:-1"},"canonical":"https:\/\/positiveprints.com\/sv\/produkt\/natten-vi-blev-engagerade-med-foto\/","og_locale":"sv_SE","og_type":"article","og_title":"Natten d\u00e5 vi f\u00f6rlovade oss med Foto","og_description":"F\u00e5nga stj\u00e4rnhimlen fr\u00e5n det exakta \u00f6gonblicket av er f\u00f6rlovning och l\u00e4gg till ett v\u00e4rdefullt foto L\u00e4gg till konstellationer p\u00e5 din stj\u00e4rnkarta och v\u00e4lj ett foto Anpassa i 3 enkla steg Inkludera en meningsfull personlig text Se resultatet direkt \u2013 den interaktiva f\u00f6rhandsvisningen l\u00e5ter dig finjustera varje detalj","og_url":"https:\/\/positiveprints.com\/sv\/produkt\/natten-vi-blev-engagerade-med-foto\/","og_site_name":"Positive Prints","article_publisher":"https:\/\/www.facebook.com\/positiveprintscom","article_modified_time":"2026-04-03T02:02:15+00:00","og_image":[{"width":1450,"height":1450,"url":"https:\/\/positiveprints.com\/wp-content\/uploads\/2024\/11\/SE_PACKSHOT_The-Night-We-Got-Engaged-with-Photo-product-image-.webp","type":"image\/webp"}],"twitter_card":"summary_large_image","twitter_misc":{"Ber\u00e4knad l\u00e4stid":"2 minut"},"schema":{"@context":"https:\/\/schema.org","@graph":[{"@type":["WebPage","ItemPage"],"@id":"https:\/\/positiveprints.com\/sv\/produkt\/natten-vi-blev-engagerade-med-foto\/","url":"https:\/\/positiveprints.com\/sv\/produkt\/natten-vi-blev-engagerade-med-foto\/","name":"Natten d\u00e5 vi f\u00f6rlovade oss med Foto - Positive Prints","isPartOf":{"@id":"https:\/\/positiveprints.com\/sv\/#website"},"primaryImageOfPage":{"@id":"https:\/\/positiveprints.com\/sv\/produkt\/natten-vi-blev-engagerade-med-foto\/#primaryimage"},"image":{"@id":"https:\/\/positiveprints.com\/sv\/produkt\/natten-vi-blev-engagerade-med-foto\/#primaryimage"},"thumbnailUrl":"https:\/\/positiveprints.com\/wp-content\/uploads\/2024\/11\/SE_PACKSHOT_The-Night-We-Got-Engaged-with-Photo-product-image-.webp","datePublished":"2023-10-25T11:22:35+00:00","dateModified":"2026-04-03T02:02:15+00:00","description":"Fira k\u00e4rlekens resa med The Night We Got Engaged med foto. Detta konstverk f\u00e5ngar stj\u00e4rnhimlen fr\u00e5n det exakta \u00f6gonblicket av din f\u00f6rlovning","breadcrumb":{"@id":"https:\/\/positiveprints.com\/sv\/produkt\/natten-vi-blev-engagerade-med-foto\/#breadcrumb"},"inLanguage":"sv-SE","potentialAction":[{"@type":"ReadAction","target":["https:\/\/positiveprints.com\/sv\/produkt\/natten-vi-blev-engagerade-med-foto\/"]}]},{"@type":"ImageObject","inLanguage":"sv-SE","@id":"https:\/\/positiveprints.com\/sv\/produkt\/natten-vi-blev-engagerade-med-foto\/#primaryimage","url":"https:\/\/positiveprints.com\/wp-content\/uploads\/2024\/11\/SE_PACKSHOT_The-Night-We-Got-Engaged-with-Photo-product-image-.webp","contentUrl":"https:\/\/positiveprints.com\/wp-content\/uploads\/2024\/11\/SE_PACKSHOT_The-Night-We-Got-Engaged-with-Photo-product-image-.webp","width":1450,"height":1450},{"@type":"BreadcrumbList","@id":"https:\/\/positiveprints.com\/sv\/produkt\/natten-vi-blev-engagerade-med-foto\/#breadcrumb","itemListElement":[{"@type":"ListItem","position":1,"name":"Home","item":"https:\/\/positiveprints.com\/sv\/"},{"@type":"ListItem","position":2,"name":"Produkter","item":"https:\/\/positiveprints.com\/sv\/shop\/"},{"@type":"ListItem","position":3,"name":"Natten d\u00e5 vi f\u00f6rlovade oss med Foto"}]},{"@type":"WebSite","@id":"https:\/\/positiveprints.com\/sv\/#website","url":"https:\/\/positiveprints.com\/sv\/","name":"Positive Prints","description":"Amazing Custom Personalized Gifts","publisher":{"@id":"https:\/\/positiveprints.com\/sv\/#organization"},"potentialAction":[{"@type":"SearchAction","target":{"@type":"EntryPoint","urlTemplate":"https:\/\/positiveprints.com\/sv\/?s={search_term_string}"},"query-input":{"@type":"PropertyValueSpecification","valueRequired":true,"valueName":"search_term_string"}}],"inLanguage":"sv-SE"},{"@type":"Organization","@id":"https:\/\/positiveprints.com\/sv\/#organization","name":"Positive Prints","alternateName":"Positive Prints","url":"https:\/\/positiveprints.com\/sv\/","logo":{"@type":"ImageObject","inLanguage":"sv-SE","@id":"https:\/\/positiveprints.com\/sv\/#\/schema\/logo\/image\/","url":"https:\/\/positiveprints.com\/wp-content\/uploads\/2026\/03\/245815646_1337939713319158_5671353136411139666_n.png","contentUrl":"https:\/\/positiveprints.com\/wp-content\/uploads\/2026\/03\/245815646_1337939713319158_5671353136411139666_n.png","width":800,"height":800,"caption":"Positive Prints"},"image":{"@id":"https:\/\/positiveprints.com\/sv\/#\/schema\/logo\/image\/"},"sameAs":["https:\/\/www.facebook.com\/positiveprintscom","https:\/\/www.instagram.com\/positiveprintscom\/","https:\/\/www.tiktok.com\/@positiveprintscom","https:\/\/www.pinterest.com\/positiveprintscom\/"]}]}},"jetpack_sharing_enabled":true,"_links":{"self":[{"href":"https:\/\/positiveprints.com\/sv\/wp-json\/wp\/v2\/product\/1080155","targetHints":{"allow":["GET"]}}],"collection":[{"href":"https:\/\/positiveprints.com\/sv\/wp-json\/wp\/v2\/product"}],"about":[{"href":"https:\/\/positiveprints.com\/sv\/wp-json\/wp\/v2\/types\/product"}],"wp:featuredmedia":[{"embeddable":true,"href":"https:\/\/positiveprints.com\/sv\/wp-json\/wp\/v2\/media\/1249472"}],"wp:attachment":[{"href":"https:\/\/positiveprints.com\/sv\/wp-json\/wp\/v2\/media?parent=1080155"}],"wp:term":[{"taxonomy":"product_brand","embeddable":true,"href":"https:\/\/positiveprints.com\/sv\/wp-json\/wp\/v2\/product_brand?post=1080155"},{"taxonomy":"product_cat","embeddable":true,"href":"https:\/\/positiveprints.com\/sv\/wp-json\/wp\/v2\/product_cat?post=1080155"},{"taxonomy":"product_tag","embeddable":true,"href":"https:\/\/positiveprints.com\/sv\/wp-json\/wp\/v2\/product_tag?post=1080155"}],"curies":[{"name":"wp","href":"https:\/\/api.w.org\/{rel}","templated":true}]}}