{"id":1080147,"date":"2023-10-25T10:40:22","date_gmt":"2023-10-25T09:40:22","guid":{"rendered":"https:\/\/positiveprints.com\/product\/dagen-da-du-blev-min-pappa-med-foto\/"},"modified":"2026-04-03T03:02:33","modified_gmt":"2026-04-03T02:02:33","slug":"den-dagen-du-bekraftade-min-pappa-med-foto","status":"publish","type":"product","link":"https:\/\/positiveprints.com\/sv\/produkt\/den-dagen-du-bekraftade-min-pappa-med-foto\/","title":{"rendered":"Dagen d\u00e5 du blev min pappa med foto"},"content":{"rendered":"<p>Fira din pappas k\u00e4rlek och dagen d\u00e5 han blev pappa med &#8220;Dagen d\u00e5 du blev min pappa med foto&#8221;. Detta innerliga konstverk f\u00e5ngar stj\u00e4rnhimlen fr\u00e5n den viktiga dagen. Oavsett om det \u00e4r hans f\u00f6delsedag, <a href=\"https:\/\/positiveprints.com\/fathers-day-gifts\/\">Fars dag<\/a> eller jul \u00e4r det det perfekta s\u00e4ttet att visa din uppskattning. Inkludera ett foto av dig och din far bredvid <a href=\"https:\/\/positiveprints.com\/product\/star-map\/\">stj\u00e4rnkartan<\/a> f\u00f6r att skapa en unik och personlig g\u00e5va.<\/p>\r\n\r\n<h2>Skapa k\u00e4rlek och minnen Dagen d\u00e5 du blev min pappa med foto<\/h2>\r\n\r\n<p>V\u00e5r online-skapare f\u00f6renklar processen att f\u00f6rvandla k\u00e4ra \u00f6gonblick till ett konstverk. V\u00e4lj din favoritstil, inkludera himmelska element som konstellationer och Vintergatan, och g\u00f6r den personlig med en speciell titel. Ange datum och plats f\u00f6r dagen d\u00e5 din pappa blev pappa, och se stj\u00e4rnkartan komma till liv i f\u00f6rhandsgranskningen online. Genom att l\u00e4gga till ditt och hans foto blir detta hj\u00e4rtev\u00e4rmande m\u00e4sterverk komplett.<\/p>\r\n\r\n<p>&#8220;The Day You Became My Daddy with Photo&#8221; \u00e4r en r\u00f6rande skildring av natthimlen den dag d\u00e5 din pappa omfamnade faderskapet. Det \u00e4r en detaljerad representation av de stj\u00e4rnor som prydde himlen under detta betydelsefulla \u00f6gonblick.<\/p>\r\n\r\n<h2>Att fira pappas k\u00e4rlek<\/h2>\r\n\r\n<p>Denna g\u00e5va \u00e4r mer \u00e4n bara en g\u00e5va. Det \u00e4r en hyllning till din pappas k\u00e4rlek och dagen d\u00e5 han blev din pappa. Perfekt till f\u00f6delsedagen, fars dag eller julen. Titeln, &#8220;Dagen d\u00e5 du blev min pappa&#8221;, sammanfattar v\u00e4rmen och k\u00e4nslan i ert speciella band.<\/p>\r\n\r\n<p>&#8220;The Day You Became My Daddy with Photo&#8221; \u00e4r en skatt av din k\u00e4rlek och de minnen du har delat med din far. Varje blick p\u00e5 denna kombination av stj\u00e4rnkarta och foto f\u00f6rflyttar dig tillbaka till den d\u00e4r dagen och v\u00e4cker en k\u00e4nsla av k\u00e4rlek, uppskattning och tacksamhet. G\u00f6r din <a href=\"https:\/\/positiveprints.com\/gifts-for-dad\/\">present till pappa<\/a> of\u00f6rgl\u00f6mlig med detta unika och personliga, personliga m\u00e4sterverk.<\/p>","protected":false},"excerpt":{"rendered":"<ul class=\"check-list\">\n<li>L\u00e4gg till konstellationer p\u00e5 din stj\u00e4rnkarta och v\u00e4lj ett foto<\/li>\n<li>Anpassa i 3 enkla steg<\/li>\n<li>Inkludera en meningsfull personlig text<\/li>\n<li>Se resultatet direkt \u2013 den interaktiva f\u00f6rhandsvisningen l\u00e5ter dig finjustera varje detalj<\/li>\n<\/ul>\n","protected":false},"featured_media":1255145,"template":"","meta":[],"product_brand":[],"product_cat":[9281,8831,7459,8109,8108,11466,7982],"product_tag":[10966,13689,8560,11765,9296],"class_list":{"0":"post-1080147","1":"product","2":"type-product","3":"status-publish","4":"has-post-thumbnail","6":"product_cat-bestsellers-label-sv","7":"product_cat-duo-stjarnor","8":"product_cat-alla-produkter","9":"product_cat-fars-dag-present","10":"product_cat-julpresenter","11":"product_cat-julklappar-till-pappa","12":"product_cat-gavor-till-pappa","13":"product_tag-fars-dag","14":"product_tag-fars-dags-present","15":"product_tag-father-sv","16":"product_tag-julklappar-till-pappa","17":"product_tag-varldens-basta-pappa","19":"first","20":"instock","21":"sale","22":"taxable","23":"shipping-taxable","24":"purchasable","25":"product-type-variable"},"yoast_head":"<!-- This site is optimized with the Yoast SEO Premium plugin v27.2 (Yoast SEO v27.2) - https:\/\/yoast.com\/product\/yoast-seo-premium-wordpress\/ -->\n<title>Dagen d\u00e5 du blev min pappa med foto - Positive Prints<\/title>\n<meta name=\"description\" content=\"The Day You Became My Daddy med foto \u00e4r en skatt av din k\u00e4rlek och de minnen du har delat med din far.\" \/>\n<meta name=\"robots\" content=\"index, follow, max-snippet:-1, max-image-preview:large, max-video-preview:-1\" \/>\n<link rel=\"canonical\" href=\"https:\/\/positiveprints.com\/sv\/produkt\/den-dagen-du-bekraftade-min-pappa-med-foto\/\" \/>\n<meta property=\"og:locale\" content=\"sv_SE\" \/>\n<meta property=\"og:type\" content=\"article\" \/>\n<meta property=\"og:title\" content=\"Dagen d\u00e5 du blev min pappa med foto\" \/>\n<meta property=\"og:description\" content=\"L\u00e4gg till konstellationer p\u00e5 din stj\u00e4rnkarta och v\u00e4lj ett foto Anpassa i 3 enkla steg Inkludera en meningsfull personlig text Se resultatet direkt \u2013 den interaktiva f\u00f6rhandsvisningen l\u00e5ter dig finjustera varje detalj\" \/>\n<meta property=\"og:url\" content=\"https:\/\/positiveprints.com\/sv\/produkt\/den-dagen-du-bekraftade-min-pappa-med-foto\/\" \/>\n<meta property=\"og:site_name\" content=\"Positive Prints\" \/>\n<meta property=\"article:publisher\" content=\"https:\/\/www.facebook.com\/positiveprintscom\" \/>\n<meta property=\"article:modified_time\" content=\"2026-04-03T02:02:33+00:00\" \/>\n<meta property=\"og:image\" content=\"https:\/\/positiveprints.com\/wp-content\/uploads\/2024\/11\/SE_PACKSHOT_The-Day-You-Became-My-Daddy-with-Photo-product-image-.webp\" \/>\n\t<meta property=\"og:image:width\" content=\"1450\" \/>\n\t<meta property=\"og:image:height\" content=\"1450\" \/>\n\t<meta property=\"og:image:type\" content=\"image\/webp\" \/>\n<meta name=\"twitter:card\" content=\"summary_large_image\" \/>\n<meta name=\"twitter:label1\" content=\"Ber\u00e4knad l\u00e4stid\" \/>\n\t<meta name=\"twitter:data1\" content=\"2 minut\" \/>\n<!-- \/ Yoast SEO Premium plugin. -->","yoast_head_json":{"title":"Dagen d\u00e5 du blev min pappa med foto - Positive Prints","description":"The Day You Became My Daddy med foto \u00e4r en skatt av din k\u00e4rlek och de minnen du har delat med din far.","robots":{"index":"index","follow":"follow","max-snippet":"max-snippet:-1","max-image-preview":"max-image-preview:large","max-video-preview":"max-video-preview:-1"},"canonical":"https:\/\/positiveprints.com\/sv\/produkt\/den-dagen-du-bekraftade-min-pappa-med-foto\/","og_locale":"sv_SE","og_type":"article","og_title":"Dagen d\u00e5 du blev min pappa med foto","og_description":"L\u00e4gg till konstellationer p\u00e5 din stj\u00e4rnkarta och v\u00e4lj ett foto Anpassa i 3 enkla steg Inkludera en meningsfull personlig text Se resultatet direkt \u2013 den interaktiva f\u00f6rhandsvisningen l\u00e5ter dig finjustera varje detalj","og_url":"https:\/\/positiveprints.com\/sv\/produkt\/den-dagen-du-bekraftade-min-pappa-med-foto\/","og_site_name":"Positive Prints","article_publisher":"https:\/\/www.facebook.com\/positiveprintscom","article_modified_time":"2026-04-03T02:02:33+00:00","og_image":[{"width":1450,"height":1450,"url":"https:\/\/positiveprints.com\/wp-content\/uploads\/2024\/11\/SE_PACKSHOT_The-Day-You-Became-My-Daddy-with-Photo-product-image-.webp","type":"image\/webp"}],"twitter_card":"summary_large_image","twitter_misc":{"Ber\u00e4knad l\u00e4stid":"2 minut"},"schema":{"@context":"https:\/\/schema.org","@graph":[{"@type":["WebPage","ItemPage"],"@id":"https:\/\/positiveprints.com\/sv\/produkt\/den-dagen-du-bekraftade-min-pappa-med-foto\/","url":"https:\/\/positiveprints.com\/sv\/produkt\/den-dagen-du-bekraftade-min-pappa-med-foto\/","name":"Dagen d\u00e5 du blev min pappa med foto - Positive Prints","isPartOf":{"@id":"https:\/\/positiveprints.com\/sv\/#website"},"primaryImageOfPage":{"@id":"https:\/\/positiveprints.com\/sv\/produkt\/den-dagen-du-bekraftade-min-pappa-med-foto\/#primaryimage"},"image":{"@id":"https:\/\/positiveprints.com\/sv\/produkt\/den-dagen-du-bekraftade-min-pappa-med-foto\/#primaryimage"},"thumbnailUrl":"https:\/\/positiveprints.com\/wp-content\/uploads\/2024\/11\/SE_PACKSHOT_The-Day-You-Became-My-Daddy-with-Photo-product-image-.webp","datePublished":"2023-10-25T09:40:22+00:00","dateModified":"2026-04-03T02:02:33+00:00","description":"The Day You Became My Daddy med foto \u00e4r en skatt av din k\u00e4rlek och de minnen du har delat med din far.","breadcrumb":{"@id":"https:\/\/positiveprints.com\/sv\/produkt\/den-dagen-du-bekraftade-min-pappa-med-foto\/#breadcrumb"},"inLanguage":"sv-SE","potentialAction":[{"@type":"ReadAction","target":["https:\/\/positiveprints.com\/sv\/produkt\/den-dagen-du-bekraftade-min-pappa-med-foto\/"]}]},{"@type":"ImageObject","inLanguage":"sv-SE","@id":"https:\/\/positiveprints.com\/sv\/produkt\/den-dagen-du-bekraftade-min-pappa-med-foto\/#primaryimage","url":"https:\/\/positiveprints.com\/wp-content\/uploads\/2024\/11\/SE_PACKSHOT_The-Day-You-Became-My-Daddy-with-Photo-product-image-.webp","contentUrl":"https:\/\/positiveprints.com\/wp-content\/uploads\/2024\/11\/SE_PACKSHOT_The-Day-You-Became-My-Daddy-with-Photo-product-image-.webp","width":1450,"height":1450},{"@type":"BreadcrumbList","@id":"https:\/\/positiveprints.com\/sv\/produkt\/den-dagen-du-bekraftade-min-pappa-med-foto\/#breadcrumb","itemListElement":[{"@type":"ListItem","position":1,"name":"Home","item":"https:\/\/positiveprints.com\/sv\/"},{"@type":"ListItem","position":2,"name":"Produkter","item":"https:\/\/positiveprints.com\/sv\/shop\/"},{"@type":"ListItem","position":3,"name":"Dagen d\u00e5 du blev min pappa med foto"}]},{"@type":"WebSite","@id":"https:\/\/positiveprints.com\/sv\/#website","url":"https:\/\/positiveprints.com\/sv\/","name":"Positive Prints","description":"Amazing Custom Personalized Gifts","publisher":{"@id":"https:\/\/positiveprints.com\/sv\/#organization"},"potentialAction":[{"@type":"SearchAction","target":{"@type":"EntryPoint","urlTemplate":"https:\/\/positiveprints.com\/sv\/?s={search_term_string}"},"query-input":{"@type":"PropertyValueSpecification","valueRequired":true,"valueName":"search_term_string"}}],"inLanguage":"sv-SE"},{"@type":"Organization","@id":"https:\/\/positiveprints.com\/sv\/#organization","name":"Positive Prints","alternateName":"Positive Prints","url":"https:\/\/positiveprints.com\/sv\/","logo":{"@type":"ImageObject","inLanguage":"sv-SE","@id":"https:\/\/positiveprints.com\/sv\/#\/schema\/logo\/image\/","url":"https:\/\/positiveprints.com\/wp-content\/uploads\/2026\/03\/245815646_1337939713319158_5671353136411139666_n.png","contentUrl":"https:\/\/positiveprints.com\/wp-content\/uploads\/2026\/03\/245815646_1337939713319158_5671353136411139666_n.png","width":800,"height":800,"caption":"Positive Prints"},"image":{"@id":"https:\/\/positiveprints.com\/sv\/#\/schema\/logo\/image\/"},"sameAs":["https:\/\/www.facebook.com\/positiveprintscom","https:\/\/www.instagram.com\/positiveprintscom\/","https:\/\/www.tiktok.com\/@positiveprintscom","https:\/\/www.pinterest.com\/positiveprintscom\/"]}]}},"jetpack_sharing_enabled":true,"_links":{"self":[{"href":"https:\/\/positiveprints.com\/sv\/wp-json\/wp\/v2\/product\/1080147","targetHints":{"allow":["GET"]}}],"collection":[{"href":"https:\/\/positiveprints.com\/sv\/wp-json\/wp\/v2\/product"}],"about":[{"href":"https:\/\/positiveprints.com\/sv\/wp-json\/wp\/v2\/types\/product"}],"wp:featuredmedia":[{"embeddable":true,"href":"https:\/\/positiveprints.com\/sv\/wp-json\/wp\/v2\/media\/1255145"}],"wp:attachment":[{"href":"https:\/\/positiveprints.com\/sv\/wp-json\/wp\/v2\/media?parent=1080147"}],"wp:term":[{"taxonomy":"product_brand","embeddable":true,"href":"https:\/\/positiveprints.com\/sv\/wp-json\/wp\/v2\/product_brand?post=1080147"},{"taxonomy":"product_cat","embeddable":true,"href":"https:\/\/positiveprints.com\/sv\/wp-json\/wp\/v2\/product_cat?post=1080147"},{"taxonomy":"product_tag","embeddable":true,"href":"https:\/\/positiveprints.com\/sv\/wp-json\/wp\/v2\/product_tag?post=1080147"}],"curies":[{"name":"wp","href":"https:\/\/api.w.org\/{rel}","templated":true}]}}