{"id":1080136,"date":"2023-10-25T10:15:15","date_gmt":"2023-10-25T09:15:15","guid":{"rendered":"https:\/\/positiveprints.com\/product\/dagen-da-du-blev-min-mamma-med-foto\/"},"modified":"2026-04-18T04:52:50","modified_gmt":"2026-04-18T03:52:50","slug":"den-dag-du-bekraftade-min-mamma-med-foto","status":"publish","type":"product","link":"https:\/\/positiveprints.com\/sv\/produkt\/den-dag-du-bekraftade-min-mamma-med-foto\/","title":{"rendered":"Dagen d\u00e5 du blev min mamma med foto"},"content":{"rendered":"<p>Ge bort k\u00e4rlek och minnen med &#8220;Dagen d\u00e5 du blev min mamma med foto&#8221;. Detta innerliga konstverk f\u00e5ngar stj\u00e4rnhimlen fr\u00e5n dagen d\u00e5 din mamma blev mamma. Oavsett om det \u00e4r hennes f\u00f6delsedag, <a href=\"https:\/\/positiveprints.com\/mothers-day-gifts\/\">mors dag<\/a> eller jul \u00e4r det det perfekta s\u00e4ttet att visa din k\u00e4rlek. Inkludera ett foto av dig och din mamma bredvid stj\u00e4rnkartan och se hur gl\u00e4djet\u00e5rarna rinner.<\/p>\r\n\r\n<h2>Skapa The Day You Became My Mommy med foto<\/h2>\r\n\r\n<p>V\u00e5r online-skapare g\u00f6r det enkelt att f\u00f6rvandla k\u00e4ra \u00f6gonblick till konst. V\u00e4lj din favoritstil, inkludera himmelska element som konstellationer och Vintergatan och g\u00f6r den personlig med en speciell titel. Ange datum och plats f\u00f6r dagen d\u00e5 din mamma blev mamma, och se stj\u00e4rnkartans magi i f\u00f6rhandsgranskningen online. Att l\u00e4gga till ditt och hennes foto full\u00e4ndar detta innerliga m\u00e4sterverk.<\/p>\r\n\r\n<p>&#8220;The Day You Became My Mommy with Photo&#8221; \u00e4r en r\u00f6rande skildring av natthimlen den dag d\u00e5 din mamma omfamnade moderskapet. Det \u00e4r en detaljerad representation av de stj\u00e4rnor som prydde himlen under detta betydelsefulla \u00f6gonblick.<\/p>\r\n\r\n<h2>Att fira mammas k\u00e4rlek<\/h2>\r\n\r\n<p>Denna g\u00e5va \u00e4r mer \u00e4n bara en present. Det \u00e4r en hyllning till din mammas k\u00e4rlek och det \u00f6gonblick d\u00e5 hon blev din mamma. Perfekt till f\u00f6delsedagen, mors dag eller julen. Titeln, &#8220;The Day You Became My Mommy&#8221;, sammanfattar v\u00e4rmen och k\u00e4nslan i detta speciella band.<\/p>\r\n\r\n<p>&#8220;The Day You Became My Mommy with Photo&#8221; \u00e4r en skatt av er k\u00e4rlek och de minnen ni har skapat tillsammans. Varje blick p\u00e5 denna kombination av stj\u00e4rnkarta och foto f\u00f6rflyttar dig tillbaka till den d\u00e4r dagen och v\u00e4cker t\u00e5rar av gl\u00e4dje, k\u00e4rlek och uppskattning. G\u00f6r din <a href=\"https:\/\/positiveprints.com\/gifts-for-mom\/\">present till mamma<\/a> of\u00f6rgl\u00f6mlig med detta hj\u00e4rtev\u00e4rmande, personliga m\u00e4sterverk.<\/p>","protected":false},"excerpt":{"rendered":"<ul class=\"check-list\">\n<li>L\u00e4gg till konstellationer p\u00e5 din stj\u00e4rnkarta och v\u00e4lj ett foto<\/li>\n<li>Anpassa i 3 enkla steg<\/li>\n<li>Inkludera en meningsfull personlig text<\/li>\n<li>Se resultatet direkt \u2013 den interaktiva f\u00f6rhandsvisningen l\u00e5ter dig finjustera varje detalj<\/li>\n<\/ul>\n","protected":false},"featured_media":1255683,"template":"","meta":[],"product_brand":[],"product_cat":[8831,7459,8113,8108,11474,7710],"product_tag":[11833,11030,10961,11031,11032,8409,11033,11029],"class_list":{"0":"post-1080136","1":"product","2":"type-product","3":"status-publish","4":"has-post-thumbnail","6":"product_cat-duo-stjarnor","7":"product_cat-alla-produkter","8":"product_cat-mors-dag-presenter","9":"product_cat-julpresenter","10":"product_cat-julklappar-till-mamma","11":"product_cat-gavor-till-mamma","12":"product_tag-julklappar-till-mamma","13":"product_tag-mam-sv","14":"product_tag-mamma","15":"product_tag-mamma-sv","16":"product_tag-mammor","17":"product_tag-mother-sv","18":"product_tag-mumie-sv","19":"product_tag-mumie","21":"first","22":"instock","23":"sale","24":"taxable","25":"shipping-taxable","26":"purchasable","27":"product-type-variable"},"yoast_head":"<!-- This site is optimized with the Yoast SEO Premium plugin v27.2 (Yoast SEO v27.2) - https:\/\/yoast.com\/product\/yoast-seo-premium-wordpress\/ -->\n<title>Dagen d\u00e5 du blev min mamma med foto - Positive Prints<\/title>\n<meta name=\"description\" content=\"Ge bort en k\u00e4rleksg\u00e5va med The Day You Became My Mommy med foto. Detta innerliga konstverk f\u00e5ngar stj\u00e4rnhimlen fr\u00e5n dagen d\u00e5 din mamma blev mamma.\" \/>\n<meta name=\"robots\" content=\"index, follow, max-snippet:-1, max-image-preview:large, max-video-preview:-1\" \/>\n<link rel=\"canonical\" href=\"https:\/\/positiveprints.com\/sv\/produkt\/den-dag-du-bekraftade-min-mamma-med-foto\/\" \/>\n<meta property=\"og:locale\" content=\"sv_SE\" \/>\n<meta property=\"og:type\" content=\"article\" \/>\n<meta property=\"og:title\" content=\"Dagen d\u00e5 du blev min mamma med foto\" \/>\n<meta property=\"og:description\" content=\"L\u00e4gg till konstellationer p\u00e5 din stj\u00e4rnkarta och v\u00e4lj ett foto Anpassa i 3 enkla steg Inkludera en meningsfull personlig text Se resultatet direkt \u2013 den interaktiva f\u00f6rhandsvisningen l\u00e5ter dig finjustera varje detalj\" \/>\n<meta property=\"og:url\" content=\"https:\/\/positiveprints.com\/sv\/produkt\/den-dag-du-bekraftade-min-mamma-med-foto\/\" \/>\n<meta property=\"og:site_name\" content=\"Positive Prints\" \/>\n<meta property=\"article:publisher\" content=\"https:\/\/www.facebook.com\/positiveprintscom\" \/>\n<meta property=\"article:modified_time\" content=\"2026-04-18T03:52:50+00:00\" \/>\n<meta property=\"og:image\" content=\"https:\/\/positiveprints.com\/wp-content\/uploads\/2024\/11\/SE_PACKSHOT_The-Day-You-Became-My-Mommy-with-Photo-product-image-.webp\" \/>\n\t<meta property=\"og:image:width\" content=\"1450\" \/>\n\t<meta property=\"og:image:height\" content=\"1450\" \/>\n\t<meta property=\"og:image:type\" content=\"image\/webp\" \/>\n<meta name=\"twitter:card\" content=\"summary_large_image\" \/>\n<meta name=\"twitter:label1\" content=\"Ber\u00e4knad l\u00e4stid\" \/>\n\t<meta name=\"twitter:data1\" content=\"2 minut\" \/>\n<!-- \/ Yoast SEO Premium plugin. -->","yoast_head_json":{"title":"Dagen d\u00e5 du blev min mamma med foto - Positive Prints","description":"Ge bort en k\u00e4rleksg\u00e5va med The Day You Became My Mommy med foto. Detta innerliga konstverk f\u00e5ngar stj\u00e4rnhimlen fr\u00e5n dagen d\u00e5 din mamma blev mamma.","robots":{"index":"index","follow":"follow","max-snippet":"max-snippet:-1","max-image-preview":"max-image-preview:large","max-video-preview":"max-video-preview:-1"},"canonical":"https:\/\/positiveprints.com\/sv\/produkt\/den-dag-du-bekraftade-min-mamma-med-foto\/","og_locale":"sv_SE","og_type":"article","og_title":"Dagen d\u00e5 du blev min mamma med foto","og_description":"L\u00e4gg till konstellationer p\u00e5 din stj\u00e4rnkarta och v\u00e4lj ett foto Anpassa i 3 enkla steg Inkludera en meningsfull personlig text Se resultatet direkt \u2013 den interaktiva f\u00f6rhandsvisningen l\u00e5ter dig finjustera varje detalj","og_url":"https:\/\/positiveprints.com\/sv\/produkt\/den-dag-du-bekraftade-min-mamma-med-foto\/","og_site_name":"Positive Prints","article_publisher":"https:\/\/www.facebook.com\/positiveprintscom","article_modified_time":"2026-04-18T03:52:50+00:00","og_image":[{"width":1450,"height":1450,"url":"https:\/\/positiveprints.com\/wp-content\/uploads\/2024\/11\/SE_PACKSHOT_The-Day-You-Became-My-Mommy-with-Photo-product-image-.webp","type":"image\/webp"}],"twitter_card":"summary_large_image","twitter_misc":{"Ber\u00e4knad l\u00e4stid":"2 minut"},"schema":{"@context":"https:\/\/schema.org","@graph":[{"@type":["WebPage","ItemPage"],"@id":"https:\/\/positiveprints.com\/sv\/produkt\/den-dag-du-bekraftade-min-mamma-med-foto\/","url":"https:\/\/positiveprints.com\/sv\/produkt\/den-dag-du-bekraftade-min-mamma-med-foto\/","name":"Dagen d\u00e5 du blev min mamma med foto - Positive Prints","isPartOf":{"@id":"https:\/\/positiveprints.com\/sv\/#website"},"primaryImageOfPage":{"@id":"https:\/\/positiveprints.com\/sv\/produkt\/den-dag-du-bekraftade-min-mamma-med-foto\/#primaryimage"},"image":{"@id":"https:\/\/positiveprints.com\/sv\/produkt\/den-dag-du-bekraftade-min-mamma-med-foto\/#primaryimage"},"thumbnailUrl":"https:\/\/positiveprints.com\/wp-content\/uploads\/2024\/11\/SE_PACKSHOT_The-Day-You-Became-My-Mommy-with-Photo-product-image-.webp","datePublished":"2023-10-25T09:15:15+00:00","dateModified":"2026-04-18T03:52:50+00:00","description":"Ge bort en k\u00e4rleksg\u00e5va med The Day You Became My Mommy med foto. Detta innerliga konstverk f\u00e5ngar stj\u00e4rnhimlen fr\u00e5n dagen d\u00e5 din mamma blev mamma.","breadcrumb":{"@id":"https:\/\/positiveprints.com\/sv\/produkt\/den-dag-du-bekraftade-min-mamma-med-foto\/#breadcrumb"},"inLanguage":"sv-SE","potentialAction":[{"@type":"ReadAction","target":["https:\/\/positiveprints.com\/sv\/produkt\/den-dag-du-bekraftade-min-mamma-med-foto\/"]}]},{"@type":"ImageObject","inLanguage":"sv-SE","@id":"https:\/\/positiveprints.com\/sv\/produkt\/den-dag-du-bekraftade-min-mamma-med-foto\/#primaryimage","url":"https:\/\/positiveprints.com\/wp-content\/uploads\/2024\/11\/SE_PACKSHOT_The-Day-You-Became-My-Mommy-with-Photo-product-image-.webp","contentUrl":"https:\/\/positiveprints.com\/wp-content\/uploads\/2024\/11\/SE_PACKSHOT_The-Day-You-Became-My-Mommy-with-Photo-product-image-.webp","width":1450,"height":1450},{"@type":"BreadcrumbList","@id":"https:\/\/positiveprints.com\/sv\/produkt\/den-dag-du-bekraftade-min-mamma-med-foto\/#breadcrumb","itemListElement":[{"@type":"ListItem","position":1,"name":"Home","item":"https:\/\/positiveprints.com\/sv\/"},{"@type":"ListItem","position":2,"name":"Produkter","item":"https:\/\/positiveprints.com\/sv\/shop\/"},{"@type":"ListItem","position":3,"name":"Dagen d\u00e5 du blev min mamma med foto"}]},{"@type":"WebSite","@id":"https:\/\/positiveprints.com\/sv\/#website","url":"https:\/\/positiveprints.com\/sv\/","name":"Positive Prints","description":"Amazing Custom Personalized Gifts","publisher":{"@id":"https:\/\/positiveprints.com\/sv\/#organization"},"potentialAction":[{"@type":"SearchAction","target":{"@type":"EntryPoint","urlTemplate":"https:\/\/positiveprints.com\/sv\/?s={search_term_string}"},"query-input":{"@type":"PropertyValueSpecification","valueRequired":true,"valueName":"search_term_string"}}],"inLanguage":"sv-SE"},{"@type":"Organization","@id":"https:\/\/positiveprints.com\/sv\/#organization","name":"Positive Prints","alternateName":"Positive Prints","url":"https:\/\/positiveprints.com\/sv\/","logo":{"@type":"ImageObject","inLanguage":"sv-SE","@id":"https:\/\/positiveprints.com\/sv\/#\/schema\/logo\/image\/","url":"https:\/\/positiveprints.com\/wp-content\/uploads\/2026\/03\/245815646_1337939713319158_5671353136411139666_n.png","contentUrl":"https:\/\/positiveprints.com\/wp-content\/uploads\/2026\/03\/245815646_1337939713319158_5671353136411139666_n.png","width":800,"height":800,"caption":"Positive Prints"},"image":{"@id":"https:\/\/positiveprints.com\/sv\/#\/schema\/logo\/image\/"},"sameAs":["https:\/\/www.facebook.com\/positiveprintscom","https:\/\/www.instagram.com\/positiveprintscom\/","https:\/\/www.tiktok.com\/@positiveprintscom","https:\/\/www.pinterest.com\/positiveprintscom\/"]}]}},"jetpack_sharing_enabled":true,"_links":{"self":[{"href":"https:\/\/positiveprints.com\/sv\/wp-json\/wp\/v2\/product\/1080136","targetHints":{"allow":["GET"]}}],"collection":[{"href":"https:\/\/positiveprints.com\/sv\/wp-json\/wp\/v2\/product"}],"about":[{"href":"https:\/\/positiveprints.com\/sv\/wp-json\/wp\/v2\/types\/product"}],"wp:featuredmedia":[{"embeddable":true,"href":"https:\/\/positiveprints.com\/sv\/wp-json\/wp\/v2\/media\/1255683"}],"wp:attachment":[{"href":"https:\/\/positiveprints.com\/sv\/wp-json\/wp\/v2\/media?parent=1080136"}],"wp:term":[{"taxonomy":"product_brand","embeddable":true,"href":"https:\/\/positiveprints.com\/sv\/wp-json\/wp\/v2\/product_brand?post=1080136"},{"taxonomy":"product_cat","embeddable":true,"href":"https:\/\/positiveprints.com\/sv\/wp-json\/wp\/v2\/product_cat?post=1080136"},{"taxonomy":"product_tag","embeddable":true,"href":"https:\/\/positiveprints.com\/sv\/wp-json\/wp\/v2\/product_tag?post=1080136"}],"curies":[{"name":"wp","href":"https:\/\/api.w.org\/{rel}","templated":true}]}}