{"id":1080125,"date":"2023-10-25T09:23:42","date_gmt":"2023-10-25T08:23:42","guid":{"rendered":"https:\/\/positiveprints.com\/product\/stjarnkarta-med-foto-vid-jubileumsdagen\/"},"modified":"2026-04-28T14:05:41","modified_gmt":"2026-04-28T13:05:41","slug":"jubileumsstjarna-karta-med-foto","status":"publish","type":"product","link":"https:\/\/positiveprints.com\/sv\/produkt\/jubileumsstjarna-karta-med-foto\/","title":{"rendered":"Stj\u00e4rnkarta med foto vid jubileumsdagen"},"content":{"rendered":"<p>Fira din k\u00e4rlekshistoria med &#8220;Anniversary Star Map with Photo&#8221;. Oavsett om det \u00e4r er br\u00f6llopsdag eller dagen d\u00e5 ni officiellt blev ett par \u00e4r denna g\u00e5va en tidl\u00f6s symbol f\u00f6r er resa. Minns den viktiga dagen med en <a href=\"https:\/\/positiveprints.com\/product\/star-map\/\">stj\u00e4rnkarta<\/a> och ett k\u00e4rt foto av er b\u00e5da. Det \u00e4r den perfekta <a href=\"https:\/\/positiveprints.com\/anniversary-gifts\/\">g\u00e5van p\u00e5 \u00e5rsdagen<\/a> f\u00f6r att hedra din k\u00e4rlek.<\/p>\r\n\r\n<h2>Skapa minnen med Anniversary Stj\u00e4rnkarta med foto<\/h2>\r\n\r\n<p>Med v\u00e5r online-skapare kan du f\u00f6rvandla dina b\u00e4sta \u00f6gonblick till ett vackert konstverk. V\u00e4lj din favoritstil, inkludera himmelska element som konstellationer och Vintergatan, och g\u00f6r den personlig med en speciell titel. Ange datum och plats f\u00f6r din viktiga dag och se stj\u00e4rnkartan komma till liv i f\u00f6rhandsgranskningen online. L\u00e4gg till ditt foto och ditt personliga m\u00e4sterverk \u00e4r f\u00e4rdigt.<\/p>\r\n\r\n<p>&#8220;Anniversary Star Map med foto&#8221; \u00e4r en fantastisk avbildning av natthimlen den dag d\u00e5 ni blev ett par eller utv\u00e4xlade era \u00e4ktenskapsl\u00f6ften. Det \u00e4r en detaljerad karta \u00f6ver de stj\u00e4rnor som prydde himlen under ditt minnesv\u00e4rda \u00f6gonblick.<\/p>\r\n\r\n<h2>Den perfekta presenten till \u00e5rsdagen och ett best\u00e5ende minne<\/h2>\r\n\r\n<p>Denna uts\u00f6kta g\u00e5va \u00e4r utformad f\u00f6r att fira er resa tillsammans. Det \u00e4r inte bara f\u00f6r br\u00f6llopsdagar utan \u00e4ven f\u00f6r den dag d\u00e5 ni officiellt blev ett par. Den personliga titeln ger en touch av nostalgi och v\u00e4rme till ditt jubileumsfirande.<\/p>\r\n\r\n<p>&#8220;Anniversary Star Map with Photo&#8221; \u00e4r mer \u00e4n en g\u00e5va. Det \u00e4r ett minne av er k\u00e4rlekshistoria. Det \u00e4r ett bevis p\u00e5 de minnen och \u00f6gonblick som har f\u00f6rt er n\u00e4rmare varandra. Varje g\u00e5ng du tittar p\u00e5 denna kombination av stj\u00e4rnkarta och foto, f\u00f6rflyttar den dig tillbaka till denna betydelsefulla dag och \u00e5teruppv\u00e4cker de k\u00e4nslor och den k\u00e4rlek du k\u00e4nde. G\u00f6r din \u00e5rsdag of\u00f6rgl\u00f6mlig med detta personliga m\u00e4sterverk.<\/p>","protected":false},"excerpt":{"rendered":"<ul class=\"check-list\">\n<li>Fira din \u00e5rsdag med en stj\u00e4rnkarta och ditt foto<\/li>\n<li>L\u00e4gg till konstellationer p\u00e5 din stj\u00e4rnkarta och v\u00e4lj ett foto<\/li>\n<li>Anpassa i 3 enkla steg<\/li>\n<li>Inkludera en meningsfull personlig text<\/li>\n<li>Se resultatet direkt \u2013 den interaktiva f\u00f6rhandsvisningen l\u00e5ter dig finjustera varje detalj<\/li>\n<\/ul>\n","protected":false},"featured_media":1254045,"template":"","meta":[],"product_brand":[],"product_cat":[8831,7459,8114,11192,11190,11191],"product_tag":[14998,8377],"class_list":{"0":"post-1080125","1":"product","2":"type-product","3":"status-publish","4":"has-post-thumbnail","6":"product_cat-duo-stjarnor","7":"product_cat-alla-produkter","8":"product_cat-jubileumspresent-presenttillfallen","9":"product_cat-arsdagspresenter-till-par","10":"product_cat-arsdagspresenter-till-henne","11":"product_cat-arsdagspresenter-till-honom","12":"product_tag-anniversary-sv","13":"product_tag-jubileum-sv","15":"first","16":"instock","17":"sale","18":"taxable","19":"shipping-taxable","20":"purchasable","21":"product-type-variable"},"yoast_head":"<!-- This site is optimized with the Yoast SEO Premium plugin v27.2 (Yoast SEO v27.2) - https:\/\/yoast.com\/product\/yoast-seo-premium-wordpress\/ -->\n<title>Stj\u00e4rnkarta med foto f\u00f6r jubileumsdagen - Positive Prints<\/title>\n<meta name=\"description\" content=\"Fira din k\u00e4rlekshistoria med Anniversary Star Map med foto. G\u00f6r din \u00e5rsdag of\u00f6rgl\u00f6mlig med detta personliga m\u00e4sterverk.\" \/>\n<meta name=\"robots\" content=\"index, follow, max-snippet:-1, max-image-preview:large, max-video-preview:-1\" \/>\n<link rel=\"canonical\" href=\"https:\/\/positiveprints.com\/sv\/produkt\/jubileumsstjarna-karta-med-foto\/\" \/>\n<meta property=\"og:locale\" content=\"sv_SE\" \/>\n<meta property=\"og:type\" content=\"article\" \/>\n<meta property=\"og:title\" content=\"Stj\u00e4rnkarta med foto vid jubileumsdagen\" \/>\n<meta property=\"og:description\" content=\"Fira din \u00e5rsdag med en stj\u00e4rnkarta och ditt foto L\u00e4gg till konstellationer p\u00e5 din stj\u00e4rnkarta och v\u00e4lj ett foto Anpassa i 3 enkla steg Inkludera en meningsfull personlig text Se resultatet direkt \u2013 den interaktiva f\u00f6rhandsvisningen l\u00e5ter dig finjustera varje detalj\" \/>\n<meta property=\"og:url\" content=\"https:\/\/positiveprints.com\/sv\/produkt\/jubileumsstjarna-karta-med-foto\/\" \/>\n<meta property=\"og:site_name\" content=\"Positive Prints\" \/>\n<meta property=\"article:publisher\" content=\"https:\/\/www.facebook.com\/positiveprintscom\" \/>\n<meta property=\"article:modified_time\" content=\"2026-04-28T13:05:41+00:00\" \/>\n<meta property=\"og:image\" content=\"https:\/\/positiveprints.com\/wp-content\/uploads\/2024\/11\/SE_PACKSHOT_Anniversary-Star-Map-with-Photo-product-image-.webp\" \/>\n\t<meta property=\"og:image:width\" content=\"1450\" \/>\n\t<meta property=\"og:image:height\" content=\"1450\" \/>\n\t<meta property=\"og:image:type\" content=\"image\/webp\" \/>\n<meta name=\"twitter:card\" content=\"summary_large_image\" \/>\n<!-- \/ Yoast SEO Premium plugin. -->","yoast_head_json":{"title":"Stj\u00e4rnkarta med foto f\u00f6r jubileumsdagen - Positive Prints","description":"Fira din k\u00e4rlekshistoria med Anniversary Star Map med foto. G\u00f6r din \u00e5rsdag of\u00f6rgl\u00f6mlig med detta personliga m\u00e4sterverk.","robots":{"index":"index","follow":"follow","max-snippet":"max-snippet:-1","max-image-preview":"max-image-preview:large","max-video-preview":"max-video-preview:-1"},"canonical":"https:\/\/positiveprints.com\/sv\/produkt\/jubileumsstjarna-karta-med-foto\/","og_locale":"sv_SE","og_type":"article","og_title":"Stj\u00e4rnkarta med foto vid jubileumsdagen","og_description":"Fira din \u00e5rsdag med en stj\u00e4rnkarta och ditt foto L\u00e4gg till konstellationer p\u00e5 din stj\u00e4rnkarta och v\u00e4lj ett foto Anpassa i 3 enkla steg Inkludera en meningsfull personlig text Se resultatet direkt \u2013 den interaktiva f\u00f6rhandsvisningen l\u00e5ter dig finjustera varje detalj","og_url":"https:\/\/positiveprints.com\/sv\/produkt\/jubileumsstjarna-karta-med-foto\/","og_site_name":"Positive Prints","article_publisher":"https:\/\/www.facebook.com\/positiveprintscom","article_modified_time":"2026-04-28T13:05:41+00:00","og_image":[{"width":1450,"height":1450,"url":"https:\/\/positiveprints.com\/wp-content\/uploads\/2024\/11\/SE_PACKSHOT_Anniversary-Star-Map-with-Photo-product-image-.webp","type":"image\/webp"}],"twitter_card":"summary_large_image","schema":{"@context":"https:\/\/schema.org","@graph":[{"@type":["WebPage","ItemPage"],"@id":"https:\/\/positiveprints.com\/sv\/produkt\/jubileumsstjarna-karta-med-foto\/","url":"https:\/\/positiveprints.com\/sv\/produkt\/jubileumsstjarna-karta-med-foto\/","name":"Stj\u00e4rnkarta med foto f\u00f6r jubileumsdagen - Positive Prints","isPartOf":{"@id":"https:\/\/positiveprints.com\/sv\/#website"},"primaryImageOfPage":{"@id":"https:\/\/positiveprints.com\/sv\/produkt\/jubileumsstjarna-karta-med-foto\/#primaryimage"},"image":{"@id":"https:\/\/positiveprints.com\/sv\/produkt\/jubileumsstjarna-karta-med-foto\/#primaryimage"},"thumbnailUrl":"https:\/\/positiveprints.com\/wp-content\/uploads\/2024\/11\/SE_PACKSHOT_Anniversary-Star-Map-with-Photo-product-image-.webp","datePublished":"2023-10-25T08:23:42+00:00","dateModified":"2026-04-28T13:05:41+00:00","description":"Fira din k\u00e4rlekshistoria med Anniversary Star Map med foto. G\u00f6r din \u00e5rsdag of\u00f6rgl\u00f6mlig med detta personliga m\u00e4sterverk.","breadcrumb":{"@id":"https:\/\/positiveprints.com\/sv\/produkt\/jubileumsstjarna-karta-med-foto\/#breadcrumb"},"inLanguage":"sv-SE","potentialAction":[{"@type":"ReadAction","target":["https:\/\/positiveprints.com\/sv\/produkt\/jubileumsstjarna-karta-med-foto\/"]}]},{"@type":"ImageObject","inLanguage":"sv-SE","@id":"https:\/\/positiveprints.com\/sv\/produkt\/jubileumsstjarna-karta-med-foto\/#primaryimage","url":"https:\/\/positiveprints.com\/wp-content\/uploads\/2024\/11\/SE_PACKSHOT_Anniversary-Star-Map-with-Photo-product-image-.webp","contentUrl":"https:\/\/positiveprints.com\/wp-content\/uploads\/2024\/11\/SE_PACKSHOT_Anniversary-Star-Map-with-Photo-product-image-.webp","width":1450,"height":1450},{"@type":"BreadcrumbList","@id":"https:\/\/positiveprints.com\/sv\/produkt\/jubileumsstjarna-karta-med-foto\/#breadcrumb","itemListElement":[{"@type":"ListItem","position":1,"name":"Home","item":"https:\/\/positiveprints.com\/sv\/"},{"@type":"ListItem","position":2,"name":"Produkter","item":"https:\/\/positiveprints.com\/sv\/shop\/"},{"@type":"ListItem","position":3,"name":"Stj\u00e4rnkarta med foto vid jubileumsdagen"}]},{"@type":"WebSite","@id":"https:\/\/positiveprints.com\/sv\/#website","url":"https:\/\/positiveprints.com\/sv\/","name":"Positive Prints","description":"Amazing Custom Personalized Gifts","publisher":{"@id":"https:\/\/positiveprints.com\/sv\/#organization"},"potentialAction":[{"@type":"SearchAction","target":{"@type":"EntryPoint","urlTemplate":"https:\/\/positiveprints.com\/sv\/?s={search_term_string}"},"query-input":{"@type":"PropertyValueSpecification","valueRequired":true,"valueName":"search_term_string"}}],"inLanguage":"sv-SE"},{"@type":"Organization","@id":"https:\/\/positiveprints.com\/sv\/#organization","name":"Positive Prints","alternateName":"Positive Prints","url":"https:\/\/positiveprints.com\/sv\/","logo":{"@type":"ImageObject","inLanguage":"sv-SE","@id":"https:\/\/positiveprints.com\/sv\/#\/schema\/logo\/image\/","url":"https:\/\/positiveprints.com\/wp-content\/uploads\/2026\/03\/245815646_1337939713319158_5671353136411139666_n.png","contentUrl":"https:\/\/positiveprints.com\/wp-content\/uploads\/2026\/03\/245815646_1337939713319158_5671353136411139666_n.png","width":800,"height":800,"caption":"Positive Prints"},"image":{"@id":"https:\/\/positiveprints.com\/sv\/#\/schema\/logo\/image\/"},"sameAs":["https:\/\/www.facebook.com\/positiveprintscom","https:\/\/www.instagram.com\/positiveprintscom\/","https:\/\/www.tiktok.com\/@positiveprintscom","https:\/\/www.pinterest.com\/positiveprintscom\/"]}]}},"jetpack_sharing_enabled":true,"_links":{"self":[{"href":"https:\/\/positiveprints.com\/sv\/wp-json\/wp\/v2\/product\/1080125","targetHints":{"allow":["GET"]}}],"collection":[{"href":"https:\/\/positiveprints.com\/sv\/wp-json\/wp\/v2\/product"}],"about":[{"href":"https:\/\/positiveprints.com\/sv\/wp-json\/wp\/v2\/types\/product"}],"wp:featuredmedia":[{"embeddable":true,"href":"https:\/\/positiveprints.com\/sv\/wp-json\/wp\/v2\/media\/1254045"}],"wp:attachment":[{"href":"https:\/\/positiveprints.com\/sv\/wp-json\/wp\/v2\/media?parent=1080125"}],"wp:term":[{"taxonomy":"product_brand","embeddable":true,"href":"https:\/\/positiveprints.com\/sv\/wp-json\/wp\/v2\/product_brand?post=1080125"},{"taxonomy":"product_cat","embeddable":true,"href":"https:\/\/positiveprints.com\/sv\/wp-json\/wp\/v2\/product_cat?post=1080125"},{"taxonomy":"product_tag","embeddable":true,"href":"https:\/\/positiveprints.com\/sv\/wp-json\/wp\/v2\/product_tag?post=1080125"}],"curies":[{"name":"wp","href":"https:\/\/api.w.org\/{rel}","templated":true}]}}