{"id":1080119,"date":"2023-11-23T08:49:28","date_gmt":"2023-11-23T07:49:28","guid":{"rendered":"https:\/\/positiveprints.com\/product\/familj-line-art\/"},"modified":"2026-04-12T21:25:48","modified_gmt":"2026-04-12T20:25:48","slug":"familj-linje-konst","status":"publish","type":"product","link":"https:\/\/positiveprints.com\/sv\/produkt\/familj-linje-konst\/","title":{"rendered":"Familj Line Art"},"content":{"rendered":"<p>Fira v\u00e4rmen och sammanh\u00e5llningen i din familj med v\u00e5r hj\u00e4rtv\u00e4rmande Family Line Art. F\u00f6rvandla ett v\u00e4rdefullt familjefoto till ett tidl\u00f6st personligt konstverk som f\u00e5ngar essensen av samh\u00f6righet. V\u00e5ra skickliga konstn\u00e4rer tecknar varje detalj f\u00f6r hand och skapar en unik representation som speglar k\u00e4rleken och samh\u00f6righeten inom din familj. V\u00e4lj stil och f\u00e4rger, ladda upp ditt speciella familjefoto och l\u00e4gg till en personlig touch med ett hj\u00e4rtligt meddelande. Skapa en meningsfull minnessak som symboliserar de band och gemensamma stunder som g\u00f6r din familj unik.<\/p>\n\n<h2>En enkel process i tre steg:<\/h2>\n\n<ol>\n<li><strong>V\u00e4lj stil och f\u00e4rger:<\/strong>\n<p>V\u00e4lj den stil och de f\u00e4rger som f\u00f6rmedlar v\u00e4rmen och sammanh\u00e5llningen i din familj.<\/p><\/li>\n\n<li><strong>Ladda upp ditt speciella familjefoto:<\/strong>\n<p>Dela med dig av ett foto som visar magin i ert familjeband. V\u00e5ra konstn\u00e4rer tecknar noggrant f\u00f6r hand och ser till att konstverket speglar k\u00e4rleken och samh\u00f6righeten inom din familj.<\/p><\/li>\n\n<li><strong>L\u00e4gg till ett personligt meddelande och avsluta:<\/strong>\n<p>F\u00f6rst\u00e4rk din Family Line Art med ett innerligt meddelande. Efter betalning kommer v\u00e5rt Positive Prints supportteam att kontakta dig f\u00f6r att bekr\u00e4fta din best\u00e4llning. N\u00e4r illustrationerna \u00e4r klara f\u00e5r du ett e-postmeddelande d\u00e4r du kan granska och godk\u00e4nna den slutliga designen. Din tillfredsst\u00e4llelse \u00e4r viktig, s\u00e5 du f\u00e5r g\u00e4rna beg\u00e4ra \u00e4ndringar upp till tv\u00e5 g\u00e5nger. Efter ditt slutliga godk\u00e4nnande skickas konstverket f\u00f6r utskrift och leverans, vilket skapar en varaktig hyllning till ditt unika familjeband.<\/p><\/li>\n\n<\/ol>\n\n<h2>Familjen Line Art: En hyllning till k\u00e4rlek och enighet<\/h2>\n\n<p>Family Line Art \u00e4r inte bara en <a href=\"https:\/\/positiveprints.com\/gifts-for-family\/\">present till familjen<\/a>&#8211; det \u00e4r en hyllning till k\u00e4rlek, samh\u00f6righet och gemensamma stunder. Det \u00e4r ett unikt s\u00e4tt att uttrycka familjeband och skapa ett best\u00e5ende minne. Best\u00e4ll din Family Line Art nu och fira den speciella koppling ni delar med ett personligt m\u00e4sterverk som f\u00e5ngar essensen av din familj.<\/p>","protected":false},"excerpt":{"rendered":"<ul class=\"check-list\">\n<li>L\u00e5t v\u00e5ra konstn\u00e4rer f\u00f6rvandla ett v\u00e4rdefullt familjefoto till ett tidl\u00f6st personligt konstverk<\/li>\n<li>Ritad och skickad f\u00f6r godk\u00e4nnande inom 2-3 arbetsdagar<\/li>\n<li>Anpassa i 3 enkla steg<\/li>\n<li>V\u00e4lj en mall eller var kreativ<\/li>\n<li>2 revisioner tillg\u00e4ngliga p\u00e5 beg\u00e4ran<\/li>\n<\/ul>\n","protected":false},"featured_media":1359323,"template":"","meta":[],"product_brand":[],"product_cat":[7459,9281,8117,11221,11222,7694,8014,8108,9184,8115,11473,11464,7630,7774,7743,15061,7854,11475,7822,7662,11476],"product_tag":[16082,16081,8542,13430,13460,13470],"class_list":{"0":"post-1080119","1":"product","2":"type-product","3":"status-publish","4":"has-post-thumbnail","6":"product_cat-alla-produkter","7":"product_cat-bestsellers-label-sv","8":"product_cat-fodelsedagspresenter-presenttillfallen","9":"product_cat-fodelsedagspresenter-till-henne","10":"product_cat-fodelsedagspresenter-till-honom","11":"product_cat-gavor-for-kvinnor","12":"product_cat-gavor-for-man","13":"product_cat-julpresenter","14":"product_cat-line-art-sv","15":"product_cat-gavor-till-nyfodda-barn-presenttillfallen","16":"product_cat-julklappar-till-barnen","17":"product_cat-julklappar-till-brodern","18":"product_cat-gavor-till-din-bror","19":"product_cat-gavor-till-dottern","20":"product_cat-gavor-till-en-syster","21":"product_cat-julklappar-till-familjen","22":"product_cat-gavor-till-familjen","23":"product_cat-julklappar-till-foraldrarna","24":"product_cat-gavor-till-nya-foraldrar","25":"product_cat-gavor-till-sonen","26":"product_cat-julklappar-till-systern","27":"product_tag-cadeaux-de-noel-pour-la-famille-sv","28":"product_tag-family-fr-sv","29":"product_tag-family-sv","30":"product_tag-julklapp-till-syster","31":"product_tag-julklappar-till-bror","32":"product_tag-julklappar-till-familjen","34":"first","35":"instock","36":"sale","37":"taxable","38":"shipping-taxable","39":"purchasable","40":"product-type-variable"},"yoast_head":"<!-- This site is optimized with the Yoast SEO Premium plugin v27.2 (Yoast SEO v27.2) - https:\/\/yoast.com\/product\/yoast-seo-premium-wordpress\/ -->\n<title>Familj Line Art - Positiva tryck<\/title>\n<meta name=\"description\" content=\"Best\u00e4ll din Family Line Art nu och fira den speciella koppling ni delar med ett personligt m\u00e4sterverk som f\u00e5ngar essensen av din familj.\" \/>\n<meta name=\"robots\" content=\"index, follow, max-snippet:-1, max-image-preview:large, max-video-preview:-1\" \/>\n<link rel=\"canonical\" href=\"https:\/\/positiveprints.com\/sv\/produkt\/familj-linje-konst\/\" \/>\n<meta property=\"og:locale\" content=\"sv_SE\" \/>\n<meta property=\"og:type\" content=\"article\" \/>\n<meta property=\"og:title\" content=\"Familj Line Art\" \/>\n<meta property=\"og:description\" content=\"L\u00e5t v\u00e5ra konstn\u00e4rer f\u00f6rvandla ett v\u00e4rdefullt familjefoto till ett tidl\u00f6st personligt konstverk  Ritad och skickad f\u00f6r godk\u00e4nnande inom 2-3 arbetsdagar  Anpassa i 3 enkla steg  V\u00e4lj en mall eller var kreativ  2 revisioner tillg\u00e4ngliga p\u00e5 beg\u00e4ran\" \/>\n<meta property=\"og:url\" content=\"https:\/\/positiveprints.com\/sv\/produkt\/familj-linje-konst\/\" \/>\n<meta property=\"og:site_name\" content=\"Positive Prints\" \/>\n<meta property=\"article:publisher\" content=\"https:\/\/www.facebook.com\/positiveprintscom\" \/>\n<meta property=\"article:modified_time\" content=\"2026-04-12T20:25:48+00:00\" \/>\n<meta property=\"og:image\" content=\"https:\/\/positiveprints.com\/wp-content\/uploads\/2023\/11\/Family-Line-Art.jpg\" \/>\n\t<meta property=\"og:image:width\" content=\"1080\" \/>\n\t<meta property=\"og:image:height\" content=\"1080\" \/>\n\t<meta property=\"og:image:type\" content=\"image\/jpeg\" \/>\n<meta name=\"twitter:card\" content=\"summary_large_image\" \/>\n<meta name=\"twitter:label1\" content=\"Ber\u00e4knad l\u00e4stid\" \/>\n\t<meta name=\"twitter:data1\" content=\"2 minut\" \/>\n<!-- \/ Yoast SEO Premium plugin. -->","yoast_head_json":{"title":"Familj Line Art - Positiva tryck","description":"Best\u00e4ll din Family Line Art nu och fira den speciella koppling ni delar med ett personligt m\u00e4sterverk som f\u00e5ngar essensen av din familj.","robots":{"index":"index","follow":"follow","max-snippet":"max-snippet:-1","max-image-preview":"max-image-preview:large","max-video-preview":"max-video-preview:-1"},"canonical":"https:\/\/positiveprints.com\/sv\/produkt\/familj-linje-konst\/","og_locale":"sv_SE","og_type":"article","og_title":"Familj Line Art","og_description":"L\u00e5t v\u00e5ra konstn\u00e4rer f\u00f6rvandla ett v\u00e4rdefullt familjefoto till ett tidl\u00f6st personligt konstverk  Ritad och skickad f\u00f6r godk\u00e4nnande inom 2-3 arbetsdagar  Anpassa i 3 enkla steg  V\u00e4lj en mall eller var kreativ  2 revisioner tillg\u00e4ngliga p\u00e5 beg\u00e4ran","og_url":"https:\/\/positiveprints.com\/sv\/produkt\/familj-linje-konst\/","og_site_name":"Positive Prints","article_publisher":"https:\/\/www.facebook.com\/positiveprintscom","article_modified_time":"2026-04-12T20:25:48+00:00","og_image":[{"width":1080,"height":1080,"url":"https:\/\/positiveprints.com\/wp-content\/uploads\/2023\/11\/Family-Line-Art.jpg","type":"image\/jpeg"}],"twitter_card":"summary_large_image","twitter_misc":{"Ber\u00e4knad l\u00e4stid":"2 minut"},"schema":{"@context":"https:\/\/schema.org","@graph":[{"@type":["WebPage","ItemPage"],"@id":"https:\/\/positiveprints.com\/sv\/produkt\/familj-linje-konst\/","url":"https:\/\/positiveprints.com\/sv\/produkt\/familj-linje-konst\/","name":"Familj Line Art - Positiva tryck","isPartOf":{"@id":"https:\/\/positiveprints.com\/sv\/#website"},"primaryImageOfPage":{"@id":"https:\/\/positiveprints.com\/sv\/produkt\/familj-linje-konst\/#primaryimage"},"image":{"@id":"https:\/\/positiveprints.com\/sv\/produkt\/familj-linje-konst\/#primaryimage"},"thumbnailUrl":"https:\/\/positiveprints.com\/wp-content\/uploads\/2025\/02\/Familj-Line-Art-1.webp","datePublished":"2023-11-23T07:49:28+00:00","dateModified":"2026-04-12T20:25:48+00:00","description":"Best\u00e4ll din Family Line Art nu och fira den speciella koppling ni delar med ett personligt m\u00e4sterverk som f\u00e5ngar essensen av din familj.","breadcrumb":{"@id":"https:\/\/positiveprints.com\/sv\/produkt\/familj-linje-konst\/#breadcrumb"},"inLanguage":"sv-SE","potentialAction":[{"@type":"ReadAction","target":["https:\/\/positiveprints.com\/sv\/produkt\/familj-linje-konst\/"]}]},{"@type":"ImageObject","inLanguage":"sv-SE","@id":"https:\/\/positiveprints.com\/sv\/produkt\/familj-linje-konst\/#primaryimage","url":"https:\/\/positiveprints.com\/wp-content\/uploads\/2025\/02\/Familj-Line-Art-1.webp","contentUrl":"https:\/\/positiveprints.com\/wp-content\/uploads\/2025\/02\/Familj-Line-Art-1.webp","width":1450,"height":1450,"caption":"Familj Line Art 1"},{"@type":"BreadcrumbList","@id":"https:\/\/positiveprints.com\/sv\/produkt\/familj-linje-konst\/#breadcrumb","itemListElement":[{"@type":"ListItem","position":1,"name":"Home","item":"https:\/\/positiveprints.com\/sv\/"},{"@type":"ListItem","position":2,"name":"Produkter","item":"https:\/\/positiveprints.com\/sv\/shop\/"},{"@type":"ListItem","position":3,"name":"Familj Line Art"}]},{"@type":"WebSite","@id":"https:\/\/positiveprints.com\/sv\/#website","url":"https:\/\/positiveprints.com\/sv\/","name":"Positive Prints","description":"Amazing Custom Personalized Gifts","publisher":{"@id":"https:\/\/positiveprints.com\/sv\/#organization"},"potentialAction":[{"@type":"SearchAction","target":{"@type":"EntryPoint","urlTemplate":"https:\/\/positiveprints.com\/sv\/?s={search_term_string}"},"query-input":{"@type":"PropertyValueSpecification","valueRequired":true,"valueName":"search_term_string"}}],"inLanguage":"sv-SE"},{"@type":"Organization","@id":"https:\/\/positiveprints.com\/sv\/#organization","name":"Positive Prints","alternateName":"Positive Prints","url":"https:\/\/positiveprints.com\/sv\/","logo":{"@type":"ImageObject","inLanguage":"sv-SE","@id":"https:\/\/positiveprints.com\/sv\/#\/schema\/logo\/image\/","url":"https:\/\/positiveprints.com\/wp-content\/uploads\/2026\/03\/245815646_1337939713319158_5671353136411139666_n.png","contentUrl":"https:\/\/positiveprints.com\/wp-content\/uploads\/2026\/03\/245815646_1337939713319158_5671353136411139666_n.png","width":800,"height":800,"caption":"Positive Prints"},"image":{"@id":"https:\/\/positiveprints.com\/sv\/#\/schema\/logo\/image\/"},"sameAs":["https:\/\/www.facebook.com\/positiveprintscom","https:\/\/www.instagram.com\/positiveprintscom\/","https:\/\/www.tiktok.com\/@positiveprintscom","https:\/\/www.pinterest.com\/positiveprintscom\/"]}]}},"jetpack_sharing_enabled":true,"_links":{"self":[{"href":"https:\/\/positiveprints.com\/sv\/wp-json\/wp\/v2\/product\/1080119","targetHints":{"allow":["GET"]}}],"collection":[{"href":"https:\/\/positiveprints.com\/sv\/wp-json\/wp\/v2\/product"}],"about":[{"href":"https:\/\/positiveprints.com\/sv\/wp-json\/wp\/v2\/types\/product"}],"wp:featuredmedia":[{"embeddable":true,"href":"https:\/\/positiveprints.com\/sv\/wp-json\/wp\/v2\/media\/1359323"}],"wp:attachment":[{"href":"https:\/\/positiveprints.com\/sv\/wp-json\/wp\/v2\/media?parent=1080119"}],"wp:term":[{"taxonomy":"product_brand","embeddable":true,"href":"https:\/\/positiveprints.com\/sv\/wp-json\/wp\/v2\/product_brand?post=1080119"},{"taxonomy":"product_cat","embeddable":true,"href":"https:\/\/positiveprints.com\/sv\/wp-json\/wp\/v2\/product_cat?post=1080119"},{"taxonomy":"product_tag","embeddable":true,"href":"https:\/\/positiveprints.com\/sv\/wp-json\/wp\/v2\/product_tag?post=1080119"}],"curies":[{"name":"wp","href":"https:\/\/api.w.org\/{rel}","templated":true}]}}