{"id":1080112,"date":"2023-11-22T11:51:21","date_gmt":"2023-11-22T10:51:21","guid":{"rendered":"https:\/\/positiveprints.com\/product\/par-linjekonst\/"},"modified":"2026-04-07T14:05:16","modified_gmt":"2026-04-07T13:05:16","slug":"par-linje-konst","status":"publish","type":"product","link":"https:\/\/positiveprints.com\/sv\/produkt\/par-linje-konst\/","title":{"rendered":"Par Linjekonst"},"content":{"rendered":"<p>Fira det unika bandet mellan dig och din partner med v\u00e5r f\u00f6rtrollande Par Linjekonst. F\u00f6rvandla ett k\u00e4rt foto till ett tidl\u00f6st personligt konstverk som f\u00e5ngar k\u00e4rnan i din k\u00e4rlekshistoria. V\u00e5ra skickliga konstn\u00e4rer tecknar varje detalj f\u00f6r hand och skapar en unik representation som speglar romantiken och samh\u00f6righeten mellan er tv\u00e5. V\u00e4lj stil och f\u00e4rger, ladda upp ditt speciella parfoto och l\u00e4gg till en personlig touch med ett hj\u00e4rtligt meddelande. Skapa en meningsfull minnessak som symboliserar den k\u00e4rlek och det kamratskap ni delar.<\/p>\r\n\r\n<h2>En enkel process i tre steg:<\/h2>\r\n\r\n<ol>\r\n<li><strong>V\u00e4lj stil och f\u00e4rger:<\/strong>\r\n<p>V\u00e4lj den stil och de f\u00e4rger som sammanfattar k\u00e4rnan i din unika k\u00e4rlekshistoria.<\/p><\/li>\r\n\r\n<li><strong>Ladda upp ditt speciella parfoto:<\/strong>\r\n<p>Dela med dig av ett foto som visar magin i ert f\u00f6rh\u00e5llande. V\u00e5ra konstn\u00e4rer tecknar noggrant f\u00f6r hand och ser till att konstverket speglar romantiken och samh\u00f6righeten mellan dig och din partner.<\/p><\/li>\r\n\r\n<li><strong>L\u00e4gg till ett personligt meddelande och avsluta:<\/strong>\r\n<p>F\u00f6rh\u00f6j din Par Linjekonst med ett innerligt meddelande. Efter betalning kommer v\u00e5rt Positive Prints supportteam att kontakta dig f\u00f6r att bekr\u00e4fta din best\u00e4llning. N\u00e4r illustrationerna \u00e4r klara f\u00e5r du ett e-postmeddelande d\u00e4r du kan granska och godk\u00e4nna den slutliga designen. Din tillfredsst\u00e4llelse \u00e4r viktig, s\u00e5 du f\u00e5r g\u00e4rna beg\u00e4ra \u00e4ndringar upp till tv\u00e5 g\u00e5nger. Efter ditt slutliga godk\u00e4nnande skickas konstverket f\u00f6r utskrift och leverans, vilket skapar en varaktig hyllning till din unika k\u00e4rlekshistoria.<\/p><\/li>\r\n\r\n<\/ol>\r\n\r\n<h2>Linjekonst f\u00f6r par: Den perfekta presenten som v\u00e4cker k\u00e4nslor<\/h2>\r\n\r\n<p>Par Linjekonst \u00e4r inte bara en g\u00e5va, det \u00e4r en hyllning till k\u00e4rlek och kamratskap. Det \u00e4r ett unikt s\u00e4tt att uttrycka ert band och skapa ett best\u00e5ende minne. Best\u00e4ll din <a href=\"https:\/\/positiveprints.com\/product\/custom-line-art\/\">Custom Line Art<\/a> nu och fira er speciella relation med ett personligt m\u00e4sterverk som f\u00e5ngar essensen av ert f\u00f6rh\u00e5llande.<\/p>","protected":false},"excerpt":{"rendered":"<ul class=\"check-list\">\n<li>L\u00e5t v\u00e5ra konstn\u00e4rer rita unika linjer fr\u00e5n ditt foto s\u00e5 att du kan dela det med din favoritperson i v\u00e4rlden<\/li>\n<li>Ritad och skickad f\u00f6r godk\u00e4nnande inom 2-3 arbetsdagar<\/li>\n<li>Anpassa i 3 enkla steg<\/li>\n<li>V\u00e4lj en mall eller var kreativ<\/li>\n<li>2 revisioner tillg\u00e4ngliga p\u00e5 beg\u00e4ran<\/li>\n<\/ul>\n","protected":false},"featured_media":1356937,"template":"","meta":[],"product_brand":[],"product_cat":[15851,9281,8188,8214,9184,9767,7459,8108,11470,11471,11469,11463,11477,11472,8014,7679,7647,7694,7790,7758,7806,8116,11251,11252],"product_tag":[14996,15000,14999,15005,14197,15006,11758,11835,11829,11832,11830,15001,15002,9020,15004,17159,15008,14201,15009,15010,15003,15011,14995,14992,14993,14997],"class_list":{"0":"post-1080112","1":"product","2":"type-product","3":"status-publish","4":"has-post-thumbnail","6":"product_cat-shop-bestsellers-sv","7":"product_cat-bestsellers-label-sv","8":"product_cat-till-henne","9":"product_cat-till-honom","10":"product_cat-line-art-sv","11":"product_cat-trending-label-sv","12":"product_cat-alla-produkter","13":"product_cat-julpresenter","14":"product_cat-julklappar-till-henne","15":"product_cat-julklappar-till-honom","16":"product_cat-julklappar-till-flickvannen","17":"product_cat-julklapp-till-pojkvan","18":"product_cat-julklappar-till-frun","19":"product_cat-julklappar-till-maken","20":"product_cat-gavor-for-man","21":"product_cat-gavor-till-pojkvannen","22":"product_cat-gavor-till-din-man","23":"product_cat-gavor-for-kvinnor","24":"product_cat-gavor-till-flickvannen","25":"product_cat-gavor-till-fru","26":"product_cat-gavor-for-par","27":"product_cat-gava-pa-alla-hjartans-dag","28":"product_cat-alla-hjartans-dag-presenter-for-henne","29":"product_cat-alla-hjartans-dag-presenter-for-honom","30":"product_tag-anniversary-gift-sv","31":"product_tag-anniversary-gifts-sv","32":"product_tag-anniversary-present-sv","33":"product_tag-couple-gift-sv","34":"product_tag-couple-gift-anniversary-sv","35":"product_tag-gift-for-couple-sv","36":"product_tag-julklapp-till-pojkvan","37":"product_tag-julklappar-till-frun","38":"product_tag-julklappar-till-henne","39":"product_tag-julklappar-till-maken","40":"product_tag-kerstcadeaus-for-honom","41":"product_tag-love-sv","42":"product_tag-love-gift-sv","43":"product_tag-par","44":"product_tag-personalized-gift-sv","45":"product_tag-presenter-till-flickvan","46":"product_tag-romantic-gifts-sv","47":"product_tag-romantisk-present","48":"product_tag-sentimental-gift-sv","49":"product_tag-special-occasion-sv-2","50":"product_tag-thoughtful-gift-sv","51":"product_tag-unique-gift-sv","52":"product_tag-valentines-day-gifts-sv","53":"product_tag-valentines-day-sv","54":"product_tag-valentines-day-gift-sv","55":"product_tag-wedding-anniversary-sv","57":"first","58":"instock","59":"sale","60":"taxable","61":"shipping-taxable","62":"purchasable","63":"product-type-variable"},"yoast_head":"<!-- This site is optimized with the Yoast SEO Premium plugin v27.2 (Yoast SEO v27.2) - https:\/\/yoast.com\/product\/yoast-seo-premium-wordpress\/ -->\n<title>Par Linjekonst - Positiva tryck<\/title>\n<meta name=\"description\" content=\"Best\u00e4ll Couple Line Art nu och fira er speciella relation med ett personligt m\u00e4sterverk som f\u00e5ngar k\u00e4rnan i ert f\u00f6rh\u00e5llande.\" \/>\n<meta name=\"robots\" content=\"index, follow, max-snippet:-1, max-image-preview:large, max-video-preview:-1\" \/>\n<link rel=\"canonical\" href=\"https:\/\/positiveprints.com\/sv\/produkt\/par-linje-konst\/\" \/>\n<meta property=\"og:locale\" content=\"sv_SE\" \/>\n<meta property=\"og:type\" content=\"article\" \/>\n<meta property=\"og:title\" content=\"Par Linjekonst\" \/>\n<meta property=\"og:description\" content=\"L\u00e5t v\u00e5ra konstn\u00e4rer rita unika linjer fr\u00e5n ditt foto s\u00e5 att du kan dela det med din favoritperson i v\u00e4rlden   Ritad och skickad f\u00f6r godk\u00e4nnande inom 2-3 arbetsdagar   Anpassa i 3 enkla steg   V\u00e4lj en mall eller var kreativ   2 revisioner tillg\u00e4ngliga p\u00e5 beg\u00e4ran\" \/>\n<meta property=\"og:url\" content=\"https:\/\/positiveprints.com\/sv\/produkt\/par-linje-konst\/\" \/>\n<meta property=\"og:site_name\" content=\"Positive Prints\" \/>\n<meta property=\"article:publisher\" content=\"https:\/\/www.facebook.com\/positiveprintscom\" \/>\n<meta property=\"article:modified_time\" content=\"2026-04-07T13:05:16+00:00\" \/>\n<meta property=\"og:image\" content=\"https:\/\/positiveprints.com\/wp-content\/uploads\/2025\/02\/Par-Linjekonst-1.webp\" \/>\n\t<meta property=\"og:image:width\" content=\"1450\" \/>\n\t<meta property=\"og:image:height\" content=\"1450\" \/>\n\t<meta property=\"og:image:type\" content=\"image\/webp\" \/>\n<meta name=\"twitter:card\" content=\"summary_large_image\" \/>\n<meta name=\"twitter:label1\" content=\"Ber\u00e4knad l\u00e4stid\" \/>\n\t<meta name=\"twitter:data1\" content=\"2 minut\" \/>\n<!-- \/ Yoast SEO Premium plugin. -->","yoast_head_json":{"title":"Par Linjekonst - Positiva tryck","description":"Best\u00e4ll Couple Line Art nu och fira er speciella relation med ett personligt m\u00e4sterverk som f\u00e5ngar k\u00e4rnan i ert f\u00f6rh\u00e5llande.","robots":{"index":"index","follow":"follow","max-snippet":"max-snippet:-1","max-image-preview":"max-image-preview:large","max-video-preview":"max-video-preview:-1"},"canonical":"https:\/\/positiveprints.com\/sv\/produkt\/par-linje-konst\/","og_locale":"sv_SE","og_type":"article","og_title":"Par Linjekonst","og_description":"L\u00e5t v\u00e5ra konstn\u00e4rer rita unika linjer fr\u00e5n ditt foto s\u00e5 att du kan dela det med din favoritperson i v\u00e4rlden   Ritad och skickad f\u00f6r godk\u00e4nnande inom 2-3 arbetsdagar   Anpassa i 3 enkla steg   V\u00e4lj en mall eller var kreativ   2 revisioner tillg\u00e4ngliga p\u00e5 beg\u00e4ran","og_url":"https:\/\/positiveprints.com\/sv\/produkt\/par-linje-konst\/","og_site_name":"Positive Prints","article_publisher":"https:\/\/www.facebook.com\/positiveprintscom","article_modified_time":"2026-04-07T13:05:16+00:00","og_image":[{"width":1450,"height":1450,"url":"https:\/\/positiveprints.com\/wp-content\/uploads\/2025\/02\/Par-Linjekonst-1.webp","type":"image\/webp"}],"twitter_card":"summary_large_image","twitter_misc":{"Ber\u00e4knad l\u00e4stid":"2 minut"},"schema":{"@context":"https:\/\/schema.org","@graph":[{"@type":["WebPage","ItemPage"],"@id":"https:\/\/positiveprints.com\/sv\/produkt\/par-linje-konst\/","url":"https:\/\/positiveprints.com\/sv\/produkt\/par-linje-konst\/","name":"Par Linjekonst - Positiva tryck","isPartOf":{"@id":"https:\/\/positiveprints.com\/sv\/#website"},"primaryImageOfPage":{"@id":"https:\/\/positiveprints.com\/sv\/produkt\/par-linje-konst\/#primaryimage"},"image":{"@id":"https:\/\/positiveprints.com\/sv\/produkt\/par-linje-konst\/#primaryimage"},"thumbnailUrl":"https:\/\/positiveprints.com\/wp-content\/uploads\/2025\/02\/Par-Linjekonst-1.webp","datePublished":"2023-11-22T10:51:21+00:00","dateModified":"2026-04-07T13:05:16+00:00","description":"Best\u00e4ll Couple Line Art nu och fira er speciella relation med ett personligt m\u00e4sterverk som f\u00e5ngar k\u00e4rnan i ert f\u00f6rh\u00e5llande.","breadcrumb":{"@id":"https:\/\/positiveprints.com\/sv\/produkt\/par-linje-konst\/#breadcrumb"},"inLanguage":"sv-SE","potentialAction":[{"@type":"ReadAction","target":["https:\/\/positiveprints.com\/sv\/produkt\/par-linje-konst\/"]}]},{"@type":"ImageObject","inLanguage":"sv-SE","@id":"https:\/\/positiveprints.com\/sv\/produkt\/par-linje-konst\/#primaryimage","url":"https:\/\/positiveprints.com\/wp-content\/uploads\/2025\/02\/Par-Linjekonst-1.webp","contentUrl":"https:\/\/positiveprints.com\/wp-content\/uploads\/2025\/02\/Par-Linjekonst-1.webp","width":1450,"height":1450},{"@type":"BreadcrumbList","@id":"https:\/\/positiveprints.com\/sv\/produkt\/par-linje-konst\/#breadcrumb","itemListElement":[{"@type":"ListItem","position":1,"name":"Home","item":"https:\/\/positiveprints.com\/sv\/"},{"@type":"ListItem","position":2,"name":"Produkter","item":"https:\/\/positiveprints.com\/sv\/shop\/"},{"@type":"ListItem","position":3,"name":"Par Linjekonst"}]},{"@type":"WebSite","@id":"https:\/\/positiveprints.com\/sv\/#website","url":"https:\/\/positiveprints.com\/sv\/","name":"Positive Prints","description":"Amazing Custom Personalized Gifts","publisher":{"@id":"https:\/\/positiveprints.com\/sv\/#organization"},"potentialAction":[{"@type":"SearchAction","target":{"@type":"EntryPoint","urlTemplate":"https:\/\/positiveprints.com\/sv\/?s={search_term_string}"},"query-input":{"@type":"PropertyValueSpecification","valueRequired":true,"valueName":"search_term_string"}}],"inLanguage":"sv-SE"},{"@type":"Organization","@id":"https:\/\/positiveprints.com\/sv\/#organization","name":"Positive Prints","alternateName":"Positive Prints","url":"https:\/\/positiveprints.com\/sv\/","logo":{"@type":"ImageObject","inLanguage":"sv-SE","@id":"https:\/\/positiveprints.com\/sv\/#\/schema\/logo\/image\/","url":"https:\/\/positiveprints.com\/wp-content\/uploads\/2026\/03\/245815646_1337939713319158_5671353136411139666_n.png","contentUrl":"https:\/\/positiveprints.com\/wp-content\/uploads\/2026\/03\/245815646_1337939713319158_5671353136411139666_n.png","width":800,"height":800,"caption":"Positive Prints"},"image":{"@id":"https:\/\/positiveprints.com\/sv\/#\/schema\/logo\/image\/"},"sameAs":["https:\/\/www.facebook.com\/positiveprintscom","https:\/\/www.instagram.com\/positiveprintscom\/","https:\/\/www.tiktok.com\/@positiveprintscom","https:\/\/www.pinterest.com\/positiveprintscom\/"]}]}},"jetpack_sharing_enabled":true,"_links":{"self":[{"href":"https:\/\/positiveprints.com\/sv\/wp-json\/wp\/v2\/product\/1080112","targetHints":{"allow":["GET"]}}],"collection":[{"href":"https:\/\/positiveprints.com\/sv\/wp-json\/wp\/v2\/product"}],"about":[{"href":"https:\/\/positiveprints.com\/sv\/wp-json\/wp\/v2\/types\/product"}],"wp:featuredmedia":[{"embeddable":true,"href":"https:\/\/positiveprints.com\/sv\/wp-json\/wp\/v2\/media\/1356937"}],"wp:attachment":[{"href":"https:\/\/positiveprints.com\/sv\/wp-json\/wp\/v2\/media?parent=1080112"}],"wp:term":[{"taxonomy":"product_brand","embeddable":true,"href":"https:\/\/positiveprints.com\/sv\/wp-json\/wp\/v2\/product_brand?post=1080112"},{"taxonomy":"product_cat","embeddable":true,"href":"https:\/\/positiveprints.com\/sv\/wp-json\/wp\/v2\/product_cat?post=1080112"},{"taxonomy":"product_tag","embeddable":true,"href":"https:\/\/positiveprints.com\/sv\/wp-json\/wp\/v2\/product_tag?post=1080112"}],"curies":[{"name":"wp","href":"https:\/\/api.w.org\/{rel}","templated":true}]}}