{"id":1080111,"date":"2023-11-22T10:17:44","date_gmt":"2024-03-14T10:00:02","guid":{"rendered":"https:\/\/positiveprints.com\/product\/linjekonst-for-jubileumsar\/"},"modified":"2026-04-03T03:01:42","modified_gmt":"2026-04-03T02:01:42","slug":"jubileum-linje-konst","status":"publish","type":"product","link":"https:\/\/positiveprints.com\/sv\/produkt\/jubileum-linje-konst\/","title":{"rendered":"Linjekonst f\u00f6r jubileums\u00e5r"},"content":{"rendered":"<p>Fira k\u00e4rlek och viktiga \u00f6gonblick med v\u00e5r uts\u00f6kta Linjekonst f\u00f6r jubileums\u00e5r. F\u00f6rvandla ett k\u00e4rt foto till ett tidl\u00f6st personligt konstverk som f\u00e5ngar essensen av er resa tillsammans. Oavsett om det \u00e4r en f\u00f6rsta \u00e5rsdag eller ett gyllene jubileum kommer v\u00e5ra skickliga konstn\u00e4rer att skapa en unik representation som ber\u00e4ttar din k\u00e4rlekshistoria i varje rad. V\u00e4lj stil och f\u00e4rger, ladda upp ditt foto och l\u00e4gg till ett personligt meddelande f\u00f6r att skapa en meningsfull och best\u00e5ende <a href=\"https:\/\/positiveprints.com\/anniversary-gifts\/\">g\u00e5va<\/a>.<\/p>\r\n\r\n    <h2>En enkel process i tre steg:<\/h2>\r\n<ol>\r\n    <li><strong>V\u00e4lj stil och f\u00e4rger:<\/strong> <\/li>\r\n<p>V\u00e4lj den stil och de f\u00e4rger som sammanfattar k\u00e4rnan i din k\u00e4rlekshistoria.<\/p>\r\n\r\n    <li>\r\n        <strong>Ladda upp ditt jubileumsfoto:<\/strong><\/li>\r\n <p>Dela med dig av ett foto som inneh\u00e5ller magin i din union. V\u00e5r\r\n  Konstn\u00e4rerna tecknar noggrant f\u00f6r hand och ser till att konstverket \u00e5terspeglar romantiken p\u00e5 din speciella dag.\r\n    <\/p>\r\n\r\n    <li>\r\n        <strong>L\u00e4gg till ett personligt meddelande och avsluta:<\/strong><\/li>\r\n <p>F\u00f6rb\u00e4ttra din Linjekonst f\u00f6r jubileums\u00e5r med en innerlig\r\n  meddelande. Efter betalning kommer v\u00e5rt Positive Prints supportteam att kontakta dig f\u00f6r att bekr\u00e4fta din best\u00e4llning. N\u00e4r konstverket\r\n  \u00e4r klar f\u00e5r du ett e-postmeddelande d\u00e4r du kan granska och godk\u00e4nna den slutliga designen. Din tillfredsst\u00e4llelse \u00e4r viktig, s\u00e5 k\u00e4nn dig fri\r\n  att beg\u00e4ra \u00e4ndringar upp till tv\u00e5 g\u00e5nger. Efter ditt slutliga godk\u00e4nnande skickas konstverket f\u00f6r tryckning och\r\n  leverans, vilket skapar en best\u00e5ende hyllning till er vackra resa tillsammans.\r\n    <\/p>\r\n<\/ol>\r\n\r\n    <h2>Uttryck din k\u00e4rlek med linjekonst f\u00f6r \u00e5rsdagen<\/h2>\r\n\r\n    <p>\r\n  Linjekonst f\u00f6r jubileums\u00e5r \u00e4r en symbol f\u00f6r varaktig k\u00e4rlek. Oavsett om det \u00e4r f\u00f6rsta \u00e5ret eller\r\n  livstid tillsammans talar detta personliga m\u00e4sterverk sitt tydliga spr\u00e5k. Det \u00e4r ett unikt s\u00e4tt att uttrycka din k\u00e4rlek och\r\n  skapa ett best\u00e5ende minne. Best\u00e4ll din Linjekonst f\u00f6r jubileums\u00e5r nu och fira de milstolpar som g\u00f6r din\r\n  en resa ut\u00f6ver det vanliga.\r\n    <\/p>","protected":false},"excerpt":{"rendered":"<ul class=\"check-list\">\n<li>L\u00e5t v\u00e5ra konstn\u00e4rer rita unika linjer fr\u00e5n ditt foto som en evig hyllning till din k\u00e4rlek<\/li>\n<li>Ritad och skickad f\u00f6r godk\u00e4nnande inom 2-3 arbetsdagar<\/li>\n<li>Anpassa i 3 enkla steg<\/li>\n<li>V\u00e4lj en mall eller var kreativ<\/li>\n<li>2 revisioner tillg\u00e4ngliga p\u00e5 beg\u00e4ran<\/li>\n<\/ul>\n","protected":false},"featured_media":1318136,"template":"","meta":[],"product_brand":[],"product_cat":[7459,11190,11191,11192,8114,9184,9767],"product_tag":[14998,8377],"class_list":{"0":"post-1080111","1":"product","2":"type-product","3":"status-publish","4":"has-post-thumbnail","6":"product_cat-alla-produkter","7":"product_cat-arsdagspresenter-till-henne","8":"product_cat-arsdagspresenter-till-honom","9":"product_cat-arsdagspresenter-till-par","10":"product_cat-jubileumspresent-presenttillfallen","11":"product_cat-line-art-sv","12":"product_cat-trending-label-sv","13":"product_tag-anniversary-sv","14":"product_tag-jubileum-sv","16":"first","17":"instock","18":"sale","19":"taxable","20":"shipping-taxable","21":"purchasable","22":"product-type-variable"},"yoast_head":"<!-- This site is optimized with the Yoast SEO Premium plugin v27.2 (Yoast SEO v27.2) - https:\/\/yoast.com\/product\/yoast-seo-premium-wordpress\/ -->\n<title>Linjekonst f\u00f6r \u00e5rsdagen - Positiva tryck<\/title>\n<meta name=\"description\" content=\"F\u00f6rvandla ett k\u00e4rt foto till ett tidl\u00f6st verk av personlig Anniversary Line Art som f\u00e5ngar essensen av er resa tillsammans.\" \/>\n<meta name=\"robots\" content=\"index, follow, max-snippet:-1, max-image-preview:large, max-video-preview:-1\" \/>\n<link rel=\"canonical\" href=\"https:\/\/positiveprints.com\/sv\/produkt\/jubileum-linje-konst\/\" \/>\n<meta property=\"og:locale\" content=\"sv_SE\" \/>\n<meta property=\"og:type\" content=\"article\" \/>\n<meta property=\"og:title\" content=\"Linjekonst f\u00f6r jubileums\u00e5r\" \/>\n<meta property=\"og:description\" content=\"L\u00e5t v\u00e5ra konstn\u00e4rer rita unika linjer fr\u00e5n ditt foto som en evig hyllning till din k\u00e4rlek  Ritad och skickad f\u00f6r godk\u00e4nnande inom 2-3 arbetsdagar  Anpassa i 3 enkla steg  V\u00e4lj en mall eller var kreativ  2 revisioner tillg\u00e4ngliga p\u00e5 beg\u00e4ran\" \/>\n<meta property=\"og:url\" content=\"https:\/\/positiveprints.com\/sv\/produkt\/jubileum-linje-konst\/\" \/>\n<meta property=\"og:site_name\" content=\"Positive Prints\" \/>\n<meta property=\"article:publisher\" content=\"https:\/\/www.facebook.com\/positiveprintscom\" \/>\n<meta property=\"article:modified_time\" content=\"2026-04-03T02:01:42+00:00\" \/>\n<meta property=\"og:image\" content=\"https:\/\/positiveprints.com\/wp-content\/uploads\/2025\/01\/Linjekonst-fo\u0308r-jubileumsa\u030ar-1.webp\" \/>\n\t<meta property=\"og:image:width\" content=\"1450\" \/>\n\t<meta property=\"og:image:height\" content=\"1450\" \/>\n\t<meta property=\"og:image:type\" content=\"image\/webp\" \/>\n<meta name=\"twitter:card\" content=\"summary_large_image\" \/>\n<meta name=\"twitter:label1\" content=\"Ber\u00e4knad l\u00e4stid\" \/>\n\t<meta name=\"twitter:data1\" content=\"2 minut\" \/>\n<!-- \/ Yoast SEO Premium plugin. -->","yoast_head_json":{"title":"Linjekonst f\u00f6r \u00e5rsdagen - Positiva tryck","description":"F\u00f6rvandla ett k\u00e4rt foto till ett tidl\u00f6st verk av personlig Anniversary Line Art som f\u00e5ngar essensen av er resa tillsammans.","robots":{"index":"index","follow":"follow","max-snippet":"max-snippet:-1","max-image-preview":"max-image-preview:large","max-video-preview":"max-video-preview:-1"},"canonical":"https:\/\/positiveprints.com\/sv\/produkt\/jubileum-linje-konst\/","og_locale":"sv_SE","og_type":"article","og_title":"Linjekonst f\u00f6r jubileums\u00e5r","og_description":"L\u00e5t v\u00e5ra konstn\u00e4rer rita unika linjer fr\u00e5n ditt foto som en evig hyllning till din k\u00e4rlek  Ritad och skickad f\u00f6r godk\u00e4nnande inom 2-3 arbetsdagar  Anpassa i 3 enkla steg  V\u00e4lj en mall eller var kreativ  2 revisioner tillg\u00e4ngliga p\u00e5 beg\u00e4ran","og_url":"https:\/\/positiveprints.com\/sv\/produkt\/jubileum-linje-konst\/","og_site_name":"Positive Prints","article_publisher":"https:\/\/www.facebook.com\/positiveprintscom","article_modified_time":"2026-04-03T02:01:42+00:00","og_image":[{"width":1450,"height":1450,"url":"https:\/\/positiveprints.com\/wp-content\/uploads\/2025\/01\/Linjekonst-fo\u0308r-jubileumsa\u030ar-1.webp","type":"image\/webp"}],"twitter_card":"summary_large_image","twitter_misc":{"Ber\u00e4knad l\u00e4stid":"2 minut"},"schema":{"@context":"https:\/\/schema.org","@graph":[{"@type":["WebPage","ItemPage"],"@id":"https:\/\/positiveprints.com\/sv\/produkt\/jubileum-linje-konst\/","url":"https:\/\/positiveprints.com\/sv\/produkt\/jubileum-linje-konst\/","name":"Linjekonst f\u00f6r \u00e5rsdagen - Positiva tryck","isPartOf":{"@id":"https:\/\/positiveprints.com\/sv\/#website"},"primaryImageOfPage":{"@id":"https:\/\/positiveprints.com\/sv\/produkt\/jubileum-linje-konst\/#primaryimage"},"image":{"@id":"https:\/\/positiveprints.com\/sv\/produkt\/jubileum-linje-konst\/#primaryimage"},"thumbnailUrl":"https:\/\/positiveprints.com\/wp-content\/uploads\/2025\/01\/Linjekonst-fo\u0308r-jubileumsa\u030ar-1.webp","datePublished":"2024-03-14T10:00:02+00:00","dateModified":"2026-04-03T02:01:42+00:00","description":"F\u00f6rvandla ett k\u00e4rt foto till ett tidl\u00f6st verk av personlig Anniversary Line Art som f\u00e5ngar essensen av er resa tillsammans.","breadcrumb":{"@id":"https:\/\/positiveprints.com\/sv\/produkt\/jubileum-linje-konst\/#breadcrumb"},"inLanguage":"sv-SE","potentialAction":[{"@type":"ReadAction","target":["https:\/\/positiveprints.com\/sv\/produkt\/jubileum-linje-konst\/"]}]},{"@type":"ImageObject","inLanguage":"sv-SE","@id":"https:\/\/positiveprints.com\/sv\/produkt\/jubileum-linje-konst\/#primaryimage","url":"https:\/\/positiveprints.com\/wp-content\/uploads\/2025\/01\/Linjekonst-fo\u0308r-jubileumsa\u030ar-1.webp","contentUrl":"https:\/\/positiveprints.com\/wp-content\/uploads\/2025\/01\/Linjekonst-fo\u0308r-jubileumsa\u030ar-1.webp","width":1450,"height":1450},{"@type":"BreadcrumbList","@id":"https:\/\/positiveprints.com\/sv\/produkt\/jubileum-linje-konst\/#breadcrumb","itemListElement":[{"@type":"ListItem","position":1,"name":"Home","item":"https:\/\/positiveprints.com\/sv\/"},{"@type":"ListItem","position":2,"name":"Produkter","item":"https:\/\/positiveprints.com\/sv\/shop\/"},{"@type":"ListItem","position":3,"name":"Linjekonst f\u00f6r jubileums\u00e5r"}]},{"@type":"WebSite","@id":"https:\/\/positiveprints.com\/sv\/#website","url":"https:\/\/positiveprints.com\/sv\/","name":"Positive Prints","description":"Amazing Custom Personalized Gifts","publisher":{"@id":"https:\/\/positiveprints.com\/sv\/#organization"},"potentialAction":[{"@type":"SearchAction","target":{"@type":"EntryPoint","urlTemplate":"https:\/\/positiveprints.com\/sv\/?s={search_term_string}"},"query-input":{"@type":"PropertyValueSpecification","valueRequired":true,"valueName":"search_term_string"}}],"inLanguage":"sv-SE"},{"@type":"Organization","@id":"https:\/\/positiveprints.com\/sv\/#organization","name":"Positive Prints","alternateName":"Positive Prints","url":"https:\/\/positiveprints.com\/sv\/","logo":{"@type":"ImageObject","inLanguage":"sv-SE","@id":"https:\/\/positiveprints.com\/sv\/#\/schema\/logo\/image\/","url":"https:\/\/positiveprints.com\/wp-content\/uploads\/2026\/03\/245815646_1337939713319158_5671353136411139666_n.png","contentUrl":"https:\/\/positiveprints.com\/wp-content\/uploads\/2026\/03\/245815646_1337939713319158_5671353136411139666_n.png","width":800,"height":800,"caption":"Positive Prints"},"image":{"@id":"https:\/\/positiveprints.com\/sv\/#\/schema\/logo\/image\/"},"sameAs":["https:\/\/www.facebook.com\/positiveprintscom","https:\/\/www.instagram.com\/positiveprintscom\/","https:\/\/www.tiktok.com\/@positiveprintscom","https:\/\/www.pinterest.com\/positiveprintscom\/"]}]}},"jetpack_sharing_enabled":true,"_links":{"self":[{"href":"https:\/\/positiveprints.com\/sv\/wp-json\/wp\/v2\/product\/1080111","targetHints":{"allow":["GET"]}}],"collection":[{"href":"https:\/\/positiveprints.com\/sv\/wp-json\/wp\/v2\/product"}],"about":[{"href":"https:\/\/positiveprints.com\/sv\/wp-json\/wp\/v2\/types\/product"}],"wp:featuredmedia":[{"embeddable":true,"href":"https:\/\/positiveprints.com\/sv\/wp-json\/wp\/v2\/media\/1318136"}],"wp:attachment":[{"href":"https:\/\/positiveprints.com\/sv\/wp-json\/wp\/v2\/media?parent=1080111"}],"wp:term":[{"taxonomy":"product_brand","embeddable":true,"href":"https:\/\/positiveprints.com\/sv\/wp-json\/wp\/v2\/product_brand?post=1080111"},{"taxonomy":"product_cat","embeddable":true,"href":"https:\/\/positiveprints.com\/sv\/wp-json\/wp\/v2\/product_cat?post=1080111"},{"taxonomy":"product_tag","embeddable":true,"href":"https:\/\/positiveprints.com\/sv\/wp-json\/wp\/v2\/product_tag?post=1080111"}],"curies":[{"name":"wp","href":"https:\/\/api.w.org\/{rel}","templated":true}]}}