{"id":1080085,"date":"2023-11-23T11:39:04","date_gmt":"2023-11-23T10:39:04","guid":{"rendered":"https:\/\/positiveprints.com\/product\/fader-linjekonst\/"},"modified":"2026-04-18T04:46:17","modified_gmt":"2026-04-18T03:46:17","slug":"fader-linje-konst","status":"publish","type":"product","link":"https:\/\/positiveprints.com\/sv\/produkt\/fader-linje-konst\/","title":{"rendered":"Fader Linjekonst"},"content":{"rendered":"<p>Fira din fars styrka och v\u00e4gledning med v\u00e5r uppriktiga Father Line Art. F\u00f6rvandla ett k\u00e4rt foto till ett tidl\u00f6st personligt konstverk som hyllar den visdom och det st\u00f6d som din far ger dig. V\u00e5ra skickliga konstn\u00e4rer tecknar varje detalj f\u00f6r hand och skapar en unik representation som speglar den k\u00e4rlek och v\u00e4gledning som din far ger dig. V\u00e4lj stil och f\u00e4rger, ladda upp ett speciellt foto av din pappa och l\u00e4gg till en personlig touch med ett innerligt meddelande. Skapa en meningsfull minnessak som symboliserar det best\u00e5ende bandet mellan en far och hans barn.<\/p>\n\n<h2>En enkel process i tre steg:<\/h2>\n<ol>\n<li><strong>V\u00e4lj stil och f\u00e4rger:<\/strong>\n<p>V\u00e4lj stil och f\u00e4rger som f\u00e5ngar styrkan och visdomen hos din \u00e4lskade far.<\/p><\/li>\n\n<li><strong>Ladda upp ett speciellt foto av din pappa:<\/strong>\n<p>Dela med dig av ett foto som visar den k\u00e4rlek och v\u00e4gledning som din far f\u00f6rkroppsligar. V\u00e5ra konstn\u00e4rer ritar konstverket noggrant f\u00f6r hand och ser till att det \u00e5terspeglar din pappas unika v\u00e4sen.<\/p><\/li>\n\n<li><strong>L\u00e4gg till ett personligt meddelande och avsluta:<\/strong>\n<p>F\u00f6rh\u00f6j din Father Line Art med ett innerligt meddelande. Efter betalning kommer v\u00e5rt Positive Prints supportteam att kontakta dig f\u00f6r att bekr\u00e4fta din best\u00e4llning. N\u00e4r illustrationerna \u00e4r klara f\u00e5r du ett e-postmeddelande d\u00e4r du kan granska och godk\u00e4nna den slutliga designen. Din tillfredsst\u00e4llelse \u00e4r viktig, s\u00e5 du f\u00e5r g\u00e4rna beg\u00e4ra \u00e4ndringar upp till tv\u00e5 g\u00e5nger. Efter ditt slutliga godk\u00e4nnande skickas konstverket f\u00f6r utskrift och leverans, vilket skapar en varaktig hyllning till din \u00e4lskade far.<\/p><\/li>\n<\/ol>\n<h2>Linjekonst f\u00f6r pappor: Den perfekta presenten till pappa<\/h2>\n\n<p>Father Line Art \u00e4r inte bara en <a href=\"https:\/\/positiveprints.com\/gifts-for-dad\/\">present till pappa<\/a>. Det \u00e4r en hyllning till f\u00e4ders styrka och v\u00e4gledning. Det \u00e4r ett unikt s\u00e4tt att uttrycka din tacksamhet och skapa ett best\u00e5ende minne. Best\u00e4ll din Father Line Art nu och hedra det speciella bandet mellan dig och din far med ett personligt m\u00e4sterverk som f\u00e5ngar essensen av hans best\u00e5ende k\u00e4rlek.<\/p>","protected":false},"excerpt":{"rendered":"<ul class=\"check-list\">\n<li>L\u00e5t v\u00e5ra konstn\u00e4rer rita unika linjer fr\u00e5n ett k\u00e4rt foto av dig och din far<\/li>\n<li>Ritad och skickad f\u00f6r godk\u00e4nnande inom 2-3 arbetsdagar<\/li>\n<li>Anpassa i 3 enkla steg<\/li>\n<li>V\u00e4lj en mall eller var kreativ<\/li>\n<li>2 revisioner tillg\u00e4ngliga p\u00e5 beg\u00e4ran<\/li>\n<\/ul>\n","protected":false},"featured_media":1359028,"template":"","meta":[],"product_brand":[],"product_cat":[9184,9767,7459,8109,8108,11466,7982],"product_tag":[8560,11765],"class_list":{"0":"post-1080085","1":"product","2":"type-product","3":"status-publish","4":"has-post-thumbnail","6":"product_cat-line-art-sv","7":"product_cat-trending-label-sv","8":"product_cat-alla-produkter","9":"product_cat-fars-dag-present","10":"product_cat-julpresenter","11":"product_cat-julklappar-till-pappa","12":"product_cat-gavor-till-pappa","13":"product_tag-father-sv","14":"product_tag-julklappar-till-pappa","16":"first","17":"instock","18":"sale","19":"taxable","20":"shipping-taxable","21":"purchasable","22":"product-type-variable"},"yoast_head":"<!-- This site is optimized with the Yoast SEO Premium plugin v27.2 (Yoast SEO v27.2) - https:\/\/yoast.com\/product\/yoast-seo-premium-wordpress\/ -->\n<title>Fader Line Art - Positiva tryck<\/title>\n<meta name=\"description\" content=\"Best\u00e4ll Father Line Art och hedra det speciella bandet mellan dig och din far med ett personligt m\u00e4sterverk som f\u00e5ngar essensen av hans best\u00e5ende k\u00e4rlek.\" \/>\n<meta name=\"robots\" content=\"index, follow, max-snippet:-1, max-image-preview:large, max-video-preview:-1\" \/>\n<link rel=\"canonical\" href=\"https:\/\/positiveprints.com\/sv\/produkt\/fader-linje-konst\/\" \/>\n<meta property=\"og:locale\" content=\"sv_SE\" \/>\n<meta property=\"og:type\" content=\"article\" \/>\n<meta property=\"og:title\" content=\"Fader Linjekonst\" \/>\n<meta property=\"og:description\" content=\"L\u00e5t v\u00e5ra konstn\u00e4rer rita unika linjer fr\u00e5n ett k\u00e4rt foto av dig och din far  Ritad och skickad f\u00f6r godk\u00e4nnande inom 2-3 arbetsdagar  Anpassa i 3 enkla steg  V\u00e4lj en mall eller var kreativ  2 revisioner tillg\u00e4ngliga p\u00e5 beg\u00e4ran\" \/>\n<meta property=\"og:url\" content=\"https:\/\/positiveprints.com\/sv\/produkt\/fader-linje-konst\/\" \/>\n<meta property=\"og:site_name\" content=\"Positive Prints\" \/>\n<meta property=\"article:publisher\" content=\"https:\/\/www.facebook.com\/positiveprintscom\" \/>\n<meta property=\"article:modified_time\" content=\"2026-04-18T03:46:17+00:00\" \/>\n<meta property=\"og:image\" content=\"https:\/\/positiveprints.com\/wp-content\/uploads\/2023\/11\/Father-Line-Art.jpg\" \/>\n\t<meta property=\"og:image:width\" content=\"1080\" \/>\n\t<meta property=\"og:image:height\" content=\"1080\" \/>\n\t<meta property=\"og:image:type\" content=\"image\/jpeg\" \/>\n<meta name=\"twitter:card\" content=\"summary_large_image\" \/>\n<meta name=\"twitter:label1\" content=\"Ber\u00e4knad l\u00e4stid\" \/>\n\t<meta name=\"twitter:data1\" content=\"2 minut\" \/>\n<!-- \/ Yoast SEO Premium plugin. -->","yoast_head_json":{"title":"Fader Line Art - Positiva tryck","description":"Best\u00e4ll Father Line Art och hedra det speciella bandet mellan dig och din far med ett personligt m\u00e4sterverk som f\u00e5ngar essensen av hans best\u00e5ende k\u00e4rlek.","robots":{"index":"index","follow":"follow","max-snippet":"max-snippet:-1","max-image-preview":"max-image-preview:large","max-video-preview":"max-video-preview:-1"},"canonical":"https:\/\/positiveprints.com\/sv\/produkt\/fader-linje-konst\/","og_locale":"sv_SE","og_type":"article","og_title":"Fader Linjekonst","og_description":"L\u00e5t v\u00e5ra konstn\u00e4rer rita unika linjer fr\u00e5n ett k\u00e4rt foto av dig och din far  Ritad och skickad f\u00f6r godk\u00e4nnande inom 2-3 arbetsdagar  Anpassa i 3 enkla steg  V\u00e4lj en mall eller var kreativ  2 revisioner tillg\u00e4ngliga p\u00e5 beg\u00e4ran","og_url":"https:\/\/positiveprints.com\/sv\/produkt\/fader-linje-konst\/","og_site_name":"Positive Prints","article_publisher":"https:\/\/www.facebook.com\/positiveprintscom","article_modified_time":"2026-04-18T03:46:17+00:00","og_image":[{"width":1080,"height":1080,"url":"https:\/\/positiveprints.com\/wp-content\/uploads\/2023\/11\/Father-Line-Art.jpg","type":"image\/jpeg"}],"twitter_card":"summary_large_image","twitter_misc":{"Ber\u00e4knad l\u00e4stid":"2 minut"},"schema":{"@context":"https:\/\/schema.org","@graph":[{"@type":["WebPage","ItemPage"],"@id":"https:\/\/positiveprints.com\/sv\/produkt\/fader-linje-konst\/","url":"https:\/\/positiveprints.com\/sv\/produkt\/fader-linje-konst\/","name":"Fader Line Art - Positiva tryck","isPartOf":{"@id":"https:\/\/positiveprints.com\/sv\/#website"},"primaryImageOfPage":{"@id":"https:\/\/positiveprints.com\/sv\/produkt\/fader-linje-konst\/#primaryimage"},"image":{"@id":"https:\/\/positiveprints.com\/sv\/produkt\/fader-linje-konst\/#primaryimage"},"thumbnailUrl":"https:\/\/positiveprints.com\/wp-content\/uploads\/2025\/02\/Fader-Linjekonst-1.webp","datePublished":"2023-11-23T10:39:04+00:00","dateModified":"2026-04-18T03:46:17+00:00","description":"Best\u00e4ll Father Line Art och hedra det speciella bandet mellan dig och din far med ett personligt m\u00e4sterverk som f\u00e5ngar essensen av hans best\u00e5ende k\u00e4rlek.","breadcrumb":{"@id":"https:\/\/positiveprints.com\/sv\/produkt\/fader-linje-konst\/#breadcrumb"},"inLanguage":"sv-SE","potentialAction":[{"@type":"ReadAction","target":["https:\/\/positiveprints.com\/sv\/produkt\/fader-linje-konst\/"]}]},{"@type":"ImageObject","inLanguage":"sv-SE","@id":"https:\/\/positiveprints.com\/sv\/produkt\/fader-linje-konst\/#primaryimage","url":"https:\/\/positiveprints.com\/wp-content\/uploads\/2025\/02\/Fader-Linjekonst-1.webp","contentUrl":"https:\/\/positiveprints.com\/wp-content\/uploads\/2025\/02\/Fader-Linjekonst-1.webp","width":1450,"height":1450},{"@type":"BreadcrumbList","@id":"https:\/\/positiveprints.com\/sv\/produkt\/fader-linje-konst\/#breadcrumb","itemListElement":[{"@type":"ListItem","position":1,"name":"Home","item":"https:\/\/positiveprints.com\/sv\/"},{"@type":"ListItem","position":2,"name":"Produkter","item":"https:\/\/positiveprints.com\/sv\/shop\/"},{"@type":"ListItem","position":3,"name":"Fader Linjekonst"}]},{"@type":"WebSite","@id":"https:\/\/positiveprints.com\/sv\/#website","url":"https:\/\/positiveprints.com\/sv\/","name":"Positive Prints","description":"Amazing Custom Personalized Gifts","publisher":{"@id":"https:\/\/positiveprints.com\/sv\/#organization"},"potentialAction":[{"@type":"SearchAction","target":{"@type":"EntryPoint","urlTemplate":"https:\/\/positiveprints.com\/sv\/?s={search_term_string}"},"query-input":{"@type":"PropertyValueSpecification","valueRequired":true,"valueName":"search_term_string"}}],"inLanguage":"sv-SE"},{"@type":"Organization","@id":"https:\/\/positiveprints.com\/sv\/#organization","name":"Positive Prints","alternateName":"Positive Prints","url":"https:\/\/positiveprints.com\/sv\/","logo":{"@type":"ImageObject","inLanguage":"sv-SE","@id":"https:\/\/positiveprints.com\/sv\/#\/schema\/logo\/image\/","url":"https:\/\/positiveprints.com\/wp-content\/uploads\/2026\/03\/245815646_1337939713319158_5671353136411139666_n.png","contentUrl":"https:\/\/positiveprints.com\/wp-content\/uploads\/2026\/03\/245815646_1337939713319158_5671353136411139666_n.png","width":800,"height":800,"caption":"Positive Prints"},"image":{"@id":"https:\/\/positiveprints.com\/sv\/#\/schema\/logo\/image\/"},"sameAs":["https:\/\/www.facebook.com\/positiveprintscom","https:\/\/www.instagram.com\/positiveprintscom\/","https:\/\/www.tiktok.com\/@positiveprintscom","https:\/\/www.pinterest.com\/positiveprintscom\/"]}]}},"jetpack_sharing_enabled":true,"_links":{"self":[{"href":"https:\/\/positiveprints.com\/sv\/wp-json\/wp\/v2\/product\/1080085","targetHints":{"allow":["GET"]}}],"collection":[{"href":"https:\/\/positiveprints.com\/sv\/wp-json\/wp\/v2\/product"}],"about":[{"href":"https:\/\/positiveprints.com\/sv\/wp-json\/wp\/v2\/types\/product"}],"wp:featuredmedia":[{"embeddable":true,"href":"https:\/\/positiveprints.com\/sv\/wp-json\/wp\/v2\/media\/1359028"}],"wp:attachment":[{"href":"https:\/\/positiveprints.com\/sv\/wp-json\/wp\/v2\/media?parent=1080085"}],"wp:term":[{"taxonomy":"product_brand","embeddable":true,"href":"https:\/\/positiveprints.com\/sv\/wp-json\/wp\/v2\/product_brand?post=1080085"},{"taxonomy":"product_cat","embeddable":true,"href":"https:\/\/positiveprints.com\/sv\/wp-json\/wp\/v2\/product_cat?post=1080085"},{"taxonomy":"product_tag","embeddable":true,"href":"https:\/\/positiveprints.com\/sv\/wp-json\/wp\/v2\/product_tag?post=1080085"}],"curies":[{"name":"wp","href":"https:\/\/api.w.org\/{rel}","templated":true}]}}