{"id":1047199,"date":"2024-01-22T12:53:02","date_gmt":"2024-01-22T11:53:02","guid":{"rendered":"https:\/\/positiveprints.com\/?post_type=product&#038;p=1047199"},"modified":"2026-04-03T02:58:18","modified_gmt":"2026-04-03T01:58:18","slug":"smycken-forlovningskarta","status":"publish","type":"product","link":"https:\/\/positiveprints.com\/sv\/produkt\/smycken-forlovningskarta\/","title":{"rendered":"Personliga smycken med f\u00f6rlovningskarta"},"content":{"rendered":"<p>Har du n\u00e5gonsin dr\u00f6mt om att f\u00f6reviga den magiska f\u00f6rlovningen p\u00e5 ett helt unikt s\u00e4tt? Titta inte l\u00e4ngre \u00e4n till v\u00e5ra smycken med personlig f\u00f6rlovningskarta &#8211; ett speciellt smycke som \u00e4r utformat f\u00f6r att fira b\u00f6rjan p\u00e5 er eviga resa. Det \u00e4r mer \u00e4n bara smycken. Det \u00e4r en meningsfull minnesg\u00e5va som \u00e4r perfekt f\u00f6r att \u00e5teruppleva f\u00f6rlovningen eller ge bort vid speciella tillf\u00e4llen.<\/p>\n\n\n\n<h2>Skapa din egen f\u00f6rlovningskarta som minne<\/h2>\n\n\n\n<p>Skapa din egen minnessak genom att v\u00e4lja plats och ord som har ett sentimentalt v\u00e4rde. L\u00e4gg till en touch av magi genom att inkludera ett symboliskt element som markerar platsen d\u00e4r ni sa &#8220;ja&#8221;. Anpassningsprocessen \u00e4r okomplicerad och du kan f\u00f6rhandsgranska din design i varje steg f\u00f6r att s\u00e4kerst\u00e4lla att den perfekt f\u00e5ngar essensen av din f\u00f6rlovning.<\/p>\n\n\n\n<h2>En g\u00e5va i silver<\/h2>\n\n\n\n<p>Varje smycke, oavsett om det \u00e4r en klassisk cirkel eller ett h\u00e4ngsmycke med en 45 cm l\u00e5ng kedja, genomg\u00e5r en exakt lasergravering. Detta f\u00f6rvandlar dina k\u00e4ra f\u00f6rlovningsminnen till ett b\u00e4rbart konstverk.<\/p>\n\n\n\n<h2>F\u00f6rpackad med k\u00e4rlek &#8211; En l\u00e5da full av minnen<\/h2>\n\n\n\n<p>Ditt personliga smycke med f\u00f6rlovningskarta hittar sin plats i ett uts\u00f6kt designat smyckeskrin. \u00d6ppna den f\u00f6r att uppt\u00e4cka en sk\u00f6tselguide och en speciell trasa, s\u00e5 att dina smycken f\u00f6rblir lika str\u00e5lande som din k\u00e4rlek. Vi \u00e4r fast beslutna att ge er en upplevelse som \u00e4r lika speciell som er f\u00f6rlovningshistoria. Fira b\u00f6rjan p\u00e5 evigheten med v\u00e5ra personliga smycken med f\u00f6rlovningskarta &#8211; ett tidl\u00f6st s\u00e4tt att b\u00e4ra med dig essensen av din f\u00f6rlovning!  <\/p>","protected":false},"excerpt":{"rendered":"<ul class=\"check-list\">\n<li>Minns denna milstolpe med ett smycke i form av en f\u00f6rlovningskarta &#8211; en varaktig symbol f\u00f6r k\u00e4rlek som f\u00f6r alltid kommer att pryda er resa<\/li>\n<li>20 mm h\u00e4nge tillverkat av h\u00f6gkvalitativt sterlingsilver , lasergraverat och handbearbetat<\/li>\n<li>V\u00e4lj en uppriktig text efter tillf\u00e4lle<\/li>\n<li>Anpassa p\u00e5 bara 2 minuter<\/li>\n<li>Se resultatet direkt \u2013 den interaktiva f\u00f6rhandsvisningen l\u00e5ter dig finjustera varje detalj<\/li>\n<\/ul>\n","protected":false},"featured_media":1541591,"template":"","meta":[],"product_brand":[],"product_cat":[9266,9230,7459,8118],"product_tag":[8441,15067,15068,15069,15070],"class_list":{"0":"post-1047199","1":"product","2":"type-product","3":"status-publish","4":"has-post-thumbnail","6":"product_cat-jewelry-sv","7":"product_cat-oversiktskarta-smycken","8":"product_cat-alla-produkter","9":"product_cat-gavor-for-nyforlovade-par-presenttillfallen","10":"product_tag-forlovning","11":"product_tag-lancuszek-sv","12":"product_tag-medalion-sv","13":"product_tag-naszyjnik-sv","14":"product_tag-wisiorek-sv","16":"first","17":"instock","18":"sale","19":"taxable","20":"shipping-taxable","21":"purchasable","22":"product-type-variable"},"yoast_head":"<!-- This site is optimized with the Yoast SEO Premium plugin v27.2 (Yoast SEO v27.2) - https:\/\/yoast.com\/product\/yoast-seo-premium-wordpress\/ -->\n<title>Personliga smycken med f\u00f6rlovningskarta - Positive Prints<\/title>\n<meta name=\"description\" content=\"Personligt smycke med f\u00f6rlovningskarta - ett speciellt smycke som \u00e4r utformat f\u00f6r att fira b\u00f6rjan p\u00e5 er eviga resa.\" \/>\n<meta name=\"robots\" content=\"index, follow, max-snippet:-1, max-image-preview:large, max-video-preview:-1\" \/>\n<link rel=\"canonical\" href=\"https:\/\/positiveprints.com\/sv\/produkt\/smycken-forlovningskarta\/\" \/>\n<meta property=\"og:locale\" content=\"sv_SE\" \/>\n<meta property=\"og:type\" content=\"article\" \/>\n<meta property=\"og:title\" content=\"Personliga smycken med f\u00f6rlovningskarta\" \/>\n<meta property=\"og:description\" content=\"Minns denna milstolpe med ett smycke i form av en f\u00f6rlovningskarta - en varaktig symbol f\u00f6r k\u00e4rlek som f\u00f6r alltid kommer att pryda er resa  20 mm h\u00e4nge tillverkat av h\u00f6gkvalitativt sterlingsilver , lasergraverat och handbearbetat  V\u00e4lj en uppriktig text efter tillf\u00e4lle  Anpassa p\u00e5 bara 2 minuter   Se resultatet direkt \u2013 den interaktiva f\u00f6rhandsvisningen l\u00e5ter dig finjustera varje detalj\" \/>\n<meta property=\"og:url\" content=\"https:\/\/positiveprints.com\/sv\/produkt\/smycken-forlovningskarta\/\" \/>\n<meta property=\"og:site_name\" content=\"Positive Prints\" \/>\n<meta property=\"article:publisher\" content=\"https:\/\/www.facebook.com\/positiveprintscom\" \/>\n<meta property=\"article:modified_time\" content=\"2026-04-03T01:58:18+00:00\" \/>\n<meta property=\"og:image\" content=\"https:\/\/positiveprints.com\/wp-content\/uploads\/2025\/10\/MAIN_SE_Mapa-de-compromiso-joyas-personalizadas.webp\" \/>\n\t<meta property=\"og:image:width\" content=\"2500\" \/>\n\t<meta property=\"og:image:height\" content=\"2500\" \/>\n\t<meta property=\"og:image:type\" content=\"image\/webp\" \/>\n<meta name=\"twitter:card\" content=\"summary_large_image\" \/>\n<meta name=\"twitter:label1\" content=\"Ber\u00e4knad l\u00e4stid\" \/>\n\t<meta name=\"twitter:data1\" content=\"2 minut\" \/>\n<!-- \/ Yoast SEO Premium plugin. -->","yoast_head_json":{"title":"Personliga smycken med f\u00f6rlovningskarta - Positive Prints","description":"Personligt smycke med f\u00f6rlovningskarta - ett speciellt smycke som \u00e4r utformat f\u00f6r att fira b\u00f6rjan p\u00e5 er eviga resa.","robots":{"index":"index","follow":"follow","max-snippet":"max-snippet:-1","max-image-preview":"max-image-preview:large","max-video-preview":"max-video-preview:-1"},"canonical":"https:\/\/positiveprints.com\/sv\/produkt\/smycken-forlovningskarta\/","og_locale":"sv_SE","og_type":"article","og_title":"Personliga smycken med f\u00f6rlovningskarta","og_description":"Minns denna milstolpe med ett smycke i form av en f\u00f6rlovningskarta - en varaktig symbol f\u00f6r k\u00e4rlek som f\u00f6r alltid kommer att pryda er resa  20 mm h\u00e4nge tillverkat av h\u00f6gkvalitativt sterlingsilver , lasergraverat och handbearbetat  V\u00e4lj en uppriktig text efter tillf\u00e4lle  Anpassa p\u00e5 bara 2 minuter   Se resultatet direkt \u2013 den interaktiva f\u00f6rhandsvisningen l\u00e5ter dig finjustera varje detalj","og_url":"https:\/\/positiveprints.com\/sv\/produkt\/smycken-forlovningskarta\/","og_site_name":"Positive Prints","article_publisher":"https:\/\/www.facebook.com\/positiveprintscom","article_modified_time":"2026-04-03T01:58:18+00:00","og_image":[{"width":2500,"height":2500,"url":"https:\/\/positiveprints.com\/wp-content\/uploads\/2025\/10\/MAIN_SE_Mapa-de-compromiso-joyas-personalizadas.webp","type":"image\/webp"}],"twitter_card":"summary_large_image","twitter_misc":{"Ber\u00e4knad l\u00e4stid":"2 minut"},"schema":{"@context":"https:\/\/schema.org","@graph":[{"@type":["WebPage","ItemPage"],"@id":"https:\/\/positiveprints.com\/sv\/produkt\/smycken-forlovningskarta\/","url":"https:\/\/positiveprints.com\/sv\/produkt\/smycken-forlovningskarta\/","name":"Personliga smycken med f\u00f6rlovningskarta - Positive Prints","isPartOf":{"@id":"https:\/\/positiveprints.com\/sv\/#website"},"primaryImageOfPage":{"@id":"https:\/\/positiveprints.com\/sv\/produkt\/smycken-forlovningskarta\/#primaryimage"},"image":{"@id":"https:\/\/positiveprints.com\/sv\/produkt\/smycken-forlovningskarta\/#primaryimage"},"thumbnailUrl":"https:\/\/positiveprints.com\/wp-content\/uploads\/2025\/10\/MAIN_SE_Mapa-de-compromiso-joyas-personalizadas.webp","datePublished":"2024-01-22T11:53:02+00:00","dateModified":"2026-04-03T01:58:18+00:00","description":"Personligt smycke med f\u00f6rlovningskarta - ett speciellt smycke som \u00e4r utformat f\u00f6r att fira b\u00f6rjan p\u00e5 er eviga resa.","breadcrumb":{"@id":"https:\/\/positiveprints.com\/sv\/produkt\/smycken-forlovningskarta\/#breadcrumb"},"inLanguage":"sv-SE","potentialAction":[{"@type":"ReadAction","target":["https:\/\/positiveprints.com\/sv\/produkt\/smycken-forlovningskarta\/"]}]},{"@type":"ImageObject","inLanguage":"sv-SE","@id":"https:\/\/positiveprints.com\/sv\/produkt\/smycken-forlovningskarta\/#primaryimage","url":"https:\/\/positiveprints.com\/wp-content\/uploads\/2025\/10\/MAIN_SE_Mapa-de-compromiso-joyas-personalizadas.webp","contentUrl":"https:\/\/positiveprints.com\/wp-content\/uploads\/2025\/10\/MAIN_SE_Mapa-de-compromiso-joyas-personalizadas.webp","width":2500,"height":2500},{"@type":"BreadcrumbList","@id":"https:\/\/positiveprints.com\/sv\/produkt\/smycken-forlovningskarta\/#breadcrumb","itemListElement":[{"@type":"ListItem","position":1,"name":"Home","item":"https:\/\/positiveprints.com\/sv\/"},{"@type":"ListItem","position":2,"name":"Produkter","item":"https:\/\/positiveprints.com\/sv\/shop\/"},{"@type":"ListItem","position":3,"name":"Personliga smycken med f\u00f6rlovningskarta"}]},{"@type":"WebSite","@id":"https:\/\/positiveprints.com\/sv\/#website","url":"https:\/\/positiveprints.com\/sv\/","name":"Positive Prints","description":"Amazing Custom Personalized Gifts","publisher":{"@id":"https:\/\/positiveprints.com\/sv\/#organization"},"potentialAction":[{"@type":"SearchAction","target":{"@type":"EntryPoint","urlTemplate":"https:\/\/positiveprints.com\/sv\/?s={search_term_string}"},"query-input":{"@type":"PropertyValueSpecification","valueRequired":true,"valueName":"search_term_string"}}],"inLanguage":"sv-SE"},{"@type":"Organization","@id":"https:\/\/positiveprints.com\/sv\/#organization","name":"Positive Prints","alternateName":"Positive Prints","url":"https:\/\/positiveprints.com\/sv\/","logo":{"@type":"ImageObject","inLanguage":"sv-SE","@id":"https:\/\/positiveprints.com\/sv\/#\/schema\/logo\/image\/","url":"https:\/\/positiveprints.com\/wp-content\/uploads\/2026\/03\/245815646_1337939713319158_5671353136411139666_n.png","contentUrl":"https:\/\/positiveprints.com\/wp-content\/uploads\/2026\/03\/245815646_1337939713319158_5671353136411139666_n.png","width":800,"height":800,"caption":"Positive Prints"},"image":{"@id":"https:\/\/positiveprints.com\/sv\/#\/schema\/logo\/image\/"},"sameAs":["https:\/\/www.facebook.com\/positiveprintscom","https:\/\/www.instagram.com\/positiveprintscom\/","https:\/\/www.tiktok.com\/@positiveprintscom","https:\/\/www.pinterest.com\/positiveprintscom\/"]}]}},"jetpack_sharing_enabled":true,"_links":{"self":[{"href":"https:\/\/positiveprints.com\/sv\/wp-json\/wp\/v2\/product\/1047199","targetHints":{"allow":["GET"]}}],"collection":[{"href":"https:\/\/positiveprints.com\/sv\/wp-json\/wp\/v2\/product"}],"about":[{"href":"https:\/\/positiveprints.com\/sv\/wp-json\/wp\/v2\/types\/product"}],"wp:featuredmedia":[{"embeddable":true,"href":"https:\/\/positiveprints.com\/sv\/wp-json\/wp\/v2\/media\/1541591"}],"wp:attachment":[{"href":"https:\/\/positiveprints.com\/sv\/wp-json\/wp\/v2\/media?parent=1047199"}],"wp:term":[{"taxonomy":"product_brand","embeddable":true,"href":"https:\/\/positiveprints.com\/sv\/wp-json\/wp\/v2\/product_brand?post=1047199"},{"taxonomy":"product_cat","embeddable":true,"href":"https:\/\/positiveprints.com\/sv\/wp-json\/wp\/v2\/product_cat?post=1047199"},{"taxonomy":"product_tag","embeddable":true,"href":"https:\/\/positiveprints.com\/sv\/wp-json\/wp\/v2\/product_tag?post=1047199"}],"curies":[{"name":"wp","href":"https:\/\/api.w.org\/{rel}","templated":true}]}}