{"id":1047150,"date":"2024-01-22T12:47:05","date_gmt":"2024-01-22T11:47:05","guid":{"rendered":"https:\/\/positiveprints.com\/?post_type=product&#038;p=1047150"},"modified":"2026-04-28T14:00:33","modified_gmt":"2026-04-28T13:00:33","slug":"smycken-dar-allt-borjade","status":"publish","type":"product","link":"https:\/\/positiveprints.com\/sv\/produkt\/smycken-dar-allt-borjade\/","title":{"rendered":"Personligt smycke med texten D\u00e4r allt b\u00f6rjade"},"content":{"rendered":"<p>Har du n\u00e5gonsin velat f\u00e5nga essensen av d\u00e4r allt b\u00f6rjade p\u00e5 ett speciellt och unikt s\u00e4tt? Din \u00f6nskan uppfylls med v\u00e5rt personliga smycke D\u00e4r allt b\u00f6rjade &#8211; ett innerligt smycke som g\u00f6r att du kan b\u00e4ra med dig magin i din ursprungshistoria vart du \u00e4n g\u00e5r. Det \u00e4r inte bara ett smycke. Det \u00e4r en meningsfull g\u00e5va f\u00f6r att \u00e5teruppleva b\u00f6rjan eller fira viktiga milstolpar.<\/p>\n\n\n\n<h2>Skapa ett personligt D\u00e4r allt b\u00f6rjade-smycke<\/h2>\n\n\n\n<p>Skapa ett personligt minne genom att v\u00e4lja den plats och de ord som har en speciell plats i ditt hj\u00e4rta. Vill du l\u00e4gga till en symbolisk touch f\u00f6r att markera den viktiga platsen? Du kan g\u00f6ra det utan problem i tre enkla steg. F\u00f6rhandsgranska din design i varje steg f\u00f6r att s\u00e4kerst\u00e4lla att den f\u00e5ngar essensen av var allt b\u00f6rjade.<\/p>\n\n\n\n<h2>En g\u00e5va i silver<\/h2>\n\n\n\n<p>Oavsett om du f\u00f6redrar ett klassiskt cirkelh\u00e4nge eller ett med en 45 cm l\u00e5ng kedja genomg\u00e5r varje smycke en omsorgsfull lasergravyr som f\u00f6rvandlar dina k\u00e4ra minnen till ett b\u00e4rbart m\u00e4sterverk.<\/p>\n\n\n\n<h2>F\u00f6rpackad med k\u00e4rlek &#8211; En l\u00e5da full av minnen<\/h2>\n\n\n\n<p>Ditt personliga h\u00e4nge hittar sin plats i ett omsorgsfullt designat smyckeskrin. N\u00e4r du \u00f6ppnar den hittar du en sk\u00f6tselguide och en speciell trasa som h\u00e5ller dina smycken skinande rena. V\u00e5rt \u00e5tagande \u00e4r att ge er en upplevelse som \u00e4r lika speciell som er k\u00e4rlekshistoria. G\u00f6r dig redo att \u00e5teruppleva magin d\u00e4r allt b\u00f6rjade med v\u00e5ra personliga D\u00e4r allt b\u00f6rjade-smycken &#8211; ett tidl\u00f6st s\u00e4tt att b\u00e4ra med dig essensen av din resa! <\/p>","protected":false},"excerpt":{"rendered":"<ul class=\"check-list\">\n<li>Personifiera ditt D\u00e4r allt b\u00f6rjade-halsband &#8211; b\u00e4r historien, fira starten och v\u00e5rda f\u00f6r evigt<\/li>\n<li>Anpassa ditt h\u00e4ngsmycke med platsgravering p\u00e5 ena sidan och personlig text p\u00e5 den andra<\/li>\n<li>20 mm h\u00e4nge tillverkat av h\u00f6gkvalitativt sterlingsilver , lasergraverat och handbearbetat<\/li>\n<li>Anpassa p\u00e5 bara 2 minuter<\/li>\n<li>Se resultatet direkt \u2013 den interaktiva f\u00f6rhandsvisningen l\u00e5ter dig finjustera varje detalj<\/li>\n<\/ul>\n","protected":false},"featured_media":1544321,"template":"","meta":[],"product_brand":[],"product_cat":[9266,9230,7459,7694],"product_tag":[8527,15067,15068,15069,15070],"class_list":{"0":"post-1047150","1":"product","2":"type-product","3":"status-publish","4":"has-post-thumbnail","6":"product_cat-jewelry-sv","7":"product_cat-oversiktskarta-smycken","8":"product_cat-alla-produkter","9":"product_cat-gavor-for-kvinnor","10":"product_tag-couples-sv","11":"product_tag-lancuszek-sv","12":"product_tag-medalion-sv","13":"product_tag-naszyjnik-sv","14":"product_tag-wisiorek-sv","16":"first","17":"instock","18":"sale","19":"taxable","20":"shipping-taxable","21":"purchasable","22":"product-type-variable"},"yoast_head":"<!-- This site is optimized with the Yoast SEO Premium plugin v27.2 (Yoast SEO v27.2) - https:\/\/yoast.com\/product\/yoast-seo-premium-wordpress\/ -->\n<title>Personliga smycken d\u00e4r allt b\u00f6rjade - Positive Prints<\/title>\n<meta name=\"description\" content=\"Personligt smycke med texten D\u00e4r allt b\u00f6rjade - ett innerligt smycke som g\u00f6r att du kan b\u00e4ra med dig magin i din ursprungshistoria vart du \u00e4n g\u00e5r.\" \/>\n<meta name=\"robots\" content=\"index, follow, max-snippet:-1, max-image-preview:large, max-video-preview:-1\" \/>\n<link rel=\"canonical\" href=\"https:\/\/positiveprints.com\/sv\/produkt\/smycken-dar-allt-borjade\/\" \/>\n<meta property=\"og:locale\" content=\"sv_SE\" \/>\n<meta property=\"og:type\" content=\"article\" \/>\n<meta property=\"og:title\" content=\"Personligt smycke med texten D\u00e4r allt b\u00f6rjade\" \/>\n<meta property=\"og:description\" content=\"Personifiera ditt D\u00e4r allt b\u00f6rjade-halsband - b\u00e4r historien, fira starten och v\u00e5rda f\u00f6r evigt  Anpassa ditt h\u00e4ngsmycke med platsgravering p\u00e5 ena sidan och personlig text p\u00e5 den andra   20 mm h\u00e4nge tillverkat av h\u00f6gkvalitativt sterlingsilver , lasergraverat och handbearbetat   Anpassa p\u00e5 bara 2 minuter   Se resultatet direkt \u2013 den interaktiva f\u00f6rhandsvisningen l\u00e5ter dig finjustera varje detalj\" \/>\n<meta property=\"og:url\" content=\"https:\/\/positiveprints.com\/sv\/produkt\/smycken-dar-allt-borjade\/\" \/>\n<meta property=\"og:site_name\" content=\"Positive Prints\" \/>\n<meta property=\"article:publisher\" content=\"https:\/\/www.facebook.com\/positiveprintscom\" \/>\n<meta property=\"article:modified_time\" content=\"2026-04-28T13:00:33+00:00\" \/>\n<meta property=\"og:image\" content=\"https:\/\/positiveprints.com\/wp-content\/uploads\/2025\/10\/Personligt-smycke-med-texten-Dar-allt-borjade-1.webp\" \/>\n\t<meta property=\"og:image:width\" content=\"2280\" \/>\n\t<meta property=\"og:image:height\" content=\"2280\" \/>\n\t<meta property=\"og:image:type\" content=\"image\/webp\" \/>\n<meta name=\"twitter:card\" content=\"summary_large_image\" \/>\n<!-- \/ Yoast SEO Premium plugin. -->","yoast_head_json":{"title":"Personliga smycken d\u00e4r allt b\u00f6rjade - Positive Prints","description":"Personligt smycke med texten D\u00e4r allt b\u00f6rjade - ett innerligt smycke som g\u00f6r att du kan b\u00e4ra med dig magin i din ursprungshistoria vart du \u00e4n g\u00e5r.","robots":{"index":"index","follow":"follow","max-snippet":"max-snippet:-1","max-image-preview":"max-image-preview:large","max-video-preview":"max-video-preview:-1"},"canonical":"https:\/\/positiveprints.com\/sv\/produkt\/smycken-dar-allt-borjade\/","og_locale":"sv_SE","og_type":"article","og_title":"Personligt smycke med texten D\u00e4r allt b\u00f6rjade","og_description":"Personifiera ditt D\u00e4r allt b\u00f6rjade-halsband - b\u00e4r historien, fira starten och v\u00e5rda f\u00f6r evigt  Anpassa ditt h\u00e4ngsmycke med platsgravering p\u00e5 ena sidan och personlig text p\u00e5 den andra   20 mm h\u00e4nge tillverkat av h\u00f6gkvalitativt sterlingsilver , lasergraverat och handbearbetat   Anpassa p\u00e5 bara 2 minuter   Se resultatet direkt \u2013 den interaktiva f\u00f6rhandsvisningen l\u00e5ter dig finjustera varje detalj","og_url":"https:\/\/positiveprints.com\/sv\/produkt\/smycken-dar-allt-borjade\/","og_site_name":"Positive Prints","article_publisher":"https:\/\/www.facebook.com\/positiveprintscom","article_modified_time":"2026-04-28T13:00:33+00:00","og_image":[{"width":2280,"height":2280,"url":"https:\/\/positiveprints.com\/wp-content\/uploads\/2025\/10\/Personligt-smycke-med-texten-Dar-allt-borjade-1.webp","type":"image\/webp"}],"twitter_card":"summary_large_image","schema":{"@context":"https:\/\/schema.org","@graph":[{"@type":["WebPage","ItemPage"],"@id":"https:\/\/positiveprints.com\/sv\/produkt\/smycken-dar-allt-borjade\/","url":"https:\/\/positiveprints.com\/sv\/produkt\/smycken-dar-allt-borjade\/","name":"Personliga smycken d\u00e4r allt b\u00f6rjade - Positive Prints","isPartOf":{"@id":"https:\/\/positiveprints.com\/sv\/#website"},"primaryImageOfPage":{"@id":"https:\/\/positiveprints.com\/sv\/produkt\/smycken-dar-allt-borjade\/#primaryimage"},"image":{"@id":"https:\/\/positiveprints.com\/sv\/produkt\/smycken-dar-allt-borjade\/#primaryimage"},"thumbnailUrl":"https:\/\/positiveprints.com\/wp-content\/uploads\/2025\/10\/Personligt-smycke-med-texten-Dar-allt-borjade-1.webp","datePublished":"2024-01-22T11:47:05+00:00","dateModified":"2026-04-28T13:00:33+00:00","description":"Personligt smycke med texten D\u00e4r allt b\u00f6rjade - ett innerligt smycke som g\u00f6r att du kan b\u00e4ra med dig magin i din ursprungshistoria vart du \u00e4n g\u00e5r.","breadcrumb":{"@id":"https:\/\/positiveprints.com\/sv\/produkt\/smycken-dar-allt-borjade\/#breadcrumb"},"inLanguage":"sv-SE","potentialAction":[{"@type":"ReadAction","target":["https:\/\/positiveprints.com\/sv\/produkt\/smycken-dar-allt-borjade\/"]}]},{"@type":"ImageObject","inLanguage":"sv-SE","@id":"https:\/\/positiveprints.com\/sv\/produkt\/smycken-dar-allt-borjade\/#primaryimage","url":"https:\/\/positiveprints.com\/wp-content\/uploads\/2025\/10\/Personligt-smycke-med-texten-Dar-allt-borjade-1.webp","contentUrl":"https:\/\/positiveprints.com\/wp-content\/uploads\/2025\/10\/Personligt-smycke-med-texten-Dar-allt-borjade-1.webp","width":2280,"height":2280,"caption":"Personligt smycke med texten D\u00e4r allt b\u00f6rjade (1)"},{"@type":"BreadcrumbList","@id":"https:\/\/positiveprints.com\/sv\/produkt\/smycken-dar-allt-borjade\/#breadcrumb","itemListElement":[{"@type":"ListItem","position":1,"name":"Home","item":"https:\/\/positiveprints.com\/sv\/"},{"@type":"ListItem","position":2,"name":"Produkter","item":"https:\/\/positiveprints.com\/sv\/shop\/"},{"@type":"ListItem","position":3,"name":"Personligt smycke med texten D\u00e4r allt b\u00f6rjade"}]},{"@type":"WebSite","@id":"https:\/\/positiveprints.com\/sv\/#website","url":"https:\/\/positiveprints.com\/sv\/","name":"Positive Prints","description":"Amazing Custom Personalized Gifts","publisher":{"@id":"https:\/\/positiveprints.com\/sv\/#organization"},"potentialAction":[{"@type":"SearchAction","target":{"@type":"EntryPoint","urlTemplate":"https:\/\/positiveprints.com\/sv\/?s={search_term_string}"},"query-input":{"@type":"PropertyValueSpecification","valueRequired":true,"valueName":"search_term_string"}}],"inLanguage":"sv-SE"},{"@type":"Organization","@id":"https:\/\/positiveprints.com\/sv\/#organization","name":"Positive Prints","alternateName":"Positive Prints","url":"https:\/\/positiveprints.com\/sv\/","logo":{"@type":"ImageObject","inLanguage":"sv-SE","@id":"https:\/\/positiveprints.com\/sv\/#\/schema\/logo\/image\/","url":"https:\/\/positiveprints.com\/wp-content\/uploads\/2026\/03\/245815646_1337939713319158_5671353136411139666_n.png","contentUrl":"https:\/\/positiveprints.com\/wp-content\/uploads\/2026\/03\/245815646_1337939713319158_5671353136411139666_n.png","width":800,"height":800,"caption":"Positive Prints"},"image":{"@id":"https:\/\/positiveprints.com\/sv\/#\/schema\/logo\/image\/"},"sameAs":["https:\/\/www.facebook.com\/positiveprintscom","https:\/\/www.instagram.com\/positiveprintscom\/","https:\/\/www.tiktok.com\/@positiveprintscom","https:\/\/www.pinterest.com\/positiveprintscom\/"]}]}},"jetpack_sharing_enabled":true,"_links":{"self":[{"href":"https:\/\/positiveprints.com\/sv\/wp-json\/wp\/v2\/product\/1047150","targetHints":{"allow":["GET"]}}],"collection":[{"href":"https:\/\/positiveprints.com\/sv\/wp-json\/wp\/v2\/product"}],"about":[{"href":"https:\/\/positiveprints.com\/sv\/wp-json\/wp\/v2\/types\/product"}],"wp:featuredmedia":[{"embeddable":true,"href":"https:\/\/positiveprints.com\/sv\/wp-json\/wp\/v2\/media\/1544321"}],"wp:attachment":[{"href":"https:\/\/positiveprints.com\/sv\/wp-json\/wp\/v2\/media?parent=1047150"}],"wp:term":[{"taxonomy":"product_brand","embeddable":true,"href":"https:\/\/positiveprints.com\/sv\/wp-json\/wp\/v2\/product_brand?post=1047150"},{"taxonomy":"product_cat","embeddable":true,"href":"https:\/\/positiveprints.com\/sv\/wp-json\/wp\/v2\/product_cat?post=1047150"},{"taxonomy":"product_tag","embeddable":true,"href":"https:\/\/positiveprints.com\/sv\/wp-json\/wp\/v2\/product_tag?post=1047150"}],"curies":[{"name":"wp","href":"https:\/\/api.w.org\/{rel}","templated":true}]}}