{"id":1047110,"date":"2024-01-22T12:27:05","date_gmt":"2024-01-22T11:27:05","guid":{"rendered":"https:\/\/positiveprints.com\/?post_type=product&#038;p=1047110"},"modified":"2026-04-23T11:10:28","modified_gmt":"2026-04-23T10:10:28","slug":"smycken-dar-vi-traffades","status":"publish","type":"product","link":"https:\/\/positiveprints.com\/sv\/produkt\/smycken-dar-vi-traffades\/","title":{"rendered":"Personliga D\u00e4r vi tr\u00e4ffades-smycken"},"content":{"rendered":"<p>Har du n\u00e5gonsin funderat p\u00e5 hur du kan f\u00f6rvandla platsen d\u00e4r ni tr\u00e4ffades till en speciell och unik g\u00e5va? D\u00e5 \u00e4r v\u00e5ra personliga D\u00e4r vi tr\u00e4ffades-smycken svaret! Det \u00e4r som magi du kan b\u00e4ra p\u00e5 dig &#8211; ett coolt halsband som alltid p\u00e5minner dig om din speciella kontakt. Perfekt att ge bort som en &#8220;d\u00e4r vi m\u00f6ttes&#8221;-present eller f\u00f6r att fira \u00e5rsdagar.<\/p>\n\n\n\n<h2>Skapa en personlig g\u00e5va med smycke fr\u00e5n D\u00e4r vi tr\u00e4ffades<\/h2>\n\n\n\n<p>Nu kommer det roliga &#8211; du f\u00e5r v\u00e4lja vilken plats och vilka ord du vill ha p\u00e5 ditt halsband. Vill du l\u00e4gga till en liten symbol f\u00f6r att markera den speciella platsen? Det kan du ocks\u00e5 g\u00f6ra! Det \u00e4r superenkelt, och du kan se hur det kommer att se ut i varje steg.<\/p>\n\n\n\n<h2>En g\u00e5va i silver<\/h2>\n\n\n\n<p>Varje h\u00e4nge, oavsett om det \u00e4r en cirkel eller en 45 cm l\u00e5ng kedja, f\u00e5r en speciell behandling med lasergravyr. Detta f\u00f6rvandlar natthimlen till n\u00e5got du kan b\u00e4ra! Och gissa vad? Det lilla m\u00e4rket p\u00e5 h\u00e4nget och kedjan betyder att det \u00e4r \u00e4kta och tillverkat av h\u00f6g kvalitet.<\/p>\n\n\n\n<h2>F\u00f6rpackad med omsorg &#8211; en presentf\u00f6rpackning full av k\u00e4rlek<\/h2>\n\n\n\n<p>Men det \u00e4r inte allt! Vi f\u00f6rpackar ditt speciella h\u00e4nge i ett fint smyckeskrin. N\u00e4r du \u00f6ppnar den hittar du en sk\u00f6tselguide och en speciell trasa f\u00f6r att h\u00e5lla den ren. Vi vill att din upplevelse ska vara lika fantastisk som din k\u00e4rlekshistoria. S\u00e5 g\u00f6r dig redo att g\u00f6ra din resa extra speciell med v\u00e5ra personliga D\u00e4r vi tr\u00e4ffades-smycken &#8211; ett magiskt s\u00e4tt att b\u00e4ra med dig dina minnen! <\/p>","protected":false},"excerpt":{"rendered":"<ul class=\"check-list\">\n<li>Omfamna magin i er resa med ett personligt D\u00e4r vi tr\u00e4ffades-halsband &#8211; b\u00e4r det n\u00e4ra dig, en st\u00e4ndig p\u00e5minnelse om den unika koppling ni delar<\/li>\n<li>Anpassa ditt h\u00e4ngsmycke med platsgravering p\u00e5 ena sidan och personlig text p\u00e5 den andra<\/li>\n<li>20 mm h\u00e4nge tillverkat av h\u00f6gkvalitativt sterlingsilver , lasergraverat och handbearbetat<\/li>\n<li>Anpassa p\u00e5 bara 2 minuter<\/li>\n<li>Se resultatet direkt \u2013 den interaktiva f\u00f6rhandsvisningen l\u00e5ter dig finjustera varje detalj<\/li>\n<\/ul>\n","protected":false},"featured_media":1539485,"template":"","meta":[],"product_brand":[],"product_cat":[8188,9266,12258,9230,7459,8114,11190,7694,7790,7758,8116,11251],"product_tag":[14998,15067,15068,15069,15070],"class_list":{"0":"post-1047110","1":"product","2":"type-product","3":"status-publish","4":"has-post-thumbnail","6":"product_cat-till-henne","7":"product_cat-jewelry-sv","8":"product_cat-jewelry-basic-sv","9":"product_cat-oversiktskarta-smycken","10":"product_cat-alla-produkter","11":"product_cat-jubileumspresent-presenttillfallen","12":"product_cat-arsdagspresenter-till-henne","13":"product_cat-gavor-for-kvinnor","14":"product_cat-gavor-till-flickvannen","15":"product_cat-gavor-till-fru","16":"product_cat-gava-pa-alla-hjartans-dag","17":"product_cat-alla-hjartans-dag-presenter-for-henne","18":"product_tag-anniversary-sv","19":"product_tag-lancuszek-sv","20":"product_tag-medalion-sv","21":"product_tag-naszyjnik-sv","22":"product_tag-wisiorek-sv","24":"first","25":"instock","26":"sale","27":"taxable","28":"shipping-taxable","29":"purchasable","30":"product-type-variable"},"yoast_head":"<!-- This site is optimized with the Yoast SEO Premium plugin v27.2 (Yoast SEO v27.2) - https:\/\/yoast.com\/product\/yoast-seo-premium-wordpress\/ -->\n<title>Personliga smycken fr\u00e5n D\u00e4r vi tr\u00e4ffades - Positive Prints<\/title>\n<meta name=\"description\" content=\"Har du n\u00e5gonsin funderat p\u00e5 hur du kan f\u00f6rvandla platsen d\u00e4r ni tr\u00e4ffades till en speciell och unik g\u00e5va? D\u00e5 \u00e4r v\u00e5ra personliga D\u00e4r vi tr\u00e4ffades-smycken svaret!\" \/>\n<meta name=\"robots\" content=\"index, follow, max-snippet:-1, max-image-preview:large, max-video-preview:-1\" \/>\n<link rel=\"canonical\" href=\"https:\/\/positiveprints.com\/sv\/produkt\/smycken-dar-vi-traffades\/\" \/>\n<meta property=\"og:locale\" content=\"sv_SE\" \/>\n<meta property=\"og:type\" content=\"article\" \/>\n<meta property=\"og:title\" content=\"Personliga D\u00e4r vi tr\u00e4ffades-smycken\" \/>\n<meta property=\"og:description\" content=\"Omfamna magin i er resa med ett personligt D\u00e4r vi tr\u00e4ffades-halsband - b\u00e4r det n\u00e4ra dig, en st\u00e4ndig p\u00e5minnelse om den unika koppling ni delar  Anpassa ditt h\u00e4ngsmycke med platsgravering p\u00e5 ena sidan och personlig text p\u00e5 den andra   20 mm h\u00e4nge tillverkat av h\u00f6gkvalitativt sterlingsilver , lasergraverat och handbearbetat   Anpassa p\u00e5 bara 2 minuter   Se resultatet direkt \u2013 den interaktiva f\u00f6rhandsvisningen l\u00e5ter dig finjustera varje detalj\" \/>\n<meta property=\"og:url\" content=\"https:\/\/positiveprints.com\/sv\/produkt\/smycken-dar-vi-traffades\/\" \/>\n<meta property=\"og:site_name\" content=\"Positive Prints\" \/>\n<meta property=\"article:publisher\" content=\"https:\/\/www.facebook.com\/positiveprintscom\" \/>\n<meta property=\"article:modified_time\" content=\"2026-04-23T10:10:28+00:00\" \/>\n<meta property=\"og:image\" content=\"https:\/\/positiveprints.com\/wp-content\/uploads\/2025\/10\/PACKSHOT-Personliga-Da\u0308r-vi-tra\u0308ffades-smycken.webp\" \/>\n\t<meta property=\"og:image:width\" content=\"1450\" \/>\n\t<meta property=\"og:image:height\" content=\"1450\" \/>\n\t<meta property=\"og:image:type\" content=\"image\/webp\" \/>\n<meta name=\"twitter:card\" content=\"summary_large_image\" \/>\n<meta name=\"twitter:label1\" content=\"Ber\u00e4knad l\u00e4stid\" \/>\n\t<meta name=\"twitter:data1\" content=\"2 minut\" \/>\n<!-- \/ Yoast SEO Premium plugin. -->","yoast_head_json":{"title":"Personliga smycken fr\u00e5n D\u00e4r vi tr\u00e4ffades - Positive Prints","description":"Har du n\u00e5gonsin funderat p\u00e5 hur du kan f\u00f6rvandla platsen d\u00e4r ni tr\u00e4ffades till en speciell och unik g\u00e5va? D\u00e5 \u00e4r v\u00e5ra personliga D\u00e4r vi tr\u00e4ffades-smycken svaret!","robots":{"index":"index","follow":"follow","max-snippet":"max-snippet:-1","max-image-preview":"max-image-preview:large","max-video-preview":"max-video-preview:-1"},"canonical":"https:\/\/positiveprints.com\/sv\/produkt\/smycken-dar-vi-traffades\/","og_locale":"sv_SE","og_type":"article","og_title":"Personliga D\u00e4r vi tr\u00e4ffades-smycken","og_description":"Omfamna magin i er resa med ett personligt D\u00e4r vi tr\u00e4ffades-halsband - b\u00e4r det n\u00e4ra dig, en st\u00e4ndig p\u00e5minnelse om den unika koppling ni delar  Anpassa ditt h\u00e4ngsmycke med platsgravering p\u00e5 ena sidan och personlig text p\u00e5 den andra   20 mm h\u00e4nge tillverkat av h\u00f6gkvalitativt sterlingsilver , lasergraverat och handbearbetat   Anpassa p\u00e5 bara 2 minuter   Se resultatet direkt \u2013 den interaktiva f\u00f6rhandsvisningen l\u00e5ter dig finjustera varje detalj","og_url":"https:\/\/positiveprints.com\/sv\/produkt\/smycken-dar-vi-traffades\/","og_site_name":"Positive Prints","article_publisher":"https:\/\/www.facebook.com\/positiveprintscom","article_modified_time":"2026-04-23T10:10:28+00:00","og_image":[{"width":1450,"height":1450,"url":"https:\/\/positiveprints.com\/wp-content\/uploads\/2025\/10\/PACKSHOT-Personliga-Da\u0308r-vi-tra\u0308ffades-smycken.webp","type":"image\/webp"}],"twitter_card":"summary_large_image","twitter_misc":{"Ber\u00e4knad l\u00e4stid":"2 minut"},"schema":{"@context":"https:\/\/schema.org","@graph":[{"@type":["WebPage","ItemPage"],"@id":"https:\/\/positiveprints.com\/sv\/produkt\/smycken-dar-vi-traffades\/","url":"https:\/\/positiveprints.com\/sv\/produkt\/smycken-dar-vi-traffades\/","name":"Personliga smycken fr\u00e5n D\u00e4r vi tr\u00e4ffades - Positive Prints","isPartOf":{"@id":"https:\/\/positiveprints.com\/sv\/#website"},"primaryImageOfPage":{"@id":"https:\/\/positiveprints.com\/sv\/produkt\/smycken-dar-vi-traffades\/#primaryimage"},"image":{"@id":"https:\/\/positiveprints.com\/sv\/produkt\/smycken-dar-vi-traffades\/#primaryimage"},"thumbnailUrl":"https:\/\/positiveprints.com\/wp-content\/uploads\/2025\/10\/PACKSHOT-Personliga-Da\u0308r-vi-tra\u0308ffades-smycken.webp","datePublished":"2024-01-22T11:27:05+00:00","dateModified":"2026-04-23T10:10:28+00:00","description":"Har du n\u00e5gonsin funderat p\u00e5 hur du kan f\u00f6rvandla platsen d\u00e4r ni tr\u00e4ffades till en speciell och unik g\u00e5va? D\u00e5 \u00e4r v\u00e5ra personliga D\u00e4r vi tr\u00e4ffades-smycken svaret!","breadcrumb":{"@id":"https:\/\/positiveprints.com\/sv\/produkt\/smycken-dar-vi-traffades\/#breadcrumb"},"inLanguage":"sv-SE","potentialAction":[{"@type":"ReadAction","target":["https:\/\/positiveprints.com\/sv\/produkt\/smycken-dar-vi-traffades\/"]}]},{"@type":"ImageObject","inLanguage":"sv-SE","@id":"https:\/\/positiveprints.com\/sv\/produkt\/smycken-dar-vi-traffades\/#primaryimage","url":"https:\/\/positiveprints.com\/wp-content\/uploads\/2025\/10\/PACKSHOT-Personliga-Da\u0308r-vi-tra\u0308ffades-smycken.webp","contentUrl":"https:\/\/positiveprints.com\/wp-content\/uploads\/2025\/10\/PACKSHOT-Personliga-Da\u0308r-vi-tra\u0308ffades-smycken.webp","width":1450,"height":1450},{"@type":"BreadcrumbList","@id":"https:\/\/positiveprints.com\/sv\/produkt\/smycken-dar-vi-traffades\/#breadcrumb","itemListElement":[{"@type":"ListItem","position":1,"name":"Home","item":"https:\/\/positiveprints.com\/sv\/"},{"@type":"ListItem","position":2,"name":"Produkter","item":"https:\/\/positiveprints.com\/sv\/shop\/"},{"@type":"ListItem","position":3,"name":"Personliga D\u00e4r vi tr\u00e4ffades-smycken"}]},{"@type":"WebSite","@id":"https:\/\/positiveprints.com\/sv\/#website","url":"https:\/\/positiveprints.com\/sv\/","name":"Positive Prints","description":"Amazing Custom Personalized Gifts","publisher":{"@id":"https:\/\/positiveprints.com\/sv\/#organization"},"potentialAction":[{"@type":"SearchAction","target":{"@type":"EntryPoint","urlTemplate":"https:\/\/positiveprints.com\/sv\/?s={search_term_string}"},"query-input":{"@type":"PropertyValueSpecification","valueRequired":true,"valueName":"search_term_string"}}],"inLanguage":"sv-SE"},{"@type":"Organization","@id":"https:\/\/positiveprints.com\/sv\/#organization","name":"Positive Prints","alternateName":"Positive Prints","url":"https:\/\/positiveprints.com\/sv\/","logo":{"@type":"ImageObject","inLanguage":"sv-SE","@id":"https:\/\/positiveprints.com\/sv\/#\/schema\/logo\/image\/","url":"https:\/\/positiveprints.com\/wp-content\/uploads\/2026\/03\/245815646_1337939713319158_5671353136411139666_n.png","contentUrl":"https:\/\/positiveprints.com\/wp-content\/uploads\/2026\/03\/245815646_1337939713319158_5671353136411139666_n.png","width":800,"height":800,"caption":"Positive Prints"},"image":{"@id":"https:\/\/positiveprints.com\/sv\/#\/schema\/logo\/image\/"},"sameAs":["https:\/\/www.facebook.com\/positiveprintscom","https:\/\/www.instagram.com\/positiveprintscom\/","https:\/\/www.tiktok.com\/@positiveprintscom","https:\/\/www.pinterest.com\/positiveprintscom\/"]}]}},"jetpack_sharing_enabled":true,"_links":{"self":[{"href":"https:\/\/positiveprints.com\/sv\/wp-json\/wp\/v2\/product\/1047110","targetHints":{"allow":["GET"]}}],"collection":[{"href":"https:\/\/positiveprints.com\/sv\/wp-json\/wp\/v2\/product"}],"about":[{"href":"https:\/\/positiveprints.com\/sv\/wp-json\/wp\/v2\/types\/product"}],"wp:featuredmedia":[{"embeddable":true,"href":"https:\/\/positiveprints.com\/sv\/wp-json\/wp\/v2\/media\/1539485"}],"wp:attachment":[{"href":"https:\/\/positiveprints.com\/sv\/wp-json\/wp\/v2\/media?parent=1047110"}],"wp:term":[{"taxonomy":"product_brand","embeddable":true,"href":"https:\/\/positiveprints.com\/sv\/wp-json\/wp\/v2\/product_brand?post=1047110"},{"taxonomy":"product_cat","embeddable":true,"href":"https:\/\/positiveprints.com\/sv\/wp-json\/wp\/v2\/product_cat?post=1047110"},{"taxonomy":"product_tag","embeddable":true,"href":"https:\/\/positiveprints.com\/sv\/wp-json\/wp\/v2\/product_tag?post=1047110"}],"curies":[{"name":"wp","href":"https:\/\/api.w.org\/{rel}","templated":true}]}}