{"id":1047092,"date":"2024-01-22T12:02:46","date_gmt":"2024-01-22T11:02:46","guid":{"rendered":"https:\/\/positiveprints.com\/?post_type=product&#038;p=1047092"},"modified":"2026-04-03T02:58:57","modified_gmt":"2026-04-03T01:58:57","slug":"smycken-dagen-da-du-blev-min-mamma","status":"publish","type":"product","link":"https:\/\/positiveprints.com\/sv\/produkt\/smycken-dagen-da-du-blev-min-mamma\/","title":{"rendered":"Personligt Dagen d\u00e5 du blev min mamma smycke"},"content":{"rendered":"<p>Fira det extraordin\u00e4ra bandet mellan dig och din mamma med v\u00e5rt <strong>Personligt Dagen d\u00e5 du blev min mamma smycke<\/strong> &#8211; en innerlig <a href=\"https:\/\/positiveprints.com\/sv\/gavor-till-mamma\/\">g\u00e5va till mamma<\/a> som f\u00e5ngar \u00f6gonblicket d\u00e5 era liv f\u00f6r alltid blev sammanfl\u00e4tade.<\/p>\n\n\n\n<h2>En v\u00e4rdefull g\u00e5va till mamma<\/h2>\n\n\n\n<p>Uttryck din djupa k\u00e4rlek och tacksamhet f\u00f6r den kvinna som betyder allt f\u00f6r dig med detta meningsfulla och personliga smycke. <strong>Personligt Dagen d\u00e5 du blev min mamma smycke<\/strong> \u00e4r en vacker p\u00e5minnelse om den dag d\u00e5 du fick den mest speciella mamma.<\/p>\n\n\n\n<p>G\u00f6r denna Mors dag-present helt unik genom att v\u00e4lja det datum d\u00e5 du officiellt blev hennes barn. V\u00e5r toppmoderna teknik skapar en visuell representation av natthimlen fr\u00e5n den of\u00f6rgl\u00f6mliga dagen och skapar ett unikt och k\u00e4nslosamt f\u00f6rem\u00e5l som hon kommer att uppskatta f\u00f6r alltid.<\/p>\n\n\n\n<h2>Fram och tillbaka, en mors k\u00e4rlekshistoria<\/h2>\n\n\n\n<p>P\u00e5 h\u00e4ngsmyckets framsida kan du beundra den himmelska utst\u00e4llningen fr\u00e5n den dag d\u00e5 du blev hennes barn. Baksidan \u00e4r reserverad f\u00f6r en personlig touch &#8211; l\u00e4gg till datum och ett innerligt meddelande som &#8220;Dagen d\u00e5 du blev min mamma&#8221; eller &#8220;F\u00f6r evigt tacksam&#8221;.<\/p>\n\n\n\n<p>Varje h\u00e4nge, som finns i en cirkul\u00e4r design eller med en 45 cm l\u00e5ng kedja, genomg\u00e5r en minuti\u00f6s lasergravering som f\u00f6rvandlar natthimlen till ett b\u00e4rbart konstverk. En diskret st\u00e4mpel p\u00e5 b\u00e5de h\u00e4nget och kedjan visar v\u00e5rt engagemang f\u00f6r kvalitet.<\/p>\n\n\n\n<h2>En tidl\u00f6s symbol f\u00f6r modersk\u00e4rlek<\/h2>\n\n\n\n<p>Presentera dina personliga smycken i en elegant ask, komplett med en sk\u00f6tselguide och en speciell trasa f\u00f6r reng\u00f6ring. Denna omt\u00e4nksamma present \u00e5terspeglar v\u00e5rt engagemang f\u00f6r att ge en minnesv\u00e4rd upplevelse som \u00e4r lika str\u00e5lande som din mors k\u00e4rlek.<\/p>\n\n\n\n<p><strong>Personligt Dagen d\u00e5 du blev min mamma smycke<\/strong> \u00e4r en tidl\u00f6s symbol f\u00f6r det unika band du delar med din mamma. Missa inte chansen att skapa en <a href=\"https:\/\/positiveprints.com\/sv\/mors-dag-presenter\/\">morsdagspresent<\/a> som kommer att uppskattas under en livstid &#8211; best\u00e4ll ditt <strong>Personligt Dagen d\u00e5 du blev min mamma smycke<\/strong> nu och ge en bit av stj\u00e4rnorna till den extraordin\u00e4ra kvinna som formade din v\u00e4rld.<\/p>","protected":false},"excerpt":{"rendered":"<ul class=\"check-list\">\n<li>Hylla bandet mellan dig och din mamma med ett halsband med texten Dagen du blev min mamma<\/li>\n<li>20 mm h\u00e4ngsmycke tillverkat av h\u00f6gkvalitativt sterling silver, lasergraverat och handbearbetat<\/li>\n<li>V\u00e4lj en hj\u00e4rtlig och passande text<\/li>\n<li>Anpassa p\u00e5 bara 2 minuter<\/li>\n<li>Se resultatet direkt \u2013 den interaktiva f\u00f6rhandsvisningen l\u00e5ter dig finjustera varje detalj<\/li>\n<\/ul>\n","protected":false},"featured_media":1543009,"template":"","meta":[],"product_brand":[],"product_cat":[7459,9266,8108,8113,9221,8218,11474,7710,9767],"product_tag":[11833,15067,11030,11031,10961,11032,15068,8409,11029,11033,15069,15070],"class_list":{"0":"post-1047092","1":"product","2":"type-product","3":"status-publish","4":"has-post-thumbnail","6":"product_cat-alla-produkter","7":"product_cat-jewelry-sv","8":"product_cat-julpresenter","9":"product_cat-mors-dag-presenter","10":"product_cat-smycken-fran-stjarnkartor","11":"product_cat-star-sv","12":"product_cat-julklappar-till-mamma","13":"product_cat-gavor-till-mamma","14":"product_cat-trending-label-sv","15":"product_tag-julklappar-till-mamma","16":"product_tag-lancuszek-sv","17":"product_tag-mam-sv","18":"product_tag-mamma-sv","19":"product_tag-mamma","20":"product_tag-mammor","21":"product_tag-medalion-sv","22":"product_tag-mother-sv","23":"product_tag-mumie","24":"product_tag-mumie-sv","25":"product_tag-naszyjnik-sv","26":"product_tag-wisiorek-sv","28":"first","29":"instock","30":"sale","31":"taxable","32":"shipping-taxable","33":"purchasable","34":"product-type-variable"},"yoast_head":"<!-- This site is optimized with the Yoast SEO Premium plugin v27.2 (Yoast SEO v27.2) - https:\/\/yoast.com\/product\/yoast-seo-premium-wordpress\/ -->\n<title>Personligt Dagen d\u00e5 du blev min mamma smycke - Positive Prints<\/title>\n<meta name=\"description\" content=\"Fira det extraordin\u00e4ra bandet mellan dig och din mamma med v\u00e5rt personliga &quot;Dagen du blev min mamma\u201d smycke - en innerlig g\u00e5va till din mamma.\" \/>\n<meta name=\"robots\" content=\"index, follow, max-snippet:-1, max-image-preview:large, max-video-preview:-1\" \/>\n<link rel=\"canonical\" href=\"https:\/\/positiveprints.com\/sv\/produkt\/smycken-dagen-da-du-blev-min-mamma\/\" \/>\n<meta property=\"og:locale\" content=\"sv_SE\" \/>\n<meta property=\"og:type\" content=\"article\" \/>\n<meta property=\"og:title\" content=\"Personligt Dagen d\u00e5 du blev min mamma smycke\" \/>\n<meta property=\"og:description\" content=\"Hylla bandet mellan dig och din mamma med ett halsband med texten Dagen du blev min mamma 20 mm h\u00e4ngsmycke tillverkat av h\u00f6gkvalitativt sterling silver, lasergraverat och handbearbetat V\u00e4lj en hj\u00e4rtlig och passande text Anpassa p\u00e5 bara 2 minuter Se resultatet direkt \u2013 den interaktiva f\u00f6rhandsvisningen l\u00e5ter dig finjustera varje detalj\" \/>\n<meta property=\"og:url\" content=\"https:\/\/positiveprints.com\/sv\/produkt\/smycken-dagen-da-du-blev-min-mamma\/\" \/>\n<meta property=\"og:site_name\" content=\"Positive Prints\" \/>\n<meta property=\"article:publisher\" content=\"https:\/\/www.facebook.com\/positiveprintscom\" \/>\n<meta property=\"article:modified_time\" content=\"2026-04-03T01:58:57+00:00\" \/>\n<meta property=\"og:image\" content=\"https:\/\/positiveprints.com\/wp-content\/uploads\/2025\/10\/PACKSHOT_SE_Personligt-Dagen-da\u030a-du-blev-min-mamma-smycke.webp\" \/>\n\t<meta property=\"og:image:width\" content=\"2280\" \/>\n\t<meta property=\"og:image:height\" content=\"2280\" \/>\n\t<meta property=\"og:image:type\" content=\"image\/webp\" \/>\n<meta name=\"twitter:card\" content=\"summary_large_image\" \/>\n<meta name=\"twitter:label1\" content=\"Ber\u00e4knad l\u00e4stid\" \/>\n\t<meta name=\"twitter:data1\" content=\"2 minut\" \/>\n<!-- \/ Yoast SEO Premium plugin. -->","yoast_head_json":{"title":"Personligt Dagen d\u00e5 du blev min mamma smycke - Positive Prints","description":"Fira det extraordin\u00e4ra bandet mellan dig och din mamma med v\u00e5rt personliga \"Dagen du blev min mamma\u201d smycke - en innerlig g\u00e5va till din mamma.","robots":{"index":"index","follow":"follow","max-snippet":"max-snippet:-1","max-image-preview":"max-image-preview:large","max-video-preview":"max-video-preview:-1"},"canonical":"https:\/\/positiveprints.com\/sv\/produkt\/smycken-dagen-da-du-blev-min-mamma\/","og_locale":"sv_SE","og_type":"article","og_title":"Personligt Dagen d\u00e5 du blev min mamma smycke","og_description":"Hylla bandet mellan dig och din mamma med ett halsband med texten Dagen du blev min mamma 20 mm h\u00e4ngsmycke tillverkat av h\u00f6gkvalitativt sterling silver, lasergraverat och handbearbetat V\u00e4lj en hj\u00e4rtlig och passande text Anpassa p\u00e5 bara 2 minuter Se resultatet direkt \u2013 den interaktiva f\u00f6rhandsvisningen l\u00e5ter dig finjustera varje detalj","og_url":"https:\/\/positiveprints.com\/sv\/produkt\/smycken-dagen-da-du-blev-min-mamma\/","og_site_name":"Positive Prints","article_publisher":"https:\/\/www.facebook.com\/positiveprintscom","article_modified_time":"2026-04-03T01:58:57+00:00","og_image":[{"width":2280,"height":2280,"url":"https:\/\/positiveprints.com\/wp-content\/uploads\/2025\/10\/PACKSHOT_SE_Personligt-Dagen-da\u030a-du-blev-min-mamma-smycke.webp","type":"image\/webp"}],"twitter_card":"summary_large_image","twitter_misc":{"Ber\u00e4knad l\u00e4stid":"2 minut"},"schema":{"@context":"https:\/\/schema.org","@graph":[{"@type":["WebPage","ItemPage"],"@id":"https:\/\/positiveprints.com\/sv\/produkt\/smycken-dagen-da-du-blev-min-mamma\/","url":"https:\/\/positiveprints.com\/sv\/produkt\/smycken-dagen-da-du-blev-min-mamma\/","name":"Personligt Dagen d\u00e5 du blev min mamma smycke - Positive Prints","isPartOf":{"@id":"https:\/\/positiveprints.com\/sv\/#website"},"primaryImageOfPage":{"@id":"https:\/\/positiveprints.com\/sv\/produkt\/smycken-dagen-da-du-blev-min-mamma\/#primaryimage"},"image":{"@id":"https:\/\/positiveprints.com\/sv\/produkt\/smycken-dagen-da-du-blev-min-mamma\/#primaryimage"},"thumbnailUrl":"https:\/\/positiveprints.com\/wp-content\/uploads\/2025\/10\/PACKSHOT_SE_Personligt-Dagen-da\u030a-du-blev-min-mamma-smycke.webp","datePublished":"2024-01-22T11:02:46+00:00","dateModified":"2026-04-03T01:58:57+00:00","description":"Fira det extraordin\u00e4ra bandet mellan dig och din mamma med v\u00e5rt personliga \"Dagen du blev min mamma\u201d smycke - en innerlig g\u00e5va till din mamma.","breadcrumb":{"@id":"https:\/\/positiveprints.com\/sv\/produkt\/smycken-dagen-da-du-blev-min-mamma\/#breadcrumb"},"inLanguage":"sv-SE","potentialAction":[{"@type":"ReadAction","target":["https:\/\/positiveprints.com\/sv\/produkt\/smycken-dagen-da-du-blev-min-mamma\/"]}]},{"@type":"ImageObject","inLanguage":"sv-SE","@id":"https:\/\/positiveprints.com\/sv\/produkt\/smycken-dagen-da-du-blev-min-mamma\/#primaryimage","url":"https:\/\/positiveprints.com\/wp-content\/uploads\/2025\/10\/PACKSHOT_SE_Personligt-Dagen-da\u030a-du-blev-min-mamma-smycke.webp","contentUrl":"https:\/\/positiveprints.com\/wp-content\/uploads\/2025\/10\/PACKSHOT_SE_Personligt-Dagen-da\u030a-du-blev-min-mamma-smycke.webp","width":2280,"height":2280},{"@type":"BreadcrumbList","@id":"https:\/\/positiveprints.com\/sv\/produkt\/smycken-dagen-da-du-blev-min-mamma\/#breadcrumb","itemListElement":[{"@type":"ListItem","position":1,"name":"Home","item":"https:\/\/positiveprints.com\/sv\/"},{"@type":"ListItem","position":2,"name":"Produkter","item":"https:\/\/positiveprints.com\/sv\/shop\/"},{"@type":"ListItem","position":3,"name":"Personligt Dagen d\u00e5 du blev min mamma smycke"}]},{"@type":"WebSite","@id":"https:\/\/positiveprints.com\/sv\/#website","url":"https:\/\/positiveprints.com\/sv\/","name":"Positive Prints","description":"Amazing Custom Personalized Gifts","publisher":{"@id":"https:\/\/positiveprints.com\/sv\/#organization"},"potentialAction":[{"@type":"SearchAction","target":{"@type":"EntryPoint","urlTemplate":"https:\/\/positiveprints.com\/sv\/?s={search_term_string}"},"query-input":{"@type":"PropertyValueSpecification","valueRequired":true,"valueName":"search_term_string"}}],"inLanguage":"sv-SE"},{"@type":"Organization","@id":"https:\/\/positiveprints.com\/sv\/#organization","name":"Positive Prints","alternateName":"Positive Prints","url":"https:\/\/positiveprints.com\/sv\/","logo":{"@type":"ImageObject","inLanguage":"sv-SE","@id":"https:\/\/positiveprints.com\/sv\/#\/schema\/logo\/image\/","url":"https:\/\/positiveprints.com\/wp-content\/uploads\/2026\/03\/245815646_1337939713319158_5671353136411139666_n.png","contentUrl":"https:\/\/positiveprints.com\/wp-content\/uploads\/2026\/03\/245815646_1337939713319158_5671353136411139666_n.png","width":800,"height":800,"caption":"Positive Prints"},"image":{"@id":"https:\/\/positiveprints.com\/sv\/#\/schema\/logo\/image\/"},"sameAs":["https:\/\/www.facebook.com\/positiveprintscom","https:\/\/www.instagram.com\/positiveprintscom\/","https:\/\/www.tiktok.com\/@positiveprintscom","https:\/\/www.pinterest.com\/positiveprintscom\/"]}]}},"jetpack_sharing_enabled":true,"_links":{"self":[{"href":"https:\/\/positiveprints.com\/sv\/wp-json\/wp\/v2\/product\/1047092","targetHints":{"allow":["GET"]}}],"collection":[{"href":"https:\/\/positiveprints.com\/sv\/wp-json\/wp\/v2\/product"}],"about":[{"href":"https:\/\/positiveprints.com\/sv\/wp-json\/wp\/v2\/types\/product"}],"wp:featuredmedia":[{"embeddable":true,"href":"https:\/\/positiveprints.com\/sv\/wp-json\/wp\/v2\/media\/1543009"}],"wp:attachment":[{"href":"https:\/\/positiveprints.com\/sv\/wp-json\/wp\/v2\/media?parent=1047092"}],"wp:term":[{"taxonomy":"product_brand","embeddable":true,"href":"https:\/\/positiveprints.com\/sv\/wp-json\/wp\/v2\/product_brand?post=1047092"},{"taxonomy":"product_cat","embeddable":true,"href":"https:\/\/positiveprints.com\/sv\/wp-json\/wp\/v2\/product_cat?post=1047092"},{"taxonomy":"product_tag","embeddable":true,"href":"https:\/\/positiveprints.com\/sv\/wp-json\/wp\/v2\/product_tag?post=1047092"}],"curies":[{"name":"wp","href":"https:\/\/api.w.org\/{rel}","templated":true}]}}