{"id":1047066,"date":"2024-01-22T11:36:21","date_gmt":"2024-01-22T10:36:21","guid":{"rendered":"https:\/\/positiveprints.com\/?post_type=product&#038;p=1047066"},"modified":"2026-04-03T02:59:02","modified_gmt":"2026-04-03T01:59:02","slug":"natten-vi-forlovade-oss-smycken","status":"publish","type":"product","link":"https:\/\/positiveprints.com\/sv\/produkt\/natten-vi-forlovade-oss-smycken\/","title":{"rendered":"Personligt Natten vi f\u00f6rlovade oss smycke"},"content":{"rendered":"<p>F\u00e5nga k\u00e4nslan av er f\u00f6rlovning p\u00e5 ett konkret och vackert s\u00e4tt med v\u00e5rt <strong>Personligt Natten vi f\u00f6rlovade oss smycke<\/strong>. Det unika h\u00e4nget \u00e4r en b\u00e4rbar p\u00e5minnelse om det f\u00f6rtrollande \u00f6gonblick d\u00e5 ni b\u00e5da tog ett steg mot evigheten.<\/p>\n\n\n\n<h2>Anpassa din stj\u00e4rnklara f\u00f6rlovningssaga<\/h2>\n\n\n\n<p>G\u00f6r ditt halsband personligt genom att v\u00e4lja exakt tid och plats f\u00f6r din f\u00f6rlovning. V\u00e5r avancerade teknik \u00e5terskapar det himmelska panoramat fr\u00e5n den of\u00f6rgl\u00f6mliga natten och f\u00f6revigar de stj\u00e4rnor som prydde himlen n\u00e4r du sa &#8220;ja&#8221;.<\/p>\n\n\n\n<p>P\u00e5 framsidan kan du se stj\u00e4rnbilderna fr\u00e5n er f\u00f6rlovningsnatt, medan baksidan v\u00e4ntar p\u00e5 en hj\u00e4rtlig gravyr. L\u00e4gg till datum och plats f\u00f6r f\u00f6rlovningen och g\u00f6r den till din egen med ett fint meddelande som &#8220;Natten d\u00e5 vi f\u00f6rlovade oss&#8221; eller &#8220;F\u00f6r evigt din&#8221;.<\/p>\n\n\n\n<h2>Uts\u00f6kta material f\u00f6r l\u00e5ngvarig elegans<\/h2>\n\n\n\n<p>Varje h\u00e4ngsmycke, oavsett om det har en cirkul\u00e4r design eller en 45 cm l\u00e5ng kedja, genomg\u00e5r en exakt lasergravering som f\u00f6rvandlar natthimlen till ett b\u00e4rbart m\u00e4sterverk. V\u00e5rt engagemang f\u00f6r kvalitet markeras av en liten men tydlig st\u00e4mpel p\u00e5 b\u00e5de h\u00e4nget och kedjan.<\/p>\n\n\n\n<p>Ditt <strong>Personligt Natten vi f\u00f6rlovade oss smycke<\/strong> levereras i ett elegant smyckeskrin tillsammans med en sk\u00f6tselguide och en speciell trasa f\u00f6r reng\u00f6ring. Denna uppm\u00e4rksamhet p\u00e5 detaljer \u00e5terspeglar v\u00e5rt engagemang f\u00f6r att ge dig en upplevelse som \u00e4r lika anm\u00e4rkningsv\u00e4rd som ditt engagemang.<\/p>\n\n\n\n<h2>Personligt Natten vi f\u00f6rlovade oss smycke \u2013 En best\u00e5ende symbol f\u00f6r er f\u00f6rlovning och k\u00e4rlek<\/h2>\n\n\n\n<p>F\u00f6rh\u00f6j din <a href=\"https:\/\/positiveprints.com\/sv\/gavor-for-nyforlovade-par\/\">f\u00f6rlovningspresent<\/a> med det f\u00f6rtrollande <strong>Personligt Natten vi f\u00f6rlovade oss smycke<\/strong>. V\u00e4lj \u00f6nskat material, s\u00e4tt din personliga pr\u00e4gel p\u00e5 natthimlen och bevittna det intrikata hantverket som f\u00f6rvandlar k\u00e4ra minnen till ett fantastiskt halsband.<\/p>\n\n\n\n<p>V\u00e5ra skr\u00e4ddarsydda smycken \u00e4r en tidl\u00f6s symbol f\u00f6r er k\u00e4rlekshistoria, fr\u00e5n natten d\u00e5 ni f\u00f6rlovade er. Ta chansen att skapa ett minne som kommer att vara f\u00f6r evigt \u2013 best\u00e4ll ditt <strong>Personligt Natten vi f\u00f6rlovade oss smycke<\/strong> nu och dela en bit av stj\u00e4rnorna med n\u00e5gon du h\u00e5ller k\u00e4r.<\/p>","protected":false},"excerpt":{"rendered":"<ul class=\"check-list\">\n<li>\u00c5terupplev det f\u00f6rtrollande \u00f6gonblicket n\u00e4r ni f\u00f6rlovade er med ett Natten vi f\u00f6rlovade oss-halsband<\/li>\n<li>20 mm h\u00e4ngsmycke tillverkat av h\u00f6gkvalitativt sterling silver, lasergraverat och handbearbetat<\/li>\n<li>V\u00e4lj en uppriktig text efter tillf\u00e4lle<\/li>\n<li>Anpassa p\u00e5 bara 2 minuter<\/li>\n<li>Se resultatet direkt \u2013 den interaktiva f\u00f6rhandsvisningen l\u00e5ter dig finjustera varje detalj<\/li>\n<\/ul>\n","protected":false},"featured_media":1542700,"template":"","meta":[],"product_brand":[],"product_cat":[9266,9221,7459,8118,8218],"product_tag":[8441,15067,15068,15069,15070],"class_list":{"0":"post-1047066","1":"product","2":"type-product","3":"status-publish","4":"has-post-thumbnail","6":"product_cat-jewelry-sv","7":"product_cat-smycken-fran-stjarnkartor","8":"product_cat-alla-produkter","9":"product_cat-gavor-for-nyforlovade-par-presenttillfallen","10":"product_cat-star-sv","11":"product_tag-forlovning","12":"product_tag-lancuszek-sv","13":"product_tag-medalion-sv","14":"product_tag-naszyjnik-sv","15":"product_tag-wisiorek-sv","17":"first","18":"instock","19":"sale","20":"taxable","21":"shipping-taxable","22":"purchasable","23":"product-type-variable"},"yoast_head":"<!-- This site is optimized with the Yoast SEO Premium plugin v27.2 (Yoast SEO v27.2) - https:\/\/yoast.com\/product\/yoast-seo-premium-wordpress\/ -->\n<title>Personligt Natten vi f\u00f6rlovade oss smycke - Positive Prints<\/title>\n<meta name=\"description\" content=\"F\u00e5nga k\u00e4nslan av er f\u00f6rlovning p\u00e5 ett konkret och vackert s\u00e4tt med v\u00e5rt &quot;Natten vi f\u00f6rlovade oss\u201d smycke.\" \/>\n<meta name=\"robots\" content=\"index, follow, max-snippet:-1, max-image-preview:large, max-video-preview:-1\" \/>\n<link rel=\"canonical\" href=\"https:\/\/positiveprints.com\/sv\/produkt\/natten-vi-forlovade-oss-smycken\/\" \/>\n<meta property=\"og:locale\" content=\"sv_SE\" \/>\n<meta property=\"og:type\" content=\"article\" \/>\n<meta property=\"og:title\" content=\"Personligt Natten vi f\u00f6rlovade oss smycke\" \/>\n<meta property=\"og:description\" content=\"\u00c5terupplev det f\u00f6rtrollande \u00f6gonblicket n\u00e4r ni f\u00f6rlovade er med ett Natten vi f\u00f6rlovade oss-halsband 20 mm h\u00e4ngsmycke tillverkat av h\u00f6gkvalitativt sterling silver, lasergraverat och handbearbetat V\u00e4lj en uppriktig text efter tillf\u00e4lle Anpassa p\u00e5 bara 2 minuter Se resultatet direkt \u2013 den interaktiva f\u00f6rhandsvisningen l\u00e5ter dig finjustera varje detalj\" \/>\n<meta property=\"og:url\" content=\"https:\/\/positiveprints.com\/sv\/produkt\/natten-vi-forlovade-oss-smycken\/\" \/>\n<meta property=\"og:site_name\" content=\"Positive Prints\" \/>\n<meta property=\"article:publisher\" content=\"https:\/\/www.facebook.com\/positiveprintscom\" \/>\n<meta property=\"article:modified_time\" content=\"2026-04-03T01:59:02+00:00\" \/>\n<meta property=\"og:image\" content=\"https:\/\/positiveprints.com\/wp-content\/uploads\/2025\/10\/PACKSHOT_SE_Personligt-Natten-vi-fo\u0308rlovade-oss-smycke.webp\" \/>\n\t<meta property=\"og:image:width\" content=\"2280\" \/>\n\t<meta property=\"og:image:height\" content=\"2280\" \/>\n\t<meta property=\"og:image:type\" content=\"image\/webp\" \/>\n<meta name=\"twitter:card\" content=\"summary_large_image\" \/>\n<meta name=\"twitter:label1\" content=\"Ber\u00e4knad l\u00e4stid\" \/>\n\t<meta name=\"twitter:data1\" content=\"2 minut\" \/>\n<!-- \/ Yoast SEO Premium plugin. -->","yoast_head_json":{"title":"Personligt Natten vi f\u00f6rlovade oss smycke - Positive Prints","description":"F\u00e5nga k\u00e4nslan av er f\u00f6rlovning p\u00e5 ett konkret och vackert s\u00e4tt med v\u00e5rt \"Natten vi f\u00f6rlovade oss\u201d smycke.","robots":{"index":"index","follow":"follow","max-snippet":"max-snippet:-1","max-image-preview":"max-image-preview:large","max-video-preview":"max-video-preview:-1"},"canonical":"https:\/\/positiveprints.com\/sv\/produkt\/natten-vi-forlovade-oss-smycken\/","og_locale":"sv_SE","og_type":"article","og_title":"Personligt Natten vi f\u00f6rlovade oss smycke","og_description":"\u00c5terupplev det f\u00f6rtrollande \u00f6gonblicket n\u00e4r ni f\u00f6rlovade er med ett Natten vi f\u00f6rlovade oss-halsband 20 mm h\u00e4ngsmycke tillverkat av h\u00f6gkvalitativt sterling silver, lasergraverat och handbearbetat V\u00e4lj en uppriktig text efter tillf\u00e4lle Anpassa p\u00e5 bara 2 minuter Se resultatet direkt \u2013 den interaktiva f\u00f6rhandsvisningen l\u00e5ter dig finjustera varje detalj","og_url":"https:\/\/positiveprints.com\/sv\/produkt\/natten-vi-forlovade-oss-smycken\/","og_site_name":"Positive Prints","article_publisher":"https:\/\/www.facebook.com\/positiveprintscom","article_modified_time":"2026-04-03T01:59:02+00:00","og_image":[{"width":2280,"height":2280,"url":"https:\/\/positiveprints.com\/wp-content\/uploads\/2025\/10\/PACKSHOT_SE_Personligt-Natten-vi-fo\u0308rlovade-oss-smycke.webp","type":"image\/webp"}],"twitter_card":"summary_large_image","twitter_misc":{"Ber\u00e4knad l\u00e4stid":"2 minut"},"schema":{"@context":"https:\/\/schema.org","@graph":[{"@type":["WebPage","ItemPage"],"@id":"https:\/\/positiveprints.com\/sv\/produkt\/natten-vi-forlovade-oss-smycken\/","url":"https:\/\/positiveprints.com\/sv\/produkt\/natten-vi-forlovade-oss-smycken\/","name":"Personligt Natten vi f\u00f6rlovade oss smycke - Positive Prints","isPartOf":{"@id":"https:\/\/positiveprints.com\/sv\/#website"},"primaryImageOfPage":{"@id":"https:\/\/positiveprints.com\/sv\/produkt\/natten-vi-forlovade-oss-smycken\/#primaryimage"},"image":{"@id":"https:\/\/positiveprints.com\/sv\/produkt\/natten-vi-forlovade-oss-smycken\/#primaryimage"},"thumbnailUrl":"https:\/\/positiveprints.com\/wp-content\/uploads\/2025\/10\/PACKSHOT_SE_Personligt-Natten-vi-fo\u0308rlovade-oss-smycke.webp","datePublished":"2024-01-22T10:36:21+00:00","dateModified":"2026-04-03T01:59:02+00:00","description":"F\u00e5nga k\u00e4nslan av er f\u00f6rlovning p\u00e5 ett konkret och vackert s\u00e4tt med v\u00e5rt \"Natten vi f\u00f6rlovade oss\u201d smycke.","breadcrumb":{"@id":"https:\/\/positiveprints.com\/sv\/produkt\/natten-vi-forlovade-oss-smycken\/#breadcrumb"},"inLanguage":"sv-SE","potentialAction":[{"@type":"ReadAction","target":["https:\/\/positiveprints.com\/sv\/produkt\/natten-vi-forlovade-oss-smycken\/"]}]},{"@type":"ImageObject","inLanguage":"sv-SE","@id":"https:\/\/positiveprints.com\/sv\/produkt\/natten-vi-forlovade-oss-smycken\/#primaryimage","url":"https:\/\/positiveprints.com\/wp-content\/uploads\/2025\/10\/PACKSHOT_SE_Personligt-Natten-vi-fo\u0308rlovade-oss-smycke.webp","contentUrl":"https:\/\/positiveprints.com\/wp-content\/uploads\/2025\/10\/PACKSHOT_SE_Personligt-Natten-vi-fo\u0308rlovade-oss-smycke.webp","width":2280,"height":2280},{"@type":"BreadcrumbList","@id":"https:\/\/positiveprints.com\/sv\/produkt\/natten-vi-forlovade-oss-smycken\/#breadcrumb","itemListElement":[{"@type":"ListItem","position":1,"name":"Home","item":"https:\/\/positiveprints.com\/sv\/"},{"@type":"ListItem","position":2,"name":"Produkter","item":"https:\/\/positiveprints.com\/sv\/shop\/"},{"@type":"ListItem","position":3,"name":"Personligt Natten vi f\u00f6rlovade oss smycke"}]},{"@type":"WebSite","@id":"https:\/\/positiveprints.com\/sv\/#website","url":"https:\/\/positiveprints.com\/sv\/","name":"Positive Prints","description":"Amazing Custom Personalized Gifts","publisher":{"@id":"https:\/\/positiveprints.com\/sv\/#organization"},"potentialAction":[{"@type":"SearchAction","target":{"@type":"EntryPoint","urlTemplate":"https:\/\/positiveprints.com\/sv\/?s={search_term_string}"},"query-input":{"@type":"PropertyValueSpecification","valueRequired":true,"valueName":"search_term_string"}}],"inLanguage":"sv-SE"},{"@type":"Organization","@id":"https:\/\/positiveprints.com\/sv\/#organization","name":"Positive Prints","alternateName":"Positive Prints","url":"https:\/\/positiveprints.com\/sv\/","logo":{"@type":"ImageObject","inLanguage":"sv-SE","@id":"https:\/\/positiveprints.com\/sv\/#\/schema\/logo\/image\/","url":"https:\/\/positiveprints.com\/wp-content\/uploads\/2026\/03\/245815646_1337939713319158_5671353136411139666_n.png","contentUrl":"https:\/\/positiveprints.com\/wp-content\/uploads\/2026\/03\/245815646_1337939713319158_5671353136411139666_n.png","width":800,"height":800,"caption":"Positive Prints"},"image":{"@id":"https:\/\/positiveprints.com\/sv\/#\/schema\/logo\/image\/"},"sameAs":["https:\/\/www.facebook.com\/positiveprintscom","https:\/\/www.instagram.com\/positiveprintscom\/","https:\/\/www.tiktok.com\/@positiveprintscom","https:\/\/www.pinterest.com\/positiveprintscom\/"]}]}},"jetpack_sharing_enabled":true,"_links":{"self":[{"href":"https:\/\/positiveprints.com\/sv\/wp-json\/wp\/v2\/product\/1047066","targetHints":{"allow":["GET"]}}],"collection":[{"href":"https:\/\/positiveprints.com\/sv\/wp-json\/wp\/v2\/product"}],"about":[{"href":"https:\/\/positiveprints.com\/sv\/wp-json\/wp\/v2\/types\/product"}],"wp:featuredmedia":[{"embeddable":true,"href":"https:\/\/positiveprints.com\/sv\/wp-json\/wp\/v2\/media\/1542700"}],"wp:attachment":[{"href":"https:\/\/positiveprints.com\/sv\/wp-json\/wp\/v2\/media?parent=1047066"}],"wp:term":[{"taxonomy":"product_brand","embeddable":true,"href":"https:\/\/positiveprints.com\/sv\/wp-json\/wp\/v2\/product_brand?post=1047066"},{"taxonomy":"product_cat","embeddable":true,"href":"https:\/\/positiveprints.com\/sv\/wp-json\/wp\/v2\/product_cat?post=1047066"},{"taxonomy":"product_tag","embeddable":true,"href":"https:\/\/positiveprints.com\/sv\/wp-json\/wp\/v2\/product_tag?post=1047066"}],"curies":[{"name":"wp","href":"https:\/\/api.w.org\/{rel}","templated":true}]}}