{"id":1046954,"date":"2024-01-22T11:13:42","date_gmt":"2024-01-22T10:13:42","guid":{"rendered":"https:\/\/positiveprints.com\/?post_type=product&#038;p=1046954"},"modified":"2026-04-03T02:59:08","modified_gmt":"2026-04-03T01:59:08","slug":"natten-vi-mottes-smycken","status":"publish","type":"product","link":"https:\/\/positiveprints.com\/sv\/produkt\/natten-vi-mottes-smycken\/","title":{"rendered":"Personliga Natten vi m\u00f6ttes-smycken"},"content":{"rendered":"<p>Letar du efter en speciell g\u00e5va? Uppt\u00e4ck v\u00e5ra &#8220;Natten vi m\u00f6ttes&#8221;-smycken, en b\u00e4rbar hyllning till din unika k\u00e4rlekshistoria.<\/p>\n\n\n\n<h2>Skapa ditt eget &#8220;Natten vi m\u00f6ttes&#8221;-smycke<\/h2>\n\n\n\n<p>Uppt\u00e4ck smycken som f\u00e5ngar speciella \u00f6gonblick, symboliserar evig k\u00e4rlek och sk\u00e4nker gl\u00e4dje. Denna h\u00e4ngsmycke \u00e4r det perfekta valet f\u00f6r att ge dina minnen en personlig touch.<\/p>\n\n\n\n<p>Skapa ditt eget speciella halsband med v\u00e5ra &#8220;Natten vi m\u00f6ttes&#8221;-smycken. V\u00e4lj tid och plats n\u00e4r ni tr\u00e4ffades f\u00f6r f\u00f6rsta g\u00e5ngen, s\u00e5 skapar v\u00e5r teknik en bild av natthimlen fr\u00e5n det \u00f6gonblicket.<\/p>\n\n\n\n<p>Framsidan av h\u00e4nget visar stj\u00e4rnorna fr\u00e5n din speciella natt, medan du p\u00e5 baksidan l\u00e4gger till datum och plats. G\u00f6r det \u00e4nnu mer speciellt med ett s\u00f6tt meddelande som &#8220;Natten vi m\u00f6ttes&#8221; eller &#8220;Forever Yours&#8221;.<\/p>\n\n\n\n<h2>Kvalitetshantverk f\u00f6r varaktig sk\u00f6nhet<\/h2>\n\n\n\n<p>V\u00e5rt h\u00e4ngsmycke \u00e4r noggrant tillverkat f\u00f6r att se vackert ut under l\u00e5ng tid. V\u00e4lj mellan tv\u00e5 specialmaterial, Sterling Silver 925 eller Gold 585, f\u00f6r att visa hur viktig din f\u00f6rbindelse \u00e4r.<\/p>\n\n\n\n<p>Varje h\u00e4nge, oavsett om det \u00e4r en cirkel eller en 45 cm l\u00e5ng kedja, genomg\u00e5r lasergravering f\u00f6r att f\u00f6rvandla natthimlen till b\u00e4rbar konst. Ett litet m\u00e4rke p\u00e5 h\u00e4nget och kedjan garanterar \u00e4kta och god kvalitet.<\/p>\n\n\n\n<p>Vi l\u00e4gger ditt h\u00e4nge i ett fint smyckeskrin med en sk\u00f6tselguide och en speciell trasa f\u00f6r reng\u00f6ring. Det visar hur mycket vi bryr oss om att ge er en speciell upplevelse som gnistrar lika mycket som er k\u00e4rlekshistoria.<\/p>\n\n\n\n<h2>F\u00e5 varje \u00f6gonblick att lysa<\/h2>\n\n\n\n<p>G\u00f6r din g\u00e5va extra speciell med smycket &#8220;Natten vi m\u00f6ttes&#8221;. V\u00e4lj det material du gillar, s\u00e4tt din egen pr\u00e4gel p\u00e5 natthimlen och se det detaljerade arbetet som f\u00f6rvandlar minnen till ett vackert halsband.<\/p>\n\n\n\n\n\n<p>V\u00e5ra skr\u00e4ddarsydda smycken \u00e4r en best\u00e5ende symbol f\u00f6r er k\u00e4rlek. Missa inte chansen att skapa ett \u00f6gonblick som kommer att bli ih\u00e5gkommet f\u00f6r alltid &#8211; k\u00f6p ditt &#8220;Natten vi m\u00f6ttes&#8221;-smycke nu och ge en bit av stj\u00e4rnorna till n\u00e5gon du bryr dig om.<\/p>","protected":false},"excerpt":{"rendered":"<ul class=\"check-list\">\n<li>F\u00f6reviga magin fr\u00e5n er speciella natt f\u00f6r att fira er kosmiska f\u00f6rbindelse<\/li>\n<li>20 mm h\u00e4nge tillverkat av h\u00f6gkvalitativt sterlingsilver , lasergraverat och handbearbetat<\/li>\n<li>V\u00e4lj en uppriktig text efter tillf\u00e4lle<\/li>\n<li>Anpassa p\u00e5 bara 2 minuter<\/li>\n<li>Se resultatet direkt \u2013 den interaktiva f\u00f6rhandsvisningen l\u00e5ter dig finjustera varje detalj<\/li>\n<\/ul>\n","protected":false},"featured_media":1542295,"template":"","meta":[],"product_brand":[],"product_cat":[8116,11251,7459,11190,7694,9266,12258,8114,8108,9221,8218,11469,7790,7758,11477,11470,8188,9767],"product_tag":[14998,11772,11835,15067,15068,15069,15070],"class_list":{"0":"post-1046954","1":"product","2":"type-product","3":"status-publish","4":"has-post-thumbnail","6":"product_cat-gava-pa-alla-hjartans-dag","7":"product_cat-alla-hjartans-dag-presenter-for-henne","8":"product_cat-alla-produkter","9":"product_cat-arsdagspresenter-till-henne","10":"product_cat-gavor-for-kvinnor","11":"product_cat-jewelry-sv","12":"product_cat-jewelry-basic-sv","13":"product_cat-jubileumspresent-presenttillfallen","14":"product_cat-julpresenter","15":"product_cat-smycken-fran-stjarnkartor","16":"product_cat-star-sv","17":"product_cat-julklappar-till-flickvannen","18":"product_cat-gavor-till-flickvannen","19":"product_cat-gavor-till-fru","20":"product_cat-julklappar-till-frun","21":"product_cat-julklappar-till-henne","22":"product_cat-till-henne","23":"product_cat-trending-label-sv","24":"product_tag-anniversary-sv","25":"product_tag-julklappar-till-flickvannen","26":"product_tag-julklappar-till-frun","27":"product_tag-lancuszek-sv","28":"product_tag-medalion-sv","29":"product_tag-naszyjnik-sv","30":"product_tag-wisiorek-sv","32":"first","33":"instock","34":"sale","35":"taxable","36":"shipping-taxable","37":"purchasable","38":"product-type-variable"},"yoast_head":"<!-- This site is optimized with the Yoast SEO Premium plugin v27.2 (Yoast SEO v27.2) - https:\/\/yoast.com\/product\/yoast-seo-premium-wordpress\/ -->\n<title>Personliga Natten vi m\u00f6ttes-smycken - Positive Prints<\/title>\n<meta name=\"description\" content=\"Letar du efter en speciell g\u00e5va? Uppt\u00e4ck v\u00e5ra &quot;Natten vi m\u00f6ttes&quot;-smycken, en b\u00e4rbar hyllning till er unika k\u00e4rlekshistoria.\" \/>\n<meta name=\"robots\" content=\"index, follow, max-snippet:-1, max-image-preview:large, max-video-preview:-1\" \/>\n<link rel=\"canonical\" href=\"https:\/\/positiveprints.com\/sv\/produkt\/natten-vi-mottes-smycken\/\" \/>\n<meta property=\"og:locale\" content=\"sv_SE\" \/>\n<meta property=\"og:type\" content=\"article\" \/>\n<meta property=\"og:title\" content=\"Personliga Natten vi m\u00f6ttes-smycken\" \/>\n<meta property=\"og:description\" content=\"F\u00f6reviga magin fr\u00e5n er speciella natt f\u00f6r att fira er kosmiska f\u00f6rbindelse  20 mm h\u00e4nge tillverkat av h\u00f6gkvalitativt sterlingsilver , lasergraverat och handbearbetat  V\u00e4lj en uppriktig text efter tillf\u00e4lle  Anpassa p\u00e5 bara 2 minuter   Se resultatet direkt \u2013 den interaktiva f\u00f6rhandsvisningen l\u00e5ter dig finjustera varje detalj\" \/>\n<meta property=\"og:url\" content=\"https:\/\/positiveprints.com\/sv\/produkt\/natten-vi-mottes-smycken\/\" \/>\n<meta property=\"og:site_name\" content=\"Positive Prints\" \/>\n<meta property=\"article:publisher\" content=\"https:\/\/www.facebook.com\/positiveprintscom\" \/>\n<meta property=\"article:modified_time\" content=\"2026-04-03T01:59:08+00:00\" \/>\n<meta property=\"og:image\" content=\"https:\/\/positiveprints.com\/wp-content\/uploads\/2025\/10\/PACKSHOT_SE_Personliga-Natten-vi-mo\u0308ttes-smycken.webp\" \/>\n\t<meta property=\"og:image:width\" content=\"2280\" \/>\n\t<meta property=\"og:image:height\" content=\"2280\" \/>\n\t<meta property=\"og:image:type\" content=\"image\/webp\" \/>\n<meta name=\"twitter:card\" content=\"summary_large_image\" \/>\n<meta name=\"twitter:label1\" content=\"Ber\u00e4knad l\u00e4stid\" \/>\n\t<meta name=\"twitter:data1\" content=\"2 minut\" \/>\n<!-- \/ Yoast SEO Premium plugin. -->","yoast_head_json":{"title":"Personliga Natten vi m\u00f6ttes-smycken - Positive Prints","description":"Letar du efter en speciell g\u00e5va? Uppt\u00e4ck v\u00e5ra \"Natten vi m\u00f6ttes\"-smycken, en b\u00e4rbar hyllning till er unika k\u00e4rlekshistoria.","robots":{"index":"index","follow":"follow","max-snippet":"max-snippet:-1","max-image-preview":"max-image-preview:large","max-video-preview":"max-video-preview:-1"},"canonical":"https:\/\/positiveprints.com\/sv\/produkt\/natten-vi-mottes-smycken\/","og_locale":"sv_SE","og_type":"article","og_title":"Personliga Natten vi m\u00f6ttes-smycken","og_description":"F\u00f6reviga magin fr\u00e5n er speciella natt f\u00f6r att fira er kosmiska f\u00f6rbindelse  20 mm h\u00e4nge tillverkat av h\u00f6gkvalitativt sterlingsilver , lasergraverat och handbearbetat  V\u00e4lj en uppriktig text efter tillf\u00e4lle  Anpassa p\u00e5 bara 2 minuter   Se resultatet direkt \u2013 den interaktiva f\u00f6rhandsvisningen l\u00e5ter dig finjustera varje detalj","og_url":"https:\/\/positiveprints.com\/sv\/produkt\/natten-vi-mottes-smycken\/","og_site_name":"Positive Prints","article_publisher":"https:\/\/www.facebook.com\/positiveprintscom","article_modified_time":"2026-04-03T01:59:08+00:00","og_image":[{"width":2280,"height":2280,"url":"https:\/\/positiveprints.com\/wp-content\/uploads\/2025\/10\/PACKSHOT_SE_Personliga-Natten-vi-mo\u0308ttes-smycken.webp","type":"image\/webp"}],"twitter_card":"summary_large_image","twitter_misc":{"Ber\u00e4knad l\u00e4stid":"2 minut"},"schema":{"@context":"https:\/\/schema.org","@graph":[{"@type":["WebPage","ItemPage"],"@id":"https:\/\/positiveprints.com\/sv\/produkt\/natten-vi-mottes-smycken\/","url":"https:\/\/positiveprints.com\/sv\/produkt\/natten-vi-mottes-smycken\/","name":"Personliga Natten vi m\u00f6ttes-smycken - Positive Prints","isPartOf":{"@id":"https:\/\/positiveprints.com\/sv\/#website"},"primaryImageOfPage":{"@id":"https:\/\/positiveprints.com\/sv\/produkt\/natten-vi-mottes-smycken\/#primaryimage"},"image":{"@id":"https:\/\/positiveprints.com\/sv\/produkt\/natten-vi-mottes-smycken\/#primaryimage"},"thumbnailUrl":"https:\/\/positiveprints.com\/wp-content\/uploads\/2025\/10\/PACKSHOT_SE_Personliga-Natten-vi-mo\u0308ttes-smycken.webp","datePublished":"2024-01-22T10:13:42+00:00","dateModified":"2026-04-03T01:59:08+00:00","description":"Letar du efter en speciell g\u00e5va? Uppt\u00e4ck v\u00e5ra \"Natten vi m\u00f6ttes\"-smycken, en b\u00e4rbar hyllning till er unika k\u00e4rlekshistoria.","breadcrumb":{"@id":"https:\/\/positiveprints.com\/sv\/produkt\/natten-vi-mottes-smycken\/#breadcrumb"},"inLanguage":"sv-SE","potentialAction":[{"@type":"ReadAction","target":["https:\/\/positiveprints.com\/sv\/produkt\/natten-vi-mottes-smycken\/"]}]},{"@type":"ImageObject","inLanguage":"sv-SE","@id":"https:\/\/positiveprints.com\/sv\/produkt\/natten-vi-mottes-smycken\/#primaryimage","url":"https:\/\/positiveprints.com\/wp-content\/uploads\/2025\/10\/PACKSHOT_SE_Personliga-Natten-vi-mo\u0308ttes-smycken.webp","contentUrl":"https:\/\/positiveprints.com\/wp-content\/uploads\/2025\/10\/PACKSHOT_SE_Personliga-Natten-vi-mo\u0308ttes-smycken.webp","width":2280,"height":2280},{"@type":"BreadcrumbList","@id":"https:\/\/positiveprints.com\/sv\/produkt\/natten-vi-mottes-smycken\/#breadcrumb","itemListElement":[{"@type":"ListItem","position":1,"name":"Home","item":"https:\/\/positiveprints.com\/sv\/"},{"@type":"ListItem","position":2,"name":"Produkter","item":"https:\/\/positiveprints.com\/sv\/shop\/"},{"@type":"ListItem","position":3,"name":"Personliga Natten vi m\u00f6ttes-smycken"}]},{"@type":"WebSite","@id":"https:\/\/positiveprints.com\/sv\/#website","url":"https:\/\/positiveprints.com\/sv\/","name":"Positive Prints","description":"Amazing Custom Personalized Gifts","publisher":{"@id":"https:\/\/positiveprints.com\/sv\/#organization"},"potentialAction":[{"@type":"SearchAction","target":{"@type":"EntryPoint","urlTemplate":"https:\/\/positiveprints.com\/sv\/?s={search_term_string}"},"query-input":{"@type":"PropertyValueSpecification","valueRequired":true,"valueName":"search_term_string"}}],"inLanguage":"sv-SE"},{"@type":"Organization","@id":"https:\/\/positiveprints.com\/sv\/#organization","name":"Positive Prints","alternateName":"Positive Prints","url":"https:\/\/positiveprints.com\/sv\/","logo":{"@type":"ImageObject","inLanguage":"sv-SE","@id":"https:\/\/positiveprints.com\/sv\/#\/schema\/logo\/image\/","url":"https:\/\/positiveprints.com\/wp-content\/uploads\/2026\/03\/245815646_1337939713319158_5671353136411139666_n.png","contentUrl":"https:\/\/positiveprints.com\/wp-content\/uploads\/2026\/03\/245815646_1337939713319158_5671353136411139666_n.png","width":800,"height":800,"caption":"Positive Prints"},"image":{"@id":"https:\/\/positiveprints.com\/sv\/#\/schema\/logo\/image\/"},"sameAs":["https:\/\/www.facebook.com\/positiveprintscom","https:\/\/www.instagram.com\/positiveprintscom\/","https:\/\/www.tiktok.com\/@positiveprintscom","https:\/\/www.pinterest.com\/positiveprintscom\/"]}]}},"jetpack_sharing_enabled":true,"_links":{"self":[{"href":"https:\/\/positiveprints.com\/sv\/wp-json\/wp\/v2\/product\/1046954","targetHints":{"allow":["GET"]}}],"collection":[{"href":"https:\/\/positiveprints.com\/sv\/wp-json\/wp\/v2\/product"}],"about":[{"href":"https:\/\/positiveprints.com\/sv\/wp-json\/wp\/v2\/types\/product"}],"wp:featuredmedia":[{"embeddable":true,"href":"https:\/\/positiveprints.com\/sv\/wp-json\/wp\/v2\/media\/1542295"}],"wp:attachment":[{"href":"https:\/\/positiveprints.com\/sv\/wp-json\/wp\/v2\/media?parent=1046954"}],"wp:term":[{"taxonomy":"product_brand","embeddable":true,"href":"https:\/\/positiveprints.com\/sv\/wp-json\/wp\/v2\/product_brand?post=1046954"},{"taxonomy":"product_cat","embeddable":true,"href":"https:\/\/positiveprints.com\/sv\/wp-json\/wp\/v2\/product_cat?post=1046954"},{"taxonomy":"product_tag","embeddable":true,"href":"https:\/\/positiveprints.com\/sv\/wp-json\/wp\/v2\/product_tag?post=1046954"}],"curies":[{"name":"wp","href":"https:\/\/api.w.org\/{rel}","templated":true}]}}