{"id":1039793,"date":"2024-01-12T13:40:22","date_gmt":"2024-01-12T12:40:22","guid":{"rendered":"https:\/\/positiveprints.com\/product\/digital-stjarnkarta-med-foto\/"},"modified":"2026-04-23T11:11:01","modified_gmt":"2026-04-23T10:11:01","slug":"digital-stjarna-karta-med-foto","status":"publish","type":"product","link":"https:\/\/positiveprints.com\/sv\/produkt\/digital-stjarna-karta-med-foto\/","title":{"rendered":"Digital Stj\u00e4rnkarta med Foto"},"content":{"rendered":"<p>Letar du efter en distinkt och innerlig g\u00e5va som sammanfattar speciella \u00f6gonblick i tiden? V\u00e5r digitala stj\u00e4rnkarta med foto \u00e4r det perfekta valet. Skapa best\u00e5ende minnen f\u00f6r f\u00f6delsedagar, jubileer, f\u00f6rlovningar eller andra anm\u00e4rkningsv\u00e4rda h\u00e4ndelser. Denna personliga digitala produkt kommer att lysa upp deras v\u00e4rld med stj\u00e4rnor och k\u00e4nslor.<\/p>\r\n\r\n<h2>Vad \u00e4r en digital stj\u00e4rnkarta med foto?<\/h2>\r\n<p>Att skapa ditt himmelska m\u00e4sterverk \u00e4r en barnlek med v\u00e5r online-skapare. V\u00e4lj helt enkelt din favoritstil, v\u00e4lj de himmelska elementen som konstellationer eller Vintergatan och l\u00e4gg till en meningsfull titel. Ange det specifika datumet och platsen och se stj\u00e4rnkartan komma till liv i f\u00f6rhandsgranskningen online. F\u00f6rst\u00e4rk den personliga pr\u00e4geln genom att ladda upp ett foto.<\/p>\r\n\r\n<p>En digital stj\u00e4rnkarta med foto \u00e4r en virtuell \u00f6gonblicksbild av natthimlen p\u00e5 ett datum och en plats som har ett k\u00e4nslom\u00e4ssigt v\u00e4rde f\u00f6r dig. Det \u00e4r en f\u00e4ngslande representation av de stj\u00e4rnor och konstellationer som prydde himlen under din utvalda stund.<\/p>\r\n\r\n<h2>Perfekt f\u00f6r sista minuten-presenter<\/h2>\r\n<p>Denna uts\u00f6kta digitala stj\u00e4rnkarta \u00e4r inte bara en g\u00e5va, den \u00e4r en k\u00e4nslom\u00e4ssig upplevelse. Den \u00e4r perfekt f\u00f6r att fira k\u00e4rlek, fina minnen och nystart och passar perfekt f\u00f6r \u00e5rsdagar, dagen d\u00e5 ni tr\u00e4ffades, en f\u00f6delsedag eller n\u00e5got annat speciellt tillf\u00e4lle. F\u00f6rest\u00e4ll dig gl\u00e4djen och f\u00f6rundran n\u00e4r de utforskar stj\u00e4rnorna som prydde himlen under deras minnesv\u00e4rda natt.<\/p>\r\n\r\n<p>Som en digital produkt erbjuder Digital Star Map med foto omedelbar tillg\u00e4nglighet och \u00e4r en fantastisk sista minuten-present. Den kan laddas ner direkt, skrivas ut sj\u00e4lv eller bekv\u00e4mt skrivas ut p\u00e5 ett lokalt tryckeri. Den blir ett k\u00e4rt minne, ett samtals\u00e4mne som v\u00e4cker nostalgi och gl\u00e4dje. Varje g\u00e5ng de ser den kommer de att f\u00f6rflyttas tillbaka till det viktiga \u00f6gonblicket och \u00e5teruppleva k\u00e4nslorna igen. G\u00f6r din g\u00e5va of\u00f6rgl\u00f6mlig med denna unika, digitala stj\u00e4rnkarta.<\/p>","protected":false},"excerpt":{"rendered":"<ul class=\"check-list\">\n<li>Minns ditt speciella \u00f6gonblick med utsikt \u00f6ver stj\u00e4rnorna och ett minnesv\u00e4rt foto<\/li>\n<li>Tillg\u00e4nglig omedelbart efter k\u00f6pet<\/li>\n<li>Kan skrivas ut i valfritt format<\/li>\n<li>JPEG-filer av h\u00f6g kvalitet med 300 dpi<\/li>\n<li>Se resultatet direkt \u2013 den interaktiva f\u00f6rhandsvisningen l\u00e5ter dig finjustera varje detalj<\/li>\n<\/ul>\n","protected":false},"featured_media":1254582,"template":"","meta":[],"product_brand":[],"product_cat":[9031,8831,7459,7582],"product_tag":[9203],"class_list":{"0":"post-1039793","1":"product","2":"type-product","3":"status-publish","4":"has-post-thumbnail","6":"product_cat-digitala-produkter","7":"product_cat-duo-stjarnor","8":"product_cat-alla-produkter","9":"product_cat-presentideer-i-sista-minuten","10":"product_tag-last-minute-de-sv","12":"first","13":"instock","14":"sale","15":"taxable","16":"shipping-taxable","17":"purchasable","18":"product-type-variable"},"yoast_head":"<!-- This site is optimized with the Yoast SEO Premium plugin v27.2 (Yoast SEO v27.2) - https:\/\/yoast.com\/product\/yoast-seo-premium-wordpress\/ -->\n<title>Digital Stj\u00e4rnkarta med Foto - Positive Prints<\/title>\n<meta name=\"description\" content=\"Letar du efter en unik och innerlig g\u00e5va som f\u00e5ngar speciella \u00f6gonblick i tiden? V\u00e5r digitala stj\u00e4rnkarta med foto \u00e4r det perfekta valet.\" \/>\n<meta name=\"robots\" content=\"index, follow, max-snippet:-1, max-image-preview:large, max-video-preview:-1\" \/>\n<link rel=\"canonical\" href=\"https:\/\/positiveprints.com\/sv\/produkt\/digital-stjarna-karta-med-foto\/\" \/>\n<meta property=\"og:locale\" content=\"sv_SE\" \/>\n<meta property=\"og:type\" content=\"article\" \/>\n<meta property=\"og:title\" content=\"Digital Stj\u00e4rnkarta med Foto\" \/>\n<meta property=\"og:description\" content=\"Minns ditt speciella \u00f6gonblick med utsikt \u00f6ver stj\u00e4rnorna och ett minnesv\u00e4rt foto  Tillg\u00e4nglig omedelbart efter k\u00f6pet  Kan skrivas ut i valfritt format  JPEG-filer av h\u00f6g kvalitet med 300 dpi Se resultatet direkt \u2013 den interaktiva f\u00f6rhandsvisningen l\u00e5ter dig finjustera varje detalj\" \/>\n<meta property=\"og:url\" content=\"https:\/\/positiveprints.com\/sv\/produkt\/digital-stjarna-karta-med-foto\/\" \/>\n<meta property=\"og:site_name\" content=\"Positive Prints\" \/>\n<meta property=\"article:publisher\" content=\"https:\/\/www.facebook.com\/positiveprintscom\" \/>\n<meta property=\"article:modified_time\" content=\"2026-04-23T10:11:01+00:00\" \/>\n<meta property=\"og:image\" content=\"https:\/\/positiveprints.com\/wp-content\/uploads\/2024\/11\/SE_PACKSHOT_Digital-Star-Map-with-Photo-product-image-.webp\" \/>\n\t<meta property=\"og:image:width\" content=\"1450\" \/>\n\t<meta property=\"og:image:height\" content=\"1450\" \/>\n\t<meta property=\"og:image:type\" content=\"image\/webp\" \/>\n<meta name=\"twitter:card\" content=\"summary_large_image\" \/>\n<meta name=\"twitter:label1\" content=\"Ber\u00e4knad l\u00e4stid\" \/>\n\t<meta name=\"twitter:data1\" content=\"2 minut\" \/>\n<!-- \/ Yoast SEO Premium plugin. -->","yoast_head_json":{"title":"Digital Stj\u00e4rnkarta med Foto - Positive Prints","description":"Letar du efter en unik och innerlig g\u00e5va som f\u00e5ngar speciella \u00f6gonblick i tiden? V\u00e5r digitala stj\u00e4rnkarta med foto \u00e4r det perfekta valet.","robots":{"index":"index","follow":"follow","max-snippet":"max-snippet:-1","max-image-preview":"max-image-preview:large","max-video-preview":"max-video-preview:-1"},"canonical":"https:\/\/positiveprints.com\/sv\/produkt\/digital-stjarna-karta-med-foto\/","og_locale":"sv_SE","og_type":"article","og_title":"Digital Stj\u00e4rnkarta med Foto","og_description":"Minns ditt speciella \u00f6gonblick med utsikt \u00f6ver stj\u00e4rnorna och ett minnesv\u00e4rt foto  Tillg\u00e4nglig omedelbart efter k\u00f6pet  Kan skrivas ut i valfritt format  JPEG-filer av h\u00f6g kvalitet med 300 dpi Se resultatet direkt \u2013 den interaktiva f\u00f6rhandsvisningen l\u00e5ter dig finjustera varje detalj","og_url":"https:\/\/positiveprints.com\/sv\/produkt\/digital-stjarna-karta-med-foto\/","og_site_name":"Positive Prints","article_publisher":"https:\/\/www.facebook.com\/positiveprintscom","article_modified_time":"2026-04-23T10:11:01+00:00","og_image":[{"width":1450,"height":1450,"url":"https:\/\/positiveprints.com\/wp-content\/uploads\/2024\/11\/SE_PACKSHOT_Digital-Star-Map-with-Photo-product-image-.webp","type":"image\/webp"}],"twitter_card":"summary_large_image","twitter_misc":{"Ber\u00e4knad l\u00e4stid":"2 minut"},"schema":{"@context":"https:\/\/schema.org","@graph":[{"@type":["WebPage","ItemPage"],"@id":"https:\/\/positiveprints.com\/sv\/produkt\/digital-stjarna-karta-med-foto\/","url":"https:\/\/positiveprints.com\/sv\/produkt\/digital-stjarna-karta-med-foto\/","name":"Digital Stj\u00e4rnkarta med Foto - Positive Prints","isPartOf":{"@id":"https:\/\/positiveprints.com\/sv\/#website"},"primaryImageOfPage":{"@id":"https:\/\/positiveprints.com\/sv\/produkt\/digital-stjarna-karta-med-foto\/#primaryimage"},"image":{"@id":"https:\/\/positiveprints.com\/sv\/produkt\/digital-stjarna-karta-med-foto\/#primaryimage"},"thumbnailUrl":"https:\/\/positiveprints.com\/wp-content\/uploads\/2024\/11\/SE_PACKSHOT_Digital-Star-Map-with-Photo-product-image-.webp","datePublished":"2024-01-12T12:40:22+00:00","dateModified":"2026-04-23T10:11:01+00:00","description":"Letar du efter en unik och innerlig g\u00e5va som f\u00e5ngar speciella \u00f6gonblick i tiden? V\u00e5r digitala stj\u00e4rnkarta med foto \u00e4r det perfekta valet.","breadcrumb":{"@id":"https:\/\/positiveprints.com\/sv\/produkt\/digital-stjarna-karta-med-foto\/#breadcrumb"},"inLanguage":"sv-SE","potentialAction":[{"@type":"ReadAction","target":["https:\/\/positiveprints.com\/sv\/produkt\/digital-stjarna-karta-med-foto\/"]}]},{"@type":"ImageObject","inLanguage":"sv-SE","@id":"https:\/\/positiveprints.com\/sv\/produkt\/digital-stjarna-karta-med-foto\/#primaryimage","url":"https:\/\/positiveprints.com\/wp-content\/uploads\/2024\/11\/SE_PACKSHOT_Digital-Star-Map-with-Photo-product-image-.webp","contentUrl":"https:\/\/positiveprints.com\/wp-content\/uploads\/2024\/11\/SE_PACKSHOT_Digital-Star-Map-with-Photo-product-image-.webp","width":1450,"height":1450},{"@type":"BreadcrumbList","@id":"https:\/\/positiveprints.com\/sv\/produkt\/digital-stjarna-karta-med-foto\/#breadcrumb","itemListElement":[{"@type":"ListItem","position":1,"name":"Home","item":"https:\/\/positiveprints.com\/sv\/"},{"@type":"ListItem","position":2,"name":"Produkter","item":"https:\/\/positiveprints.com\/sv\/shop\/"},{"@type":"ListItem","position":3,"name":"Digital Stj\u00e4rnkarta med Foto"}]},{"@type":"WebSite","@id":"https:\/\/positiveprints.com\/sv\/#website","url":"https:\/\/positiveprints.com\/sv\/","name":"Positive Prints","description":"Amazing Custom Personalized Gifts","publisher":{"@id":"https:\/\/positiveprints.com\/sv\/#organization"},"potentialAction":[{"@type":"SearchAction","target":{"@type":"EntryPoint","urlTemplate":"https:\/\/positiveprints.com\/sv\/?s={search_term_string}"},"query-input":{"@type":"PropertyValueSpecification","valueRequired":true,"valueName":"search_term_string"}}],"inLanguage":"sv-SE"},{"@type":"Organization","@id":"https:\/\/positiveprints.com\/sv\/#organization","name":"Positive Prints","alternateName":"Positive Prints","url":"https:\/\/positiveprints.com\/sv\/","logo":{"@type":"ImageObject","inLanguage":"sv-SE","@id":"https:\/\/positiveprints.com\/sv\/#\/schema\/logo\/image\/","url":"https:\/\/positiveprints.com\/wp-content\/uploads\/2026\/03\/245815646_1337939713319158_5671353136411139666_n.png","contentUrl":"https:\/\/positiveprints.com\/wp-content\/uploads\/2026\/03\/245815646_1337939713319158_5671353136411139666_n.png","width":800,"height":800,"caption":"Positive Prints"},"image":{"@id":"https:\/\/positiveprints.com\/sv\/#\/schema\/logo\/image\/"},"sameAs":["https:\/\/www.facebook.com\/positiveprintscom","https:\/\/www.instagram.com\/positiveprintscom\/","https:\/\/www.tiktok.com\/@positiveprintscom","https:\/\/www.pinterest.com\/positiveprintscom\/"]}]}},"jetpack_sharing_enabled":true,"_links":{"self":[{"href":"https:\/\/positiveprints.com\/sv\/wp-json\/wp\/v2\/product\/1039793","targetHints":{"allow":["GET"]}}],"collection":[{"href":"https:\/\/positiveprints.com\/sv\/wp-json\/wp\/v2\/product"}],"about":[{"href":"https:\/\/positiveprints.com\/sv\/wp-json\/wp\/v2\/types\/product"}],"wp:featuredmedia":[{"embeddable":true,"href":"https:\/\/positiveprints.com\/sv\/wp-json\/wp\/v2\/media\/1254582"}],"wp:attachment":[{"href":"https:\/\/positiveprints.com\/sv\/wp-json\/wp\/v2\/media?parent=1039793"}],"wp:term":[{"taxonomy":"product_brand","embeddable":true,"href":"https:\/\/positiveprints.com\/sv\/wp-json\/wp\/v2\/product_brand?post=1039793"},{"taxonomy":"product_cat","embeddable":true,"href":"https:\/\/positiveprints.com\/sv\/wp-json\/wp\/v2\/product_cat?post=1039793"},{"taxonomy":"product_tag","embeddable":true,"href":"https:\/\/positiveprints.com\/sv\/wp-json\/wp\/v2\/product_tag?post=1039793"}],"curies":[{"name":"wp","href":"https:\/\/api.w.org\/{rel}","templated":true}]}}