{"id":1037497,"date":"2024-01-11T11:23:58","date_gmt":"2024-01-11T10:23:58","guid":{"rendered":"https:\/\/positiveprints.com\/product\/digital-oversiktskarta\/"},"modified":"2026-04-28T14:01:48","modified_gmt":"2026-04-28T13:01:48","slug":"digital-oversiktskarta","status":"publish","type":"product","link":"https:\/\/positiveprints.com\/sv\/produkt\/digital-oversiktskarta\/","title":{"rendered":"Digital \u00d6versiktskarta"},"content":{"rendered":"","protected":false},"excerpt":{"rendered":"<ul class=\"check-list\">\n<li>Smycka ditt hem med en vacker akvarellkarta \u00f6ver ditt favoritland, din favorit\u00f6 eller ett vattendrag<\/li>\n<li>Tillg\u00e4nglig omedelbart efter k\u00f6pet<\/li>\n<li>Kan skrivas ut i valfritt format<\/li>\n<li>JPEG-filer av h\u00f6g kvalitet med 300 dpi<\/li>\n<li>Se resultatet direkt \u2013 den interaktiva f\u00f6rhandsvisningen l\u00e5ter dig finjustera varje detalj<\/li>\n<\/ul>\n","protected":false},"featured_media":984623,"template":"","meta":[],"product_brand":[],"product_cat":[7459,9031,9169,7582],"product_tag":[9203],"class_list":{"0":"post-1037497","1":"product","2":"type-product","3":"status-publish","4":"has-post-thumbnail","6":"product_cat-alla-produkter","7":"product_cat-digitala-produkter","8":"product_cat-kontur","9":"product_cat-presentideer-i-sista-minuten","10":"product_tag-last-minute-de-sv","12":"first","13":"instock","14":"sale","15":"taxable","16":"shipping-taxable","17":"purchasable","18":"product-type-variable"},"yoast_head":"<!-- This site is optimized with the Yoast SEO Premium plugin v27.2 (Yoast SEO v27.2) - https:\/\/yoast.com\/product\/yoast-seo-premium-wordpress\/ -->\n<title>Digital \u00d6versiktskarta - Positive Prints<\/title>\n<meta name=\"description\" content=\"Med v\u00e5r digitala \u00f6versiktskarta kan du designa ett unikt konstverk som f\u00e5ngar essensen av en speciell plats och ett speciellt \u00f6gonblick.\" \/>\n<meta name=\"robots\" content=\"index, follow, max-snippet:-1, max-image-preview:large, max-video-preview:-1\" \/>\n<link rel=\"canonical\" href=\"https:\/\/positiveprints.com\/sv\/produkt\/digital-oversiktskarta\/\" \/>\n<meta property=\"og:locale\" content=\"sv_SE\" \/>\n<meta property=\"og:type\" content=\"article\" \/>\n<meta property=\"og:title\" content=\"Digital \u00d6versiktskarta\" \/>\n<meta property=\"og:description\" content=\"Smycka ditt hem med en vacker akvarellkarta \u00f6ver ditt favoritland, din favorit\u00f6 eller ett vattendrag  Tillg\u00e4nglig omedelbart efter k\u00f6pet  Kan skrivas ut i valfritt format  JPEG-filer av h\u00f6g kvalitet med 300 dpi  Se resultatet direkt \u2013 den interaktiva f\u00f6rhandsvisningen l\u00e5ter dig finjustera varje detalj\" \/>\n<meta property=\"og:url\" content=\"https:\/\/positiveprints.com\/sv\/produkt\/digital-oversiktskarta\/\" \/>\n<meta property=\"og:site_name\" content=\"Positive Prints\" \/>\n<meta property=\"article:publisher\" content=\"https:\/\/www.facebook.com\/positiveprintscom\" \/>\n<meta property=\"article:modified_time\" content=\"2026-04-28T13:01:48+00:00\" \/>\n<meta property=\"og:image\" content=\"https:\/\/positiveprints.com\/wp-content\/uploads\/2023\/10\/Anpassad-akvarellkarta.jpg\" \/>\n\t<meta property=\"og:image:width\" content=\"1080\" \/>\n\t<meta property=\"og:image:height\" content=\"1080\" \/>\n\t<meta property=\"og:image:type\" content=\"image\/jpeg\" \/>\n<meta name=\"twitter:card\" content=\"summary_large_image\" \/>\n<!-- \/ Yoast SEO Premium plugin. -->","yoast_head_json":{"title":"Digital \u00d6versiktskarta - Positive Prints","description":"Med v\u00e5r digitala \u00f6versiktskarta kan du designa ett unikt konstverk som f\u00e5ngar essensen av en speciell plats och ett speciellt \u00f6gonblick.","robots":{"index":"index","follow":"follow","max-snippet":"max-snippet:-1","max-image-preview":"max-image-preview:large","max-video-preview":"max-video-preview:-1"},"canonical":"https:\/\/positiveprints.com\/sv\/produkt\/digital-oversiktskarta\/","og_locale":"sv_SE","og_type":"article","og_title":"Digital \u00d6versiktskarta","og_description":"Smycka ditt hem med en vacker akvarellkarta \u00f6ver ditt favoritland, din favorit\u00f6 eller ett vattendrag  Tillg\u00e4nglig omedelbart efter k\u00f6pet  Kan skrivas ut i valfritt format  JPEG-filer av h\u00f6g kvalitet med 300 dpi  Se resultatet direkt \u2013 den interaktiva f\u00f6rhandsvisningen l\u00e5ter dig finjustera varje detalj","og_url":"https:\/\/positiveprints.com\/sv\/produkt\/digital-oversiktskarta\/","og_site_name":"Positive Prints","article_publisher":"https:\/\/www.facebook.com\/positiveprintscom","article_modified_time":"2026-04-28T13:01:48+00:00","og_image":[{"width":1080,"height":1080,"url":"https:\/\/positiveprints.com\/wp-content\/uploads\/2023\/10\/Anpassad-akvarellkarta.jpg","type":"image\/jpeg"}],"twitter_card":"summary_large_image","schema":{"@context":"https:\/\/schema.org","@graph":[{"@type":["WebPage","ItemPage"],"@id":"https:\/\/positiveprints.com\/sv\/produkt\/digital-oversiktskarta\/","url":"https:\/\/positiveprints.com\/sv\/produkt\/digital-oversiktskarta\/","name":"Digital \u00d6versiktskarta - Positive Prints","isPartOf":{"@id":"https:\/\/positiveprints.com\/sv\/#website"},"primaryImageOfPage":{"@id":"https:\/\/positiveprints.com\/sv\/produkt\/digital-oversiktskarta\/#primaryimage"},"image":{"@id":"https:\/\/positiveprints.com\/sv\/produkt\/digital-oversiktskarta\/#primaryimage"},"thumbnailUrl":"https:\/\/positiveprints.com\/wp-content\/uploads\/2023\/10\/Anpassad-akvarellkarta.jpg","datePublished":"2024-01-11T10:23:58+00:00","dateModified":"2026-04-28T13:01:48+00:00","description":"Med v\u00e5r digitala \u00f6versiktskarta kan du designa ett unikt konstverk som f\u00e5ngar essensen av en speciell plats och ett speciellt \u00f6gonblick.","breadcrumb":{"@id":"https:\/\/positiveprints.com\/sv\/produkt\/digital-oversiktskarta\/#breadcrumb"},"inLanguage":"sv-SE","potentialAction":[{"@type":"ReadAction","target":["https:\/\/positiveprints.com\/sv\/produkt\/digital-oversiktskarta\/"]}]},{"@type":"ImageObject","inLanguage":"sv-SE","@id":"https:\/\/positiveprints.com\/sv\/produkt\/digital-oversiktskarta\/#primaryimage","url":"https:\/\/positiveprints.com\/wp-content\/uploads\/2023\/10\/Anpassad-akvarellkarta.jpg","contentUrl":"https:\/\/positiveprints.com\/wp-content\/uploads\/2023\/10\/Anpassad-akvarellkarta.jpg","width":1080,"height":1080,"caption":"Anpassad akvarellkarta"},{"@type":"BreadcrumbList","@id":"https:\/\/positiveprints.com\/sv\/produkt\/digital-oversiktskarta\/#breadcrumb","itemListElement":[{"@type":"ListItem","position":1,"name":"Home","item":"https:\/\/positiveprints.com\/sv\/"},{"@type":"ListItem","position":2,"name":"Produkter","item":"https:\/\/positiveprints.com\/sv\/shop\/"},{"@type":"ListItem","position":3,"name":"Digital \u00d6versiktskarta"}]},{"@type":"WebSite","@id":"https:\/\/positiveprints.com\/sv\/#website","url":"https:\/\/positiveprints.com\/sv\/","name":"Positive Prints","description":"Amazing Custom Personalized Gifts","publisher":{"@id":"https:\/\/positiveprints.com\/sv\/#organization"},"potentialAction":[{"@type":"SearchAction","target":{"@type":"EntryPoint","urlTemplate":"https:\/\/positiveprints.com\/sv\/?s={search_term_string}"},"query-input":{"@type":"PropertyValueSpecification","valueRequired":true,"valueName":"search_term_string"}}],"inLanguage":"sv-SE"},{"@type":"Organization","@id":"https:\/\/positiveprints.com\/sv\/#organization","name":"Positive Prints","alternateName":"Positive Prints","url":"https:\/\/positiveprints.com\/sv\/","logo":{"@type":"ImageObject","inLanguage":"sv-SE","@id":"https:\/\/positiveprints.com\/sv\/#\/schema\/logo\/image\/","url":"https:\/\/positiveprints.com\/wp-content\/uploads\/2026\/03\/245815646_1337939713319158_5671353136411139666_n.png","contentUrl":"https:\/\/positiveprints.com\/wp-content\/uploads\/2026\/03\/245815646_1337939713319158_5671353136411139666_n.png","width":800,"height":800,"caption":"Positive Prints"},"image":{"@id":"https:\/\/positiveprints.com\/sv\/#\/schema\/logo\/image\/"},"sameAs":["https:\/\/www.facebook.com\/positiveprintscom","https:\/\/www.instagram.com\/positiveprintscom\/","https:\/\/www.tiktok.com\/@positiveprintscom","https:\/\/www.pinterest.com\/positiveprintscom\/"]}]}},"jetpack_sharing_enabled":true,"_links":{"self":[{"href":"https:\/\/positiveprints.com\/sv\/wp-json\/wp\/v2\/product\/1037497","targetHints":{"allow":["GET"]}}],"collection":[{"href":"https:\/\/positiveprints.com\/sv\/wp-json\/wp\/v2\/product"}],"about":[{"href":"https:\/\/positiveprints.com\/sv\/wp-json\/wp\/v2\/types\/product"}],"wp:featuredmedia":[{"embeddable":true,"href":"https:\/\/positiveprints.com\/sv\/wp-json\/wp\/v2\/media\/984623"}],"wp:attachment":[{"href":"https:\/\/positiveprints.com\/sv\/wp-json\/wp\/v2\/media?parent=1037497"}],"wp:term":[{"taxonomy":"product_brand","embeddable":true,"href":"https:\/\/positiveprints.com\/sv\/wp-json\/wp\/v2\/product_brand?post=1037497"},{"taxonomy":"product_cat","embeddable":true,"href":"https:\/\/positiveprints.com\/sv\/wp-json\/wp\/v2\/product_cat?post=1037497"},{"taxonomy":"product_tag","embeddable":true,"href":"https:\/\/positiveprints.com\/sv\/wp-json\/wp\/v2\/product_tag?post=1037497"}],"curies":[{"name":"wp","href":"https:\/\/api.w.org\/{rel}","templated":true}]}}