{"id":1032744,"date":"2023-03-08T10:21:24","date_gmt":"2023-03-08T09:21:24","guid":{"rendered":"https:\/\/positiveprints.com\/product\/where-we-met-dubbel-karta\/"},"modified":"2026-04-28T14:27:31","modified_gmt":"2026-04-28T13:27:31","slug":"var-vi-moter-dubbelkartan","status":"publish","type":"product","link":"https:\/\/positiveprints.com\/sv\/produkt\/var-vi-moter-dubbelkartan\/","title":{"rendered":"Where We Met Dubbel karta"},"content":{"rendered":"<p style=\"margin-top: 1rem;\">I dagens snabba v\u00e4rld kan det vara sv\u00e5rt att ta det lugnt och uppskatta de speciella stunder vi delar med v\u00e5ra n\u00e4ra och k\u00e4ra. Oavsett om det \u00e4r ett slumpartat m\u00f6te som leder till en livsl\u00e5ng v\u00e4nskap eller ett romantiskt m\u00f6te som blommar ut i ett f\u00f6rh\u00e5llande, \u00e4r det dessa \u00f6gonblick som g\u00f6r livet verkligt meningsfullt. En Where We Met dubbelkarta \u00e4r ett unikt och personligt s\u00e4tt att f\u00e5nga dessa minnen och fira det speciella band du delar med n\u00e5gon.<\/p>\n          \n\n          \n\n          <h2 class=\"grenB f24 cblue\" style=\"margin-top: 3rem;\">Vad \u00e4r en Where We Met dubbelkarta?<\/h2>\n          \n\n          <p style=\"margin-top: 1rem;\">En Where We Met dubbelkarta \u00e4r en personlig karta som visar de exakta platserna d\u00e4r tv\u00e5 personer tr\u00e4ffades eller har speciella minnen tillsammans. Den visar tv\u00e5 kartor sida vid sida, var och en med sin egen mark\u00f6r som visar platsen p\u00e5 kartan. Kartorna anpassas ofta med unika f\u00e4rger och stilar f\u00f6r att representera parets personliga smak och preferenser. V\u00e5rt karttryck \u00e4r en omt\u00e4nksam och meningsfull g\u00e5va, perfekt f\u00f6r <a href=\"https:\/\/positiveprints.com\/anniversary-gifts\/\">jubileer<\/a>, <a href=\"https:\/\/positiveprints.com\/wedding-gifts\/\">br\u00f6llop<\/a> eller andra speciella tillf\u00e4llen.<\/p>\n          \n\n          <p style=\"margin-top: 1rem;\">Den fr\u00e4msta skillnaden mellan en <a href=\"https:\/\/positiveprints.com\/product\/where-we-met-map\/\">Where We Met<\/a> -karta och en Where We Met Double-karta \u00e4r antalet platser som kan inkluderas. V\u00e5rt tryck visar en enda plats, t.ex. d\u00e4r du f\u00f6rst tr\u00e4ffade din \u00e4lskade eller d\u00e4r du hade din f\u00f6rsta dejt. Med en Where We Met Double Map kan du d\u00e4remot inkludera tv\u00e5 platser p\u00e5 samma konstverk, vilket g\u00f6r den idealisk f\u00f6r par som har delat flera meningsfulla \u00f6gonblick.<\/p>\n          \n\n          \n\n          <h2 class=\"grenB f24 cblue\" style=\"margin-top: 3rem;\">Hur man skapar en Where We Met dubbelkarta<\/h2>\n          \n\n          <p style=\"margin-top: 1rem;\">Att skapa en Where We Met Double Map \u00e4r en enkel process som kan g\u00f6ras i tre enkla steg. V\u00e4lj f\u00f6rst \u00f6nskad tryckstil och f\u00e4rger bland de tillg\u00e4ngliga alternativen. Du kan antingen v\u00e4lja bland f\u00f6rdefinierade f\u00e4rgscheman eller anpassa dina egna f\u00e4rger f\u00f6r att g\u00f6ra den unik.<\/p>\n          \n\n          <p style=\"margin-top: 1rem;\">Ange sedan de tv\u00e5 platser d\u00e4r du och din \u00e4lskade tr\u00e4ffades eller har speciella minnen tillsammans. V\u00e4lj den typ av mark\u00f6r som b\u00e4st representerar din historia, och de flesta kunder f\u00f6redrar att anv\u00e4nda ett r\u00f6tt hj\u00e4rta som mark\u00f6r. I detta steg l\u00e4ggs ocks\u00e5 ett personligt meddelande till under varje karta f\u00f6r att g\u00f6ra den mer meningsfull.<\/p>\n          \n\n          <p style=\"margin-top: 1rem;\">V\u00e4lj slutligen hur du vill trycka din karta &#8211; med eller utan ram, som canvas eller som en direkt digital fil som du kan ta med till ditt lokala tryckeri. Genom att f\u00f6lja dessa enkla steg kan du skapa en vacker och personlig Where We Met Double Map som f\u00e5ngar k\u00e4rnan i din k\u00e4rlekshistoria.<\/p>\n          \n\n          \n\n          <h2 class=\"grenB f24 cblue\" style=\"margin-top: 3rem;\">Att ge en genomt\u00e4nkt och meningsfull g\u00e5va<\/h2>\n          \n\n          <p style=\"margin-top: 1rem;\">En Where We Met dubbelkarta \u00e4r en mycket omt\u00e4nksam och meningsfull g\u00e5va. Det g\u00f6r att du kan f\u00e5nga de speciella minnen och stunder som du har delat med din \u00e4lskade p\u00e5 ett unikt och personligt s\u00e4tt. M\u00f6jligheten att anpassa kartorna med f\u00e4rger, mark\u00f6rer och meddelanden g\u00f6r dem \u00e4nnu mer speciella, eftersom det visar att du har t\u00e4nkt p\u00e5 och anstr\u00e4ngt dig f\u00f6r att skapa n\u00e5got verkligt unikt f\u00f6r din \u00e4lskade.<\/p>\n          \n\n          <p style=\"margin-top: 1rem;\">Oavsett om du ger bort en Where We Met Double Map som present till en \u00e5rsdag, ett br\u00f6llop eller bara f\u00f6r att den \u00e4r uppskattad och v\u00e4rdefull av alla som f\u00e5r den.<\/p>","protected":false},"excerpt":{"rendered":"<ul class=\"check-list\">\n<li>F\u00e5nga de minnesv\u00e4rda \u00f6gonblick du delar med din \u00e4lskade med en personlig karta \u00f6ver den exakta platsen<\/li>\n<li>Markera speciella platser med utvalda symboler<\/li>\n<li>Anpassa i 3 enkla steg<\/li>\n<li>Inkludera en meningsfull personlig text<\/li>\n<li>Se resultatet direkt \u2013 den interaktiva f\u00f6rhandsvisningen l\u00e5ter dig finjustera varje detalj<\/li>\n<\/ul>\n","protected":false},"featured_media":1611096,"template":"","meta":[],"product_brand":[],"product_cat":[7459,9118,7694,8014],"product_tag":[8776],"class_list":{"0":"post-1032744","1":"product","2":"type-product","3":"status-publish","4":"has-post-thumbnail","6":"product_cat-alla-produkter","7":"product_cat-double-maps-sv","8":"product_cat-gavor-for-kvinnor","9":"product_cat-gavor-for-man","10":"product_tag-where-we-met-sv","12":"first","13":"instock","14":"sale","15":"taxable","16":"shipping-taxable","17":"purchasable","18":"product-type-variable"},"yoast_head":"<!-- This site is optimized with the Yoast SEO Premium plugin v27.2 (Yoast SEO v27.2) - https:\/\/yoast.com\/product\/yoast-seo-premium-wordpress\/ -->\n<title>Where We Met Dubbel karta - Personlig g\u00e5va - Positive Prints<\/title>\n<meta name=\"description\" content=\"En Where We Met dubbelkarta \u00e4r ett unikt och personligt s\u00e4tt att f\u00e5nga dessa minnen och fira det speciella band du delar med n\u00e5gon.\" \/>\n<meta name=\"robots\" content=\"index, follow, max-snippet:-1, max-image-preview:large, max-video-preview:-1\" \/>\n<link rel=\"canonical\" href=\"https:\/\/positiveprints.com\/sv\/produkt\/var-vi-moter-dubbelkartan\/\" \/>\n<meta property=\"og:locale\" content=\"sv_SE\" \/>\n<meta property=\"og:type\" content=\"article\" \/>\n<meta property=\"og:title\" content=\"Where We Met Dubbel karta\" \/>\n<meta property=\"og:description\" content=\"F\u00e5nga de minnesv\u00e4rda \u00f6gonblick du delar med din \u00e4lskade med en personlig karta \u00f6ver den exakta platsen  Markera speciella platser med utvalda symboler  Anpassa i 3 enkla steg  Inkludera en meningsfull personlig text  Se resultatet direkt \u2013 den interaktiva f\u00f6rhandsvisningen l\u00e5ter dig finjustera varje detalj\" \/>\n<meta property=\"og:url\" content=\"https:\/\/positiveprints.com\/sv\/produkt\/var-vi-moter-dubbelkartan\/\" \/>\n<meta property=\"og:site_name\" content=\"Positive Prints\" \/>\n<meta property=\"article:publisher\" content=\"https:\/\/www.facebook.com\/positiveprintscom\" \/>\n<meta property=\"article:modified_time\" content=\"2026-04-28T13:27:31+00:00\" \/>\n<meta property=\"og:image\" content=\"https:\/\/positiveprints.com\/wp-content\/uploads\/2026\/03\/Open-graph-2026-1200x630-1.jpg\" \/>\n\t<meta property=\"og:image:width\" content=\"1200\" \/>\n\t<meta property=\"og:image:height\" content=\"630\" \/>\n\t<meta property=\"og:image:type\" content=\"image\/jpeg\" \/>\n<meta name=\"twitter:card\" content=\"summary_large_image\" \/>\n<!-- \/ Yoast SEO Premium plugin. -->","yoast_head_json":{"title":"Where We Met Dubbel karta - Personlig g\u00e5va - Positive Prints","description":"En Where We Met dubbelkarta \u00e4r ett unikt och personligt s\u00e4tt att f\u00e5nga dessa minnen och fira det speciella band du delar med n\u00e5gon.","robots":{"index":"index","follow":"follow","max-snippet":"max-snippet:-1","max-image-preview":"max-image-preview:large","max-video-preview":"max-video-preview:-1"},"canonical":"https:\/\/positiveprints.com\/sv\/produkt\/var-vi-moter-dubbelkartan\/","og_locale":"sv_SE","og_type":"article","og_title":"Where We Met Dubbel karta","og_description":"F\u00e5nga de minnesv\u00e4rda \u00f6gonblick du delar med din \u00e4lskade med en personlig karta \u00f6ver den exakta platsen  Markera speciella platser med utvalda symboler  Anpassa i 3 enkla steg  Inkludera en meningsfull personlig text  Se resultatet direkt \u2013 den interaktiva f\u00f6rhandsvisningen l\u00e5ter dig finjustera varje detalj","og_url":"https:\/\/positiveprints.com\/sv\/produkt\/var-vi-moter-dubbelkartan\/","og_site_name":"Positive Prints","article_publisher":"https:\/\/www.facebook.com\/positiveprintscom","article_modified_time":"2026-04-28T13:27:31+00:00","og_image":[{"width":1200,"height":630,"url":"https:\/\/positiveprints.com\/wp-content\/uploads\/2026\/03\/Open-graph-2026-1200x630-1.jpg","type":"image\/jpeg"}],"twitter_card":"summary_large_image","schema":{"@context":"https:\/\/schema.org","@graph":[{"@type":["WebPage","ItemPage"],"@id":"https:\/\/positiveprints.com\/sv\/produkt\/var-vi-moter-dubbelkartan\/","url":"https:\/\/positiveprints.com\/sv\/produkt\/var-vi-moter-dubbelkartan\/","name":"Where We Met Dubbel karta - Personlig g\u00e5va - Positive Prints","isPartOf":{"@id":"https:\/\/positiveprints.com\/sv\/#website"},"primaryImageOfPage":{"@id":"https:\/\/positiveprints.com\/sv\/produkt\/var-vi-moter-dubbelkartan\/#primaryimage"},"image":{"@id":"https:\/\/positiveprints.com\/sv\/produkt\/var-vi-moter-dubbelkartan\/#primaryimage"},"thumbnailUrl":"https:\/\/positiveprints.com\/wp-content\/uploads\/2026\/01\/Packshot_EN_Where-We-Met-Double-Map.webp","datePublished":"2023-03-08T09:21:24+00:00","dateModified":"2026-04-28T13:27:31+00:00","description":"En Where We Met dubbelkarta \u00e4r ett unikt och personligt s\u00e4tt att f\u00e5nga dessa minnen och fira det speciella band du delar med n\u00e5gon.","breadcrumb":{"@id":"https:\/\/positiveprints.com\/sv\/produkt\/var-vi-moter-dubbelkartan\/#breadcrumb"},"inLanguage":"sv-SE","potentialAction":[{"@type":"ReadAction","target":["https:\/\/positiveprints.com\/sv\/produkt\/var-vi-moter-dubbelkartan\/"]}]},{"@type":"ImageObject","inLanguage":"sv-SE","@id":"https:\/\/positiveprints.com\/sv\/produkt\/var-vi-moter-dubbelkartan\/#primaryimage","url":"https:\/\/positiveprints.com\/wp-content\/uploads\/2026\/01\/Packshot_EN_Where-We-Met-Double-Map.webp","contentUrl":"https:\/\/positiveprints.com\/wp-content\/uploads\/2026\/01\/Packshot_EN_Where-We-Met-Double-Map.webp","width":1450,"height":1450},{"@type":"BreadcrumbList","@id":"https:\/\/positiveprints.com\/sv\/produkt\/var-vi-moter-dubbelkartan\/#breadcrumb","itemListElement":[{"@type":"ListItem","position":1,"name":"Home","item":"https:\/\/positiveprints.com\/sv\/"},{"@type":"ListItem","position":2,"name":"Produkter","item":"https:\/\/positiveprints.com\/sv\/shop\/"},{"@type":"ListItem","position":3,"name":"Where We Met Dubbel karta"}]},{"@type":"WebSite","@id":"https:\/\/positiveprints.com\/sv\/#website","url":"https:\/\/positiveprints.com\/sv\/","name":"Positive Prints","description":"Amazing Custom Personalized Gifts","publisher":{"@id":"https:\/\/positiveprints.com\/sv\/#organization"},"potentialAction":[{"@type":"SearchAction","target":{"@type":"EntryPoint","urlTemplate":"https:\/\/positiveprints.com\/sv\/?s={search_term_string}"},"query-input":{"@type":"PropertyValueSpecification","valueRequired":true,"valueName":"search_term_string"}}],"inLanguage":"sv-SE"},{"@type":"Organization","@id":"https:\/\/positiveprints.com\/sv\/#organization","name":"Positive Prints","alternateName":"Positive Prints","url":"https:\/\/positiveprints.com\/sv\/","logo":{"@type":"ImageObject","inLanguage":"sv-SE","@id":"https:\/\/positiveprints.com\/sv\/#\/schema\/logo\/image\/","url":"https:\/\/positiveprints.com\/wp-content\/uploads\/2026\/03\/245815646_1337939713319158_5671353136411139666_n.png","contentUrl":"https:\/\/positiveprints.com\/wp-content\/uploads\/2026\/03\/245815646_1337939713319158_5671353136411139666_n.png","width":800,"height":800,"caption":"Positive Prints"},"image":{"@id":"https:\/\/positiveprints.com\/sv\/#\/schema\/logo\/image\/"},"sameAs":["https:\/\/www.facebook.com\/positiveprintscom","https:\/\/www.instagram.com\/positiveprintscom\/","https:\/\/www.tiktok.com\/@positiveprintscom","https:\/\/www.pinterest.com\/positiveprintscom\/"]}]}},"jetpack_sharing_enabled":true,"_links":{"self":[{"href":"https:\/\/positiveprints.com\/sv\/wp-json\/wp\/v2\/product\/1032744","targetHints":{"allow":["GET"]}}],"collection":[{"href":"https:\/\/positiveprints.com\/sv\/wp-json\/wp\/v2\/product"}],"about":[{"href":"https:\/\/positiveprints.com\/sv\/wp-json\/wp\/v2\/types\/product"}],"wp:featuredmedia":[{"embeddable":true,"href":"https:\/\/positiveprints.com\/sv\/wp-json\/wp\/v2\/media\/1611096"}],"wp:attachment":[{"href":"https:\/\/positiveprints.com\/sv\/wp-json\/wp\/v2\/media?parent=1032744"}],"wp:term":[{"taxonomy":"product_brand","embeddable":true,"href":"https:\/\/positiveprints.com\/sv\/wp-json\/wp\/v2\/product_brand?post=1032744"},{"taxonomy":"product_cat","embeddable":true,"href":"https:\/\/positiveprints.com\/sv\/wp-json\/wp\/v2\/product_cat?post=1032744"},{"taxonomy":"product_tag","embeddable":true,"href":"https:\/\/positiveprints.com\/sv\/wp-json\/wp\/v2\/product_tag?post=1032744"}],"curies":[{"name":"wp","href":"https:\/\/api.w.org\/{rel}","templated":true}]}}