{"id":1032720,"date":"2021-07-31T20:02:05","date_gmt":"2021-07-31T19:02:05","guid":{"rendered":"https:\/\/positiveprints.com\/product\/dar-allt-borjade-karta\/"},"modified":"2026-04-18T08:30:44","modified_gmt":"2026-04-18T07:30:44","slug":"var-det-allt-borjade-karta","status":"publish","type":"product","link":"https:\/\/positiveprints.com\/sv\/produkt\/var-det-allt-borjade-karta\/","title":{"rendered":"D\u00e4r allt b\u00f6rjade karta"},"content":{"rendered":"T\u00e4nk tillbaka p\u00e5 platsen d\u00e4r du tr\u00e4ffade den d\u00e4r speciella personen, \u00f6gonblicket d\u00e5 ett av livets st\u00f6rsta \u00e4ventyr b\u00f6rjade utan att du ens visste om det. Nu kan du f\u00f6rvandla det minnet till en v\u00e4rdefull souvenir med en kartg\u00e5va d\u00e4r allt b\u00f6rjade.\r\n<h2 class=\"grenB f24 cblue\" style=\"margin-top: 3rem;\">Vad \u00e4r en karta \u00f6ver var allt b\u00f6rjade?<\/h2>\r\n<p style=\"margin-top: 1rem;\">En karta \u00f6ver var allt b\u00f6rjade visar den exakta platsen <a href=\"https:\/\/positiveprints.com\/product\/where-we-met-map\/\">d\u00e4r du och din \u00e4lskade tr\u00e4ffades f\u00f6r f\u00f6rsta g\u00e5ngen<\/a>. V\u00e5ra kartor anv\u00e4nder GPS-data f\u00f6r att \u00e5terskapa en f\u00e5gelperspektivvy av en plats som du v\u00e4ljer, fr\u00e5n Paris gator till din lilla hemstad i Georgia.<\/p>\r\n<p style=\"margin-top: 1rem;\">Varje k\u00e4rlekshistoria har en b\u00f6rjan. Det kan vara n\u00e5got ov\u00e4ntat, som ett slumpm\u00e4ssigt m\u00f6te p\u00e5 en konsert eller ett evenemang. Eller s\u00e5 kan det vara ett planerat tillf\u00e4lle, som en <a href=\"https:\/\/positiveprints.com\/product\/our-first-date-map\/\">f\u00f6rsta dejt<\/a> eller en introduktion fr\u00e5n en v\u00e4n. Platsen d\u00e4r allt b\u00f6rjade kommer alltid att vara betydelsefull, och ett <a href=\"https:\/\/positiveprints.com\/product\/custom-map-art\/\">anpassat karttryck<\/a> hj\u00e4lper dig att minnas det magiska \u00f6gonblicket f\u00f6r resten av livet.<\/p>\r\n\r\n<h2 class=\"grenB f24 cblue\" style=\"margin-top: 3rem;\">Presentid\u00e9er f\u00f6r att minnas var allt b\u00f6rjade<\/h2>\r\n<p style=\"margin-top: 1rem;\">V\u00e5ra vackra kartor \u00f6ver var allting b\u00f6rjade \u00e4r den perfekta <a href=\"https:\/\/positiveprints.com\/anniversary-gifts\/\">g\u00e5van<\/a> till alla par och n\u00e4ra och k\u00e4ra. Det \u00e4r ett litet men m\u00e4ktigt bevis p\u00e5 den ber\u00e4ttelse ni skriver tillsammans och ger er ett s\u00e4tt att dela den ber\u00e4ttelsen med andra. Varje karta \u00e4r ett verkligt konstverk och skr\u00e4ddarsydd f\u00f6r varje kund.<\/p>\r\n<p style=\"margin-top: 1rem;\">Anpassa din karta med ditt favoritcitat, s\u00e5ngtexter eller andra textrader som g\u00f6r att ditt konstverk sticker ut och blir unikt f\u00f6r dig!<\/p>\r\n\r\n<h2 class=\"grenB f24 cblue\" style=\"margin-top: 3rem;\">Anpassa kartan D\u00e4r allt b\u00f6rjade<\/h2>\r\n<p style=\"margin-top: 1rem;\">P\u00e5 Positive Prints s\u00e4tter vi dig g\u00e4rna i rollen som kartdesigner s\u00e5 att du kan f\u00e5 anpassade konstverk som du kommer att vara stolt \u00f6ver att ge till n\u00e5gon eller visa i ditt eget hem. V\u00e5r 3-stegs Creator g\u00f6r det enkelt att f\u00f6rverkliga dina id\u00e9er.<\/p>\r\n<p style=\"margin-top: 1rem;\">B\u00f6rja med en grundl\u00e4ggande kartdesign och v\u00e4lj din f\u00e4rgkombination. Vi har f\u00f6rdefinierat flera f\u00e4rgalternativ f\u00f6r att f\u00e5 kartgatorna att framtr\u00e4da och ge tillr\u00e4cklig kontrast f\u00f6r att f\u00e5 en tydlig bild av din plats.<\/p>\r\n<p style=\"margin-top: 1rem;\">D\u00e4refter anger du detaljerna om var allt b\u00f6rjade kartan som kommer att g\u00f6ra din karta mest speciell. V\u00e4lj din plats och dra och zooma i kartredigeraren f\u00f6r att visa s\u00e5 m\u00e5nga eller s\u00e5 f\u00e5 detaljer som du vill. Inkludera ett sentimentalt meddelande, ett ordspr\u00e5k, en s\u00e5ng eller till och med datumet d\u00e5 allt b\u00f6rjade.<\/p>\r\n<p style=\"margin-top: 1rem;\">Sist men inte minst v\u00e4ljer du hur du vill ta emot ditt tryck. Du kan v\u00e4lja mellan en professionellt tryckt karta som packas och skickas till dig. Eller s\u00e5 kan du v\u00e4lja en digital nedladdning och f\u00e5 din karta utskriven lokalt. Vi erbjuder \u00e4ven kartor tryckta p\u00e5 <a href=\"https:\/\/en.wikipedia.org\/wiki\/Canvas_print\">duk<\/a>.<\/p>\r\n\r\n<h2 class=\"grenB f24 cblue\" style=\"margin-top: 3rem;\">Skapa din karta \u00f6ver var allt b\u00f6rjade redan idag!<\/h2>\r\n<p style=\"margin-top: 1rem;\">Platsen d\u00e4r allt b\u00f6rjade kommer alltid att ha en speciell plats i ditt hj\u00e4rta. Gl\u00e4d den du \u00e4lskar genom att f\u00e5nga en av era gemensamma favoritstunder p\u00e5 ett s\u00e4tt som kommer att st\u00e5 sig \u00f6ver tid.<\/p>\r\n<p style=\"margin-top: 1rem;\">Beh\u00e5ll dina mest v\u00e4rdefulla minnen med en kartg\u00e5va d\u00e4r allting b\u00f6rjade. Best\u00e4ll din redan idag!<\/p>","protected":false},"excerpt":{"rendered":"\n<ul class=\"check-list\">\n<li>Markera en speciell plats med en utvald symbol<\/li>\n<li>Anpassa i 3 enkla steg<\/li>\n<li>Inkludera en meningsfull personlig text<\/li>\n<li>Se resultatet direkt \u2013 den interaktiva f\u00f6rhandsvisningen l\u00e5ter dig finjustera varje detalj<\/li>\n<\/ul>\n","protected":false},"featured_media":1214141,"template":"","meta":[],"product_brand":[],"product_cat":[11579,11582,11583,11584,11580,11585,11586,11587,11588,11581,11645,11602,11646,11647,11648,8116,11251,11252,7459,11190,11191,11192,9281,7934,8120,8117,11221,11222,7694,8014,7806,8114,8108,9119,15851,7647,11469,7790,7758,11477,8188,11470,8214,11471,11472,11463,7679],"product_tag":[14996,15000,14999,15005,14197,15006,11758,11772,11835,11829,11832,11830,15001,15002,15004,15008,14201,15009,15010,15003,15011,14995,14992,14993,14997],"class_list":{"0":"post-1032720","1":"product","2":"type-product","3":"status-publish","4":"has-post-thumbnail","6":"product_cat-1-arsjubileum","7":"product_cat-10-arsjubileum","8":"product_cat-15-arsjubileum","9":"product_cat-18-arsdag","10":"product_cat-2-arsjubileum","11":"product_cat-20-arsjubileum","12":"product_cat-21-arsdag","13":"product_cat-30-arsdag","14":"product_cat-40-arsdag","15":"product_cat-5-arsjubileum","16":"product_cat-50-arsdag","17":"product_cat-50-arsjubileum","18":"product_cat-60-arsdag","19":"product_cat-70-arsdag","20":"product_cat-80-arsdag","21":"product_cat-gava-pa-alla-hjartans-dag","22":"product_cat-alla-hjartans-dag-presenter-for-henne","23":"product_cat-alla-hjartans-dag-presenter-for-honom","24":"product_cat-alla-produkter","25":"product_cat-arsdagspresenter-till-henne","26":"product_cat-arsdagspresenter-till-honom","27":"product_cat-arsdagspresenter-till-par","28":"product_cat-bestsellers-label-sv","29":"product_cat-gavor-till-brollopsdusch","30":"product_cat-brollopspresenter-presenttillfallen","31":"product_cat-fodelsedagspresenter-presenttillfallen","32":"product_cat-fodelsedagspresenter-till-henne","33":"product_cat-fodelsedagspresenter-till-honom","34":"product_cat-gavor-for-kvinnor","35":"product_cat-gavor-for-man","36":"product_cat-gavor-for-par","37":"product_cat-jubileumspresent-presenttillfallen","38":"product_cat-julpresenter","39":"product_cat-map-sv","40":"product_cat-shop-bestsellers-sv","41":"product_cat-gavor-till-din-man","42":"product_cat-julklappar-till-flickvannen","43":"product_cat-gavor-till-flickvannen","44":"product_cat-gavor-till-fru","45":"product_cat-julklappar-till-frun","46":"product_cat-till-henne","47":"product_cat-julklappar-till-henne","48":"product_cat-till-honom","49":"product_cat-julklappar-till-honom","50":"product_cat-julklappar-till-maken","51":"product_cat-julklapp-till-pojkvan","52":"product_cat-gavor-till-pojkvannen","53":"product_tag-anniversary-gift-sv","54":"product_tag-anniversary-gifts-sv","55":"product_tag-anniversary-present-sv","56":"product_tag-couple-gift-sv","57":"product_tag-couple-gift-anniversary-sv","58":"product_tag-gift-for-couple-sv","59":"product_tag-julklapp-till-pojkvan","60":"product_tag-julklappar-till-flickvannen","61":"product_tag-julklappar-till-frun","62":"product_tag-julklappar-till-henne","63":"product_tag-julklappar-till-maken","64":"product_tag-kerstcadeaus-for-honom","65":"product_tag-love-sv","66":"product_tag-love-gift-sv","67":"product_tag-personalized-gift-sv","68":"product_tag-romantic-gifts-sv","69":"product_tag-romantisk-present","70":"product_tag-sentimental-gift-sv","71":"product_tag-special-occasion-sv-2","72":"product_tag-thoughtful-gift-sv","73":"product_tag-unique-gift-sv","74":"product_tag-valentines-day-gifts-sv","75":"product_tag-valentines-day-sv","76":"product_tag-valentines-day-gift-sv","77":"product_tag-wedding-anniversary-sv","79":"first","80":"instock","81":"sale","82":"taxable","83":"shipping-taxable","84":"purchasable","85":"product-type-variable"},"yoast_head":"<!-- This site is optimized with the Yoast SEO Premium plugin v27.2 (Yoast SEO v27.2) - https:\/\/yoast.com\/product\/yoast-seo-premium-wordpress\/ -->\n<title>Kartan d\u00e4r allt b\u00f6rjade - G\u00e5van d\u00e4r allt b\u00f6rjade<\/title>\n<meta name=\"description\" content=\"Skapa en karta \u00f6ver var allt b\u00f6rjade. Beh\u00e5ll dina mest v\u00e4rdefulla minnen med en kartg\u00e5va d\u00e4r allting b\u00f6rjade. Best\u00e4ll din redan idag!\" \/>\n<meta name=\"robots\" content=\"index, follow, max-snippet:-1, max-image-preview:large, max-video-preview:-1\" \/>\n<link rel=\"canonical\" href=\"https:\/\/positiveprints.com\/sv\/produkt\/var-det-allt-borjade-karta\/\" \/>\n<meta property=\"og:locale\" content=\"sv_SE\" \/>\n<meta property=\"og:type\" content=\"article\" \/>\n<meta property=\"og:title\" content=\"D\u00e4r allt b\u00f6rjade karta\" \/>\n<meta property=\"og:description\" content=\"Markera en speciell plats med en utvald symbol  Anpassa i 3 enkla steg  Inkludera en meningsfull personlig text  Se resultatet direkt \u2013 den interaktiva f\u00f6rhandsvisningen l\u00e5ter dig finjustera varje detalj\" \/>\n<meta property=\"og:url\" content=\"https:\/\/positiveprints.com\/sv\/produkt\/var-det-allt-borjade-karta\/\" \/>\n<meta property=\"og:site_name\" content=\"Positive Prints\" \/>\n<meta property=\"article:publisher\" content=\"https:\/\/www.facebook.com\/positiveprintscom\" \/>\n<meta property=\"article:modified_time\" content=\"2026-04-18T07:30:44+00:00\" \/>\n<meta property=\"og:image\" content=\"https:\/\/positiveprints.com\/wp-content\/uploads\/2024\/10\/Packshot_EN_where-it-all-began-map-product-image.webp\" \/>\n\t<meta property=\"og:image:width\" content=\"1450\" \/>\n\t<meta property=\"og:image:height\" content=\"1450\" \/>\n\t<meta property=\"og:image:type\" content=\"image\/webp\" \/>\n<meta name=\"twitter:card\" content=\"summary_large_image\" \/>\n<meta name=\"twitter:label1\" content=\"Ber\u00e4knad l\u00e4stid\" \/>\n\t<meta name=\"twitter:data1\" content=\"3 minut\" \/>\n<!-- \/ Yoast SEO Premium plugin. -->","yoast_head_json":{"title":"Kartan d\u00e4r allt b\u00f6rjade - G\u00e5van d\u00e4r allt b\u00f6rjade","description":"Skapa en karta \u00f6ver var allt b\u00f6rjade. Beh\u00e5ll dina mest v\u00e4rdefulla minnen med en kartg\u00e5va d\u00e4r allting b\u00f6rjade. Best\u00e4ll din redan idag!","robots":{"index":"index","follow":"follow","max-snippet":"max-snippet:-1","max-image-preview":"max-image-preview:large","max-video-preview":"max-video-preview:-1"},"canonical":"https:\/\/positiveprints.com\/sv\/produkt\/var-det-allt-borjade-karta\/","og_locale":"sv_SE","og_type":"article","og_title":"D\u00e4r allt b\u00f6rjade karta","og_description":"Markera en speciell plats med en utvald symbol  Anpassa i 3 enkla steg  Inkludera en meningsfull personlig text  Se resultatet direkt \u2013 den interaktiva f\u00f6rhandsvisningen l\u00e5ter dig finjustera varje detalj","og_url":"https:\/\/positiveprints.com\/sv\/produkt\/var-det-allt-borjade-karta\/","og_site_name":"Positive Prints","article_publisher":"https:\/\/www.facebook.com\/positiveprintscom","article_modified_time":"2026-04-18T07:30:44+00:00","og_image":[{"width":1450,"height":1450,"url":"https:\/\/positiveprints.com\/wp-content\/uploads\/2024\/10\/Packshot_EN_where-it-all-began-map-product-image.webp","type":"image\/webp"}],"twitter_card":"summary_large_image","twitter_misc":{"Ber\u00e4knad l\u00e4stid":"3 minut"},"schema":{"@context":"https:\/\/schema.org","@graph":[{"@type":["WebPage","ItemPage"],"@id":"https:\/\/positiveprints.com\/sv\/produkt\/var-det-allt-borjade-karta\/","url":"https:\/\/positiveprints.com\/sv\/produkt\/var-det-allt-borjade-karta\/","name":"Kartan d\u00e4r allt b\u00f6rjade - G\u00e5van d\u00e4r allt b\u00f6rjade","isPartOf":{"@id":"https:\/\/positiveprints.com\/sv\/#website"},"primaryImageOfPage":{"@id":"https:\/\/positiveprints.com\/sv\/produkt\/var-det-allt-borjade-karta\/#primaryimage"},"image":{"@id":"https:\/\/positiveprints.com\/sv\/produkt\/var-det-allt-borjade-karta\/#primaryimage"},"thumbnailUrl":"https:\/\/positiveprints.com\/wp-content\/uploads\/2024\/10\/Packshot_EN_where-it-all-began-map-product-image.webp","datePublished":"2021-07-31T19:02:05+00:00","dateModified":"2026-04-18T07:30:44+00:00","description":"Skapa en karta \u00f6ver var allt b\u00f6rjade. Beh\u00e5ll dina mest v\u00e4rdefulla minnen med en kartg\u00e5va d\u00e4r allting b\u00f6rjade. Best\u00e4ll din redan idag!","breadcrumb":{"@id":"https:\/\/positiveprints.com\/sv\/produkt\/var-det-allt-borjade-karta\/#breadcrumb"},"inLanguage":"sv-SE","potentialAction":[{"@type":"ReadAction","target":["https:\/\/positiveprints.com\/sv\/produkt\/var-det-allt-borjade-karta\/"]}]},{"@type":"ImageObject","inLanguage":"sv-SE","@id":"https:\/\/positiveprints.com\/sv\/produkt\/var-det-allt-borjade-karta\/#primaryimage","url":"https:\/\/positiveprints.com\/wp-content\/uploads\/2024\/10\/Packshot_EN_where-it-all-began-map-product-image.webp","contentUrl":"https:\/\/positiveprints.com\/wp-content\/uploads\/2024\/10\/Packshot_EN_where-it-all-began-map-product-image.webp","width":1450,"height":1450,"caption":"Packshot_EN_where it all began map product image"},{"@type":"BreadcrumbList","@id":"https:\/\/positiveprints.com\/sv\/produkt\/var-det-allt-borjade-karta\/#breadcrumb","itemListElement":[{"@type":"ListItem","position":1,"name":"Home","item":"https:\/\/positiveprints.com\/sv\/"},{"@type":"ListItem","position":2,"name":"Produkter","item":"https:\/\/positiveprints.com\/sv\/shop\/"},{"@type":"ListItem","position":3,"name":"D\u00e4r allt b\u00f6rjade karta"}]},{"@type":"WebSite","@id":"https:\/\/positiveprints.com\/sv\/#website","url":"https:\/\/positiveprints.com\/sv\/","name":"Positive Prints","description":"Amazing Custom Personalized Gifts","publisher":{"@id":"https:\/\/positiveprints.com\/sv\/#organization"},"potentialAction":[{"@type":"SearchAction","target":{"@type":"EntryPoint","urlTemplate":"https:\/\/positiveprints.com\/sv\/?s={search_term_string}"},"query-input":{"@type":"PropertyValueSpecification","valueRequired":true,"valueName":"search_term_string"}}],"inLanguage":"sv-SE"},{"@type":"Organization","@id":"https:\/\/positiveprints.com\/sv\/#organization","name":"Positive Prints","alternateName":"Positive Prints","url":"https:\/\/positiveprints.com\/sv\/","logo":{"@type":"ImageObject","inLanguage":"sv-SE","@id":"https:\/\/positiveprints.com\/sv\/#\/schema\/logo\/image\/","url":"https:\/\/positiveprints.com\/wp-content\/uploads\/2026\/03\/245815646_1337939713319158_5671353136411139666_n.png","contentUrl":"https:\/\/positiveprints.com\/wp-content\/uploads\/2026\/03\/245815646_1337939713319158_5671353136411139666_n.png","width":800,"height":800,"caption":"Positive Prints"},"image":{"@id":"https:\/\/positiveprints.com\/sv\/#\/schema\/logo\/image\/"},"sameAs":["https:\/\/www.facebook.com\/positiveprintscom","https:\/\/www.instagram.com\/positiveprintscom\/","https:\/\/www.tiktok.com\/@positiveprintscom","https:\/\/www.pinterest.com\/positiveprintscom\/"]}]}},"jetpack_sharing_enabled":true,"_links":{"self":[{"href":"https:\/\/positiveprints.com\/sv\/wp-json\/wp\/v2\/product\/1032720","targetHints":{"allow":["GET"]}}],"collection":[{"href":"https:\/\/positiveprints.com\/sv\/wp-json\/wp\/v2\/product"}],"about":[{"href":"https:\/\/positiveprints.com\/sv\/wp-json\/wp\/v2\/types\/product"}],"wp:featuredmedia":[{"embeddable":true,"href":"https:\/\/positiveprints.com\/sv\/wp-json\/wp\/v2\/media\/1214141"}],"wp:attachment":[{"href":"https:\/\/positiveprints.com\/sv\/wp-json\/wp\/v2\/media?parent=1032720"}],"wp:term":[{"taxonomy":"product_brand","embeddable":true,"href":"https:\/\/positiveprints.com\/sv\/wp-json\/wp\/v2\/product_brand?post=1032720"},{"taxonomy":"product_cat","embeddable":true,"href":"https:\/\/positiveprints.com\/sv\/wp-json\/wp\/v2\/product_cat?post=1032720"},{"taxonomy":"product_tag","embeddable":true,"href":"https:\/\/positiveprints.com\/sv\/wp-json\/wp\/v2\/product_tag?post=1032720"}],"curies":[{"name":"wp","href":"https:\/\/api.w.org\/{rel}","templated":true}]}}