{"id":1008069,"date":"2023-10-21T19:23:51","date_gmt":"2023-10-21T18:23:51","guid":{"rendered":"https:\/\/positiveprints.com\/product\/akvarell-dar-allt-borjade-karta\/"},"modified":"2026-04-03T03:03:24","modified_gmt":"2026-04-03T02:03:24","slug":"akvarell-var-det-allt-borjade-karta","status":"publish","type":"product","link":"https:\/\/positiveprints.com\/sv\/produkt\/akvarell-var-det-allt-borjade-karta\/","title":{"rendered":"Akvarell d\u00e4r allt b\u00f6rjade Karta"},"content":{"rendered":"<p>Uppt\u00e4ck den perfekta g\u00e5van som \u00f6vervinner tid och f\u00e5ngar essensen av v\u00e4rdefulla \u00f6gonblick. V\u00e5r akvarellkarta Where It All Began f\u00f6rkroppsligar k\u00e4rlek, nystart och livsl\u00e5nga minnen. Oavsett om det \u00e4r <a href=\"https:\/\/positiveprints.com\/birthday-gifts\/\">f\u00f6delsedag<\/a>, <a href=\"https:\/\/positiveprints.com\/anniversary-gifts\/\">jubileum<\/a>, <a href=\"https:\/\/positiveprints.com\/wedding-gifts\/\">br\u00f6llop<\/a> eller n\u00e5gon annan milstolpe \u00e4r detta personliga m\u00e4sterverk ett oemotst\u00e5ndligt val. S\u00e5 varf\u00f6r v\u00e4nta? Ge din \u00e4lskade ett minne som hon eller han kommer att uppskatta f\u00f6r alltid.<\/p>\r\n\r\n<h2>Of\u00f6rgl\u00f6mliga minnen med v\u00e5r akvarellkarta Where It All Began<\/h2>\r\n\r\n<p>Med v\u00e5r akvarellkarta Where It All Began Map h\u00e5ller du i penseln och m\u00e5lar din unika historia. B\u00f6rja med att v\u00e4lja den f\u00e4rgpalett som v\u00e4cker dina k\u00e4nslor, antingen fr\u00e5n v\u00e5ra fantastiska f\u00f6rdefinierade stilar eller genom att skapa din egen. V\u00e4lj det land, den delstat eller stad d\u00e4r din speciella resa b\u00f6rjade och markera den exakta platsen med v\u00e5r hj\u00e4rtformade mark\u00f6r, som finns i din favoritf\u00e4rg. G\u00f6r det \u00e4nnu mer personligt genom att l\u00e4gga till ett innerligt meddelande, ett viktigt citat, s\u00e5ngtexter eller namn som betyder n\u00e5got f\u00f6r dig. V\u00e5r onlineredakt\u00f6r ger en f\u00f6rhandsgranskning i realtid i varje steg, vilket s\u00e4kerst\u00e4ller att din skapelse \u00e4r en sann \u00e5terspegling av dina k\u00e4nslor och minnen. Slutligen v\u00e4ljer du det format som passar din stil: inramat, tryckt poster, canvas eller en direkt digital nedladdning. Varje del \u00e4r ett konstverk, minuti\u00f6st utformat f\u00f6r att bevara essensen av ditt speciella \u00f6gonblick.<\/p>\r\n\r\n<h2>F\u00f6rh\u00f6j din upplevelse av g\u00e5vor<\/h2>\r\n\r\n<p>V\u00e5r akvarellkarta Where It All Began \u00e4r ett fint s\u00e4tt att uttrycka din k\u00e4rlek och uppskattning. Det \u00e4r inte bara en karta. Det \u00e4r ett best\u00e5ende minne som kommer att uppskattas under hela livet. Kartan f\u00f6rmedlar djupa k\u00e4nslor och representerar gl\u00e4djen i en nystart och v\u00e4rmen i gemensamma upplevelser.<\/p>\r\n\r\n<p>Varje blick p\u00e5 den blir ett samtals\u00e4mne, en k\u00e4nslom\u00e4ssig trigger och en v\u00e4rdefull p\u00e5minnelse om var din resa b\u00f6rjade. Den \u00e4r tillverkad med k\u00e4rlek och anpassad f\u00f6r sj\u00e4len och \u00e4r ett tecken p\u00e5 uppskattning och firande, som ett bevis p\u00e5 de \u00f6gonblick som har format ditt liv. Skapa ditt m\u00e4sterverk idag och fira &#8220;D\u00e4r allt b\u00f6rjade&#8221;.<\/p>","protected":false},"excerpt":{"rendered":"<ul class=\"check-list\">\n<li>Bevara essensen av ditt speciella \u00f6gonblick<\/li>\n<li>Markera en speciell plats med en utvald symbol<\/li>\n<li>Anpassa i 3 enkla steg<\/li>\n<li>V\u00e4lj en mall eller var kreativ<\/li>\n<li>Se resultatet direkt \u2013 den interaktiva f\u00f6rhandsvisningen l\u00e5ter dig finjustera varje detalj<\/li>\n<\/ul>\n","protected":false},"featured_media":1555992,"template":"","meta":[],"product_brand":[],"product_cat":[7459,8117,11221,11222,7694,8014,9169],"product_tag":[8527],"class_list":{"0":"post-1008069","1":"product","2":"type-product","3":"status-publish","4":"has-post-thumbnail","6":"product_cat-alla-produkter","7":"product_cat-fodelsedagspresenter-presenttillfallen","8":"product_cat-fodelsedagspresenter-till-henne","9":"product_cat-fodelsedagspresenter-till-honom","10":"product_cat-gavor-for-kvinnor","11":"product_cat-gavor-for-man","12":"product_cat-kontur","13":"product_tag-couples-sv","15":"first","16":"instock","17":"sale","18":"taxable","19":"shipping-taxable","20":"purchasable","21":"product-type-variable"},"yoast_head":"<!-- This site is optimized with the Yoast SEO Premium plugin v27.2 (Yoast SEO v27.2) - https:\/\/yoast.com\/product\/yoast-seo-premium-wordpress\/ -->\n<title>Akvarell d\u00e4r allt b\u00f6rjade karta - Positiva tryck<\/title>\n<meta name=\"description\" content=\"V\u00e5r akvarellkarta Where It All Began \u00e4r ett fint s\u00e4tt att uttrycka din k\u00e4rlek och uppskattning. Det \u00e4r ett best\u00e5ende minne som kommer att uppskattas under hela livet.\" \/>\n<meta name=\"robots\" content=\"index, follow, max-snippet:-1, max-image-preview:large, max-video-preview:-1\" \/>\n<link rel=\"canonical\" href=\"https:\/\/positiveprints.com\/sv\/produkt\/akvarell-var-det-allt-borjade-karta\/\" \/>\n<meta property=\"og:locale\" content=\"sv_SE\" \/>\n<meta property=\"og:type\" content=\"article\" \/>\n<meta property=\"og:title\" content=\"Akvarell d\u00e4r allt b\u00f6rjade Karta\" \/>\n<meta property=\"og:description\" content=\"Bevara essensen av ditt speciella \u00f6gonblick Markera en speciell plats med en utvald symbol Anpassa i 3 enkla steg V\u00e4lj en mall eller var kreativ Se resultatet direkt \u2013 den interaktiva f\u00f6rhandsvisningen l\u00e5ter dig finjustera varje detalj\" \/>\n<meta property=\"og:url\" content=\"https:\/\/positiveprints.com\/sv\/produkt\/akvarell-var-det-allt-borjade-karta\/\" \/>\n<meta property=\"og:site_name\" content=\"Positive Prints\" \/>\n<meta property=\"article:publisher\" content=\"https:\/\/www.facebook.com\/positiveprintscom\" \/>\n<meta property=\"article:modified_time\" content=\"2026-04-03T02:03:24+00:00\" \/>\n<meta property=\"og:image\" content=\"https:\/\/positiveprints.com\/wp-content\/uploads\/2024\/01\/Akvarell-dar-allt-borjade-Karta.jpg\" \/>\n\t<meta property=\"og:image:width\" content=\"1080\" \/>\n\t<meta property=\"og:image:height\" content=\"1080\" \/>\n\t<meta property=\"og:image:type\" content=\"image\/jpeg\" \/>\n<meta name=\"twitter:card\" content=\"summary_large_image\" \/>\n<meta name=\"twitter:label1\" content=\"Ber\u00e4knad l\u00e4stid\" \/>\n\t<meta name=\"twitter:data1\" content=\"2 minut\" \/>\n<!-- \/ Yoast SEO Premium plugin. -->","yoast_head_json":{"title":"Akvarell d\u00e4r allt b\u00f6rjade karta - Positiva tryck","description":"V\u00e5r akvarellkarta Where It All Began \u00e4r ett fint s\u00e4tt att uttrycka din k\u00e4rlek och uppskattning. Det \u00e4r ett best\u00e5ende minne som kommer att uppskattas under hela livet.","robots":{"index":"index","follow":"follow","max-snippet":"max-snippet:-1","max-image-preview":"max-image-preview:large","max-video-preview":"max-video-preview:-1"},"canonical":"https:\/\/positiveprints.com\/sv\/produkt\/akvarell-var-det-allt-borjade-karta\/","og_locale":"sv_SE","og_type":"article","og_title":"Akvarell d\u00e4r allt b\u00f6rjade Karta","og_description":"Bevara essensen av ditt speciella \u00f6gonblick Markera en speciell plats med en utvald symbol Anpassa i 3 enkla steg V\u00e4lj en mall eller var kreativ Se resultatet direkt \u2013 den interaktiva f\u00f6rhandsvisningen l\u00e5ter dig finjustera varje detalj","og_url":"https:\/\/positiveprints.com\/sv\/produkt\/akvarell-var-det-allt-borjade-karta\/","og_site_name":"Positive Prints","article_publisher":"https:\/\/www.facebook.com\/positiveprintscom","article_modified_time":"2026-04-03T02:03:24+00:00","og_image":[{"width":1080,"height":1080,"url":"https:\/\/positiveprints.com\/wp-content\/uploads\/2024\/01\/Akvarell-dar-allt-borjade-Karta.jpg","type":"image\/jpeg"}],"twitter_card":"summary_large_image","twitter_misc":{"Ber\u00e4knad l\u00e4stid":"2 minut"},"schema":{"@context":"https:\/\/schema.org","@graph":[{"@type":["WebPage","ItemPage"],"@id":"https:\/\/positiveprints.com\/sv\/produkt\/akvarell-var-det-allt-borjade-karta\/","url":"https:\/\/positiveprints.com\/sv\/produkt\/akvarell-var-det-allt-borjade-karta\/","name":"Akvarell d\u00e4r allt b\u00f6rjade karta - Positiva tryck","isPartOf":{"@id":"https:\/\/positiveprints.com\/sv\/#website"},"primaryImageOfPage":{"@id":"https:\/\/positiveprints.com\/sv\/produkt\/akvarell-var-det-allt-borjade-karta\/#primaryimage"},"image":{"@id":"https:\/\/positiveprints.com\/sv\/produkt\/akvarell-var-det-allt-borjade-karta\/#primaryimage"},"thumbnailUrl":"https:\/\/positiveprints.com\/wp-content\/uploads\/2025\/10\/Watercolor-where-it-all-began-map-2.webp","datePublished":"2023-10-21T18:23:51+00:00","dateModified":"2026-04-03T02:03:24+00:00","description":"V\u00e5r akvarellkarta Where It All Began \u00e4r ett fint s\u00e4tt att uttrycka din k\u00e4rlek och uppskattning. Det \u00e4r ett best\u00e5ende minne som kommer att uppskattas under hela livet.","breadcrumb":{"@id":"https:\/\/positiveprints.com\/sv\/produkt\/akvarell-var-det-allt-borjade-karta\/#breadcrumb"},"inLanguage":"sv-SE","potentialAction":[{"@type":"ReadAction","target":["https:\/\/positiveprints.com\/sv\/produkt\/akvarell-var-det-allt-borjade-karta\/"]}]},{"@type":"ImageObject","inLanguage":"sv-SE","@id":"https:\/\/positiveprints.com\/sv\/produkt\/akvarell-var-det-allt-borjade-karta\/#primaryimage","url":"https:\/\/positiveprints.com\/wp-content\/uploads\/2025\/10\/Watercolor-where-it-all-began-map-2.webp","contentUrl":"https:\/\/positiveprints.com\/wp-content\/uploads\/2025\/10\/Watercolor-where-it-all-began-map-2.webp","width":1450,"height":1450},{"@type":"BreadcrumbList","@id":"https:\/\/positiveprints.com\/sv\/produkt\/akvarell-var-det-allt-borjade-karta\/#breadcrumb","itemListElement":[{"@type":"ListItem","position":1,"name":"Home","item":"https:\/\/positiveprints.com\/sv\/"},{"@type":"ListItem","position":2,"name":"Produkter","item":"https:\/\/positiveprints.com\/sv\/shop\/"},{"@type":"ListItem","position":3,"name":"Akvarell d\u00e4r allt b\u00f6rjade Karta"}]},{"@type":"WebSite","@id":"https:\/\/positiveprints.com\/sv\/#website","url":"https:\/\/positiveprints.com\/sv\/","name":"Positive Prints","description":"Amazing Custom Personalized Gifts","publisher":{"@id":"https:\/\/positiveprints.com\/sv\/#organization"},"potentialAction":[{"@type":"SearchAction","target":{"@type":"EntryPoint","urlTemplate":"https:\/\/positiveprints.com\/sv\/?s={search_term_string}"},"query-input":{"@type":"PropertyValueSpecification","valueRequired":true,"valueName":"search_term_string"}}],"inLanguage":"sv-SE"},{"@type":"Organization","@id":"https:\/\/positiveprints.com\/sv\/#organization","name":"Positive Prints","alternateName":"Positive Prints","url":"https:\/\/positiveprints.com\/sv\/","logo":{"@type":"ImageObject","inLanguage":"sv-SE","@id":"https:\/\/positiveprints.com\/sv\/#\/schema\/logo\/image\/","url":"https:\/\/positiveprints.com\/wp-content\/uploads\/2026\/03\/245815646_1337939713319158_5671353136411139666_n.png","contentUrl":"https:\/\/positiveprints.com\/wp-content\/uploads\/2026\/03\/245815646_1337939713319158_5671353136411139666_n.png","width":800,"height":800,"caption":"Positive Prints"},"image":{"@id":"https:\/\/positiveprints.com\/sv\/#\/schema\/logo\/image\/"},"sameAs":["https:\/\/www.facebook.com\/positiveprintscom","https:\/\/www.instagram.com\/positiveprintscom\/","https:\/\/www.tiktok.com\/@positiveprintscom","https:\/\/www.pinterest.com\/positiveprintscom\/"]}]}},"jetpack_sharing_enabled":true,"_links":{"self":[{"href":"https:\/\/positiveprints.com\/sv\/wp-json\/wp\/v2\/product\/1008069","targetHints":{"allow":["GET"]}}],"collection":[{"href":"https:\/\/positiveprints.com\/sv\/wp-json\/wp\/v2\/product"}],"about":[{"href":"https:\/\/positiveprints.com\/sv\/wp-json\/wp\/v2\/types\/product"}],"wp:featuredmedia":[{"embeddable":true,"href":"https:\/\/positiveprints.com\/sv\/wp-json\/wp\/v2\/media\/1555992"}],"wp:attachment":[{"href":"https:\/\/positiveprints.com\/sv\/wp-json\/wp\/v2\/media?parent=1008069"}],"wp:term":[{"taxonomy":"product_brand","embeddable":true,"href":"https:\/\/positiveprints.com\/sv\/wp-json\/wp\/v2\/product_brand?post=1008069"},{"taxonomy":"product_cat","embeddable":true,"href":"https:\/\/positiveprints.com\/sv\/wp-json\/wp\/v2\/product_cat?post=1008069"},{"taxonomy":"product_tag","embeddable":true,"href":"https:\/\/positiveprints.com\/sv\/wp-json\/wp\/v2\/product_tag?post=1008069"}],"curies":[{"name":"wp","href":"https:\/\/api.w.org\/{rel}","templated":true}]}}