{"id":1008061,"date":"2023-12-01T15:12:55","date_gmt":"2023-12-01T14:12:55","guid":{"rendered":"https:\/\/positiveprints.com\/product\/akvarell-var-forsta-traff-karta\/"},"modified":"2026-04-23T11:12:28","modified_gmt":"2026-04-23T10:12:28","slug":"akvarell-var-forsta-date-map","status":"publish","type":"product","link":"https:\/\/positiveprints.com\/sv\/produkt\/akvarell-var-forsta-date-map\/","title":{"rendered":"Akvarell V\u00e5r f\u00f6rsta tr\u00e4ff Karta"},"content":{"rendered":"<p>Ge bort en fin present med v\u00e5r karta V\u00e5r f\u00f6rsta dejt i akvarell. Det \u00e4r ett unikt s\u00e4tt att fira den plats d\u00e4r er k\u00e4rlekshistoria b\u00f6rjade, er allra f\u00f6rsta dejt. Denna personliga present \u00e4r perfekt f\u00f6r <a href=\"https:\/\/positiveprints.com\/birthday-gifts\/\">f\u00f6delsedagar<\/a>, <a href=\"https:\/\/positiveprints.com\/anniversary-gifts\/\">jubileer<\/a>, <a href=\"https:\/\/positiveprints.com\/wedding-gifts\/\">br\u00f6llop<\/a> eller andra speciella tillf\u00e4llen, och erbjuder ett best\u00e5ende minne som p\u00e5 ett vackert s\u00e4tt p\u00e5minner om er unika koppling.<\/p>\r\n\r\n<h2>B\u00f6rjan p\u00e5 din unika k\u00e4rlekshistoria<\/h2>\r\n\r\n<p>F\u00e5nga essensen av er unika k\u00e4rlekshistoria med v\u00e5r akvarellkarta Our First Date Map. Med den kreativa friheten att v\u00e4lja bland f\u00f6rdefinierade akvarellstilar eller anpassa f\u00e4rgschemat kan du g\u00f6ra din karta till din egen. L\u00e4gg till en gnutta nostalgi genom att ange datumet f\u00f6r ert f\u00f6rsta m\u00f6te under kartan. Markera landet, delstaten eller staden d\u00e4r er f\u00f6rsta dejt \u00e4gde rum med en hj\u00e4rtformad mark\u00f6r.  <\/p>\r\n\r\n<p>L\u00e4gg till en personlig touch genom att inkludera ett innerligt meddelande under kartan, d\u00e4r &#8220;V\u00e5r f\u00f6rsta dejt&#8221; elegant visas. Denna omt\u00e4nksamma anpassning \u00e4r perfekt f\u00f6r att inkludera citat. Det \u00e4r ocks\u00e5 popul\u00e4rt att skriva ut s\u00e5ngtexter, era namn eller andra personliga detaljer. Med den anv\u00e4ndarv\u00e4nliga online-redigeraren kan du visualisera dina \u00e4ndringar i realtid och se till att din karta f\u00e5ngar essensen av den minnesv\u00e4rda dagen.<\/p>\r\n\r\n<h2>Akvarell V\u00e5r f\u00f6rsta dejt-karta: En perfekt g\u00e5va f\u00f6r eviga minnen<\/h2>\r\n\r\n<p>Ge bort en g\u00e5va f\u00f6r livet med v\u00e5r akvarellkarta V\u00e5r f\u00f6rsta dejt. Varje blick p\u00e5 denna vackert utformade karta kommer att ta dig tillbaka till den magiska f\u00f6rsta dejten och \u00e5teruppliva de k\u00e4nslor ni delade. Oavsett om det \u00e4r f\u00f6r en \u00e5rsdag, f\u00f6delsedag, br\u00f6llop eller n\u00e5gon annan speciell h\u00e4ndelse, g\u00f6r denna personliga karta din f\u00f6rbindelse verkligen of\u00f6rgl\u00f6mlig.  <\/p>\r\n\r\n<p>Visa dina n\u00e4ra och k\u00e4ra hur mycket de betyder f\u00f6r dig genom att ge dem denna p\u00e5tagliga del av din historia. Denna minnesg\u00e5va \u00e4r tillverkad med k\u00e4rlek och st\u00e5r sig \u00f6ver tid. Den bevarar er k\u00e4rlek och de k\u00e4nslor som var f\u00f6rknippade med den d\u00e4r f\u00f6rsta dejten. Skapa of\u00f6rgl\u00f6mliga minnen redan idag med v\u00e5r Watercolor Our First Date Map &#8211; g\u00e5van som forts\u00e4tter att ge.<\/p>","protected":false},"excerpt":{"rendered":"<ul class=\"check-list\">\n<li>F\u00e5 tillbaka den speciella k\u00e4nslan fr\u00e5n er f\u00f6rsta dejt<\/li>\n<li>Markera en speciell plats med en utvald symbol<\/li>\n<li>Anpassa i 3 enkla steg<\/li>\n<li>V\u00e4lj en mall eller var kreativ<\/li>\n<li>Se resultatet direkt \u2013 den interaktiva f\u00f6rhandsvisningen l\u00e5ter dig finjustera varje detalj<\/li>\n<\/ul>\n","protected":false},"featured_media":1030596,"template":"","meta":[],"product_brand":[],"product_cat":[7459,7694,8014,9169],"product_tag":[9020],"class_list":{"0":"post-1008061","1":"product","2":"type-product","3":"status-publish","4":"has-post-thumbnail","6":"product_cat-alla-produkter","7":"product_cat-gavor-for-kvinnor","8":"product_cat-gavor-for-man","9":"product_cat-kontur","10":"product_tag-par","12":"first","13":"instock","14":"sale","15":"taxable","16":"shipping-taxable","17":"purchasable","18":"product-type-variable"},"yoast_head":"<!-- This site is optimized with the Yoast SEO Premium plugin v27.2 (Yoast SEO v27.2) - https:\/\/yoast.com\/product\/yoast-seo-premium-wordpress\/ -->\n<title>Akvarell V\u00e5r f\u00f6rsta date karta - Positiva tryck<\/title>\n<meta name=\"description\" content=\"Skapa of\u00f6rgl\u00f6mliga minnen redan idag med v\u00e5r personliga Watercolor Our First Date Map - g\u00e5van som forts\u00e4tter att ge.\" \/>\n<meta name=\"robots\" content=\"index, follow, max-snippet:-1, max-image-preview:large, max-video-preview:-1\" \/>\n<link rel=\"canonical\" href=\"https:\/\/positiveprints.com\/sv\/produkt\/akvarell-var-forsta-date-map\/\" \/>\n<meta property=\"og:locale\" content=\"sv_SE\" \/>\n<meta property=\"og:type\" content=\"article\" \/>\n<meta property=\"og:title\" content=\"Akvarell V\u00e5r f\u00f6rsta tr\u00e4ff Karta\" \/>\n<meta property=\"og:description\" content=\"F\u00e5 tillbaka den speciella k\u00e4nslan fr\u00e5n er f\u00f6rsta dejt Markera en speciell plats med en utvald symbol Anpassa i 3 enkla steg V\u00e4lj en mall eller var kreativ Se resultatet direkt \u2013 den interaktiva f\u00f6rhandsvisningen l\u00e5ter dig finjustera varje detalj\" \/>\n<meta property=\"og:url\" content=\"https:\/\/positiveprints.com\/sv\/produkt\/akvarell-var-forsta-date-map\/\" \/>\n<meta property=\"og:site_name\" content=\"Positive Prints\" \/>\n<meta property=\"article:publisher\" content=\"https:\/\/www.facebook.com\/positiveprintscom\" \/>\n<meta property=\"article:modified_time\" content=\"2026-04-23T10:12:28+00:00\" \/>\n<meta property=\"og:image\" content=\"https:\/\/positiveprints.com\/wp-content\/uploads\/2024\/01\/Akvarell-Var-forsta-traff-Karta.jpg\" \/>\n\t<meta property=\"og:image:width\" content=\"1080\" \/>\n\t<meta property=\"og:image:height\" content=\"1080\" \/>\n\t<meta property=\"og:image:type\" content=\"image\/jpeg\" \/>\n<meta name=\"twitter:card\" content=\"summary_large_image\" \/>\n<!-- \/ Yoast SEO Premium plugin. -->","yoast_head_json":{"title":"Akvarell V\u00e5r f\u00f6rsta date karta - Positiva tryck","description":"Skapa of\u00f6rgl\u00f6mliga minnen redan idag med v\u00e5r personliga Watercolor Our First Date Map - g\u00e5van som forts\u00e4tter att ge.","robots":{"index":"index","follow":"follow","max-snippet":"max-snippet:-1","max-image-preview":"max-image-preview:large","max-video-preview":"max-video-preview:-1"},"canonical":"https:\/\/positiveprints.com\/sv\/produkt\/akvarell-var-forsta-date-map\/","og_locale":"sv_SE","og_type":"article","og_title":"Akvarell V\u00e5r f\u00f6rsta tr\u00e4ff Karta","og_description":"F\u00e5 tillbaka den speciella k\u00e4nslan fr\u00e5n er f\u00f6rsta dejt Markera en speciell plats med en utvald symbol Anpassa i 3 enkla steg V\u00e4lj en mall eller var kreativ Se resultatet direkt \u2013 den interaktiva f\u00f6rhandsvisningen l\u00e5ter dig finjustera varje detalj","og_url":"https:\/\/positiveprints.com\/sv\/produkt\/akvarell-var-forsta-date-map\/","og_site_name":"Positive Prints","article_publisher":"https:\/\/www.facebook.com\/positiveprintscom","article_modified_time":"2026-04-23T10:12:28+00:00","og_image":[{"width":1080,"height":1080,"url":"https:\/\/positiveprints.com\/wp-content\/uploads\/2024\/01\/Akvarell-Var-forsta-traff-Karta.jpg","type":"image\/jpeg"}],"twitter_card":"summary_large_image","schema":{"@context":"https:\/\/schema.org","@graph":[{"@type":["WebPage","ItemPage"],"@id":"https:\/\/positiveprints.com\/sv\/produkt\/akvarell-var-forsta-date-map\/","url":"https:\/\/positiveprints.com\/sv\/produkt\/akvarell-var-forsta-date-map\/","name":"Akvarell V\u00e5r f\u00f6rsta date karta - Positiva tryck","isPartOf":{"@id":"https:\/\/positiveprints.com\/sv\/#website"},"primaryImageOfPage":{"@id":"https:\/\/positiveprints.com\/sv\/produkt\/akvarell-var-forsta-date-map\/#primaryimage"},"image":{"@id":"https:\/\/positiveprints.com\/sv\/produkt\/akvarell-var-forsta-date-map\/#primaryimage"},"thumbnailUrl":"https:\/\/positiveprints.com\/wp-content\/uploads\/2024\/01\/Akvarell-Var-forsta-traff-Karta.jpg","datePublished":"2023-12-01T14:12:55+00:00","dateModified":"2026-04-23T10:12:28+00:00","description":"Skapa of\u00f6rgl\u00f6mliga minnen redan idag med v\u00e5r personliga Watercolor Our First Date Map - g\u00e5van som forts\u00e4tter att ge.","breadcrumb":{"@id":"https:\/\/positiveprints.com\/sv\/produkt\/akvarell-var-forsta-date-map\/#breadcrumb"},"inLanguage":"sv-SE","potentialAction":[{"@type":"ReadAction","target":["https:\/\/positiveprints.com\/sv\/produkt\/akvarell-var-forsta-date-map\/"]}]},{"@type":"ImageObject","inLanguage":"sv-SE","@id":"https:\/\/positiveprints.com\/sv\/produkt\/akvarell-var-forsta-date-map\/#primaryimage","url":"https:\/\/positiveprints.com\/wp-content\/uploads\/2024\/01\/Akvarell-Var-forsta-traff-Karta.jpg","contentUrl":"https:\/\/positiveprints.com\/wp-content\/uploads\/2024\/01\/Akvarell-Var-forsta-traff-Karta.jpg","width":1080,"height":1080,"caption":"Akvarell V\u00e5r f\u00f6rsta tr\u00e4ff Karta"},{"@type":"BreadcrumbList","@id":"https:\/\/positiveprints.com\/sv\/produkt\/akvarell-var-forsta-date-map\/#breadcrumb","itemListElement":[{"@type":"ListItem","position":1,"name":"Home","item":"https:\/\/positiveprints.com\/sv\/"},{"@type":"ListItem","position":2,"name":"Produkter","item":"https:\/\/positiveprints.com\/sv\/shop\/"},{"@type":"ListItem","position":3,"name":"Akvarell V\u00e5r f\u00f6rsta tr\u00e4ff Karta"}]},{"@type":"WebSite","@id":"https:\/\/positiveprints.com\/sv\/#website","url":"https:\/\/positiveprints.com\/sv\/","name":"Positive Prints","description":"Amazing Custom Personalized Gifts","publisher":{"@id":"https:\/\/positiveprints.com\/sv\/#organization"},"potentialAction":[{"@type":"SearchAction","target":{"@type":"EntryPoint","urlTemplate":"https:\/\/positiveprints.com\/sv\/?s={search_term_string}"},"query-input":{"@type":"PropertyValueSpecification","valueRequired":true,"valueName":"search_term_string"}}],"inLanguage":"sv-SE"},{"@type":"Organization","@id":"https:\/\/positiveprints.com\/sv\/#organization","name":"Positive Prints","alternateName":"Positive Prints","url":"https:\/\/positiveprints.com\/sv\/","logo":{"@type":"ImageObject","inLanguage":"sv-SE","@id":"https:\/\/positiveprints.com\/sv\/#\/schema\/logo\/image\/","url":"https:\/\/positiveprints.com\/wp-content\/uploads\/2026\/03\/245815646_1337939713319158_5671353136411139666_n.png","contentUrl":"https:\/\/positiveprints.com\/wp-content\/uploads\/2026\/03\/245815646_1337939713319158_5671353136411139666_n.png","width":800,"height":800,"caption":"Positive Prints"},"image":{"@id":"https:\/\/positiveprints.com\/sv\/#\/schema\/logo\/image\/"},"sameAs":["https:\/\/www.facebook.com\/positiveprintscom","https:\/\/www.instagram.com\/positiveprintscom\/","https:\/\/www.tiktok.com\/@positiveprintscom","https:\/\/www.pinterest.com\/positiveprintscom\/"]}]}},"jetpack_sharing_enabled":true,"_links":{"self":[{"href":"https:\/\/positiveprints.com\/sv\/wp-json\/wp\/v2\/product\/1008061","targetHints":{"allow":["GET"]}}],"collection":[{"href":"https:\/\/positiveprints.com\/sv\/wp-json\/wp\/v2\/product"}],"about":[{"href":"https:\/\/positiveprints.com\/sv\/wp-json\/wp\/v2\/types\/product"}],"wp:featuredmedia":[{"embeddable":true,"href":"https:\/\/positiveprints.com\/sv\/wp-json\/wp\/v2\/media\/1030596"}],"wp:attachment":[{"href":"https:\/\/positiveprints.com\/sv\/wp-json\/wp\/v2\/media?parent=1008061"}],"wp:term":[{"taxonomy":"product_brand","embeddable":true,"href":"https:\/\/positiveprints.com\/sv\/wp-json\/wp\/v2\/product_brand?post=1008061"},{"taxonomy":"product_cat","embeddable":true,"href":"https:\/\/positiveprints.com\/sv\/wp-json\/wp\/v2\/product_cat?post=1008061"},{"taxonomy":"product_tag","embeddable":true,"href":"https:\/\/positiveprints.com\/sv\/wp-json\/wp\/v2\/product_tag?post=1008061"}],"curies":[{"name":"wp","href":"https:\/\/api.w.org\/{rel}","templated":true}]}}