{"id":1008048,"date":"2023-10-20T19:44:52","date_gmt":"2023-10-20T18:44:52","guid":{"rendered":"https:\/\/positiveprints.com\/product\/akvarell-where-we-met-karta\/"},"modified":"2026-04-03T03:03:39","modified_gmt":"2026-04-03T02:03:39","slug":"akvarell-var-moter-vi-kartan","status":"publish","type":"product","link":"https:\/\/positiveprints.com\/sv\/produkt\/akvarell-var-moter-vi-kartan\/","title":{"rendered":"Akvarell Karta \u00d6ver Var Vi Tr\u00e4ffades"},"content":{"rendered":"<p>Letar du efter en riktigt innerlig och personlig g\u00e5va? Uppt\u00e4ck v\u00e5r akvarellkarta Where We Met! Ge bort en g\u00e5va med detta unika akvarellm\u00e4sterverk som f\u00e5ngar den exakta platsen d\u00e4r ni f\u00f6rst tr\u00e4ffades, f\u00f6revigad p\u00e5 en vackert designad karta. Oavsett om det \u00e4r <a href=\"https:\/\/positiveprints.com\/birthday-gifts\/\">f\u00f6delsedag<\/a>, <a href=\"https:\/\/positiveprints.com\/anniversary-gifts\/\">\u00e5rsdag<\/a>, <a href=\"https:\/\/positiveprints.com\/wedding-gifts\/\">br\u00f6llop<\/a> eller n\u00e5got annat speciellt tillf\u00e4lle \u00e4r det h\u00e4r det perfekta s\u00e4ttet att fira din f\u00f6rbindelse. Skapa fina minnen och best\u00e5ende k\u00e4nslor med denna uts\u00f6kta k\u00e4rleksf\u00f6rklaring.<\/p>\r\n\r\n<h2>Den perfekta representationen av din k\u00e4rlekshistoria<\/h2>\r\n\r\n<p>Lyft fram dina g\u00e5vor med v\u00e5r akvarellm\u00e5lade karta Where We Met. Du har den kreativa friheten att utforma en karta som st\u00e4mmer \u00f6verens med din personliga resa. B\u00f6rja med att v\u00e4lja bland v\u00e5ra fantastiska akvarellstilar eller skapa din egen unika f\u00e4rgskala som passar din smak. V\u00e4lj sedan det land, den delstat eller den stad d\u00e4r era v\u00e4gar korsades f\u00f6rsta g\u00e5ngen och markera det med en hj\u00e4rtformad n\u00e5l.  <\/p>\r\n\r\n<p>Anpassa din karta ytterligare genom att l\u00e4gga till text, ett s\u00e4rskilt meddelande eller meningsfulla detaljer i fotnoten. Du kan g\u00f6ra den till din egen med citat, l\u00e5ttexter eller era namn. Med v\u00e5r l\u00e4ttanv\u00e4nda online-redigerare kan du se dina \u00e4ndringar i realtid och se till att du f\u00e5r den perfekta representationen av din k\u00e4rlekshistoria.<\/p>\r\n\r\n<h2>Akvarell Var vi tr\u00e4ffades Karta: Den perfekta presenten f\u00f6r best\u00e5ende minnen<\/h2>\r\n\r\n<p>Ge bort en g\u00e5va som talar till hj\u00e4rtat &#8211; en karta med akvarell \u00f6ver platsen d\u00e4r vi tr\u00e4ffades. Det \u00e4r mer \u00e4n bara en karta. Det \u00e4r ett k\u00e4rt minne, ett bevis p\u00e5 er k\u00e4rlekshistoria. Varje blick p\u00e5 denna vackert designade karta kommer att \u00e5teruppv\u00e4cka k\u00e4nslorna fr\u00e5n den speciella dag d\u00e5 ni tr\u00e4ffades. Det \u00e4r det perfekta s\u00e4ttet att fira och hedra det unika band som ni delar. Oavsett om det \u00e4r f\u00f6r en \u00e5rsdag, f\u00f6delsedag, br\u00f6llop eller n\u00e5got annat tillf\u00e4lle, g\u00f6r denna personliga karta din f\u00f6rbindelse verkligen minnesv\u00e4rd.  <\/p>\r\n\r\n<p>Visa dina n\u00e4ra och k\u00e4ra hur mycket de betyder f\u00f6r dig genom att ge dem denna p\u00e5tagliga del av din historia. Den \u00e4r tillverkad med k\u00e4rlek och \u00e4r ett minne som kommer att st\u00e5 sig \u00f6ver tid och bevara din k\u00e4rlek och k\u00e4nslorna i samband med det magiska \u00f6gonblicket. G\u00f6r dina minnen of\u00f6rgl\u00f6mliga idag med v\u00e5r Watercolor Where We Met Map &#8211; g\u00e5van som forts\u00e4tter att ge.<\/p>","protected":false},"excerpt":{"rendered":"<ul class=\"check-list\">\n<li>Fira det unika band som ni delar<\/li>\n<li>Markera en speciell plats med en utvald symbol<\/li>\n<li>Anpassa i 3 enkla steg<\/li>\n<li>V\u00e4lj en mall eller var kreativ<\/li>\n<li>Se resultatet direkt \u2013 den interaktiva f\u00f6rhandsvisningen l\u00e5ter dig finjustera varje detalj<\/li>\n<\/ul>\n","protected":false},"featured_media":1032426,"template":"","meta":[],"product_brand":[],"product_cat":[8116,11251,11252,7459,11190,11191,11192,7694,8014,7806,8114,8108,9169,7647,7790,11469,7758,11477,8188,11470,11471,8214,11472,11463,7679],"product_tag":[14998,11758,11772,11835,11829,11832,11830],"class_list":{"0":"post-1008048","1":"product","2":"type-product","3":"status-publish","4":"has-post-thumbnail","6":"product_cat-gava-pa-alla-hjartans-dag","7":"product_cat-alla-hjartans-dag-presenter-for-henne","8":"product_cat-alla-hjartans-dag-presenter-for-honom","9":"product_cat-alla-produkter","10":"product_cat-arsdagspresenter-till-henne","11":"product_cat-arsdagspresenter-till-honom","12":"product_cat-arsdagspresenter-till-par","13":"product_cat-gavor-for-kvinnor","14":"product_cat-gavor-for-man","15":"product_cat-gavor-for-par","16":"product_cat-jubileumspresent-presenttillfallen","17":"product_cat-julpresenter","18":"product_cat-kontur","19":"product_cat-gavor-till-din-man","20":"product_cat-gavor-till-flickvannen","21":"product_cat-julklappar-till-flickvannen","22":"product_cat-gavor-till-fru","23":"product_cat-julklappar-till-frun","24":"product_cat-till-henne","25":"product_cat-julklappar-till-henne","26":"product_cat-julklappar-till-honom","27":"product_cat-till-honom","28":"product_cat-julklappar-till-maken","29":"product_cat-julklapp-till-pojkvan","30":"product_cat-gavor-till-pojkvannen","31":"product_tag-anniversary-sv","32":"product_tag-julklapp-till-pojkvan","33":"product_tag-julklappar-till-flickvannen","34":"product_tag-julklappar-till-frun","35":"product_tag-julklappar-till-henne","36":"product_tag-julklappar-till-maken","37":"product_tag-kerstcadeaus-for-honom","39":"first","40":"instock","41":"sale","42":"taxable","43":"shipping-taxable","44":"purchasable","45":"product-type-variable"},"yoast_head":"<!-- This site is optimized with the Yoast SEO Premium plugin v27.2 (Yoast SEO v27.2) - https:\/\/yoast.com\/product\/yoast-seo-premium-wordpress\/ -->\n<title>Akvarell - Karta \u00f6ver var vi tr\u00e4ffades - Positive Prints<\/title>\n<meta name=\"description\" content=\"Uppt\u00e4ck akvarellf\u00e4rgen Where We Met Karta. Ge bort en g\u00e5va med detta unika m\u00e4sterverk som f\u00e5ngar den exakta platsen d\u00e4r ni tr\u00e4ffades f\u00f6r f\u00f6rsta g\u00e5ngen\" \/>\n<meta name=\"robots\" content=\"index, follow, max-snippet:-1, max-image-preview:large, max-video-preview:-1\" \/>\n<link rel=\"canonical\" href=\"https:\/\/positiveprints.com\/sv\/produkt\/akvarell-var-moter-vi-kartan\/\" \/>\n<meta property=\"og:locale\" content=\"sv_SE\" \/>\n<meta property=\"og:type\" content=\"article\" \/>\n<meta property=\"og:title\" content=\"Akvarell Karta \u00d6ver Var Vi Tr\u00e4ffades\" \/>\n<meta property=\"og:description\" content=\"Fira det unika band som ni delar Markera en speciell plats med en utvald symbol Anpassa i 3 enkla steg V\u00e4lj en mall eller var kreativ Se resultatet direkt \u2013 den interaktiva f\u00f6rhandsvisningen l\u00e5ter dig finjustera varje detalj\" \/>\n<meta property=\"og:url\" content=\"https:\/\/positiveprints.com\/sv\/produkt\/akvarell-var-moter-vi-kartan\/\" \/>\n<meta property=\"og:site_name\" content=\"Positive Prints\" \/>\n<meta property=\"article:publisher\" content=\"https:\/\/www.facebook.com\/positiveprintscom\" \/>\n<meta property=\"article:modified_time\" content=\"2026-04-03T02:03:39+00:00\" \/>\n<meta property=\"og:image\" content=\"https:\/\/positiveprints.com\/wp-content\/uploads\/2024\/01\/Akvarell-Karta-Over-Var-Vi-Traffades.jpg\" \/>\n\t<meta property=\"og:image:width\" content=\"1080\" \/>\n\t<meta property=\"og:image:height\" content=\"1080\" \/>\n\t<meta property=\"og:image:type\" content=\"image\/jpeg\" \/>\n<meta name=\"twitter:card\" content=\"summary_large_image\" \/>\n<meta name=\"twitter:label1\" content=\"Ber\u00e4knad l\u00e4stid\" \/>\n\t<meta name=\"twitter:data1\" content=\"2 minut\" \/>\n<!-- \/ Yoast SEO Premium plugin. -->","yoast_head_json":{"title":"Akvarell - Karta \u00f6ver var vi tr\u00e4ffades - Positive Prints","description":"Uppt\u00e4ck akvarellf\u00e4rgen Where We Met Karta. Ge bort en g\u00e5va med detta unika m\u00e4sterverk som f\u00e5ngar den exakta platsen d\u00e4r ni tr\u00e4ffades f\u00f6r f\u00f6rsta g\u00e5ngen","robots":{"index":"index","follow":"follow","max-snippet":"max-snippet:-1","max-image-preview":"max-image-preview:large","max-video-preview":"max-video-preview:-1"},"canonical":"https:\/\/positiveprints.com\/sv\/produkt\/akvarell-var-moter-vi-kartan\/","og_locale":"sv_SE","og_type":"article","og_title":"Akvarell Karta \u00d6ver Var Vi Tr\u00e4ffades","og_description":"Fira det unika band som ni delar Markera en speciell plats med en utvald symbol Anpassa i 3 enkla steg V\u00e4lj en mall eller var kreativ Se resultatet direkt \u2013 den interaktiva f\u00f6rhandsvisningen l\u00e5ter dig finjustera varje detalj","og_url":"https:\/\/positiveprints.com\/sv\/produkt\/akvarell-var-moter-vi-kartan\/","og_site_name":"Positive Prints","article_publisher":"https:\/\/www.facebook.com\/positiveprintscom","article_modified_time":"2026-04-03T02:03:39+00:00","og_image":[{"width":1080,"height":1080,"url":"https:\/\/positiveprints.com\/wp-content\/uploads\/2024\/01\/Akvarell-Karta-Over-Var-Vi-Traffades.jpg","type":"image\/jpeg"}],"twitter_card":"summary_large_image","twitter_misc":{"Ber\u00e4knad l\u00e4stid":"2 minut"},"schema":{"@context":"https:\/\/schema.org","@graph":[{"@type":["WebPage","ItemPage"],"@id":"https:\/\/positiveprints.com\/sv\/produkt\/akvarell-var-moter-vi-kartan\/","url":"https:\/\/positiveprints.com\/sv\/produkt\/akvarell-var-moter-vi-kartan\/","name":"Akvarell - Karta \u00f6ver var vi tr\u00e4ffades - Positive Prints","isPartOf":{"@id":"https:\/\/positiveprints.com\/sv\/#website"},"primaryImageOfPage":{"@id":"https:\/\/positiveprints.com\/sv\/produkt\/akvarell-var-moter-vi-kartan\/#primaryimage"},"image":{"@id":"https:\/\/positiveprints.com\/sv\/produkt\/akvarell-var-moter-vi-kartan\/#primaryimage"},"thumbnailUrl":"https:\/\/positiveprints.com\/wp-content\/uploads\/2024\/01\/Akvarell-Karta-Over-Var-Vi-Traffades.jpg","datePublished":"2023-10-20T18:44:52+00:00","dateModified":"2026-04-03T02:03:39+00:00","description":"Uppt\u00e4ck akvarellf\u00e4rgen Where We Met Karta. Ge bort en g\u00e5va med detta unika m\u00e4sterverk som f\u00e5ngar den exakta platsen d\u00e4r ni tr\u00e4ffades f\u00f6r f\u00f6rsta g\u00e5ngen","breadcrumb":{"@id":"https:\/\/positiveprints.com\/sv\/produkt\/akvarell-var-moter-vi-kartan\/#breadcrumb"},"inLanguage":"sv-SE","potentialAction":[{"@type":"ReadAction","target":["https:\/\/positiveprints.com\/sv\/produkt\/akvarell-var-moter-vi-kartan\/"]}]},{"@type":"ImageObject","inLanguage":"sv-SE","@id":"https:\/\/positiveprints.com\/sv\/produkt\/akvarell-var-moter-vi-kartan\/#primaryimage","url":"https:\/\/positiveprints.com\/wp-content\/uploads\/2024\/01\/Akvarell-Karta-Over-Var-Vi-Traffades.jpg","contentUrl":"https:\/\/positiveprints.com\/wp-content\/uploads\/2024\/01\/Akvarell-Karta-Over-Var-Vi-Traffades.jpg","width":1080,"height":1080,"caption":"Akvarell Karta \u00d6ver Var Vi Tr\u00e4ffades"},{"@type":"BreadcrumbList","@id":"https:\/\/positiveprints.com\/sv\/produkt\/akvarell-var-moter-vi-kartan\/#breadcrumb","itemListElement":[{"@type":"ListItem","position":1,"name":"Home","item":"https:\/\/positiveprints.com\/sv\/"},{"@type":"ListItem","position":2,"name":"Produkter","item":"https:\/\/positiveprints.com\/sv\/shop\/"},{"@type":"ListItem","position":3,"name":"Akvarell Karta \u00d6ver Var Vi Tr\u00e4ffades"}]},{"@type":"WebSite","@id":"https:\/\/positiveprints.com\/sv\/#website","url":"https:\/\/positiveprints.com\/sv\/","name":"Positive Prints","description":"Amazing Custom Personalized Gifts","publisher":{"@id":"https:\/\/positiveprints.com\/sv\/#organization"},"potentialAction":[{"@type":"SearchAction","target":{"@type":"EntryPoint","urlTemplate":"https:\/\/positiveprints.com\/sv\/?s={search_term_string}"},"query-input":{"@type":"PropertyValueSpecification","valueRequired":true,"valueName":"search_term_string"}}],"inLanguage":"sv-SE"},{"@type":"Organization","@id":"https:\/\/positiveprints.com\/sv\/#organization","name":"Positive Prints","alternateName":"Positive Prints","url":"https:\/\/positiveprints.com\/sv\/","logo":{"@type":"ImageObject","inLanguage":"sv-SE","@id":"https:\/\/positiveprints.com\/sv\/#\/schema\/logo\/image\/","url":"https:\/\/positiveprints.com\/wp-content\/uploads\/2026\/03\/245815646_1337939713319158_5671353136411139666_n.png","contentUrl":"https:\/\/positiveprints.com\/wp-content\/uploads\/2026\/03\/245815646_1337939713319158_5671353136411139666_n.png","width":800,"height":800,"caption":"Positive Prints"},"image":{"@id":"https:\/\/positiveprints.com\/sv\/#\/schema\/logo\/image\/"},"sameAs":["https:\/\/www.facebook.com\/positiveprintscom","https:\/\/www.instagram.com\/positiveprintscom\/","https:\/\/www.tiktok.com\/@positiveprintscom","https:\/\/www.pinterest.com\/positiveprintscom\/"]}]}},"jetpack_sharing_enabled":true,"_links":{"self":[{"href":"https:\/\/positiveprints.com\/sv\/wp-json\/wp\/v2\/product\/1008048","targetHints":{"allow":["GET"]}}],"collection":[{"href":"https:\/\/positiveprints.com\/sv\/wp-json\/wp\/v2\/product"}],"about":[{"href":"https:\/\/positiveprints.com\/sv\/wp-json\/wp\/v2\/types\/product"}],"wp:featuredmedia":[{"embeddable":true,"href":"https:\/\/positiveprints.com\/sv\/wp-json\/wp\/v2\/media\/1032426"}],"wp:attachment":[{"href":"https:\/\/positiveprints.com\/sv\/wp-json\/wp\/v2\/media?parent=1008048"}],"wp:term":[{"taxonomy":"product_brand","embeddable":true,"href":"https:\/\/positiveprints.com\/sv\/wp-json\/wp\/v2\/product_brand?post=1008048"},{"taxonomy":"product_cat","embeddable":true,"href":"https:\/\/positiveprints.com\/sv\/wp-json\/wp\/v2\/product_cat?post=1008048"},{"taxonomy":"product_tag","embeddable":true,"href":"https:\/\/positiveprints.com\/sv\/wp-json\/wp\/v2\/product_tag?post=1008048"}],"curies":[{"name":"wp","href":"https:\/\/api.w.org\/{rel}","templated":true}]}}