{"id":1006907,"date":"2023-06-15T11:33:16","date_gmt":"2023-06-15T10:33:16","guid":{"rendered":"https:\/\/positiveprints.com\/product\/natten-da-vi-forlovade-oss\/"},"modified":"2026-04-12T22:10:04","modified_gmt":"2026-04-12T21:10:04","slug":"natten-vi-blev-engagerade","status":"publish","type":"product","link":"https:\/\/positiveprints.com\/sv\/produkt\/natten-vi-blev-engagerade\/","title":{"rendered":"Natten d\u00e5 vi f\u00f6rlovade oss"},"content":{"rendered":"<h2 class=\"grenB f24 cblue\" style=\"margin-top: 3rem;\">Natten d\u00e5 vi f\u00f6rlovade oss: Ett tidl\u00f6st minne f\u00f6r din speciella stund<\/h2>\r\n          \r\n\r\n          <p style=\"margin-top: 1rem;\">The Night We Got Engaged \u00e4r en extraordin\u00e4r <a href=\"https:\/\/positiveprints.com\/engagement-gifts\/\">personlig f\u00f6rlovningsg\u00e5va<\/a> som f\u00e5ngar magin i ert speciella \u00f6gonblick. Detta vackert utformade tryck eller canvas visar den exakta vyn av stj\u00e4rnhimlen fr\u00e5n en specifik tid och plats, vilket g\u00f6r det till en perfekt present till din f\u00e4stman eller f\u00e4stm\u00f6. Med denna anm\u00e4rkningsv\u00e4rda souvenir kan du \u00e5teruppleva k\u00e4nslorna och minnena fr\u00e5n den of\u00f6rgl\u00f6mliga natten i m\u00e5nga \u00e5r fram\u00f6ver.<\/p>\r\n          \r\n\r\n          \r\n\r\n          <h2 class=\"grenB f24 cblue\" style=\"margin-top: 3rem;\">Designa ditt eget The Night We Got Engaged-konstverk<\/h2>\r\n          \r\n\r\n          <p style=\"margin-top: 1rem;\">Med hj\u00e4lp av v\u00e5r anv\u00e4ndarv\u00e4nliga online editor \u00e4r det enkelt att designa The Night We Got Engaged. B\u00f6rja med att v\u00e4lja den stil och de element som ska pryda din <a href=\"https:\/\/positiveprints.com\/blog\/the-ultimate-star-map-gift-guide-for-all-occasions\/\">stj\u00e4rnkarta<\/a>. Du har m\u00f6jlighet att v\u00e4lja bland v\u00e5ra f\u00f6rdefinierade stilar, eller f\u00f6r en personlig touch, experimentera med anpassade f\u00e4rger f\u00f6r att matcha din unika smak. F\u00f6rb\u00e4ttra ditt himmelska m\u00e4sterverk genom att v\u00e4lja stj\u00e4rnkartelement som planeter, planetnamn, konstellationer, konstellationsnamn, vintergatan och rutn\u00e4tslinjer.<\/p>\r\n          \r\n\r\n          <p style=\"margin-top: 1rem;\">F\u00f6r att skapa ett riktigt personligt The Night We Got Engaged-tryck, ange den exakta platsen d\u00e4r din f\u00f6rlovning \u00e4gde rum, tillsammans med datumet. L\u00e4gg till en titel och undertitel som kommer att ha en speciell betydelse f\u00f6r dig och din \u00e4lskade. Men det \u00e4r inte allt &#8211; f\u00f6r att g\u00f6ra denna g\u00e5va verkligt unik och personlig kan du inkludera textmeddelanden som f\u00f6r alltid kommer att vara inb\u00e4ddade i designen. Oavsett om det \u00e4r de fina orden ni v\u00e4xlade eller ett innerligt citat, kommer dessa extra detaljer att f\u00f6rvandla din stj\u00e4rnkarta till ett k\u00e4rt minne.<\/p>\r\n          \r\n\r\n          <p style=\"margin-top: 1rem;\">N\u00e4r du \u00e4r klar med att designa ditt konstverk The Night We Got Engaged \u00e4r det dags att v\u00e4lja det format och den storlek som passar dina \u00f6nskem\u00e5l. V\u00e5rt utbud av alternativ inkluderar inramade eller tryckta affischer, dukar eller digitala filer f\u00f6r omedelbar nedladdning. Oavsett vilket format du v\u00e4ljer kan du vara s\u00e4ker p\u00e5 att kvaliteten och hantverket p\u00e5 ditt konstverk kommer att vara i toppklass.<\/p>\r\n          \r\n\r\n          \r\n\r\n          <h2 class=\"grenB f24 cblue\" style=\"margin-top: 3rem;\">Den perfekta f\u00f6rlovningspresenten<\/h2>\r\n          \r\n\r\n          <p style=\"margin-top: 1rem;\">N\u00e4r det g\u00e4ller att hitta den b\u00e4sta <a href=\"https:\/\/positiveprints.com\/engagement-gifts\/\">personliga f\u00f6rlovningspresenten<\/a> beh\u00f6ver du inte leta l\u00e4ngre \u00e4n till The Night We Got Engaged. Denna fantastiska stj\u00e4rnkarta med tryck f\u00f6revigar stj\u00e4rnorna som lyste p\u00e5 ditt enda \u00f6gonblick i livet. Till skillnad fr\u00e5n vanliga presenter som du hittar p\u00e5 butikshyllorna \u00e4r denna unika skatt ett bevis p\u00e5 den k\u00e4rlek och samh\u00f6righet som ni delar. Best\u00e4ll din <a href=\"https:\/\/positiveprints.com\/product\/star-map\/\">personliga stj\u00e4rnkarta<\/a> idag och l\u00e5t magin fr\u00e5n den f\u00f6rtrollande natten lysa upp era liv f\u00f6r alltid.<\/p>","protected":false},"excerpt":{"rendered":"\n<ul class=\"check-list\">\n<li>L\u00e4gg till planeter, konstellationer och Vintergatan<\/li>\n<li>Anpassa i 3 enkla steg<\/li>\n<li>Inkludera en meningsfull personlig text<\/li>\n<li>Se resultatet direkt \u2013 den interaktiva f\u00f6rhandsvisningen l\u00e5ter dig finjustera varje detalj<\/li>\n<\/ul>\n","protected":false},"featured_media":1229887,"template":"","meta":[],"product_brand":[],"product_cat":[9281,7459,8118,8218],"product_tag":[8441],"class_list":{"0":"post-1006907","1":"product","2":"type-product","3":"status-publish","4":"has-post-thumbnail","6":"product_cat-bestsellers-label-sv","7":"product_cat-alla-produkter","8":"product_cat-gavor-for-nyforlovade-par-presenttillfallen","9":"product_cat-star-sv","10":"product_tag-forlovning","12":"first","13":"instock","14":"sale","15":"taxable","16":"shipping-taxable","17":"purchasable","18":"product-type-variable"},"yoast_head":"<!-- This site is optimized with the Yoast SEO Premium plugin v27.2 (Yoast SEO v27.2) - https:\/\/yoast.com\/product\/yoast-seo-premium-wordpress\/ -->\n<title>Natten d\u00e5 vi f\u00f6rlovade oss - F\u00f6rlovningspresent - Positiva tryck<\/title>\n<meta name=\"description\" content=\"Skapa ditt personliga The Night We Got Engaged-tryck idag och l\u00e5t magin fr\u00e5n den f\u00f6rtrollande natten lysa upp era liv f\u00f6r alltid.\" \/>\n<meta name=\"robots\" content=\"index, follow, max-snippet:-1, max-image-preview:large, max-video-preview:-1\" \/>\n<link rel=\"canonical\" href=\"https:\/\/positiveprints.com\/sv\/produkt\/natten-vi-blev-engagerade\/\" \/>\n<meta property=\"og:locale\" content=\"sv_SE\" \/>\n<meta property=\"og:type\" content=\"article\" \/>\n<meta property=\"og:title\" content=\"Natten d\u00e5 vi f\u00f6rlovade oss\" \/>\n<meta property=\"og:description\" content=\"L\u00e4gg till planeter, konstellationer och Vintergatan  Anpassa i 3 enkla steg  Inkludera en meningsfull personlig text  Se resultatet direkt \u2013 den interaktiva f\u00f6rhandsvisningen l\u00e5ter dig finjustera varje detalj\" \/>\n<meta property=\"og:url\" content=\"https:\/\/positiveprints.com\/sv\/produkt\/natten-vi-blev-engagerade\/\" \/>\n<meta property=\"og:site_name\" content=\"Positive Prints\" \/>\n<meta property=\"article:publisher\" content=\"https:\/\/www.facebook.com\/positiveprintscom\" \/>\n<meta property=\"article:modified_time\" content=\"2026-04-12T21:10:04+00:00\" \/>\n<meta property=\"og:image\" content=\"https:\/\/positiveprints.com\/wp-content\/uploads\/2024\/10\/Packshot_SE_The-Night-We-Got-Engagedproduct-image.webp\" \/>\n\t<meta property=\"og:image:width\" content=\"1450\" \/>\n\t<meta property=\"og:image:height\" content=\"1450\" \/>\n\t<meta property=\"og:image:type\" content=\"image\/webp\" \/>\n<meta name=\"twitter:card\" content=\"summary_large_image\" \/>\n<meta name=\"twitter:label1\" content=\"Ber\u00e4knad l\u00e4stid\" \/>\n\t<meta name=\"twitter:data1\" content=\"2 minut\" \/>\n<!-- \/ Yoast SEO Premium plugin. -->","yoast_head_json":{"title":"Natten d\u00e5 vi f\u00f6rlovade oss - F\u00f6rlovningspresent - Positiva tryck","description":"Skapa ditt personliga The Night We Got Engaged-tryck idag och l\u00e5t magin fr\u00e5n den f\u00f6rtrollande natten lysa upp era liv f\u00f6r alltid.","robots":{"index":"index","follow":"follow","max-snippet":"max-snippet:-1","max-image-preview":"max-image-preview:large","max-video-preview":"max-video-preview:-1"},"canonical":"https:\/\/positiveprints.com\/sv\/produkt\/natten-vi-blev-engagerade\/","og_locale":"sv_SE","og_type":"article","og_title":"Natten d\u00e5 vi f\u00f6rlovade oss","og_description":"L\u00e4gg till planeter, konstellationer och Vintergatan  Anpassa i 3 enkla steg  Inkludera en meningsfull personlig text  Se resultatet direkt \u2013 den interaktiva f\u00f6rhandsvisningen l\u00e5ter dig finjustera varje detalj","og_url":"https:\/\/positiveprints.com\/sv\/produkt\/natten-vi-blev-engagerade\/","og_site_name":"Positive Prints","article_publisher":"https:\/\/www.facebook.com\/positiveprintscom","article_modified_time":"2026-04-12T21:10:04+00:00","og_image":[{"width":1450,"height":1450,"url":"https:\/\/positiveprints.com\/wp-content\/uploads\/2024\/10\/Packshot_SE_The-Night-We-Got-Engagedproduct-image.webp","type":"image\/webp"}],"twitter_card":"summary_large_image","twitter_misc":{"Ber\u00e4knad l\u00e4stid":"2 minut"},"schema":{"@context":"https:\/\/schema.org","@graph":[{"@type":["WebPage","ItemPage"],"@id":"https:\/\/positiveprints.com\/sv\/produkt\/natten-vi-blev-engagerade\/","url":"https:\/\/positiveprints.com\/sv\/produkt\/natten-vi-blev-engagerade\/","name":"Natten d\u00e5 vi f\u00f6rlovade oss - F\u00f6rlovningspresent - Positiva tryck","isPartOf":{"@id":"https:\/\/positiveprints.com\/sv\/#website"},"primaryImageOfPage":{"@id":"https:\/\/positiveprints.com\/sv\/produkt\/natten-vi-blev-engagerade\/#primaryimage"},"image":{"@id":"https:\/\/positiveprints.com\/sv\/produkt\/natten-vi-blev-engagerade\/#primaryimage"},"thumbnailUrl":"https:\/\/positiveprints.com\/wp-content\/uploads\/2024\/10\/Packshot_SE_The-Night-We-Got-Engagedproduct-image.webp","datePublished":"2023-06-15T10:33:16+00:00","dateModified":"2026-04-12T21:10:04+00:00","description":"Skapa ditt personliga The Night We Got Engaged-tryck idag och l\u00e5t magin fr\u00e5n den f\u00f6rtrollande natten lysa upp era liv f\u00f6r alltid.","breadcrumb":{"@id":"https:\/\/positiveprints.com\/sv\/produkt\/natten-vi-blev-engagerade\/#breadcrumb"},"inLanguage":"sv-SE","potentialAction":[{"@type":"ReadAction","target":["https:\/\/positiveprints.com\/sv\/produkt\/natten-vi-blev-engagerade\/"]}]},{"@type":"ImageObject","inLanguage":"sv-SE","@id":"https:\/\/positiveprints.com\/sv\/produkt\/natten-vi-blev-engagerade\/#primaryimage","url":"https:\/\/positiveprints.com\/wp-content\/uploads\/2024\/10\/Packshot_SE_The-Night-We-Got-Engagedproduct-image.webp","contentUrl":"https:\/\/positiveprints.com\/wp-content\/uploads\/2024\/10\/Packshot_SE_The-Night-We-Got-Engagedproduct-image.webp","width":1450,"height":1450},{"@type":"BreadcrumbList","@id":"https:\/\/positiveprints.com\/sv\/produkt\/natten-vi-blev-engagerade\/#breadcrumb","itemListElement":[{"@type":"ListItem","position":1,"name":"Home","item":"https:\/\/positiveprints.com\/sv\/"},{"@type":"ListItem","position":2,"name":"Produkter","item":"https:\/\/positiveprints.com\/sv\/shop\/"},{"@type":"ListItem","position":3,"name":"Natten d\u00e5 vi f\u00f6rlovade oss"}]},{"@type":"WebSite","@id":"https:\/\/positiveprints.com\/sv\/#website","url":"https:\/\/positiveprints.com\/sv\/","name":"Positive Prints","description":"Amazing Custom Personalized Gifts","publisher":{"@id":"https:\/\/positiveprints.com\/sv\/#organization"},"potentialAction":[{"@type":"SearchAction","target":{"@type":"EntryPoint","urlTemplate":"https:\/\/positiveprints.com\/sv\/?s={search_term_string}"},"query-input":{"@type":"PropertyValueSpecification","valueRequired":true,"valueName":"search_term_string"}}],"inLanguage":"sv-SE"},{"@type":"Organization","@id":"https:\/\/positiveprints.com\/sv\/#organization","name":"Positive Prints","alternateName":"Positive Prints","url":"https:\/\/positiveprints.com\/sv\/","logo":{"@type":"ImageObject","inLanguage":"sv-SE","@id":"https:\/\/positiveprints.com\/sv\/#\/schema\/logo\/image\/","url":"https:\/\/positiveprints.com\/wp-content\/uploads\/2026\/03\/245815646_1337939713319158_5671353136411139666_n.png","contentUrl":"https:\/\/positiveprints.com\/wp-content\/uploads\/2026\/03\/245815646_1337939713319158_5671353136411139666_n.png","width":800,"height":800,"caption":"Positive Prints"},"image":{"@id":"https:\/\/positiveprints.com\/sv\/#\/schema\/logo\/image\/"},"sameAs":["https:\/\/www.facebook.com\/positiveprintscom","https:\/\/www.instagram.com\/positiveprintscom\/","https:\/\/www.tiktok.com\/@positiveprintscom","https:\/\/www.pinterest.com\/positiveprintscom\/"]}]}},"jetpack_sharing_enabled":true,"_links":{"self":[{"href":"https:\/\/positiveprints.com\/sv\/wp-json\/wp\/v2\/product\/1006907","targetHints":{"allow":["GET"]}}],"collection":[{"href":"https:\/\/positiveprints.com\/sv\/wp-json\/wp\/v2\/product"}],"about":[{"href":"https:\/\/positiveprints.com\/sv\/wp-json\/wp\/v2\/types\/product"}],"wp:featuredmedia":[{"embeddable":true,"href":"https:\/\/positiveprints.com\/sv\/wp-json\/wp\/v2\/media\/1229887"}],"wp:attachment":[{"href":"https:\/\/positiveprints.com\/sv\/wp-json\/wp\/v2\/media?parent=1006907"}],"wp:term":[{"taxonomy":"product_brand","embeddable":true,"href":"https:\/\/positiveprints.com\/sv\/wp-json\/wp\/v2\/product_brand?post=1006907"},{"taxonomy":"product_cat","embeddable":true,"href":"https:\/\/positiveprints.com\/sv\/wp-json\/wp\/v2\/product_cat?post=1006907"},{"taxonomy":"product_tag","embeddable":true,"href":"https:\/\/positiveprints.com\/sv\/wp-json\/wp\/v2\/product_tag?post=1006907"}],"curies":[{"name":"wp","href":"https:\/\/api.w.org\/{rel}","templated":true}]}}