{"id":1004817,"date":"2023-11-20T11:45:21","date_gmt":"2023-11-20T10:45:21","guid":{"rendered":"https:\/\/positiveprints.com\/?post_type=product&#038;p=1004817"},"modified":"2026-04-18T04:49:36","modified_gmt":"2026-04-18T03:49:36","slug":"anpassad-line-art","status":"publish","type":"product","link":"https:\/\/positiveprints.com\/sv\/produkt\/anpassad-line-art\/","title":{"rendered":"Anpassad linjeteckning"},"content":{"rendered":"<p>\u00c4r du p\u00e5 jakt efter en perfekt och innerlig g\u00e5va? Leta inte l\u00e4ngre! V\u00e5r Custom Line Art erbjuder en enkel trestegsprocess f\u00f6r att skapa ett unikt m\u00e4sterverk fyllt av k\u00e4nslor och minnen. Dela med dig av din k\u00e4rlek och bevara \u00f6gonblick genom att f\u00f6rvandla ditt favoritfoto till ett personligt konstverk. Det \u00e4r ett vackert s\u00e4tt att visa din uppskattning, g\u00f6ra n\u00e5gons dag gladare och skapa best\u00e5ende minnen f\u00f6r olika tillf\u00e4llen som \u00e5rsdagar, f\u00f6delsedagar eller br\u00f6llop.<\/p>\r\n\r\n<h2>3 steg f\u00f6r att skapa ett unikt m\u00e4sterverk i linjekonst<\/h2>\r\n\r\n<ol>\r\n\r\n<li><strong>V\u00e4lj stil och f\u00e4rger<\/strong><\/li>\r\n<p>B\u00f6rja med att v\u00e4lja den stil och de f\u00e4rger som passar dina k\u00e4nslor och preferenser. V\u00e5ra skickliga konstn\u00e4rer kommer att anv\u00e4nda dina val f\u00f6r att skapa ett unikt verk som \u00e5terspeglar din vision.<\/p>\r\n\r\n<li><strong>Ladda upp ditt speciella foto<\/strong><\/li>\r\n\r\n<p>Dela med dig av ett foto som v\u00e4cker starka minnen och f\u00e5ngar essensen av din k\u00e4nsla, oavsett om det handlar om en inflyttning, ett \u00e4lskat husdjur, ett pars speciella \u00f6gonblick eller en familjesammankomst. V\u00e5ra konstn\u00e4rer ritar noggrant konstverket f\u00f6r hand utifr\u00e5n din bild.<\/p>\r\n\r\n<li><strong>L\u00e4gg till ett personligt meddelande och avsluta<\/strong><\/li>\r\n\r\n<p>F\u00f6rh\u00f6j ditt konstverk med ett innerligt budskap eller meningsfulla ord, s\u00e5 att det blir en verkligt personlig g\u00e5va. Efter betalning kontaktar v\u00e5rt Positive Prints-supportteam dig f\u00f6r att bekr\u00e4fta din best\u00e4llning och p\u00e5b\u00f6rja skapandeprocessen. N\u00e4r illustrationerna \u00e4r klara f\u00e5r du ett e-postmeddelande d\u00e4r du kan granska och godk\u00e4nna den slutliga designen. Om du vill har du r\u00e4tt att beg\u00e4ra \u00e4ndringar upp till tv\u00e5 g\u00e5nger. Efter ditt slutliga godk\u00e4nnande skickas konstverket f\u00f6r tryckning och leverans.<\/p>\r\n\r\n<\/ol>\r\n\r\n<p>Genom att f\u00f6lja dessa enkla steg kan du skapa ett unikt Custom Line Art-verk som v\u00e4cker k\u00e4nslor och g\u00f6r varje tillf\u00e4lle speciellt.<\/p>\r\n\r\n<h2>Den perfekta presenten som v\u00e4cker k\u00e4nslor<\/h2>\r\n\r\n<p>Varf\u00f6r \u00e4r Custom Line Art den perfekta presenten? Det beror p\u00e5 att det \u00e4r en unik, personlig skapelse som f\u00f6revigar ett speciellt minne. Detta konstverk \u00e4r ett kraftfullt s\u00e4tt att uttrycka k\u00e4rlek, tacksamhet eller beundran. Det \u00e4r ett best\u00e5ende minne som alltid kommer att ge din \u00e4lskade ett leende p\u00e5 l\u00e4pparna. De k\u00e4nslor den v\u00e4cker \u00e4r ov\u00e4rderliga. Oavsett om det handlar om en inflyttningsfest, en hyllning till ett \u00e4lskat husdjur, ett pars speciella \u00f6gonblick eller en familjesammankomst s\u00e5 talar Custom Line Art sitt tydliga spr\u00e5k.<\/p>\r\n<p>G\u00f6r varje tillf\u00e4lle speciellt &#8211; f\u00f6delsedagar, \u00e5rsdagar eller bara f\u00f6r att. Best\u00e4ll din Custom Line Art nu och se hur lyckan breder ut sig. Det h\u00e4r \u00e4r mer \u00e4n bara konst &#8211; det \u00e4r ett v\u00e4rdefullt minne som varar livet ut. Missa inte detta tillf\u00e4lle att skapa ett best\u00e5ende intryck. F\u00e5 dina n\u00e4ra och k\u00e4ra att k\u00e4nna sig riktigt speciella.<\/p>","protected":false},"excerpt":{"rendered":"<ul class=\"check-list\">\n<li>Ritad och skickad f\u00f6r ditt godk\u00e4nnande inom 2-3 arbetsdagar<\/li>\n<li>Anpassa i 3 enkla steg<\/li>\n<li>V\u00e4lj en mall eller var kreativ<\/li>\n<li>2 revisioner tillg\u00e4ngliga p\u00e5 beg\u00e4ran<\/li>\n<\/ul>\n","protected":false},"featured_media":1356765,"template":"","meta":[],"product_brand":[],"product_cat":[15116,9031,9184,7459,8147,11582,11602,11583,11579,11585,11580,11581],"product_tag":[8397,15012,13815],"class_list":{"0":"post-1004817","1":"product","2":"type-product","3":"status-publish","4":"has-post-thumbnail","6":"product_cat-bestsellers-menu-sv","7":"product_cat-digitala-produkter","8":"product_cat-line-art-sv","9":"product_cat-alla-produkter","10":"product_cat-creators-sv","11":"product_cat-10-arsjubileum","12":"product_cat-50-arsjubileum","13":"product_cat-15-arsjubileum","14":"product_cat-1-arsjubileum","15":"product_cat-20-arsjubileum","16":"product_cat-2-arsjubileum","17":"product_cat-5-arsjubileum","18":"product_tag-creators-sv","19":"product_tag-custom-photo-sv","20":"product_tag-personlig-fotoposter","22":"first","23":"instock","24":"sale","25":"taxable","26":"shipping-taxable","27":"purchasable","28":"product-type-variable"},"yoast_head":"<!-- This site is optimized with the Yoast SEO Premium plugin v27.2 (Yoast SEO v27.2) - https:\/\/yoast.com\/product\/yoast-seo-premium-wordpress\/ -->\n<title>Anpassad linjekonst - positiva tryck<\/title>\n<meta name=\"description\" content=\"Skapa unik anpassad linjekonst med ditt foto. Handritad av skickliga konstn\u00e4rer, l\u00e4gg till ett personligt meddelande. Perfekt f\u00f6r alla tillf\u00e4llen. Best\u00e4ll nu!\" \/>\n<meta name=\"robots\" content=\"index, follow, max-snippet:-1, max-image-preview:large, max-video-preview:-1\" \/>\n<link rel=\"canonical\" href=\"https:\/\/positiveprints.com\/sv\/produkt\/anpassad-line-art\/\" \/>\n<meta property=\"og:locale\" content=\"sv_SE\" \/>\n<meta property=\"og:type\" content=\"article\" \/>\n<meta property=\"og:title\" content=\"Anpassad linjeteckning\" \/>\n<meta property=\"og:description\" content=\"Ritad och skickad f\u00f6r ditt godk\u00e4nnande inom 2-3 arbetsdagar   Anpassa i 3 enkla steg   V\u00e4lj en mall eller var kreativ   2 revisioner tillg\u00e4ngliga p\u00e5 beg\u00e4ran\" \/>\n<meta property=\"og:url\" content=\"https:\/\/positiveprints.com\/sv\/produkt\/anpassad-line-art\/\" \/>\n<meta property=\"og:site_name\" content=\"Positive Prints\" \/>\n<meta property=\"article:publisher\" content=\"https:\/\/www.facebook.com\/positiveprintscom\" \/>\n<meta property=\"article:modified_time\" content=\"2026-04-18T03:49:36+00:00\" \/>\n<meta property=\"og:image\" content=\"https:\/\/positiveprints.com\/wp-content\/uploads\/2025\/02\/Anpassad-linjeteckning-1.webp\" \/>\n\t<meta property=\"og:image:width\" content=\"1450\" \/>\n\t<meta property=\"og:image:height\" content=\"1450\" \/>\n\t<meta property=\"og:image:type\" content=\"image\/webp\" \/>\n<meta name=\"twitter:card\" content=\"summary_large_image\" \/>\n<meta name=\"twitter:label1\" content=\"Ber\u00e4knad l\u00e4stid\" \/>\n\t<meta name=\"twitter:data1\" content=\"3 minut\" \/>\n<!-- \/ Yoast SEO Premium plugin. -->","yoast_head_json":{"title":"Anpassad linjekonst - positiva tryck","description":"Skapa unik anpassad linjekonst med ditt foto. Handritad av skickliga konstn\u00e4rer, l\u00e4gg till ett personligt meddelande. Perfekt f\u00f6r alla tillf\u00e4llen. Best\u00e4ll nu!","robots":{"index":"index","follow":"follow","max-snippet":"max-snippet:-1","max-image-preview":"max-image-preview:large","max-video-preview":"max-video-preview:-1"},"canonical":"https:\/\/positiveprints.com\/sv\/produkt\/anpassad-line-art\/","og_locale":"sv_SE","og_type":"article","og_title":"Anpassad linjeteckning","og_description":"Ritad och skickad f\u00f6r ditt godk\u00e4nnande inom 2-3 arbetsdagar   Anpassa i 3 enkla steg   V\u00e4lj en mall eller var kreativ   2 revisioner tillg\u00e4ngliga p\u00e5 beg\u00e4ran","og_url":"https:\/\/positiveprints.com\/sv\/produkt\/anpassad-line-art\/","og_site_name":"Positive Prints","article_publisher":"https:\/\/www.facebook.com\/positiveprintscom","article_modified_time":"2026-04-18T03:49:36+00:00","og_image":[{"width":1450,"height":1450,"url":"https:\/\/positiveprints.com\/wp-content\/uploads\/2025\/02\/Anpassad-linjeteckning-1.webp","type":"image\/webp"}],"twitter_card":"summary_large_image","twitter_misc":{"Ber\u00e4knad l\u00e4stid":"3 minut"},"schema":{"@context":"https:\/\/schema.org","@graph":[{"@type":["WebPage","ItemPage"],"@id":"https:\/\/positiveprints.com\/sv\/produkt\/anpassad-line-art\/","url":"https:\/\/positiveprints.com\/sv\/produkt\/anpassad-line-art\/","name":"Anpassad linjekonst - positiva tryck","isPartOf":{"@id":"https:\/\/positiveprints.com\/sv\/#website"},"primaryImageOfPage":{"@id":"https:\/\/positiveprints.com\/sv\/produkt\/anpassad-line-art\/#primaryimage"},"image":{"@id":"https:\/\/positiveprints.com\/sv\/produkt\/anpassad-line-art\/#primaryimage"},"thumbnailUrl":"https:\/\/positiveprints.com\/wp-content\/uploads\/2025\/02\/Anpassad-linjeteckning-1.webp","datePublished":"2023-11-20T10:45:21+00:00","dateModified":"2026-04-18T03:49:36+00:00","description":"Skapa unik anpassad linjekonst med ditt foto. Handritad av skickliga konstn\u00e4rer, l\u00e4gg till ett personligt meddelande. Perfekt f\u00f6r alla tillf\u00e4llen. Best\u00e4ll nu!","breadcrumb":{"@id":"https:\/\/positiveprints.com\/sv\/produkt\/anpassad-line-art\/#breadcrumb"},"inLanguage":"sv-SE","potentialAction":[{"@type":"ReadAction","target":["https:\/\/positiveprints.com\/sv\/produkt\/anpassad-line-art\/"]}]},{"@type":"ImageObject","inLanguage":"sv-SE","@id":"https:\/\/positiveprints.com\/sv\/produkt\/anpassad-line-art\/#primaryimage","url":"https:\/\/positiveprints.com\/wp-content\/uploads\/2025\/02\/Anpassad-linjeteckning-1.webp","contentUrl":"https:\/\/positiveprints.com\/wp-content\/uploads\/2025\/02\/Anpassad-linjeteckning-1.webp","width":1450,"height":1450},{"@type":"BreadcrumbList","@id":"https:\/\/positiveprints.com\/sv\/produkt\/anpassad-line-art\/#breadcrumb","itemListElement":[{"@type":"ListItem","position":1,"name":"Home","item":"https:\/\/positiveprints.com\/sv\/"},{"@type":"ListItem","position":2,"name":"Produkter","item":"https:\/\/positiveprints.com\/sv\/shop\/"},{"@type":"ListItem","position":3,"name":"Anpassad linjeteckning"}]},{"@type":"WebSite","@id":"https:\/\/positiveprints.com\/sv\/#website","url":"https:\/\/positiveprints.com\/sv\/","name":"Positive Prints","description":"Amazing Custom Personalized Gifts","publisher":{"@id":"https:\/\/positiveprints.com\/sv\/#organization"},"potentialAction":[{"@type":"SearchAction","target":{"@type":"EntryPoint","urlTemplate":"https:\/\/positiveprints.com\/sv\/?s={search_term_string}"},"query-input":{"@type":"PropertyValueSpecification","valueRequired":true,"valueName":"search_term_string"}}],"inLanguage":"sv-SE"},{"@type":"Organization","@id":"https:\/\/positiveprints.com\/sv\/#organization","name":"Positive Prints","alternateName":"Positive Prints","url":"https:\/\/positiveprints.com\/sv\/","logo":{"@type":"ImageObject","inLanguage":"sv-SE","@id":"https:\/\/positiveprints.com\/sv\/#\/schema\/logo\/image\/","url":"https:\/\/positiveprints.com\/wp-content\/uploads\/2026\/03\/245815646_1337939713319158_5671353136411139666_n.png","contentUrl":"https:\/\/positiveprints.com\/wp-content\/uploads\/2026\/03\/245815646_1337939713319158_5671353136411139666_n.png","width":800,"height":800,"caption":"Positive Prints"},"image":{"@id":"https:\/\/positiveprints.com\/sv\/#\/schema\/logo\/image\/"},"sameAs":["https:\/\/www.facebook.com\/positiveprintscom","https:\/\/www.instagram.com\/positiveprintscom\/","https:\/\/www.tiktok.com\/@positiveprintscom","https:\/\/www.pinterest.com\/positiveprintscom\/"]}]}},"jetpack_sharing_enabled":true,"_links":{"self":[{"href":"https:\/\/positiveprints.com\/sv\/wp-json\/wp\/v2\/product\/1004817","targetHints":{"allow":["GET"]}}],"collection":[{"href":"https:\/\/positiveprints.com\/sv\/wp-json\/wp\/v2\/product"}],"about":[{"href":"https:\/\/positiveprints.com\/sv\/wp-json\/wp\/v2\/types\/product"}],"wp:featuredmedia":[{"embeddable":true,"href":"https:\/\/positiveprints.com\/sv\/wp-json\/wp\/v2\/media\/1356765"}],"wp:attachment":[{"href":"https:\/\/positiveprints.com\/sv\/wp-json\/wp\/v2\/media?parent=1004817"}],"wp:term":[{"taxonomy":"product_brand","embeddable":true,"href":"https:\/\/positiveprints.com\/sv\/wp-json\/wp\/v2\/product_brand?post=1004817"},{"taxonomy":"product_cat","embeddable":true,"href":"https:\/\/positiveprints.com\/sv\/wp-json\/wp\/v2\/product_cat?post=1004817"},{"taxonomy":"product_tag","embeddable":true,"href":"https:\/\/positiveprints.com\/sv\/wp-json\/wp\/v2\/product_tag?post=1004817"}],"curies":[{"name":"wp","href":"https:\/\/api.w.org\/{rel}","templated":true}]}}