{"id":379702,"date":"2022-11-18T14:56:45","date_gmt":"2022-11-18T13:56:45","guid":{"rendered":"https:\/\/positiveprints.com\/discount-code\/"},"modified":"2025-12-03T12:14:05","modified_gmt":"2025-12-03T10:14:05","slug":"rabattkod","status":"publish","type":"page","link":"https:\/\/positiveprints.com\/sv\/rabattkod\/","title":{"rendered":"Rabattkod"},"content":{"rendered":"<div class=\"st\">\n\n<h1 class=\"grenB f28\">Letar du efter en rabattkod att anv\u00e4nda hos Positive Prints?<\/h1>\n\n<p style=\"margin-top: 1rem\">Vi har n\u00e5gra s\u00e4tt f\u00f6r dig att spara pengar!<\/p>\n\n<h2 class=\"grenB f24 cblue;\" style=\"margin-top: 3rem; margin-bottom: 1rem; color: #f77147;\">Rabatter under hela \u00e5ret<\/h2>\n<p style=\"margin-top: 1rem\">K\u00f6p tv\u00e5 produkter och f\u00e5 25 % rabatt p\u00e5 den andra produkten eller k\u00f6p tre eller fler produkter och f\u00e5 20 % rabatt p\u00e5 hela din best\u00e4llning! Rabatterna till\u00e4mpas automatiskt i din varukorg, s\u00e5 du beh\u00f6ver inte ange n\u00e5gon kampanjkod.<\/p>\n<br><br><br>\n\n<div id=\"newsletter\" class=\"f1\">\r\n            <h3 class=\"grenB\">H\u00e5ll dig uppdaterad<\/h3>\r\n            <p class=\"mT2 mB2\">L\u00e5t oss vara v\u00e4nner. Registrera dig f\u00f6r att f\u00e5 direkt information om nya produkter, kampanjer, 6 % rabatt p\u00e5 ditt f\u00f6rsta k\u00f6p och andra nyheter.<\/p>\r\n            <span class=\"success dN f16\">Tack f\u00f6r att du prenumererar<\/span>\r\n            <input id=\"newsletter_name_input\" autocomplete=\"given-name\" name=\"first-name\" placeholder=\"F\u00f6rnamn\n\" \/>\r\n            <input id=\"newsletter_input\" autocomplete=\"email\" name=\"email\" type=\"email\" class=\"mT05\" placeholder=\"E-postadress\" \/>\r\n            <p style=\"font-size:10px; margin-top:8px;line-height:14px;\">Genom att ge oss din e-post godk\u00e4nner du att dina uppgifter behandlas medan vi skickar nyhetsbrevet. Vi kommer att g\u00f6ra detta i enlighet med GDPR och v\u00e5r integritetspolicy. Du kan n\u00e4r som helst \u00e5terkalla ditt samtycke.<\/p>\r\n            <button onclick=\"subscribe_to_newsletter(this)\" class=\"btn orB mT1 mW100\">Registrera dig<\/button>\r\n        <\/div>\t\n\n\n<br><br>\n\n\n<h2 class=\"grenB f24 cblue\" style=\"margin-top: 3rem; color: #f77147;\">S\u00e4rskilda kampanjerbjudanden<\/h2>\n\n\n<p style=\"margin-top: 1rem\">Vi har rabattkoder i samband med speciella evenemang &#8211; s\u00e5 se till att titta tillbaka ofta!<\/p>\n\n\n\n\n\n<p style=\"margin: 1rem auto;\"><a href=\"https:\/\/positiveprints.com\/sv\/\" class=\"btn orB mT1 long\" style=\"text-decoration:none!important; color:#ffffff!important;\">Kom ig\u00e5ng<\/a><\/p>\n\n\n<\/div><p><\/p>","protected":false},"excerpt":{"rendered":"<p>Letar du efter en rabattkod att anv\u00e4nda hos Positive Prints? Vi har n\u00e5gra s\u00e4tt f\u00f6r dig att spara pengar! Rabatter under hela \u00e5ret K\u00f6p tv\u00e5 produkter och f\u00e5 25 % rabatt p\u00e5 den andra produkten eller k\u00f6p tre eller fler produkter och f\u00e5 20 % rabatt p\u00e5 hela din best\u00e4llning! Rabatterna till\u00e4mpas automatiskt i din [&hellip;]<\/p>\n","protected":false},"author":22,"featured_media":0,"parent":0,"menu_order":0,"comment_status":"closed","ping_status":"closed","template":"informational-page.php","meta":{"footnotes":""},"class_list":["post-379702","page","type-page","status-publish","hentry"],"yoast_head":"<!-- This site is optimized with the Yoast SEO Premium plugin v27.2 (Yoast SEO v27.2) - https:\/\/yoast.com\/product\/yoast-seo-premium-wordpress\/ -->\n<title>Rabattkod - Positive Prints<\/title>\n<meta name=\"description\" content=\"Letar du efter en rabattkod att anv\u00e4nda hos Positive Prints? Vi har n\u00e5gra s\u00e4tt f\u00f6r dig att spara pengar!\" \/>\n<meta name=\"robots\" content=\"index, follow, max-snippet:-1, max-image-preview:large, max-video-preview:-1\" \/>\n<link rel=\"canonical\" href=\"https:\/\/positiveprints.com\/sv\/rabattkod\/\" \/>\n<meta property=\"og:locale\" content=\"sv_SE\" \/>\n<meta property=\"og:type\" content=\"article\" \/>\n<meta property=\"og:title\" content=\"Rabattkod\" \/>\n<meta property=\"og:description\" content=\"Letar du efter en rabattkod att anv\u00e4nda hos Positive Prints? Vi har n\u00e5gra s\u00e4tt f\u00f6r dig att spara pengar! Rabatter under hela \u00e5ret K\u00f6p tv\u00e5 produkter och f\u00e5\" \/>\n<meta property=\"og:url\" content=\"https:\/\/positiveprints.com\/sv\/rabattkod\/\" \/>\n<meta property=\"og:site_name\" content=\"Positive Prints\" \/>\n<meta property=\"article:publisher\" content=\"https:\/\/www.facebook.com\/positiveprintscom\" \/>\n<meta property=\"article:modified_time\" content=\"2025-12-03T10:14:05+00:00\" \/>\n<meta property=\"og:image\" content=\"https:\/\/positiveprints.com\/wp-content\/uploads\/2026\/03\/Open-graph-2026-1200x630-1.jpg\" \/>\n\t<meta property=\"og:image:width\" content=\"1200\" \/>\n\t<meta property=\"og:image:height\" content=\"630\" \/>\n\t<meta property=\"og:image:type\" content=\"image\/jpeg\" \/>\n<meta name=\"twitter:card\" content=\"summary_large_image\" \/>\n<!-- \/ Yoast SEO Premium plugin. -->","yoast_head_json":{"title":"Rabattkod - Positive Prints","description":"Letar du efter en rabattkod att anv\u00e4nda hos Positive Prints? Vi har n\u00e5gra s\u00e4tt f\u00f6r dig att spara pengar!","robots":{"index":"index","follow":"follow","max-snippet":"max-snippet:-1","max-image-preview":"max-image-preview:large","max-video-preview":"max-video-preview:-1"},"canonical":"https:\/\/positiveprints.com\/sv\/rabattkod\/","og_locale":"sv_SE","og_type":"article","og_title":"Rabattkod","og_description":"Letar du efter en rabattkod att anv\u00e4nda hos Positive Prints? Vi har n\u00e5gra s\u00e4tt f\u00f6r dig att spara pengar! Rabatter under hela \u00e5ret K\u00f6p tv\u00e5 produkter och f\u00e5","og_url":"https:\/\/positiveprints.com\/sv\/rabattkod\/","og_site_name":"Positive Prints","article_publisher":"https:\/\/www.facebook.com\/positiveprintscom","article_modified_time":"2025-12-03T10:14:05+00:00","og_image":[{"width":1200,"height":630,"url":"https:\/\/positiveprints.com\/wp-content\/uploads\/2026\/03\/Open-graph-2026-1200x630-1.jpg","type":"image\/jpeg"}],"twitter_card":"summary_large_image","schema":{"@context":"https:\/\/schema.org","@graph":[{"@type":"WebPage","@id":"https:\/\/positiveprints.com\/sv\/rabattkod\/","url":"https:\/\/positiveprints.com\/sv\/rabattkod\/","name":"Rabattkod - Positive Prints","isPartOf":{"@id":"https:\/\/positiveprints.com\/sv\/#website"},"datePublished":"2022-11-18T13:56:45+00:00","dateModified":"2025-12-03T10:14:05+00:00","description":"Letar du efter en rabattkod att anv\u00e4nda hos Positive Prints? Vi har n\u00e5gra s\u00e4tt f\u00f6r dig att spara pengar!","breadcrumb":{"@id":"https:\/\/positiveprints.com\/sv\/rabattkod\/#breadcrumb"},"inLanguage":"sv-SE","potentialAction":[{"@type":"ReadAction","target":["https:\/\/positiveprints.com\/sv\/rabattkod\/"]}]},{"@type":"BreadcrumbList","@id":"https:\/\/positiveprints.com\/sv\/rabattkod\/#breadcrumb","itemListElement":[{"@type":"ListItem","position":1,"name":"Home","item":"https:\/\/positiveprints.com\/sv\/"},{"@type":"ListItem","position":2,"name":"Rabattkod"}]},{"@type":"WebSite","@id":"https:\/\/positiveprints.com\/sv\/#website","url":"https:\/\/positiveprints.com\/sv\/","name":"Positive Prints","description":"Amazing Custom Personalized Gifts","publisher":{"@id":"https:\/\/positiveprints.com\/sv\/#organization"},"potentialAction":[{"@type":"SearchAction","target":{"@type":"EntryPoint","urlTemplate":"https:\/\/positiveprints.com\/sv\/?s={search_term_string}"},"query-input":{"@type":"PropertyValueSpecification","valueRequired":true,"valueName":"search_term_string"}}],"inLanguage":"sv-SE"},{"@type":"Organization","@id":"https:\/\/positiveprints.com\/sv\/#organization","name":"Positive Prints","alternateName":"Positive Prints","url":"https:\/\/positiveprints.com\/sv\/","logo":{"@type":"ImageObject","inLanguage":"sv-SE","@id":"https:\/\/positiveprints.com\/sv\/#\/schema\/logo\/image\/","url":"https:\/\/positiveprints.com\/wp-content\/uploads\/2026\/03\/245815646_1337939713319158_5671353136411139666_n.png","contentUrl":"https:\/\/positiveprints.com\/wp-content\/uploads\/2026\/03\/245815646_1337939713319158_5671353136411139666_n.png","width":800,"height":800,"caption":"Positive Prints"},"image":{"@id":"https:\/\/positiveprints.com\/sv\/#\/schema\/logo\/image\/"},"sameAs":["https:\/\/www.facebook.com\/positiveprintscom","https:\/\/www.instagram.com\/positiveprintscom\/","https:\/\/www.tiktok.com\/@positiveprintscom","https:\/\/www.pinterest.com\/positiveprintscom\/"]}]}},"jetpack_sharing_enabled":true,"_links":{"self":[{"href":"https:\/\/positiveprints.com\/sv\/wp-json\/wp\/v2\/pages\/379702","targetHints":{"allow":["GET"]}}],"collection":[{"href":"https:\/\/positiveprints.com\/sv\/wp-json\/wp\/v2\/pages"}],"about":[{"href":"https:\/\/positiveprints.com\/sv\/wp-json\/wp\/v2\/types\/page"}],"author":[{"embeddable":true,"href":"https:\/\/positiveprints.com\/sv\/wp-json\/wp\/v2\/users\/22"}],"replies":[{"embeddable":true,"href":"https:\/\/positiveprints.com\/sv\/wp-json\/wp\/v2\/comments?post=379702"}],"version-history":[{"count":0,"href":"https:\/\/positiveprints.com\/sv\/wp-json\/wp\/v2\/pages\/379702\/revisions"}],"wp:attachment":[{"href":"https:\/\/positiveprints.com\/sv\/wp-json\/wp\/v2\/media?parent=379702"}],"curies":[{"name":"wp","href":"https:\/\/api.w.org\/{rel}","templated":true}]}}