{"id":366298,"date":"2022-11-10T04:20:47","date_gmt":"2022-11-10T03:20:47","guid":{"rendered":"https:\/\/positiveprints.com\/returpolicy\/"},"modified":"2024-09-12T11:15:33","modified_gmt":"2024-09-12T09:15:33","slug":"returpolicy","status":"publish","type":"page","link":"https:\/\/positiveprints.com\/sv\/returpolicy\/","title":{"rendered":"Returpolicy"},"content":{"rendered":"<h1 class=\"grenB\" style=\"text-align: center;\">Returpolicy<\/h1>\n<p>\u00a0<\/p>\n<p><span style=\"font-weight: 400;\">Vi str\u00e4var efter att erbjuda en utm\u00e4rkt service n\u00e4r det g\u00e4ller kvalitet p\u00e5 utskrifter, leveranstid, kundservice och v\u00e4rde f\u00f6r pengarna.<\/span><\/p>\n<p><span style=\"font-weight: 400;\">Om du uppt\u00e4cker ett stavfel eller om du vill \u00e4ndra designen, v\u00e4nligen kontakta oss omedelbart p\u00e5 hello@positiveprints.com. Eventuella redigeringar m\u00e5ste g\u00f6ras inom 2 timmar efter att du har lagt din best\u00e4llning. Efter den tiden kommer best\u00e4llningen att vara i tryck, s\u00e5 det \u00e4r f\u00f6r sent att redigera.<\/span><\/p>\n<p><span style=\"font-weight: 400;\">Alla v\u00e5ra produkter \u00e4r personliga och tillverkade p\u00e5 best\u00e4llning, vilket begr\u00e4nsar v\u00e5ra returm\u00f6jligheter.<\/span><\/p>\n<p><span style=\"font-weight: 400;\">Vi vill att du ska vara 100 % n\u00f6jd med din best\u00e4llning, s\u00e5 om:<\/span><\/p>\n<ul>\n<li><span style=\"font-weight: 400;\">Din produkt anl\u00e4nder allvarligt skadad, eller<\/span><\/li>\n<li><span style=\"font-weight: 400;\">Du har f\u00e5tt en annan produkt eller det mottagna trycket skiljer sig avsev\u00e4rt fr\u00e5n det som annonseras p\u00e5 v\u00e5r webbplats, eller<\/span><\/li>\n<li><span style=\"font-weight: 400;\">Din best\u00e4llning skickades till fel adress p\u00e5 grund av v\u00e5rt misstag<\/span><\/li>\n<\/ul>\n<p><span style=\"font-weight: 400;\">Skicka bara ett kort mejl med ett foto till hello@positiveprints.com. Vi kommer antingen att \u00e5terbetala dig eller skicka en ers\u00e4ttning inom 7 arbetsdagar. Du beh\u00f6ver inte skicka tillbaka din best\u00e4llning.<\/span><\/p>\n<p><span style=\"font-weight: 400;\">Om produkterna k\u00f6ptes med ett presentkort \u00e5terbetalas pengarna med ett presentkort.<\/span><\/p>\n<p><span style=\"font-weight: 400;\">Om best\u00e4llningen skickades till fel adress p\u00e5 grund av ditt misstag m\u00e5ste vi skapa en ny adress \u00e5t dig och skicka den. F\u00f6r detta tar vi ut 50 % av artikelkostnaden. Alternativt kan du v\u00e4nta p\u00e5 att best\u00e4llningen skickas tillbaka till oss, och om paketet inte skadades under transporten skickar vi g\u00e4rna om det till en ny adress &#8211; du beh\u00f6ver bara st\u00e5 f\u00f6r fraktkostnaden (dessa ber\u00e4knas individuellt).<\/span><\/p>\n<p><b>Vi beh\u00e5ller de returnerade paketen i upp till 30 dagar.<\/b><\/p>\n<p><b>\u00a0<\/b><\/p>\n<p><b>Vi accepterar bytes- eller \u00e5terbetalningsf\u00f6rfr\u00e5gningar upp till 30 dagar efter k\u00f6pet. Alla k\u00f6p av digitala nedladdningar \u00e4r slutgiltiga.<\/b><\/p><p><\/p>","protected":false},"excerpt":{"rendered":"<p>Returpolicy \u00a0 Vi str\u00e4var efter att erbjuda en utm\u00e4rkt service n\u00e4r det g\u00e4ller kvalitet p\u00e5 utskrifter, leveranstid, kundservice och v\u00e4rde f\u00f6r pengarna. Om du uppt\u00e4cker ett stavfel eller om du vill \u00e4ndra designen, v\u00e4nligen kontakta oss omedelbart p\u00e5 hello@positiveprints.com. Eventuella redigeringar m\u00e5ste g\u00f6ras inom 2 timmar efter att du har lagt din best\u00e4llning. Efter den [&hellip;]<\/p>\n","protected":false},"author":1,"featured_media":0,"parent":0,"menu_order":0,"comment_status":"closed","ping_status":"closed","template":"informational-page.php","meta":{"footnotes":""},"class_list":["post-366298","page","type-page","status-publish","hentry"],"yoast_head":"<!-- This site is optimized with the Yoast SEO Premium plugin v27.2 (Yoast SEO v27.2) - https:\/\/yoast.com\/product\/yoast-seo-premium-wordpress\/ -->\n<title>Returpolicy - Positive Prints<\/title>\n<meta name=\"robots\" content=\"noindex, follow\" \/>\n<meta property=\"og:locale\" content=\"sv_SE\" \/>\n<meta property=\"og:type\" content=\"article\" \/>\n<meta property=\"og:title\" content=\"Returpolicy\" \/>\n<meta property=\"og:description\" content=\"Returpolicy \u00a0 Vi str\u00e4var efter att erbjuda en utm\u00e4rkt service n\u00e4r det g\u00e4ller kvalitet p\u00e5 utskrifter, leveranstid, kundservice och v\u00e4rde f\u00f6r pengarna. Om\" \/>\n<meta property=\"og:url\" content=\"https:\/\/positiveprints.com\/sv\/returpolicy\/\" \/>\n<meta property=\"og:site_name\" content=\"Positive Prints\" \/>\n<meta property=\"article:publisher\" content=\"https:\/\/www.facebook.com\/positiveprintscom\" \/>\n<meta property=\"article:modified_time\" content=\"2024-09-12T09:15:33+00:00\" \/>\n<meta property=\"og:image\" content=\"https:\/\/positiveprints.com\/wp-content\/uploads\/2026\/03\/Open-graph-2026-1200x630-1.jpg\" \/>\n\t<meta property=\"og:image:width\" content=\"1200\" \/>\n\t<meta property=\"og:image:height\" content=\"630\" \/>\n\t<meta property=\"og:image:type\" content=\"image\/jpeg\" \/>\n<meta name=\"twitter:card\" content=\"summary_large_image\" \/>\n<meta name=\"twitter:label1\" content=\"Ber\u00e4knad l\u00e4stid\" \/>\n\t<meta name=\"twitter:data1\" content=\"2 minut\" \/>\n<!-- \/ Yoast SEO Premium plugin. -->","yoast_head_json":{"title":"Returpolicy - Positive Prints","robots":{"index":"noindex","follow":"follow"},"og_locale":"sv_SE","og_type":"article","og_title":"Returpolicy","og_description":"Returpolicy \u00a0 Vi str\u00e4var efter att erbjuda en utm\u00e4rkt service n\u00e4r det g\u00e4ller kvalitet p\u00e5 utskrifter, leveranstid, kundservice och v\u00e4rde f\u00f6r pengarna. Om","og_url":"https:\/\/positiveprints.com\/sv\/returpolicy\/","og_site_name":"Positive Prints","article_publisher":"https:\/\/www.facebook.com\/positiveprintscom","article_modified_time":"2024-09-12T09:15:33+00:00","og_image":[{"width":1200,"height":630,"url":"https:\/\/positiveprints.com\/wp-content\/uploads\/2026\/03\/Open-graph-2026-1200x630-1.jpg","type":"image\/jpeg"}],"twitter_card":"summary_large_image","twitter_misc":{"Ber\u00e4knad l\u00e4stid":"2 minut"},"schema":{"@context":"https:\/\/schema.org","@graph":[{"@type":"WebPage","@id":"https:\/\/positiveprints.com\/sv\/returpolicy\/","url":"https:\/\/positiveprints.com\/sv\/returpolicy\/","name":"Returpolicy - Positive Prints","isPartOf":{"@id":"https:\/\/positiveprints.com\/sv\/#website"},"datePublished":"2022-11-10T03:20:47+00:00","dateModified":"2024-09-12T09:15:33+00:00","breadcrumb":{"@id":"https:\/\/positiveprints.com\/sv\/returpolicy\/#breadcrumb"},"inLanguage":"sv-SE","potentialAction":[{"@type":"ReadAction","target":["https:\/\/positiveprints.com\/sv\/returpolicy\/"]}]},{"@type":"BreadcrumbList","@id":"https:\/\/positiveprints.com\/sv\/returpolicy\/#breadcrumb","itemListElement":[{"@type":"ListItem","position":1,"name":"Home","item":"https:\/\/positiveprints.com\/sv\/"},{"@type":"ListItem","position":2,"name":"Returpolicy"}]},{"@type":"WebSite","@id":"https:\/\/positiveprints.com\/sv\/#website","url":"https:\/\/positiveprints.com\/sv\/","name":"Positive Prints","description":"Amazing Custom Personalized Gifts","publisher":{"@id":"https:\/\/positiveprints.com\/sv\/#organization"},"potentialAction":[{"@type":"SearchAction","target":{"@type":"EntryPoint","urlTemplate":"https:\/\/positiveprints.com\/sv\/?s={search_term_string}"},"query-input":{"@type":"PropertyValueSpecification","valueRequired":true,"valueName":"search_term_string"}}],"inLanguage":"sv-SE"},{"@type":"Organization","@id":"https:\/\/positiveprints.com\/sv\/#organization","name":"Positive Prints","alternateName":"Positive Prints","url":"https:\/\/positiveprints.com\/sv\/","logo":{"@type":"ImageObject","inLanguage":"sv-SE","@id":"https:\/\/positiveprints.com\/sv\/#\/schema\/logo\/image\/","url":"https:\/\/positiveprints.com\/wp-content\/uploads\/2026\/03\/245815646_1337939713319158_5671353136411139666_n.png","contentUrl":"https:\/\/positiveprints.com\/wp-content\/uploads\/2026\/03\/245815646_1337939713319158_5671353136411139666_n.png","width":800,"height":800,"caption":"Positive Prints"},"image":{"@id":"https:\/\/positiveprints.com\/sv\/#\/schema\/logo\/image\/"},"sameAs":["https:\/\/www.facebook.com\/positiveprintscom","https:\/\/www.instagram.com\/positiveprintscom\/","https:\/\/www.tiktok.com\/@positiveprintscom","https:\/\/www.pinterest.com\/positiveprintscom\/"]}]}},"jetpack_sharing_enabled":true,"_links":{"self":[{"href":"https:\/\/positiveprints.com\/sv\/wp-json\/wp\/v2\/pages\/366298","targetHints":{"allow":["GET"]}}],"collection":[{"href":"https:\/\/positiveprints.com\/sv\/wp-json\/wp\/v2\/pages"}],"about":[{"href":"https:\/\/positiveprints.com\/sv\/wp-json\/wp\/v2\/types\/page"}],"author":[{"embeddable":true,"href":"https:\/\/positiveprints.com\/sv\/wp-json\/wp\/v2\/users\/1"}],"replies":[{"embeddable":true,"href":"https:\/\/positiveprints.com\/sv\/wp-json\/wp\/v2\/comments?post=366298"}],"version-history":[{"count":0,"href":"https:\/\/positiveprints.com\/sv\/wp-json\/wp\/v2\/pages\/366298\/revisions"}],"wp:attachment":[{"href":"https:\/\/positiveprints.com\/sv\/wp-json\/wp\/v2\/media?parent=366298"}],"curies":[{"name":"wp","href":"https:\/\/api.w.org\/{rel}","templated":true}]}}