{"id":321092,"date":"2022-07-21T15:05:39","date_gmt":"2022-07-21T13:05:39","guid":{"rendered":"https:\/\/positiveprints.com\/upload-guidelines\/"},"modified":"2025-07-22T15:23:13","modified_gmt":"2025-07-22T13:23:13","slug":"upload-guidelines","status":"publish","type":"page","link":"https:\/\/positiveprints.com\/sv\/upload-guidelines\/","title":{"rendered":"Uppladdningsriktlinjer"},"content":{"rendered":"<h1 class=\"grenB\" id=\"h-upload-guidelines\">Uppladdningsriktlinjer<\/h1><p><\/p><p><br><br><\/p><p>1. Du accepterar v\u00e5r <a href=\"https:\/\/positiveprints.com\/privacy-policy\/\">integritetspolicy.<\/a><\/p><p>2. Du har fulla distributions- och kommersiella r\u00e4ttigheter till filen.<\/p><p>3. Filen kr\u00e4nker inte&nbsp; n\u00e5gons personliga r\u00e4ttigheter eller upphovsr\u00e4tt.<\/p><p>4. Filen inneh\u00e5ller inte st\u00f6tande, v\u00e5ldsamt, naket eller olagligt inneh\u00e5ll.<\/p><p>5. Du samtycker till att skydda Positive Prints fr\u00e5n r\u00e4ttsfall fr\u00e5n r\u00e4ttighetskr\u00e4nkningar r\u00f6rande den uppladdade filen.<\/p><p>6.&nbsp;Positive Prints f\u00f6rbeh\u00e5ller sig r\u00e4ttigheten att granska och radera filer, och avbryta best\u00e4llningar enligt eget godtycke.<\/p><p><\/p><p><\/p><p><p><br><\/p><p><strong>Krav f\u00f6r ljudfiler:<\/strong><\/p><\/p><p>1. Till\u00e5tna filformat: MP3, AAC, M4A<\/p><p>2. Max filstorlek: 5 MB<\/p><p>3. Max tidsl\u00e4ng: 6 min<\/p><p>4. Om den uppladdade filen \u00e4r l\u00e4ngre \u00e4n 6 minuter kommer ljudet trimmas ner till 6 minuter<br><br><strong>Lagringstid f\u00f6r ljudfiler:<\/strong><\/p><p>1. Efter att du klickat \u201cSpara konstverk\u201d knappen \u2013 30 dagar<\/p><p>2. Efter att du placerat en best\u00e4llning utan QR-kod \u2013 30 dagar<\/p><p>3. Efter att du placerat en best\u00e4llning med QR-kod \u2013 s\u00e5 l\u00e4nge vi finns kvar ;)<br><\/p><br><p><strong><strong>Krav f\u00f6r bildfiler:<\/strong><\/strong><\/p><p>1. Till\u00e5tna filformat: JPEG, JPG, PNG<\/p><p>2. Max filstorlek: 10 MB<\/p><p>3. Rekommenderad bilduppl\u00f6sning: 120-300 DPI<\/p><p><\/p><div style=\"height:30px\" aria-hidden=\"true\" class=\"wp-block-spacer\"><\/div><p><strong><strong>Lagringstid f\u00f6r bildfiler:<\/strong><\/strong><\/p><p>1. Efter att du klickat \u201cSpara konstverk\u201d knappen \u2013 30 dagar<\/p><p>2. Efter att du placerat en best\u00e4llning \u2013 30 dagar<br><br><br><\/p>","protected":false},"excerpt":{"rendered":"<p>Uppladdningsriktlinjer1. Du accepterar v\u00e5r integritetspolicy.2. Du har fulla distributions- och kommersiella r\u00e4ttigheter till filen.3. Filen kr\u00e4nker inte&nbsp; n\u00e5gons personliga r\u00e4ttigheter eller upphovsr\u00e4tt.4. Filen inneh\u00e5ller inte st\u00f6tande, v\u00e5ldsamt, naket eller olagligt inneh\u00e5ll.5. Du samtycker till att skydda Positive Prints fr\u00e5n r\u00e4ttsfall fr\u00e5n r\u00e4ttighetskr\u00e4nkningar r\u00f6rande den uppladdade filen.6.&nbsp;Positive Prints f\u00f6rbeh\u00e5ller sig r\u00e4ttigheten att granska och radera filer, [&hellip;]<\/p>\n","protected":false},"author":1,"featured_media":0,"parent":0,"menu_order":0,"comment_status":"closed","ping_status":"closed","template":"informational-page.php","meta":{"footnotes":""},"class_list":["post-321092","page","type-page","status-publish","hentry"],"yoast_head":"<!-- This site is optimized with the Yoast SEO Premium plugin v27.2 (Yoast SEO v27.2) - https:\/\/yoast.com\/product\/yoast-seo-premium-wordpress\/ -->\n<title>Uppladdningsriktlinjer - Positive Prints<\/title>\n<meta name=\"robots\" content=\"index, follow, max-snippet:-1, max-image-preview:large, max-video-preview:-1\" \/>\n<link rel=\"canonical\" href=\"https:\/\/positiveprints.com\/sv\/upload-guidelines\/\" \/>\n<meta property=\"og:locale\" content=\"sv_SE\" \/>\n<meta property=\"og:type\" content=\"article\" \/>\n<meta property=\"og:title\" content=\"Uppladdningsriktlinjer\" \/>\n<meta property=\"og:description\" content=\"Uppladdningsriktlinjer 1. Du accepterar v\u00e5r integritetspolicy. 2. Du har fulla distributions- och kommersiella r\u00e4ttigheter till filen. 3. Filen kr\u00e4nker\" \/>\n<meta property=\"og:url\" content=\"https:\/\/positiveprints.com\/sv\/upload-guidelines\/\" \/>\n<meta property=\"og:site_name\" content=\"Positive Prints\" \/>\n<meta property=\"article:publisher\" content=\"https:\/\/www.facebook.com\/positiveprintscom\" \/>\n<meta property=\"article:modified_time\" content=\"2025-07-22T13:23:13+00:00\" \/>\n<meta property=\"og:image\" content=\"https:\/\/positiveprints.com\/wp-content\/uploads\/2026\/03\/Open-graph-2026-1200x630-1.jpg\" \/>\n\t<meta property=\"og:image:width\" content=\"1200\" \/>\n\t<meta property=\"og:image:height\" content=\"630\" \/>\n\t<meta property=\"og:image:type\" content=\"image\/jpeg\" \/>\n<meta name=\"twitter:card\" content=\"summary_large_image\" \/>\n<meta name=\"twitter:label1\" content=\"Ber\u00e4knad l\u00e4stid\" \/>\n\t<meta name=\"twitter:data1\" content=\"1 minut\" \/>\n<!-- \/ Yoast SEO Premium plugin. -->","yoast_head_json":{"title":"Uppladdningsriktlinjer - Positive Prints","robots":{"index":"index","follow":"follow","max-snippet":"max-snippet:-1","max-image-preview":"max-image-preview:large","max-video-preview":"max-video-preview:-1"},"canonical":"https:\/\/positiveprints.com\/sv\/upload-guidelines\/","og_locale":"sv_SE","og_type":"article","og_title":"Uppladdningsriktlinjer","og_description":"Uppladdningsriktlinjer 1. Du accepterar v\u00e5r integritetspolicy. 2. Du har fulla distributions- och kommersiella r\u00e4ttigheter till filen. 3. Filen kr\u00e4nker","og_url":"https:\/\/positiveprints.com\/sv\/upload-guidelines\/","og_site_name":"Positive Prints","article_publisher":"https:\/\/www.facebook.com\/positiveprintscom","article_modified_time":"2025-07-22T13:23:13+00:00","og_image":[{"width":1200,"height":630,"url":"https:\/\/positiveprints.com\/wp-content\/uploads\/2026\/03\/Open-graph-2026-1200x630-1.jpg","type":"image\/jpeg"}],"twitter_card":"summary_large_image","twitter_misc":{"Ber\u00e4knad l\u00e4stid":"1 minut"},"schema":{"@context":"https:\/\/schema.org","@graph":[{"@type":"WebPage","@id":"https:\/\/positiveprints.com\/sv\/upload-guidelines\/","url":"https:\/\/positiveprints.com\/sv\/upload-guidelines\/","name":"Uppladdningsriktlinjer - Positive Prints","isPartOf":{"@id":"https:\/\/positiveprints.com\/sv\/#website"},"datePublished":"2022-07-21T13:05:39+00:00","dateModified":"2025-07-22T13:23:13+00:00","breadcrumb":{"@id":"https:\/\/positiveprints.com\/sv\/upload-guidelines\/#breadcrumb"},"inLanguage":"sv-SE","potentialAction":[{"@type":"ReadAction","target":["https:\/\/positiveprints.com\/sv\/upload-guidelines\/"]}]},{"@type":"BreadcrumbList","@id":"https:\/\/positiveprints.com\/sv\/upload-guidelines\/#breadcrumb","itemListElement":[{"@type":"ListItem","position":1,"name":"Home","item":"https:\/\/positiveprints.com\/sv\/"},{"@type":"ListItem","position":2,"name":"Uppladdningsriktlinjer"}]},{"@type":"WebSite","@id":"https:\/\/positiveprints.com\/sv\/#website","url":"https:\/\/positiveprints.com\/sv\/","name":"Positive Prints","description":"Amazing Custom Personalized Gifts","publisher":{"@id":"https:\/\/positiveprints.com\/sv\/#organization"},"potentialAction":[{"@type":"SearchAction","target":{"@type":"EntryPoint","urlTemplate":"https:\/\/positiveprints.com\/sv\/?s={search_term_string}"},"query-input":{"@type":"PropertyValueSpecification","valueRequired":true,"valueName":"search_term_string"}}],"inLanguage":"sv-SE"},{"@type":"Organization","@id":"https:\/\/positiveprints.com\/sv\/#organization","name":"Positive Prints","alternateName":"Positive Prints","url":"https:\/\/positiveprints.com\/sv\/","logo":{"@type":"ImageObject","inLanguage":"sv-SE","@id":"https:\/\/positiveprints.com\/sv\/#\/schema\/logo\/image\/","url":"https:\/\/positiveprints.com\/wp-content\/uploads\/2026\/03\/245815646_1337939713319158_5671353136411139666_n.png","contentUrl":"https:\/\/positiveprints.com\/wp-content\/uploads\/2026\/03\/245815646_1337939713319158_5671353136411139666_n.png","width":800,"height":800,"caption":"Positive Prints"},"image":{"@id":"https:\/\/positiveprints.com\/sv\/#\/schema\/logo\/image\/"},"sameAs":["https:\/\/www.facebook.com\/positiveprintscom","https:\/\/www.instagram.com\/positiveprintscom\/","https:\/\/www.tiktok.com\/@positiveprintscom","https:\/\/www.pinterest.com\/positiveprintscom\/"]}]}},"jetpack_sharing_enabled":true,"_links":{"self":[{"href":"https:\/\/positiveprints.com\/sv\/wp-json\/wp\/v2\/pages\/321092","targetHints":{"allow":["GET"]}}],"collection":[{"href":"https:\/\/positiveprints.com\/sv\/wp-json\/wp\/v2\/pages"}],"about":[{"href":"https:\/\/positiveprints.com\/sv\/wp-json\/wp\/v2\/types\/page"}],"author":[{"embeddable":true,"href":"https:\/\/positiveprints.com\/sv\/wp-json\/wp\/v2\/users\/1"}],"replies":[{"embeddable":true,"href":"https:\/\/positiveprints.com\/sv\/wp-json\/wp\/v2\/comments?post=321092"}],"version-history":[{"count":0,"href":"https:\/\/positiveprints.com\/sv\/wp-json\/wp\/v2\/pages\/321092\/revisions"}],"wp:attachment":[{"href":"https:\/\/positiveprints.com\/sv\/wp-json\/wp\/v2\/media?parent=321092"}],"curies":[{"name":"wp","href":"https:\/\/api.w.org\/{rel}","templated":true}]}}