{"id":1480889,"date":"2023-11-16T07:14:54","date_gmt":"2023-11-16T06:14:54","guid":{"rendered":"https:\/\/positiveprints.com\/jewelry-care\/"},"modified":"2025-07-30T23:33:36","modified_gmt":"2025-07-30T21:33:36","slug":"smyckesvard","status":"publish","type":"page","link":"https:\/\/positiveprints.com\/sv\/smyckesvard\/","title":{"rendered":"Jewelry Care"},"content":{"rendered":"<h2 class=\"wp-block-heading grenB\" id=\"h-hur-tar-du-hand-om-ditt-positive-prints-smycke\"><strong>Hur tar du hand om ditt Positive Prints smycke?<\/strong><\/h2><div style=\"height:20px\" aria-hidden=\"true\" class=\"wp-block-spacer\"><\/div><h3 class=\"wp-block-heading grenB\" id=\"h-undvik-vatten-och-fuktighet\"><strong>Undvik vatten<\/strong> <strong>och fuktighet<\/strong><\/h3><div style=\"height:10px\" aria-hidden=\"true\" class=\"wp-block-spacer\"><\/div><div class=\"wp-block-columns is-layout-flex wp-container-core-columns-is-layout-9d6595d7 wp-block-columns-is-layout-flex\"><div class=\"wp-block-column is-layout-flow wp-block-column-is-layout-flow\"><figure class=\"wp-block-image size-full is-resized\"><img loading=\"lazy\" decoding=\"async\" width=\"191\" height=\"168\" src=\"https:\/\/positiveprints.com\/wp-content\/uploads\/2024\/03\/avoid-water-and-humidity-icon.png\" alt=\"\" class=\"wp-image-1083131\" style=\"width:106px;height:auto\"\/><\/figure><\/div>\n\n<div class=\"wp-block-column is-vertically-aligned-center is-layout-flow wp-block-column-is-layout-flow\"><p>Smycken \u00e4r dyrbara \u00e4godelar som f\u00f6rtj\u00e4nar ordentlig sk\u00f6tsel. Direkt kontakt med vatten, fr\u00e5n kran, pool eller havsvatten, kan skada ditt smyckes utseende. Det kan f\u00f6rlora sin lyster, bli missf\u00e4rgat eller matt. D\u00e4rf\u00f6r \u00e4r det viktigt att ta av ditt smycke innan du badar eller utf\u00f6r hush\u00e5llssysslor.<\/p>\n\n<p>Ta av smycket innan du duschar eller badar, s\u00e4rskilt p\u00e5 stranden eller i klorerat vatten.<\/p><\/div><\/div><div style=\"height:25px\" aria-hidden=\"true\" class=\"wp-block-spacer\"><\/div><h3 class=\"wp-block-heading grenB\" id=\"h-skydda-mot-kemikalier\"><strong>Skydda mot kemikalier<\/strong><\/h3><div style=\"height:10px\" aria-hidden=\"true\" class=\"wp-block-spacer\"><\/div><div class=\"wp-block-columns is-layout-flex wp-container-core-columns-is-layout-9d6595d7 wp-block-columns-is-layout-flex\"><div class=\"wp-block-column is-layout-flow wp-block-column-is-layout-flow\"><figure class=\"wp-block-image size-full is-resized\"><img loading=\"lazy\" decoding=\"async\" width=\"169\" height=\"168\" src=\"https:\/\/positiveprints.com\/wp-content\/uploads\/2024\/03\/protect-against-chemicals-icon.png\" alt=\"\" class=\"wp-image-1083146\" style=\"width:107px;height:auto\" srcset=\"https:\/\/positiveprints.com\/wp-content\/uploads\/2024\/03\/protect-against-chemicals-icon.png 169w, https:\/\/positiveprints.com\/wp-content\/uploads\/2024\/03\/protect-against-chemicals-icon-150x150.png 150w, https:\/\/positiveprints.com\/wp-content\/uploads\/2024\/03\/protect-against-chemicals-icon-100x100.png 100w\" sizes=\"auto, (max-width: 169px) 100vw, 169px\" \/><\/figure><\/div>\n\n<div class=\"wp-block-column is-vertically-aligned-center is-layout-flow wp-block-column-is-layout-flow\"><p>Tv\u00e4ttmedel och kemikalier som anv\u00e4nds i k\u00f6k, badrum, s\u00e5v\u00e4l som kosmetik (h\u00e5rspray, deodoranter, parfymer) kan orsaka missf\u00e4rgning av smycken eller huden p\u00e5 kontaktplats med smycket. Silver reagerar s\u00e4rskilt starkt p\u00e5 kemiska f\u00f6reningar genom att \u00e4ndra f\u00e4rg.<\/p>\n\n<p>Undvik att spraya parfym eller applicera kr\u00e4mer direkt p\u00e5 smycket.<\/p><\/div><\/div><div style=\"height:25px\" aria-hidden=\"true\" class=\"wp-block-spacer\"><\/div><h3 class=\"wp-block-heading grenB\" id=\"h-forvara-ditt-smycke-pa-ett-rent-torrt-stalle\"><strong>F\u00f6rvara ditt smycke p\u00e5 ett rent, torrt st\u00e4lle<\/strong><\/h3><div style=\"height:10px\" aria-hidden=\"true\" class=\"wp-block-spacer\"><\/div><div class=\"wp-block-columns is-layout-flex wp-container-core-columns-is-layout-9d6595d7 wp-block-columns-is-layout-flex\"><div class=\"wp-block-column is-vertically-aligned-top is-layout-flow wp-block-column-is-layout-flow\"><figure class=\"wp-block-image size-full is-resized\"><img loading=\"lazy\" decoding=\"async\" width=\"167\" height=\"168\" src=\"https:\/\/positiveprints.com\/wp-content\/uploads\/2024\/03\/store-your-jewelry-in-a-clean-dry-space-icon.png\" alt=\"\" class=\"wp-image-1083162\" style=\"width:96px;height:auto\" srcset=\"https:\/\/positiveprints.com\/wp-content\/uploads\/2024\/03\/store-your-jewelry-in-a-clean-dry-space-icon.png 167w, https:\/\/positiveprints.com\/wp-content\/uploads\/2024\/03\/store-your-jewelry-in-a-clean-dry-space-icon-150x150.png 150w, https:\/\/positiveprints.com\/wp-content\/uploads\/2024\/03\/store-your-jewelry-in-a-clean-dry-space-icon-100x100.png 100w\" sizes=\"auto, (max-width: 167px) 100vw, 167px\" \/><\/figure><\/div>\n\n<div class=\"wp-block-column is-vertically-aligned-center is-layout-flow wp-block-column-is-layout-flow\"><p>Det \u00e4r viktigt att f\u00f6rvara ditt guld- och silversmycke p\u00e5 r\u00e4tt s\u00e4tt f\u00f6r att s\u00e4kerst\u00e4lla att det f\u00f6rblir i toppskick. Smycken som inte b\u00e4rs dagligen b\u00f6r lindas in i ett mjukt tyg och f\u00f6rseglas i en separat sn\u00f6rp\u00e5se. Detta begr\u00e4nsar lufttillf\u00f6rseln och f\u00f6rhindrar att smycket m\u00f6rknar eller riskerar skada eller damm.<\/p>\n\n<p>Vid f\u00f6rvaring av kedjor b\u00f6r de inte vikas eller lindas f\u00f6r tight, eftersom det kan orsaka permanent deformation eller brytning.<\/p>\n\n<p>En viktig sak att komma ih\u00e5g \u00e4r att ha en j\u00e4mn f\u00f6rvaringstemperatur f\u00f6r smycken \u2013 det f\u00e5r inte vara f\u00f6r kallt eller f\u00f6r varmt. V\u00e5rt smyckesskrin b\u00f6r ocks\u00e5 placeras p\u00e5 avst\u00e5nd fr\u00e5n alla fuktk\u00e4llor.<\/p><\/div><\/div><div style=\"height:25px\" aria-hidden=\"true\" class=\"wp-block-spacer\"><\/div><h3 class=\"wp-block-heading grenB\" id=\"h-rengor-for-att-aterge-dess-glans\"><strong>Reng\u00f6r f\u00f6r att \u00e5terge det dess glans<\/strong><\/h3><div style=\"height:10px\" aria-hidden=\"true\" class=\"wp-block-spacer\"><\/div><div class=\"wp-block-columns is-layout-flex wp-container-core-columns-is-layout-9d6595d7 wp-block-columns-is-layout-flex\"><div class=\"wp-block-column is-vertically-aligned-top is-layout-flow wp-block-column-is-layout-flow\"><figure class=\"wp-block-image size-full is-resized\"><img loading=\"lazy\" decoding=\"async\" width=\"195\" height=\"168\" src=\"https:\/\/positiveprints.com\/wp-content\/uploads\/2024\/03\/clean-to-bring-back-its-shine-icon.png\" alt=\"\" class=\"wp-image-1083179\" style=\"width:104px;height:auto\"\/><\/figure><\/div>\n\n<div class=\"wp-block-column is-vertically-aligned-center is-layout-flow wp-block-column-is-layout-flow\"><p>Om ditt smycke blir fl\u00e4ckat \u00e4r det b\u00e4st att reng\u00f6ra det med en poleringsduk eller mjuk luddfri duk.<\/p><\/div><\/div>","protected":false},"excerpt":{"rendered":"<p>Hur tar du hand om ditt Positive Prints smycke?Undvik vatten och fuktighetSmycken \u00e4r dyrbara \u00e4godelar som f\u00f6rtj\u00e4nar ordentlig sk\u00f6tsel. Direkt kontakt med vatten, fr\u00e5n kran, pool eller havsvatten, kan skada ditt smyckes utseende. Det kan f\u00f6rlora sin lyster, bli missf\u00e4rgat eller matt. D\u00e4rf\u00f6r \u00e4r det viktigt att ta av ditt smycke innan du badar eller [&hellip;]<\/p>\n","protected":false},"author":1,"featured_media":0,"parent":0,"menu_order":0,"comment_status":"closed","ping_status":"closed","template":"","meta":{"footnotes":""},"class_list":["post-1480889","page","type-page","status-publish","hentry"],"yoast_head":"<!-- This site is optimized with the Yoast SEO Premium plugin v27.2 (Yoast SEO v27.2) - https:\/\/yoast.com\/product\/yoast-seo-premium-wordpress\/ -->\n<title>Jewelry Care - Positive Prints<\/title>\n<meta name=\"description\" content=\"Jewelry is a precious possession that deserves proper care and maintenance. Ensure the lasting beauty of your treasures.\" \/>\n<meta name=\"robots\" content=\"index, follow, max-snippet:-1, max-image-preview:large, max-video-preview:-1\" \/>\n<link rel=\"canonical\" href=\"https:\/\/positiveprints.com\/sv\/smyckesvard\/\" \/>\n<meta property=\"og:locale\" content=\"sv_SE\" \/>\n<meta property=\"og:type\" content=\"article\" \/>\n<meta property=\"og:title\" content=\"Jewelry Care\" \/>\n<meta property=\"og:description\" content=\"Hur tar du hand om ditt Positive Prints smycke? Undvik vatten och fuktighet Smycken \u00e4r dyrbara \u00e4godelar som f\u00f6rtj\u00e4nar ordentlig sk\u00f6tsel. Direkt kontakt\" \/>\n<meta property=\"og:url\" content=\"https:\/\/positiveprints.com\/sv\/smyckesvard\/\" \/>\n<meta property=\"og:site_name\" content=\"Positive Prints\" \/>\n<meta property=\"article:publisher\" content=\"https:\/\/www.facebook.com\/positiveprintscom\" \/>\n<meta property=\"article:modified_time\" content=\"2025-07-30T21:33:36+00:00\" \/>\n<meta property=\"og:image\" content=\"https:\/\/positiveprints.com\/wp-content\/uploads\/2024\/03\/avoid-water-and-humidity-icon.png\" \/>\n<meta name=\"twitter:card\" content=\"summary_large_image\" \/>\n<meta name=\"twitter:label1\" content=\"Ber\u00e4knad l\u00e4stid\" \/>\n\t<meta name=\"twitter:data1\" content=\"3 minut\" \/>\n<!-- \/ Yoast SEO Premium plugin. -->","yoast_head_json":{"title":"Jewelry Care - Positive Prints","description":"Jewelry is a precious possession that deserves proper care and maintenance. Ensure the lasting beauty of your treasures.","robots":{"index":"index","follow":"follow","max-snippet":"max-snippet:-1","max-image-preview":"max-image-preview:large","max-video-preview":"max-video-preview:-1"},"canonical":"https:\/\/positiveprints.com\/sv\/smyckesvard\/","og_locale":"sv_SE","og_type":"article","og_title":"Jewelry Care","og_description":"Hur tar du hand om ditt Positive Prints smycke? Undvik vatten och fuktighet Smycken \u00e4r dyrbara \u00e4godelar som f\u00f6rtj\u00e4nar ordentlig sk\u00f6tsel. Direkt kontakt","og_url":"https:\/\/positiveprints.com\/sv\/smyckesvard\/","og_site_name":"Positive Prints","article_publisher":"https:\/\/www.facebook.com\/positiveprintscom","article_modified_time":"2025-07-30T21:33:36+00:00","og_image":[{"url":"https:\/\/positiveprints.com\/wp-content\/uploads\/2024\/03\/avoid-water-and-humidity-icon.png","type":"","width":"","height":""}],"twitter_card":"summary_large_image","twitter_misc":{"Ber\u00e4knad l\u00e4stid":"3 minut"},"schema":{"@context":"https:\/\/schema.org","@graph":[{"@type":"WebPage","@id":"https:\/\/positiveprints.com\/sv\/smyckesvard\/","url":"https:\/\/positiveprints.com\/sv\/smyckesvard\/","name":"Jewelry Care - Positive Prints","isPartOf":{"@id":"https:\/\/positiveprints.com\/sv\/#website"},"primaryImageOfPage":{"@id":"https:\/\/positiveprints.com\/sv\/smyckesvard\/#primaryimage"},"image":{"@id":"https:\/\/positiveprints.com\/sv\/smyckesvard\/#primaryimage"},"thumbnailUrl":"https:\/\/positiveprints.com\/wp-content\/uploads\/2024\/03\/avoid-water-and-humidity-icon.png","datePublished":"2023-11-16T06:14:54+00:00","dateModified":"2025-07-30T21:33:36+00:00","description":"Jewelry is a precious possession that deserves proper care and maintenance. Ensure the lasting beauty of your treasures.","breadcrumb":{"@id":"https:\/\/positiveprints.com\/sv\/smyckesvard\/#breadcrumb"},"inLanguage":"sv-SE","potentialAction":[{"@type":"ReadAction","target":["https:\/\/positiveprints.com\/sv\/smyckesvard\/"]}]},{"@type":"ImageObject","inLanguage":"sv-SE","@id":"https:\/\/positiveprints.com\/sv\/smyckesvard\/#primaryimage","url":"https:\/\/positiveprints.com\/wp-content\/uploads\/2024\/03\/avoid-water-and-humidity-icon.png","contentUrl":"https:\/\/positiveprints.com\/wp-content\/uploads\/2024\/03\/avoid-water-and-humidity-icon.png"},{"@type":"BreadcrumbList","@id":"https:\/\/positiveprints.com\/sv\/smyckesvard\/#breadcrumb","itemListElement":[{"@type":"ListItem","position":1,"name":"Home","item":"https:\/\/positiveprints.com\/sv\/"},{"@type":"ListItem","position":2,"name":"Jewelry Care"}]},{"@type":"WebSite","@id":"https:\/\/positiveprints.com\/sv\/#website","url":"https:\/\/positiveprints.com\/sv\/","name":"Positive Prints","description":"Amazing Custom Personalized Gifts","publisher":{"@id":"https:\/\/positiveprints.com\/sv\/#organization"},"potentialAction":[{"@type":"SearchAction","target":{"@type":"EntryPoint","urlTemplate":"https:\/\/positiveprints.com\/sv\/?s={search_term_string}"},"query-input":{"@type":"PropertyValueSpecification","valueRequired":true,"valueName":"search_term_string"}}],"inLanguage":"sv-SE"},{"@type":"Organization","@id":"https:\/\/positiveprints.com\/sv\/#organization","name":"Positive Prints","alternateName":"Positive Prints","url":"https:\/\/positiveprints.com\/sv\/","logo":{"@type":"ImageObject","inLanguage":"sv-SE","@id":"https:\/\/positiveprints.com\/sv\/#\/schema\/logo\/image\/","url":"https:\/\/positiveprints.com\/wp-content\/uploads\/2026\/03\/245815646_1337939713319158_5671353136411139666_n.png","contentUrl":"https:\/\/positiveprints.com\/wp-content\/uploads\/2026\/03\/245815646_1337939713319158_5671353136411139666_n.png","width":800,"height":800,"caption":"Positive Prints"},"image":{"@id":"https:\/\/positiveprints.com\/sv\/#\/schema\/logo\/image\/"},"sameAs":["https:\/\/www.facebook.com\/positiveprintscom","https:\/\/www.instagram.com\/positiveprintscom\/","https:\/\/www.tiktok.com\/@positiveprintscom","https:\/\/www.pinterest.com\/positiveprintscom\/"]}]}},"jetpack_sharing_enabled":true,"_links":{"self":[{"href":"https:\/\/positiveprints.com\/sv\/wp-json\/wp\/v2\/pages\/1480889","targetHints":{"allow":["GET"]}}],"collection":[{"href":"https:\/\/positiveprints.com\/sv\/wp-json\/wp\/v2\/pages"}],"about":[{"href":"https:\/\/positiveprints.com\/sv\/wp-json\/wp\/v2\/types\/page"}],"author":[{"embeddable":true,"href":"https:\/\/positiveprints.com\/sv\/wp-json\/wp\/v2\/users\/1"}],"replies":[{"embeddable":true,"href":"https:\/\/positiveprints.com\/sv\/wp-json\/wp\/v2\/comments?post=1480889"}],"version-history":[{"count":0,"href":"https:\/\/positiveprints.com\/sv\/wp-json\/wp\/v2\/pages\/1480889\/revisions"}],"wp:attachment":[{"href":"https:\/\/positiveprints.com\/sv\/wp-json\/wp\/v2\/media?parent=1480889"}],"curies":[{"name":"wp","href":"https:\/\/api.w.org\/{rel}","templated":true}]}}