{"id":1205500,"date":"2024-10-09T19:26:32","date_gmt":"2024-10-09T17:26:32","guid":{"rendered":"https:\/\/positiveprints.com\/julklappar-till-kollegorna\/"},"modified":"2024-10-09T19:26:32","modified_gmt":"2024-10-09T17:26:32","slug":"julklappar-till-kollegorna","status":"publish","type":"page","link":"https:\/\/positiveprints.com\/sv\/julklappar-till-kollegorna\/","title":{"rendered":"Julklappar till Kollegorna"},"content":{"rendered":"","protected":false},"excerpt":{"rendered":"","protected":false},"author":1,"featured_media":0,"parent":0,"menu_order":0,"comment_status":"closed","ping_status":"closed","template":"SINGLE_OCCASION_TEMPLATE.php","meta":{"footnotes":""},"class_list":["post-1205500","page","type-page","status-publish","hentry"],"yoast_head":"<!-- This site is optimized with the Yoast SEO Premium plugin v27.2 (Yoast SEO v27.2) - https:\/\/yoast.com\/product\/yoast-seo-premium-wordpress\/ -->\n<title>Julklappar till Kollegorna - Positive Prints<\/title>\n<meta name=\"description\" content=\"Hitta den perfekta k\u00e4nslan av v\u00e4rme och gl\u00e4dje den h\u00e4r julen med v\u00e5rt utbud av personliga julklappar. P\u00e5 Positive Prints tror vi att hj\u00e4rtliga presenter har f\u00f6rm\u00e5gan att skapa best\u00e5ende minnen.\" \/>\n<meta name=\"robots\" content=\"index, follow, max-snippet:-1, max-image-preview:large, max-video-preview:-1\" \/>\n<link rel=\"canonical\" href=\"https:\/\/positiveprints.com\/sv\/julklappar-till-kollegorna\/\" \/>\n<meta property=\"og:locale\" content=\"sv_SE\" \/>\n<meta property=\"og:type\" content=\"article\" \/>\n<meta property=\"og:title\" content=\"Julklappar till Kollegorna\" \/>\n<meta property=\"og:url\" content=\"https:\/\/positiveprints.com\/sv\/julklappar-till-kollegorna\/\" \/>\n<meta property=\"og:site_name\" content=\"Positive Prints\" \/>\n<meta property=\"article:publisher\" content=\"https:\/\/www.facebook.com\/positiveprintscom\" \/>\n<meta property=\"og:image\" content=\"https:\/\/positiveprints.com\/wp-content\/uploads\/2026\/03\/Open-graph-2026-1200x630-1.jpg\" \/>\n\t<meta property=\"og:image:width\" content=\"1200\" \/>\n\t<meta property=\"og:image:height\" content=\"630\" \/>\n\t<meta property=\"og:image:type\" content=\"image\/jpeg\" \/>\n<meta name=\"twitter:card\" content=\"summary_large_image\" \/>\n<!-- \/ Yoast SEO Premium plugin. -->","yoast_head_json":{"title":"Julklappar till Kollegorna - Positive Prints","description":"Hitta den perfekta k\u00e4nslan av v\u00e4rme och gl\u00e4dje den h\u00e4r julen med v\u00e5rt utbud av personliga julklappar. P\u00e5 Positive Prints tror vi att hj\u00e4rtliga presenter har f\u00f6rm\u00e5gan att skapa best\u00e5ende minnen.","robots":{"index":"index","follow":"follow","max-snippet":"max-snippet:-1","max-image-preview":"max-image-preview:large","max-video-preview":"max-video-preview:-1"},"canonical":"https:\/\/positiveprints.com\/sv\/julklappar-till-kollegorna\/","og_locale":"sv_SE","og_type":"article","og_title":"Julklappar till Kollegorna","og_url":"https:\/\/positiveprints.com\/sv\/julklappar-till-kollegorna\/","og_site_name":"Positive Prints","article_publisher":"https:\/\/www.facebook.com\/positiveprintscom","og_image":[{"width":1200,"height":630,"url":"https:\/\/positiveprints.com\/wp-content\/uploads\/2026\/03\/Open-graph-2026-1200x630-1.jpg","type":"image\/jpeg"}],"twitter_card":"summary_large_image","schema":{"@context":"https:\/\/schema.org","@graph":[{"@type":"WebPage","@id":"https:\/\/positiveprints.com\/sv\/julklappar-till-kollegorna\/","url":"https:\/\/positiveprints.com\/sv\/julklappar-till-kollegorna\/","name":"Julklappar till Kollegorna - Positive Prints","isPartOf":{"@id":"https:\/\/positiveprints.com\/sv\/#website"},"datePublished":"2024-10-09T17:26:32+00:00","description":"Hitta den perfekta k\u00e4nslan av v\u00e4rme och gl\u00e4dje den h\u00e4r julen med v\u00e5rt utbud av personliga julklappar. P\u00e5 Positive Prints tror vi att hj\u00e4rtliga presenter har f\u00f6rm\u00e5gan att skapa best\u00e5ende minnen.","breadcrumb":{"@id":"https:\/\/positiveprints.com\/sv\/julklappar-till-kollegorna\/#breadcrumb"},"inLanguage":"sv-SE","potentialAction":[{"@type":"ReadAction","target":["https:\/\/positiveprints.com\/sv\/julklappar-till-kollegorna\/"]}]},{"@type":"BreadcrumbList","@id":"https:\/\/positiveprints.com\/sv\/julklappar-till-kollegorna\/#breadcrumb","itemListElement":[{"@type":"ListItem","position":1,"name":"Home","item":"https:\/\/positiveprints.com\/sv\/"},{"@type":"ListItem","position":2,"name":"Julklappar till Kollegorna"}]},{"@type":"WebSite","@id":"https:\/\/positiveprints.com\/sv\/#website","url":"https:\/\/positiveprints.com\/sv\/","name":"Positive Prints","description":"Amazing Custom Personalized Gifts","publisher":{"@id":"https:\/\/positiveprints.com\/sv\/#organization"},"potentialAction":[{"@type":"SearchAction","target":{"@type":"EntryPoint","urlTemplate":"https:\/\/positiveprints.com\/sv\/?s={search_term_string}"},"query-input":{"@type":"PropertyValueSpecification","valueRequired":true,"valueName":"search_term_string"}}],"inLanguage":"sv-SE"},{"@type":"Organization","@id":"https:\/\/positiveprints.com\/sv\/#organization","name":"Positive Prints","alternateName":"Positive Prints","url":"https:\/\/positiveprints.com\/sv\/","logo":{"@type":"ImageObject","inLanguage":"sv-SE","@id":"https:\/\/positiveprints.com\/sv\/#\/schema\/logo\/image\/","url":"https:\/\/positiveprints.com\/wp-content\/uploads\/2026\/03\/245815646_1337939713319158_5671353136411139666_n.png","contentUrl":"https:\/\/positiveprints.com\/wp-content\/uploads\/2026\/03\/245815646_1337939713319158_5671353136411139666_n.png","width":800,"height":800,"caption":"Positive Prints"},"image":{"@id":"https:\/\/positiveprints.com\/sv\/#\/schema\/logo\/image\/"},"sameAs":["https:\/\/www.facebook.com\/positiveprintscom","https:\/\/www.instagram.com\/positiveprintscom\/","https:\/\/www.tiktok.com\/@positiveprintscom","https:\/\/www.pinterest.com\/positiveprintscom\/"]}]}},"jetpack_sharing_enabled":true,"_links":{"self":[{"href":"https:\/\/positiveprints.com\/sv\/wp-json\/wp\/v2\/pages\/1205500","targetHints":{"allow":["GET"]}}],"collection":[{"href":"https:\/\/positiveprints.com\/sv\/wp-json\/wp\/v2\/pages"}],"about":[{"href":"https:\/\/positiveprints.com\/sv\/wp-json\/wp\/v2\/types\/page"}],"author":[{"embeddable":true,"href":"https:\/\/positiveprints.com\/sv\/wp-json\/wp\/v2\/users\/1"}],"replies":[{"embeddable":true,"href":"https:\/\/positiveprints.com\/sv\/wp-json\/wp\/v2\/comments?post=1205500"}],"version-history":[{"count":0,"href":"https:\/\/positiveprints.com\/sv\/wp-json\/wp\/v2\/pages\/1205500\/revisions"}],"wp:attachment":[{"href":"https:\/\/positiveprints.com\/sv\/wp-json\/wp\/v2\/media?parent=1205500"}],"curies":[{"name":"wp","href":"https:\/\/api.w.org\/{rel}","templated":true}]}}