{"id":1199209,"date":"2024-10-01T21:55:39","date_gmt":"2024-10-01T19:55:39","guid":{"rendered":"https:\/\/positiveprints.com\/arsdagspresenter-till-par\/"},"modified":"2024-10-01T21:55:39","modified_gmt":"2024-10-01T19:55:39","slug":"arsdagspresenter-till-par","status":"publish","type":"page","link":"https:\/\/positiveprints.com\/sv\/arsdagspresenter-till-par\/","title":{"rendered":"\u00c5rsdagspresenter till Par"},"content":{"rendered":"","protected":false},"excerpt":{"rendered":"","protected":false},"author":1,"featured_media":0,"parent":0,"menu_order":0,"comment_status":"closed","ping_status":"closed","template":"SINGLE_OCCASION_TEMPLATE.php","meta":{"footnotes":""},"class_list":["post-1199209","page","type-page","status-publish","hentry"],"yoast_head":"<!-- This site is optimized with the Yoast SEO Premium plugin v27.2 (Yoast SEO v27.2) - https:\/\/yoast.com\/product\/yoast-seo-premium-wordpress\/ -->\n<title>\u00c5rsdagspresenter till Par - Positive Prints<\/title>\n<meta name=\"description\" content=\"Hitta de perfekta personliga \u00e5rsdagspresenterna till par som f\u00e5ngar era speciella \u00f6gonblick med Positive Prints. Fira er k\u00e4rlekshistoria med unika konstverk som p\u00e5minner er om er resa tillsammans. \u00d6verraska din \u00e4lskade med anpassad v\u00e4ggkonst som ger gl\u00e4dje till ert hem varje dag. Med Positive Prints \u00e4r det enkelt att skapa en unik produkt. Ta vara p\u00e5 dina minnen med en personlig \u00e5rsdagspresent som kommer att vara livet ut.\" \/>\n<meta name=\"robots\" content=\"index, follow, max-snippet:-1, max-image-preview:large, max-video-preview:-1\" \/>\n<link rel=\"canonical\" href=\"https:\/\/positiveprints.com\/sv\/arsdagspresenter-till-par\/\" \/>\n<meta property=\"og:locale\" content=\"sv_SE\" \/>\n<meta property=\"og:type\" content=\"article\" \/>\n<meta property=\"og:title\" content=\"\u00c5rsdagspresenter till Par\" \/>\n<meta property=\"og:url\" content=\"https:\/\/positiveprints.com\/sv\/arsdagspresenter-till-par\/\" \/>\n<meta property=\"og:site_name\" content=\"Positive Prints\" \/>\n<meta property=\"article:publisher\" content=\"https:\/\/www.facebook.com\/positiveprintscom\" \/>\n<meta property=\"og:image\" content=\"https:\/\/positiveprints.com\/wp-content\/uploads\/2026\/03\/Open-graph-2026-1200x630-1.jpg\" \/>\n\t<meta property=\"og:image:width\" content=\"1200\" \/>\n\t<meta property=\"og:image:height\" content=\"630\" \/>\n\t<meta property=\"og:image:type\" content=\"image\/jpeg\" \/>\n<meta name=\"twitter:card\" content=\"summary_large_image\" \/>\n<!-- \/ Yoast SEO Premium plugin. -->","yoast_head_json":{"title":"\u00c5rsdagspresenter till Par - Positive Prints","description":"Hitta de perfekta personliga \u00e5rsdagspresenterna till par som f\u00e5ngar era speciella \u00f6gonblick med Positive Prints. Fira er k\u00e4rlekshistoria med unika konstverk som p\u00e5minner er om er resa tillsammans. \u00d6verraska din \u00e4lskade med anpassad v\u00e4ggkonst som ger gl\u00e4dje till ert hem varje dag. Med Positive Prints \u00e4r det enkelt att skapa en unik produkt. Ta vara p\u00e5 dina minnen med en personlig \u00e5rsdagspresent som kommer att vara livet ut.","robots":{"index":"index","follow":"follow","max-snippet":"max-snippet:-1","max-image-preview":"max-image-preview:large","max-video-preview":"max-video-preview:-1"},"canonical":"https:\/\/positiveprints.com\/sv\/arsdagspresenter-till-par\/","og_locale":"sv_SE","og_type":"article","og_title":"\u00c5rsdagspresenter till Par","og_url":"https:\/\/positiveprints.com\/sv\/arsdagspresenter-till-par\/","og_site_name":"Positive Prints","article_publisher":"https:\/\/www.facebook.com\/positiveprintscom","og_image":[{"width":1200,"height":630,"url":"https:\/\/positiveprints.com\/wp-content\/uploads\/2026\/03\/Open-graph-2026-1200x630-1.jpg","type":"image\/jpeg"}],"twitter_card":"summary_large_image","schema":{"@context":"https:\/\/schema.org","@graph":[{"@type":"WebPage","@id":"https:\/\/positiveprints.com\/sv\/arsdagspresenter-till-par\/","url":"https:\/\/positiveprints.com\/sv\/arsdagspresenter-till-par\/","name":"\u00c5rsdagspresenter till Par - Positive Prints","isPartOf":{"@id":"https:\/\/positiveprints.com\/sv\/#website"},"datePublished":"2024-10-01T19:55:39+00:00","description":"Hitta de perfekta personliga \u00e5rsdagspresenterna till par som f\u00e5ngar era speciella \u00f6gonblick med Positive Prints. Fira er k\u00e4rlekshistoria med unika konstverk som p\u00e5minner er om er resa tillsammans. \u00d6verraska din \u00e4lskade med anpassad v\u00e4ggkonst som ger gl\u00e4dje till ert hem varje dag. Med Positive Prints \u00e4r det enkelt att skapa en unik produkt. Ta vara p\u00e5 dina minnen med en personlig \u00e5rsdagspresent som kommer att vara livet ut.","breadcrumb":{"@id":"https:\/\/positiveprints.com\/sv\/arsdagspresenter-till-par\/#breadcrumb"},"inLanguage":"sv-SE","potentialAction":[{"@type":"ReadAction","target":["https:\/\/positiveprints.com\/sv\/arsdagspresenter-till-par\/"]}]},{"@type":"BreadcrumbList","@id":"https:\/\/positiveprints.com\/sv\/arsdagspresenter-till-par\/#breadcrumb","itemListElement":[{"@type":"ListItem","position":1,"name":"Home","item":"https:\/\/positiveprints.com\/sv\/"},{"@type":"ListItem","position":2,"name":"\u00c5rsdagspresenter till Par"}]},{"@type":"WebSite","@id":"https:\/\/positiveprints.com\/sv\/#website","url":"https:\/\/positiveprints.com\/sv\/","name":"Positive Prints","description":"Amazing Custom Personalized Gifts","publisher":{"@id":"https:\/\/positiveprints.com\/sv\/#organization"},"potentialAction":[{"@type":"SearchAction","target":{"@type":"EntryPoint","urlTemplate":"https:\/\/positiveprints.com\/sv\/?s={search_term_string}"},"query-input":{"@type":"PropertyValueSpecification","valueRequired":true,"valueName":"search_term_string"}}],"inLanguage":"sv-SE"},{"@type":"Organization","@id":"https:\/\/positiveprints.com\/sv\/#organization","name":"Positive Prints","alternateName":"Positive Prints","url":"https:\/\/positiveprints.com\/sv\/","logo":{"@type":"ImageObject","inLanguage":"sv-SE","@id":"https:\/\/positiveprints.com\/sv\/#\/schema\/logo\/image\/","url":"https:\/\/positiveprints.com\/wp-content\/uploads\/2026\/03\/245815646_1337939713319158_5671353136411139666_n.png","contentUrl":"https:\/\/positiveprints.com\/wp-content\/uploads\/2026\/03\/245815646_1337939713319158_5671353136411139666_n.png","width":800,"height":800,"caption":"Positive Prints"},"image":{"@id":"https:\/\/positiveprints.com\/sv\/#\/schema\/logo\/image\/"},"sameAs":["https:\/\/www.facebook.com\/positiveprintscom","https:\/\/www.instagram.com\/positiveprintscom\/","https:\/\/www.tiktok.com\/@positiveprintscom","https:\/\/www.pinterest.com\/positiveprintscom\/"]}]}},"jetpack_sharing_enabled":true,"_links":{"self":[{"href":"https:\/\/positiveprints.com\/sv\/wp-json\/wp\/v2\/pages\/1199209","targetHints":{"allow":["GET"]}}],"collection":[{"href":"https:\/\/positiveprints.com\/sv\/wp-json\/wp\/v2\/pages"}],"about":[{"href":"https:\/\/positiveprints.com\/sv\/wp-json\/wp\/v2\/types\/page"}],"author":[{"embeddable":true,"href":"https:\/\/positiveprints.com\/sv\/wp-json\/wp\/v2\/users\/1"}],"replies":[{"embeddable":true,"href":"https:\/\/positiveprints.com\/sv\/wp-json\/wp\/v2\/comments?post=1199209"}],"version-history":[{"count":0,"href":"https:\/\/positiveprints.com\/sv\/wp-json\/wp\/v2\/pages\/1199209\/revisions"}],"wp:attachment":[{"href":"https:\/\/positiveprints.com\/sv\/wp-json\/wp\/v2\/media?parent=1199209"}],"curies":[{"name":"wp","href":"https:\/\/api.w.org\/{rel}","templated":true}]}}