{"id":983685,"date":"2023-10-08T21:53:59","date_gmt":"2023-10-08T20:53:59","guid":{"rendered":"https:\/\/positiveprints.com\/?post_type=product&#038;p=983685"},"modified":"2026-04-23T11:16:59","modified_gmt":"2026-04-23T10:16:59","slug":"personalizowana-mapa-akwarela","status":"publish","type":"product","link":"https:\/\/positiveprints.com\/pl\/produkt\/personalizowana-mapa-akwarela\/","title":{"rendered":"Personalizowana Mapa &#8211; Akwarela"},"content":{"rendered":"<p>Szukasz jedynego w swoim rodzaju, wspania\u0142ego prezentu? Nie szukaj dalej! Nasza Personalizowana Mapa &#8211; Akwarela to idealny wyb\u00f3r. W zaledwie kilku prostych krokach mo\u017cesz stworzy\u0107 pi\u0119kny i spersonalizowany nadruk, kt\u00f3ry pozostawi ogromne wra\u017cenie na Twoich bliskich. Niezale\u017cnie od tego, czy jest to specjalna okazja, czy po prostu ch\u0119\u0107 okazania uznania, ta Personalizowana Mapa &#8211; Akwarela jest przemy\u015blanym i niezapomnianym prezentem.<\/p>\r\n\r\n<h2>Czym jest Personalizowana Mapa &#8211; Akwarela? <\/h2>\r\n\r\n<p>Nasza Personalizowana Mapa &#8211; Akwarela to wyj\u0105tkowy i kreatywny spos\u00f3b na uchwycenie cennych wspomnie\u0144 i miejsc. Zaczynasz od wybrania preferowanego stylu i kolor\u00f3w mapy. Wybierz jeden z naszych gotowych motyw\u00f3w akwareli lub pozw\u00f3l swojej kreatywno\u015bci pop\u0142yn\u0105\u0107, dostosowuj\u0105c t\u0142o i kolory terenu. Nast\u0119pnie wybierz lokalizacj\u0119 z naszej obszernej listy, niezale\u017cnie od tego, czy jest to kraj, stan, czy nawet ca\u0142y \u015bwiat. Magia dzieje si\u0119, gdy dodasz znacznik w kszta\u0142cie serca, aby wskaza\u0107 wa\u017cne miejsce, takie jak miejsce, w kt\u00f3rym si\u0119 poznali\u015bcie, zar\u0119czyli\u015bcie lub wzi\u0119li\u015bcie \u015blub. Pod znacznikiem mo\u017cna umie\u015bci\u0107 wa\u017cn\u0105 wiadomo\u015b\u0107, s\u0142odkie zdanie lub inspiruj\u0105cy cytat. Co wi\u0119cej, mo\u017cesz zdecydowa\u0107, czy chcesz, aby by\u0142 to wydruk w ramce, na p\u0142\u00f3tnie, czy plik cyfrowy.<\/p>\r\n\r\n<h2>Prezent pe\u0142en uczu\u0107<\/h2>\r\n\r\n<p>Nasza Personalizowana Mapa &#8211; Akwarela to idealny spos\u00f3b na przekazanie emocji i stworzenie trwa\u0142ych wspomnie\u0144. To idealny prezent, aby wyrazi\u0107 swoj\u0105 mi\u0142o\u015b\u0107, wdzi\u0119czno\u015b\u0107 i trosk\u0119. Odbiorca b\u0119dzie g\u0142\u0119boko poruszony wysi\u0142kiem i sentymentem, kt\u00f3re w\u0142o\u017cy\u0142e\u015b w stworzenie tego spersonalizowanego arcydzie\u0142a. Ka\u017cde spojrzenie na map\u0119 przywo\u0142a rado\u015b\u0107, nostalgi\u0119 i wdzi\u0119czno\u015b\u0107 zwi\u0105zan\u0105 z tymi niesamowitymi chwilami. Ten wyj\u0105tkowy prezent stanie si\u0119 cenn\u0105 pami\u0105tk\u0105, kt\u00f3ra przetrwa pr\u00f3b\u0119 czasu.<\/p>\r\n\r\n<p>Personalizowana Mapa &#8211; Akwarela to idealny spos\u00f3b aby okaza\u0107 emocji i przywo\u0142a\u0107 cenne wspomnienia. Ten niesamowity prezent to wyj\u0105tkowy spos\u00f3b na wyra\u017cenie mi\u0142o\u015bci i stworzenie trwa\u0142ych wspomnie\u0144 dla swoich bliskich. Nie przegap szansy na stworzenie przemy\u015blanego i niezapomnianego prezentu. Zacznij tworzy\u0107 Personalizowan\u0105 Map\u0119 &#8211; Akwarel\u0119 ju\u017c dzi\u015b!<\/p>","protected":false},"excerpt":{"rendered":"<ul class=\"check-list\">\n<li> Ozd\u00f3b sw\u00f3j dom pi\u0119kn\u0105 akwarelow\u0105 map\u0105 ulubionego kraju, wyspy lub zbiornika wodnego.<\/li>\n<li> Oznacz wyj\u0105tkowe miejsce wybranym symbolem<\/li>\n<li> Spersonalizuj w 3 prostych krokach<\/li>\n<li> U\u017cyj jednego z naszych szablon\u00f3w lub daj popis swojej wyobra\u017ani<\/li>\n<li> Interaktywny podgl\u0105d pozwoli dopracowa\u0107 ka\u017cdy szczeg\u00f3\u0142<\/li>\n<\/ul>\n","protected":false},"featured_media":1554557,"template":"","meta":[],"product_brand":[],"product_cat":[15114,9707,8238,99,262],"product_tag":[14956],"class_list":{"0":"post-983685","1":"product","2":"type-product","3":"status-publish","4":"has-post-thumbnail","6":"product_cat-bestsellers-menu-pl","7":"product_cat-contour-pl","8":"product_cat-digital-products-pl","9":"product_cat-wszystkie-produkty","10":"product_cat-creators-pl","11":"product_tag-creators-pl-2","13":"first","14":"instock","15":"sale","16":"taxable","17":"shipping-taxable","18":"purchasable","19":"product-type-variable"},"yoast_head":"<!-- This site is optimized with the Yoast SEO Premium plugin v27.2 (Yoast SEO v27.2) - https:\/\/yoast.com\/product\/yoast-seo-premium-wordpress\/ -->\n<title>Personalizowana Mapa - Akwarela - Positive Prints<\/title>\n<meta name=\"description\" content=\"Nasza Personalizowana Mapa - Akwarela pozwala zaprojektowa\u0107 jedyn\u0105 w swoim rodzaju grafik\u0119, kt\u00f3ra oddaje istot\u0119 wyj\u0105tkowego miejsca i chwili.\" \/>\n<meta name=\"robots\" content=\"index, follow, max-snippet:-1, max-image-preview:large, max-video-preview:-1\" \/>\n<link rel=\"canonical\" href=\"https:\/\/positiveprints.com\/pl\/produkt\/personalizowana-mapa-akwarela\/\" \/>\n<meta property=\"og:locale\" content=\"pl_PL\" \/>\n<meta property=\"og:type\" content=\"article\" \/>\n<meta property=\"og:title\" content=\"Personalizowana Mapa - Akwarela\" \/>\n<meta property=\"og:description\" content=\"Ozd\u00f3b sw\u00f3j dom pi\u0119kn\u0105 akwarelow\u0105 map\u0105 ulubionego kraju, wyspy lub zbiornika wodnego.   Oznacz wyj\u0105tkowe miejsce wybranym symbolem   Spersonalizuj w 3 prostych krokach   U\u017cyj jednego z naszych szablon\u00f3w lub daj popis swojej wyobra\u017ani   Interaktywny podgl\u0105d pozwoli dopracowa\u0107 ka\u017cdy szczeg\u00f3\u0142\" \/>\n<meta property=\"og:url\" content=\"https:\/\/positiveprints.com\/pl\/produkt\/personalizowana-mapa-akwarela\/\" \/>\n<meta property=\"og:site_name\" content=\"Positive Prints\" \/>\n<meta property=\"article:publisher\" content=\"https:\/\/www.facebook.com\/positiveprintscom\" \/>\n<meta property=\"article:modified_time\" content=\"2026-04-23T10:16:59+00:00\" \/>\n<meta property=\"og:image\" content=\"https:\/\/positiveprints.com\/wp-content\/uploads\/2023\/10\/Personalizowana-Mapa-Akwarela.jpg\" \/>\n\t<meta property=\"og:image:width\" content=\"1080\" \/>\n\t<meta property=\"og:image:height\" content=\"1080\" \/>\n\t<meta property=\"og:image:type\" content=\"image\/jpeg\" \/>\n<meta name=\"twitter:card\" content=\"summary_large_image\" \/>\n<meta name=\"twitter:label1\" content=\"Szacowany czas czytania\" \/>\n\t<meta name=\"twitter:data1\" content=\"2 minuty\" \/>\n<!-- \/ Yoast SEO Premium plugin. -->","yoast_head_json":{"title":"Personalizowana Mapa - Akwarela - Positive Prints","description":"Nasza Personalizowana Mapa - Akwarela pozwala zaprojektowa\u0107 jedyn\u0105 w swoim rodzaju grafik\u0119, kt\u00f3ra oddaje istot\u0119 wyj\u0105tkowego miejsca i chwili.","robots":{"index":"index","follow":"follow","max-snippet":"max-snippet:-1","max-image-preview":"max-image-preview:large","max-video-preview":"max-video-preview:-1"},"canonical":"https:\/\/positiveprints.com\/pl\/produkt\/personalizowana-mapa-akwarela\/","og_locale":"pl_PL","og_type":"article","og_title":"Personalizowana Mapa - Akwarela","og_description":"Ozd\u00f3b sw\u00f3j dom pi\u0119kn\u0105 akwarelow\u0105 map\u0105 ulubionego kraju, wyspy lub zbiornika wodnego.   Oznacz wyj\u0105tkowe miejsce wybranym symbolem   Spersonalizuj w 3 prostych krokach   U\u017cyj jednego z naszych szablon\u00f3w lub daj popis swojej wyobra\u017ani   Interaktywny podgl\u0105d pozwoli dopracowa\u0107 ka\u017cdy szczeg\u00f3\u0142","og_url":"https:\/\/positiveprints.com\/pl\/produkt\/personalizowana-mapa-akwarela\/","og_site_name":"Positive Prints","article_publisher":"https:\/\/www.facebook.com\/positiveprintscom","article_modified_time":"2026-04-23T10:16:59+00:00","og_image":[{"width":1080,"height":1080,"url":"https:\/\/positiveprints.com\/wp-content\/uploads\/2023\/10\/Personalizowana-Mapa-Akwarela.jpg","type":"image\/jpeg"}],"twitter_card":"summary_large_image","twitter_misc":{"Szacowany czas czytania":"2 minuty"},"schema":{"@context":"https:\/\/schema.org","@graph":[{"@type":["WebPage","ItemPage"],"@id":"https:\/\/positiveprints.com\/pl\/produkt\/personalizowana-mapa-akwarela\/","url":"https:\/\/positiveprints.com\/pl\/produkt\/personalizowana-mapa-akwarela\/","name":"Personalizowana Mapa - Akwarela - Positive Prints","isPartOf":{"@id":"https:\/\/positiveprints.com\/pl\/#website"},"primaryImageOfPage":{"@id":"https:\/\/positiveprints.com\/pl\/produkt\/personalizowana-mapa-akwarela\/#primaryimage"},"image":{"@id":"https:\/\/positiveprints.com\/pl\/produkt\/personalizowana-mapa-akwarela\/#primaryimage"},"thumbnailUrl":"https:\/\/positiveprints.com\/wp-content\/uploads\/2025\/10\/Personalizowana-Mapa-Akwarela-1.webp","datePublished":"2023-10-08T20:53:59+00:00","dateModified":"2026-04-23T10:16:59+00:00","description":"Nasza Personalizowana Mapa - Akwarela pozwala zaprojektowa\u0107 jedyn\u0105 w swoim rodzaju grafik\u0119, kt\u00f3ra oddaje istot\u0119 wyj\u0105tkowego miejsca i chwili.","breadcrumb":{"@id":"https:\/\/positiveprints.com\/pl\/produkt\/personalizowana-mapa-akwarela\/#breadcrumb"},"inLanguage":"pl-PL","potentialAction":[{"@type":"ReadAction","target":["https:\/\/positiveprints.com\/pl\/produkt\/personalizowana-mapa-akwarela\/"]}]},{"@type":"ImageObject","inLanguage":"pl-PL","@id":"https:\/\/positiveprints.com\/pl\/produkt\/personalizowana-mapa-akwarela\/#primaryimage","url":"https:\/\/positiveprints.com\/wp-content\/uploads\/2025\/10\/Personalizowana-Mapa-Akwarela-1.webp","contentUrl":"https:\/\/positiveprints.com\/wp-content\/uploads\/2025\/10\/Personalizowana-Mapa-Akwarela-1.webp","width":1450,"height":1450},{"@type":"BreadcrumbList","@id":"https:\/\/positiveprints.com\/pl\/produkt\/personalizowana-mapa-akwarela\/#breadcrumb","itemListElement":[{"@type":"ListItem","position":1,"name":"Home","item":"https:\/\/positiveprints.com\/pl\/"},{"@type":"ListItem","position":2,"name":"Produkty","item":"https:\/\/positiveprints.com\/pl\/shop\/"},{"@type":"ListItem","position":3,"name":"Personalizowana Mapa &#8211; Akwarela"}]},{"@type":"WebSite","@id":"https:\/\/positiveprints.com\/pl\/#website","url":"https:\/\/positiveprints.com\/pl\/","name":"Positive Prints","description":"Amazing Custom Personalized Gifts","publisher":{"@id":"https:\/\/positiveprints.com\/pl\/#organization"},"potentialAction":[{"@type":"SearchAction","target":{"@type":"EntryPoint","urlTemplate":"https:\/\/positiveprints.com\/pl\/?s={search_term_string}"},"query-input":{"@type":"PropertyValueSpecification","valueRequired":true,"valueName":"search_term_string"}}],"inLanguage":"pl-PL"},{"@type":"Organization","@id":"https:\/\/positiveprints.com\/pl\/#organization","name":"Positive Prints","alternateName":"Positive Prints","url":"https:\/\/positiveprints.com\/pl\/","logo":{"@type":"ImageObject","inLanguage":"pl-PL","@id":"https:\/\/positiveprints.com\/pl\/#\/schema\/logo\/image\/","url":"https:\/\/positiveprints.com\/wp-content\/uploads\/2026\/03\/245815646_1337939713319158_5671353136411139666_n.png","contentUrl":"https:\/\/positiveprints.com\/wp-content\/uploads\/2026\/03\/245815646_1337939713319158_5671353136411139666_n.png","width":800,"height":800,"caption":"Positive Prints"},"image":{"@id":"https:\/\/positiveprints.com\/pl\/#\/schema\/logo\/image\/"},"sameAs":["https:\/\/www.facebook.com\/positiveprintscom","https:\/\/www.instagram.com\/positiveprintscom\/","https:\/\/www.tiktok.com\/@positiveprintscom","https:\/\/www.pinterest.com\/positiveprintscom\/"]}]}},"jetpack_sharing_enabled":true,"_links":{"self":[{"href":"https:\/\/positiveprints.com\/pl\/wp-json\/wp\/v2\/product\/983685","targetHints":{"allow":["GET"]}}],"collection":[{"href":"https:\/\/positiveprints.com\/pl\/wp-json\/wp\/v2\/product"}],"about":[{"href":"https:\/\/positiveprints.com\/pl\/wp-json\/wp\/v2\/types\/product"}],"wp:featuredmedia":[{"embeddable":true,"href":"https:\/\/positiveprints.com\/pl\/wp-json\/wp\/v2\/media\/1554557"}],"wp:attachment":[{"href":"https:\/\/positiveprints.com\/pl\/wp-json\/wp\/v2\/media?parent=983685"}],"wp:term":[{"taxonomy":"product_brand","embeddable":true,"href":"https:\/\/positiveprints.com\/pl\/wp-json\/wp\/v2\/product_brand?post=983685"},{"taxonomy":"product_cat","embeddable":true,"href":"https:\/\/positiveprints.com\/pl\/wp-json\/wp\/v2\/product_cat?post=983685"},{"taxonomy":"product_tag","embeddable":true,"href":"https:\/\/positiveprints.com\/pl\/wp-json\/wp\/v2\/product_tag?post=983685"}],"curies":[{"name":"wp","href":"https:\/\/api.w.org\/{rel}","templated":true}]}}