{"id":964563,"date":"2023-06-07T21:37:46","date_gmt":"2023-06-07T20:37:46","guid":{"rendered":"https:\/\/positiveprints.com\/?post_type=product&#038;p=964563"},"modified":"2026-04-03T03:13:40","modified_gmt":"2026-04-03T02:13:40","slug":"pies-kolaz-ze-zdjec-w-formie-napisu","status":"publish","type":"product","link":"https:\/\/positiveprints.com\/pl\/produkt\/pies-kolaz-ze-zdjec-w-formie-napisu\/","title":{"rendered":"Pies &#8211; Kola\u017c ze Zdj\u0119\u0107 w Formie Napisu"},"content":{"rendered":"<h2 class=\"grenB f24 cblue\" style=\"margin-top: 3rem;\">Pies &#8211; Kola\u017c ze Zdj\u0119\u0107 w Formie Napisu: Spersonalizowany i wyj\u0105tkowy prezent dla mi\u0142o\u015bnik\u00f3w ps\u00f3w<\/h2>\r\n\r\n<p style=\"margin-top: 1rem;\">Szukasz idealnego prezentu dla mi\u0142o\u015bnik\u00f3w ps\u00f3w? Nie szukaj dalej ni\u017c kola\u017c zdj\u0119\u0107 w formie napisu! Ten spersonalizowany nadruk lub p\u0142\u00f3tno to wyj\u0105tkowy i niepowtarzalny spos\u00f3b na uczczenie wi\u0119zi mi\u0119dzy Tob\u0105 a Twoim ukochanym zwierzakiem. Dzi\u0119ki temu jedynemu w swoim rodzaju kola\u017cowi Twoje ulubione zdj\u0119cia mog\u0105 zosta\u0107 ukszta\u0142towane tak, aby utworzy\u0107 imi\u0119 Twojego psa lub inne s\u0142owo, kt\u00f3re ma szczeg\u00f3lne znaczenie w Twoim sercu.<\/p>\r\n\r\n<h2 class=\"grenB f24 cblue\" style=\"margin-top: 3rem;\">Utw\u00f3rz znacz\u0105cy i spersonalizowany kola\u017c zdj\u0119\u0107 swojego pupila<\/h2>\r\n\r\n<p style=\"margin-top: 1rem;\">Tworzenie kola\u017cu zdj\u0119\u0107 jest \u0142atwe dzi\u0119ki naszemu przyjaznemu dla u\u017cytkownika edytorowi online. W trzech prostych krokach mo\u017cesz zaprojektowa\u0107 spersonalizowany prezent, kt\u00f3ry sprawi rado\u015b\u0107 sercu ka\u017cdego mi\u0142o\u015bnika ps\u00f3w. Nasz edytor online zosta\u0142 zaprojektowany tak, aby by\u0142 przyjazny dla urz\u0105dze\u0144 mobilnych, dzi\u0119ki czemu mo\u017cesz tworzy\u0107 idealne kola\u017ce, gdziekolwiek jeste\u015b.<\/p>\r\n\r\n<p style=\"margin-top: 1rem;\">Zacznij od wpisania imienia psa lub innego s\u0142owa, kt\u00f3re ma dla Ciebie znaczenie. Niezale\u017cnie od tego, czy jest to \u201emi\u0142o\u015b\u0107\u201d, \u201enajlepszy przyjaciel\u201d, czy co\u015b innego, co symbolizuje wi\u0119\u017a, jak\u0105 \u0142\u0105czy Ci\u0119 ze swoim futrzanym towarzyszem, masz swobod\u0119 wyboru. Dodatkowo mo\u017cesz wybra\u0107 kolor konturu symboli lub zdecydowa\u0107 si\u0119 na czysty i klasyczny bia\u0142y kontur.<\/p>\r\n\r\n<p style=\"margin-top: 1rem;\">Nast\u0119pnie nadszed\u0142 czas, aby o\u017cywi\u0107 kola\u017c, przesy\u0142aj\u0105c ulubione zdj\u0119cia. B\u0119dziesz potrzebowa\u0107 jednego zdj\u0119cia na ka\u017cd\u0105 liter\u0119 wybranego s\u0142owa. Nasz intuicyjny edytor umo\u017cliwia powi\u0119kszanie, dostosowywanie po\u0142o\u017cenia ka\u017cdego zdj\u0119cia i upewnianie si\u0119, \u017ce idealnie pasuje do kola\u017cu. Aby doda\u0107 osobistego charakteru, mo\u017cesz umie\u015bci\u0107 szczer\u0105 wiadomo\u015b\u0107 pod kola\u017cem.<\/p>\r\n\r\n<p style=\"margin-top: 1rem;\">W ostatnim kroku mo\u017cesz zdecydowa\u0107, w jaki spos\u00f3b chcesz otrzyma\u0107 sw\u00f3j spersonalizowany kola\u017c zdj\u0119\u0107. Oferujemy r\u00f3\u017cne opcje, w tym wydruki w ramkach, drukowane plakaty, p\u0142\u00f3tna lub natychmiastowe cyfrowe pliki do pobrania. Wybierz rozmiar i format, kt\u00f3ry najlepiej odpowiada Twoim preferencjom, a my zajmiemy si\u0119 reszt\u0105.<\/p>\r\n\r\n<h2 class=\"grenB f24 cblue\" style=\"margin-top: 3rem;\">Osobisty i pi\u0119kny prezent<\/h2>\r\n\r\n<p style=\"margin-top: 1rem;\">Pies &#8211; Kola\u017c ze Zdj\u0119\u0107 w Formie Napisu to co\u015b wi\u0119cej ni\u017c tylko prezent; to cenne wspomnienie zamkni\u0119te w spersonalizowanym dziele sztuki. W przeciwie\u0144stwie do innych prezent\u00f3w, kt\u00f3re mo\u017cna znale\u017a\u0107 na p\u00f3\u0142ce sklepowej, ten kola\u017c zosta\u0142 stworzony na zam\u00f3wienie, aby odzwierciedli\u0107 wyj\u0105tkow\u0105 wi\u0119\u017a mi\u0119dzy Tob\u0105 a Twoim futrzanym przyjacielem. Niezale\u017cnie od tego, czy jest to specjalna okazja, czy te\u017c pe\u0142en mi\u0142o\u015bci ho\u0142d dla ukochanego zwierzaka, ten kola\u017c z pewno\u015bci\u0105 wniesie ciep\u0142o i rado\u015b\u0107 do serca obdarowanej osoby.<\/p>\r\n\r\n<p style=\"margin-top: 1rem;\">Zam\u00f3w kola\u017c zdj\u0119\u0107 w formie napisu ju\u017c dzi\u015b i podaruj mi\u0142o\u015bnikowi ps\u00f3w prezent, kt\u00f3ry b\u0119dzie ceni\u0142 na zawsze. Ciesz si\u0119 pi\u0119knem spersonalizowanego i serdecznego prezentu, kt\u00f3ry celebruje bezwarunkow\u0105 mi\u0142o\u015b\u0107 i towarzystwo, jakie mo\u017ce zaoferowa\u0107 tylko pies.<\/p>","protected":false},"excerpt":{"rendered":"<ul class=\"check-list\">\n<li>Pochwal si\u0119 swoim futrzanym przyjacielem i podziel si\u0119 swoj\u0105 mi\u0142o\u015bci\u0105 do zwierzaka ze wszystkimi, kt\u00f3rzy wchodz\u0105 do Twojego domu lub biura<\/li>\n<li>Dodaj dedykacj\u0119 prosto z serca<\/li>\n<li>Spersonalizuj w 3 prostych krokach<\/li>\n<li>Wybierz jeden z naszych szablon\u00f3w lub stw\u00f3rz w\u0142asny<\/li>\n<li>Interaktywny podgl\u0105d pozwoli dopracowa\u0107 ka\u017cdy szczeg\u00f3\u0142<\/li>\n<\/ul>\n","protected":false},"featured_media":1671632,"template":"","meta":[],"product_brand":[],"product_cat":[8829,99,7898],"product_tag":[15631,8694,13919,13922,13920,13923,13925,13924],"class_list":{"0":"post-964563","1":"product","2":"type-product","3":"status-publish","4":"has-post-thumbnail","6":"product_cat-kolaz-ze-zdjec-w-formie-napisu","7":"product_cat-wszystkie-produkty","8":"product_cat-prezent-dla-psiarza","9":"product_tag-animals-pl","10":"product_tag-dog-lovers-pl","11":"product_tag-personalizowane-prezenty-dla-psa","12":"product_tag-prezenty-dla-milosnikow-psow","13":"product_tag-prezenty-dla-psiego-taty","14":"product_tag-prezenty-dla-psiej-mamy","15":"product_tag-prezenty-dla-wlascicieli-psow","16":"product_tag-wlasciciel-psa","18":"first","19":"instock","20":"sale","21":"taxable","22":"shipping-taxable","23":"purchasable","24":"product-type-variable"},"yoast_head":"<!-- This site is optimized with the Yoast SEO Premium plugin v27.2 (Yoast SEO v27.2) - https:\/\/yoast.com\/product\/yoast-seo-premium-wordpress\/ -->\n<title>Pies - Kola\u017c ze Zdj\u0119\u0107 w Formie Napisu - Positive Prints<\/title>\n<meta name=\"description\" content=\"Utw\u00f3rz Kola\u017c ze Zdj\u0119\u0107 w Formie Napisu. Ten spersonalizowany nadruk lub p\u0142\u00f3tno to wyj\u0105tkowy i niepowtarzalny spos\u00f3b na uczczenie wi\u0119zi mi\u0119dzy Tob\u0105 a Twoim pupilem.\" \/>\n<meta name=\"robots\" content=\"index, follow, max-snippet:-1, max-image-preview:large, max-video-preview:-1\" \/>\n<link rel=\"canonical\" href=\"https:\/\/positiveprints.com\/pl\/produkt\/pies-kolaz-ze-zdjec-w-formie-napisu\/\" \/>\n<meta property=\"og:locale\" content=\"pl_PL\" \/>\n<meta property=\"og:type\" content=\"article\" \/>\n<meta property=\"og:title\" content=\"Pies - Kola\u017c ze Zdj\u0119\u0107 w Formie Napisu\" \/>\n<meta property=\"og:description\" content=\"Pochwal si\u0119 swoim futrzanym przyjacielem i podziel si\u0119 swoj\u0105 mi\u0142o\u015bci\u0105 do zwierzaka ze wszystkimi, kt\u00f3rzy wchodz\u0105 do Twojego domu lub biura   Dodaj dedykacj\u0119 prosto z serca   Spersonalizuj w 3 prostych krokach   Wybierz jeden z naszych szablon\u00f3w lub stw\u00f3rz w\u0142asny   Interaktywny podgl\u0105d pozwoli dopracowa\u0107 ka\u017cdy szczeg\u00f3\u0142\" \/>\n<meta property=\"og:url\" content=\"https:\/\/positiveprints.com\/pl\/produkt\/pies-kolaz-ze-zdjec-w-formie-napisu\/\" \/>\n<meta property=\"og:site_name\" content=\"Positive Prints\" \/>\n<meta property=\"article:publisher\" content=\"https:\/\/www.facebook.com\/positiveprintscom\" \/>\n<meta property=\"article:modified_time\" content=\"2026-04-03T02:13:40+00:00\" \/>\n<meta property=\"og:image\" content=\"https:\/\/positiveprints.com\/wp-content\/uploads\/2024\/11\/Packshot_PL_Dog-Letter-Photo-Collage-product-image-.webp\" \/>\n\t<meta property=\"og:image:width\" content=\"1450\" \/>\n\t<meta property=\"og:image:height\" content=\"1450\" \/>\n\t<meta property=\"og:image:type\" content=\"image\/webp\" \/>\n<meta name=\"twitter:card\" content=\"summary_large_image\" \/>\n<meta name=\"twitter:label1\" content=\"Szacowany czas czytania\" \/>\n\t<meta name=\"twitter:data1\" content=\"2 minuty\" \/>\n<!-- \/ Yoast SEO Premium plugin. -->","yoast_head_json":{"title":"Pies - Kola\u017c ze Zdj\u0119\u0107 w Formie Napisu - Positive Prints","description":"Utw\u00f3rz Kola\u017c ze Zdj\u0119\u0107 w Formie Napisu. Ten spersonalizowany nadruk lub p\u0142\u00f3tno to wyj\u0105tkowy i niepowtarzalny spos\u00f3b na uczczenie wi\u0119zi mi\u0119dzy Tob\u0105 a Twoim pupilem.","robots":{"index":"index","follow":"follow","max-snippet":"max-snippet:-1","max-image-preview":"max-image-preview:large","max-video-preview":"max-video-preview:-1"},"canonical":"https:\/\/positiveprints.com\/pl\/produkt\/pies-kolaz-ze-zdjec-w-formie-napisu\/","og_locale":"pl_PL","og_type":"article","og_title":"Pies - Kola\u017c ze Zdj\u0119\u0107 w Formie Napisu","og_description":"Pochwal si\u0119 swoim futrzanym przyjacielem i podziel si\u0119 swoj\u0105 mi\u0142o\u015bci\u0105 do zwierzaka ze wszystkimi, kt\u00f3rzy wchodz\u0105 do Twojego domu lub biura   Dodaj dedykacj\u0119 prosto z serca   Spersonalizuj w 3 prostych krokach   Wybierz jeden z naszych szablon\u00f3w lub stw\u00f3rz w\u0142asny   Interaktywny podgl\u0105d pozwoli dopracowa\u0107 ka\u017cdy szczeg\u00f3\u0142","og_url":"https:\/\/positiveprints.com\/pl\/produkt\/pies-kolaz-ze-zdjec-w-formie-napisu\/","og_site_name":"Positive Prints","article_publisher":"https:\/\/www.facebook.com\/positiveprintscom","article_modified_time":"2026-04-03T02:13:40+00:00","og_image":[{"width":1450,"height":1450,"url":"https:\/\/positiveprints.com\/wp-content\/uploads\/2024\/11\/Packshot_PL_Dog-Letter-Photo-Collage-product-image-.webp","type":"image\/webp"}],"twitter_card":"summary_large_image","twitter_misc":{"Szacowany czas czytania":"2 minuty"},"schema":{"@context":"https:\/\/schema.org","@graph":[{"@type":["WebPage","ItemPage"],"@id":"https:\/\/positiveprints.com\/pl\/produkt\/pies-kolaz-ze-zdjec-w-formie-napisu\/","url":"https:\/\/positiveprints.com\/pl\/produkt\/pies-kolaz-ze-zdjec-w-formie-napisu\/","name":"Pies - Kola\u017c ze Zdj\u0119\u0107 w Formie Napisu - Positive Prints","isPartOf":{"@id":"https:\/\/positiveprints.com\/pl\/#website"},"primaryImageOfPage":{"@id":"https:\/\/positiveprints.com\/pl\/produkt\/pies-kolaz-ze-zdjec-w-formie-napisu\/#primaryimage"},"image":{"@id":"https:\/\/positiveprints.com\/pl\/produkt\/pies-kolaz-ze-zdjec-w-formie-napisu\/#primaryimage"},"thumbnailUrl":"https:\/\/positiveprints.com\/wp-content\/uploads\/2026\/03\/pies_PL.webp","datePublished":"2023-06-07T20:37:46+00:00","dateModified":"2026-04-03T02:13:40+00:00","description":"Utw\u00f3rz Kola\u017c ze Zdj\u0119\u0107 w Formie Napisu. Ten spersonalizowany nadruk lub p\u0142\u00f3tno to wyj\u0105tkowy i niepowtarzalny spos\u00f3b na uczczenie wi\u0119zi mi\u0119dzy Tob\u0105 a Twoim pupilem.","breadcrumb":{"@id":"https:\/\/positiveprints.com\/pl\/produkt\/pies-kolaz-ze-zdjec-w-formie-napisu\/#breadcrumb"},"inLanguage":"pl-PL","potentialAction":[{"@type":"ReadAction","target":["https:\/\/positiveprints.com\/pl\/produkt\/pies-kolaz-ze-zdjec-w-formie-napisu\/"]}]},{"@type":"ImageObject","inLanguage":"pl-PL","@id":"https:\/\/positiveprints.com\/pl\/produkt\/pies-kolaz-ze-zdjec-w-formie-napisu\/#primaryimage","url":"https:\/\/positiveprints.com\/wp-content\/uploads\/2026\/03\/pies_PL.webp","contentUrl":"https:\/\/positiveprints.com\/wp-content\/uploads\/2026\/03\/pies_PL.webp","width":1450,"height":1450},{"@type":"BreadcrumbList","@id":"https:\/\/positiveprints.com\/pl\/produkt\/pies-kolaz-ze-zdjec-w-formie-napisu\/#breadcrumb","itemListElement":[{"@type":"ListItem","position":1,"name":"Home","item":"https:\/\/positiveprints.com\/pl\/"},{"@type":"ListItem","position":2,"name":"Produkty","item":"https:\/\/positiveprints.com\/pl\/shop\/"},{"@type":"ListItem","position":3,"name":"Pies &#8211; Kola\u017c ze Zdj\u0119\u0107 w Formie Napisu"}]},{"@type":"WebSite","@id":"https:\/\/positiveprints.com\/pl\/#website","url":"https:\/\/positiveprints.com\/pl\/","name":"Positive Prints","description":"Amazing Custom Personalized Gifts","publisher":{"@id":"https:\/\/positiveprints.com\/pl\/#organization"},"potentialAction":[{"@type":"SearchAction","target":{"@type":"EntryPoint","urlTemplate":"https:\/\/positiveprints.com\/pl\/?s={search_term_string}"},"query-input":{"@type":"PropertyValueSpecification","valueRequired":true,"valueName":"search_term_string"}}],"inLanguage":"pl-PL"},{"@type":"Organization","@id":"https:\/\/positiveprints.com\/pl\/#organization","name":"Positive Prints","alternateName":"Positive Prints","url":"https:\/\/positiveprints.com\/pl\/","logo":{"@type":"ImageObject","inLanguage":"pl-PL","@id":"https:\/\/positiveprints.com\/pl\/#\/schema\/logo\/image\/","url":"https:\/\/positiveprints.com\/wp-content\/uploads\/2026\/03\/245815646_1337939713319158_5671353136411139666_n.png","contentUrl":"https:\/\/positiveprints.com\/wp-content\/uploads\/2026\/03\/245815646_1337939713319158_5671353136411139666_n.png","width":800,"height":800,"caption":"Positive Prints"},"image":{"@id":"https:\/\/positiveprints.com\/pl\/#\/schema\/logo\/image\/"},"sameAs":["https:\/\/www.facebook.com\/positiveprintscom","https:\/\/www.instagram.com\/positiveprintscom\/","https:\/\/www.tiktok.com\/@positiveprintscom","https:\/\/www.pinterest.com\/positiveprintscom\/"]}]}},"jetpack_sharing_enabled":true,"_links":{"self":[{"href":"https:\/\/positiveprints.com\/pl\/wp-json\/wp\/v2\/product\/964563","targetHints":{"allow":["GET"]}}],"collection":[{"href":"https:\/\/positiveprints.com\/pl\/wp-json\/wp\/v2\/product"}],"about":[{"href":"https:\/\/positiveprints.com\/pl\/wp-json\/wp\/v2\/types\/product"}],"wp:featuredmedia":[{"embeddable":true,"href":"https:\/\/positiveprints.com\/pl\/wp-json\/wp\/v2\/media\/1671632"}],"wp:attachment":[{"href":"https:\/\/positiveprints.com\/pl\/wp-json\/wp\/v2\/media?parent=964563"}],"wp:term":[{"taxonomy":"product_brand","embeddable":true,"href":"https:\/\/positiveprints.com\/pl\/wp-json\/wp\/v2\/product_brand?post=964563"},{"taxonomy":"product_cat","embeddable":true,"href":"https:\/\/positiveprints.com\/pl\/wp-json\/wp\/v2\/product_cat?post=964563"},{"taxonomy":"product_tag","embeddable":true,"href":"https:\/\/positiveprints.com\/pl\/wp-json\/wp\/v2\/product_tag?post=964563"}],"curies":[{"name":"wp","href":"https:\/\/api.w.org\/{rel}","templated":true}]}}