{"id":964559,"date":"2023-06-07T12:25:32","date_gmt":"2023-06-07T11:25:32","guid":{"rendered":"https:\/\/positiveprints.com\/?post_type=product&#038;p=964559"},"modified":"2026-04-07T14:52:20","modified_gmt":"2026-04-07T13:52:20","slug":"nazwisko-rodzinne-kolaz-ze-zdjec-w-formie-napisu","status":"publish","type":"product","link":"https:\/\/positiveprints.com\/pl\/produkt\/nazwisko-rodzinne-kolaz-ze-zdjec-w-formie-napisu\/","title":{"rendered":"Nazwisko Rodzinne &#8211; Kola\u017c ze Zdj\u0119\u0107 w Formie Napisu"},"content":{"rendered":"<h2 class=\"grenB f24 cblue\" style=\"margin-top: 3rem\">Spersonalizowany i niepowtarzalny: Kola\u017c ze Zdj\u0119\u0107 w Formie Napisu<\/h2>\r\n\r\n<p style=\"margin-top: 1rem\">Stw\u00f3rz wyj\u0105tkowy i jedyny w swoim rodzaju prezent dzi\u0119ki Kola\u017cowi ze Zdj\u0119\u0107 w Formie Napisu. Dzi\u0119ki temu spersonalizowanemu wydrukowi lub p\u0142\u00f3tnie Twoje ulubione zdj\u0119cia rodzinne stan\u0105 si\u0119 osza\u0142amiaj\u0105cym kola\u017cem w kszta\u0142cie Twojego nazwiska. Niezale\u017cnie od tego, czy szukasz przemy\u015blanego prezentu na Bo\u017ce Narodzenie, prezentu na parapet\u00f3wk\u0119, czy niespodzianki dla rodzic\u00f3w lub innego cz\u0142onka rodziny, ten kola\u017c b\u0119dzie idealnym wyborem.<\/p>\r\n\r\n<h2 class=\"grenB f24 cblue\" style=\"margin-top: 3rem\">Prosty i wygodny proces tworzenia<\/h2>\r\n\r\n<p style=\"margin-top: 1rem\">Dzi\u0119ki naszemu przyjaznemu dla u\u017cytkownika edytorowi online utworzenie w\u0142asnego Kola\u017cu ze Zdj\u0119\u0107 w Formie Napisu jest dziecinnie proste. W zaledwie trzech prostych krokach mo\u017cesz stworzy\u0107 prezent, kt\u00f3ry pozostawi niezatarte wra\u017cenie. Nasz edytor online zosta\u0142 zaprojektowany tak, aby by\u0142 dost\u0119pny i mo\u017cna go by\u0142o \u0142atwo u\u017cywa\u0107 zar\u00f3wno na komputerach, jak i urz\u0105dzeniach mobilnych, dzi\u0119ki czemu jest wygodny dla ka\u017cdego. Zacznij od wpisania swojego nazwiska, a nast\u0119pnie wybierz kolor konturu symboli lub zdecyduj si\u0119 na czysty bia\u0142y kontur. Nast\u0119pnie prze\u015blij zdj\u0119cie dla ka\u017cdej litery swojego nazwiska i mo\u017cesz swobodnie je powi\u0119ksza\u0107, dostosowywa\u0107 ich po\u0142o\u017cenie i dodawa\u0107 poni\u017cej osobist\u0105 wiadomo\u015b\u0107. Na koniec wybierz rozmiar i format, kt\u00f3ry najlepiej odpowiada Twoim preferencjom, niezale\u017cnie od tego, czy jest to wydruk w ramce, p\u0142\u00f3tno czy natychmiastowy plik do pobrania cyfrowego.<\/p>\r\n\r\n<h2 class=\"grenB f24 cblue\" style=\"margin-top: 3rem\">Znacz\u0105cy i pi\u0119kny prezent<\/h2>\r\n\r\n<p style=\"margin-top: 1rem\">Je\u015bli szukasz prezentu, kt\u00f3ry naprawd\u0119 odzwierciedli istot\u0119 rodziny, odpowiedzi\u0105 b\u0119dzie Kola\u017c ze Zdj\u0119\u0107 w Formie Napisu. Ta spersonalizowana grafika nie tylko cieszy serce, ale tak\u017ce zachwyca wizualnie. Wyr\u00f3\u017cnia si\u0119 na tle typowych prezent\u00f3w sklepowych, poniewa\u017c odzwierciedla wyj\u0105tkowe wi\u0119zi i wspomnienia wsp\u00f3lne pomi\u0119dzy cz\u0142onkami rodziny. Twoi bliscy b\u0119d\u0105 wzruszeni troskliwo\u015bci\u0105 kryj\u0105c\u0105 si\u0119 za tym niezwyk\u0142ym prezentem, wiedz\u0105c, \u017ce ich nazwisko zostanie pi\u0119knie wyeksponowane dzi\u0119ki cennym momentom uchwyconym na zdj\u0119ciach.<\/p>\r\n\r\n<h2 class=\"grenB f24 cblue\" style=\"margin-top: 3rem\">Uwolnij swoj\u0105 kreatywno\u015b\u0107 dzi\u0119ki kola\u017cowi zdj\u0119\u0107<\/h2>\r\n\r\n<p style=\"margin-top: 1rem\">Wyra\u017a swoj\u0105 kreatywno\u015b\u0107 i oka\u017c mi\u0142o\u015b\u0107, jak\u0105 darzysz swoj\u0105 rodzin\u0119, poprzez ten niezwyk\u0142y kola\u017c. Ka\u017cde zdj\u0119cie opowiada histori\u0119 i symbolizuje szczeg\u00f3lne wspomnienie, dzi\u0119ki czemu kola\u017c zdj\u0119\u0107 staje si\u0119 naprawd\u0119 osobistym dzie\u0142em sztuki. Masz moc selekcjonowania zdj\u0119\u0107 i uk\u0142adania ich w spos\u00f3b, kt\u00f3ry wsp\u00f3\u0142gra z osobowo\u015bci\u0105 i histori\u0105 Twojej rodziny. Efektem ko\u0144cowym jest osza\u0142amiaj\u0105ce i spersonalizowane arcydzie\u0142o, kt\u00f3re stanie si\u0119 cenn\u0105 pami\u0105tk\u0105, celebruj\u0105c\u0105 wi\u0119zi spajaj\u0105ce Twoj\u0105 rodzin\u0119.<\/p>\r\n\r\n<p style=\"margin-top: 1rem\">Zam\u00f3w Kola\u017c ze Zdj\u0119\u0107 w Formie Napisu ju\u017c dzi\u015b i zaskocz swoich bliskich szczerym i urzekaj\u0105cym wizualnie prezentem. Niech to wyj\u0105tkowe dzie\u0142o b\u0119dzie przypomnieniem mi\u0142o\u015bci, \u015bmiechu i rado\u015bci, kt\u00f3rymi dzieli si\u0119 Twoja rodzina, i stworzy trwa\u0142e wspomnienie, kt\u00f3re b\u0119dzie piel\u0119gnowane przez d\u0142ugie lata.<\/p>","protected":false},"excerpt":{"rendered":"<ul class=\"check-list\">\n<li>Stw\u00f3rz wyj\u0105tkowy rodzinny skarb i poka\u017c histori\u0119 swojej rodziny w fajny i przyci\u0105gaj\u0105cy uwag\u0119 spos\u00f3b.<\/li>\n<li>Dodaj dedykacj\u0119 prosto z serca<\/li>\n<li>Spersonalizuj w 3 prostych krokach<\/li>\n<li>Wybierz jeden z naszych szablon\u00f3w lub stw\u00f3rz w\u0142asny<\/li>\n<li>Interaktywny podgl\u0105d pozwoli dopracowa\u0107 ka\u017cdy szczeg\u00f3\u0142<\/li>\n<\/ul>\n","protected":false},"featured_media":1282808,"template":"","meta":[],"product_brand":[],"product_cat":[8829,99,5271,15059,11415,7850],"product_tag":[8538,13468],"class_list":{"0":"post-964559","1":"product","2":"type-product","3":"status-publish","4":"has-post-thumbnail","6":"product_cat-kolaz-ze-zdjec-w-formie-napisu","7":"product_cat-wszystkie-produkty","8":"product_cat-prezent-na-boze-narodzenie","9":"product_cat-prezenty-pod-choinke-dla-rodziny","10":"product_cat-prezenty-pod-choinke-dla-rodzicow","11":"product_cat-prezent-dla-rodziny","12":"product_tag-family-pl","13":"product_tag-prezenty-swiateczne-dla-rodziny","15":"first","16":"instock","17":"sale","18":"taxable","19":"shipping-taxable","20":"purchasable","21":"product-type-variable"},"yoast_head":"<!-- This site is optimized with the Yoast SEO Premium plugin v27.2 (Yoast SEO v27.2) - https:\/\/yoast.com\/product\/yoast-seo-premium-wordpress\/ -->\n<title>Nazwisko Rodzinne - Kola\u017c ze Zdj\u0119\u0107 w Formie Napisu - Positive Prints<\/title>\n<meta name=\"description\" content=\"Nazwisko Rodzinne - Kola\u017c ze Zdj\u0119\u0107 w Formie Napisu to spersonalizowany wydruk, kt\u00f3ry zamienia Twoje ulubione zdj\u0119cia rodzinne w osza\u0142amiaj\u0105cy kola\u017c w kszta\u0142cie Twojego nazwiska.\" \/>\n<meta name=\"robots\" content=\"index, follow, max-snippet:-1, max-image-preview:large, max-video-preview:-1\" \/>\n<link rel=\"canonical\" href=\"https:\/\/positiveprints.com\/pl\/produkt\/nazwisko-rodzinne-kolaz-ze-zdjec-w-formie-napisu\/\" \/>\n<meta property=\"og:locale\" content=\"pl_PL\" \/>\n<meta property=\"og:type\" content=\"article\" \/>\n<meta property=\"og:title\" content=\"Nazwisko Rodzinne - Kola\u017c ze Zdj\u0119\u0107 w Formie Napisu\" \/>\n<meta property=\"og:description\" content=\"Stw\u00f3rz wyj\u0105tkowy rodzinny skarb i poka\u017c histori\u0119 swojej rodziny w fajny i przyci\u0105gaj\u0105cy uwag\u0119 spos\u00f3b.  Dodaj dedykacj\u0119 prosto z serca  Spersonalizuj w 3 prostych krokach  Wybierz jeden z naszych szablon\u00f3w lub stw\u00f3rz w\u0142asny  Interaktywny podgl\u0105d pozwoli dopracowa\u0107 ka\u017cdy szczeg\u00f3\u0142\" \/>\n<meta property=\"og:url\" content=\"https:\/\/positiveprints.com\/pl\/produkt\/nazwisko-rodzinne-kolaz-ze-zdjec-w-formie-napisu\/\" \/>\n<meta property=\"og:site_name\" content=\"Positive Prints\" \/>\n<meta property=\"article:publisher\" content=\"https:\/\/www.facebook.com\/positiveprintscom\" \/>\n<meta property=\"article:modified_time\" content=\"2026-04-07T13:52:20+00:00\" \/>\n<meta property=\"og:image\" content=\"https:\/\/positiveprints.com\/wp-content\/uploads\/2024\/11\/Packshot_PL_Family-Name-Photo-Collage-product-image-1.webp\" \/>\n\t<meta property=\"og:image:width\" content=\"1450\" \/>\n\t<meta property=\"og:image:height\" content=\"1450\" \/>\n\t<meta property=\"og:image:type\" content=\"image\/webp\" \/>\n<meta name=\"twitter:card\" content=\"summary_large_image\" \/>\n<meta name=\"twitter:label1\" content=\"Szacowany czas czytania\" \/>\n\t<meta name=\"twitter:data1\" content=\"2 minuty\" \/>\n<!-- \/ Yoast SEO Premium plugin. -->","yoast_head_json":{"title":"Nazwisko Rodzinne - Kola\u017c ze Zdj\u0119\u0107 w Formie Napisu - Positive Prints","description":"Nazwisko Rodzinne - Kola\u017c ze Zdj\u0119\u0107 w Formie Napisu to spersonalizowany wydruk, kt\u00f3ry zamienia Twoje ulubione zdj\u0119cia rodzinne w osza\u0142amiaj\u0105cy kola\u017c w kszta\u0142cie Twojego nazwiska.","robots":{"index":"index","follow":"follow","max-snippet":"max-snippet:-1","max-image-preview":"max-image-preview:large","max-video-preview":"max-video-preview:-1"},"canonical":"https:\/\/positiveprints.com\/pl\/produkt\/nazwisko-rodzinne-kolaz-ze-zdjec-w-formie-napisu\/","og_locale":"pl_PL","og_type":"article","og_title":"Nazwisko Rodzinne - Kola\u017c ze Zdj\u0119\u0107 w Formie Napisu","og_description":"Stw\u00f3rz wyj\u0105tkowy rodzinny skarb i poka\u017c histori\u0119 swojej rodziny w fajny i przyci\u0105gaj\u0105cy uwag\u0119 spos\u00f3b.  Dodaj dedykacj\u0119 prosto z serca  Spersonalizuj w 3 prostych krokach  Wybierz jeden z naszych szablon\u00f3w lub stw\u00f3rz w\u0142asny  Interaktywny podgl\u0105d pozwoli dopracowa\u0107 ka\u017cdy szczeg\u00f3\u0142","og_url":"https:\/\/positiveprints.com\/pl\/produkt\/nazwisko-rodzinne-kolaz-ze-zdjec-w-formie-napisu\/","og_site_name":"Positive Prints","article_publisher":"https:\/\/www.facebook.com\/positiveprintscom","article_modified_time":"2026-04-07T13:52:20+00:00","og_image":[{"width":1450,"height":1450,"url":"https:\/\/positiveprints.com\/wp-content\/uploads\/2024\/11\/Packshot_PL_Family-Name-Photo-Collage-product-image-1.webp","type":"image\/webp"}],"twitter_card":"summary_large_image","twitter_misc":{"Szacowany czas czytania":"2 minuty"},"schema":{"@context":"https:\/\/schema.org","@graph":[{"@type":["WebPage","ItemPage"],"@id":"https:\/\/positiveprints.com\/pl\/produkt\/nazwisko-rodzinne-kolaz-ze-zdjec-w-formie-napisu\/","url":"https:\/\/positiveprints.com\/pl\/produkt\/nazwisko-rodzinne-kolaz-ze-zdjec-w-formie-napisu\/","name":"Nazwisko Rodzinne - Kola\u017c ze Zdj\u0119\u0107 w Formie Napisu - Positive Prints","isPartOf":{"@id":"https:\/\/positiveprints.com\/pl\/#website"},"primaryImageOfPage":{"@id":"https:\/\/positiveprints.com\/pl\/produkt\/nazwisko-rodzinne-kolaz-ze-zdjec-w-formie-napisu\/#primaryimage"},"image":{"@id":"https:\/\/positiveprints.com\/pl\/produkt\/nazwisko-rodzinne-kolaz-ze-zdjec-w-formie-napisu\/#primaryimage"},"thumbnailUrl":"https:\/\/positiveprints.com\/wp-content\/uploads\/2024\/11\/Packshot_PL_Family-Name-Photo-Collage-product-image-1.webp","datePublished":"2023-06-07T11:25:32+00:00","dateModified":"2026-04-07T13:52:20+00:00","description":"Nazwisko Rodzinne - Kola\u017c ze Zdj\u0119\u0107 w Formie Napisu to spersonalizowany wydruk, kt\u00f3ry zamienia Twoje ulubione zdj\u0119cia rodzinne w osza\u0142amiaj\u0105cy kola\u017c w kszta\u0142cie Twojego nazwiska.","breadcrumb":{"@id":"https:\/\/positiveprints.com\/pl\/produkt\/nazwisko-rodzinne-kolaz-ze-zdjec-w-formie-napisu\/#breadcrumb"},"inLanguage":"pl-PL","potentialAction":[{"@type":"ReadAction","target":["https:\/\/positiveprints.com\/pl\/produkt\/nazwisko-rodzinne-kolaz-ze-zdjec-w-formie-napisu\/"]}]},{"@type":"ImageObject","inLanguage":"pl-PL","@id":"https:\/\/positiveprints.com\/pl\/produkt\/nazwisko-rodzinne-kolaz-ze-zdjec-w-formie-napisu\/#primaryimage","url":"https:\/\/positiveprints.com\/wp-content\/uploads\/2024\/11\/Packshot_PL_Family-Name-Photo-Collage-product-image-1.webp","contentUrl":"https:\/\/positiveprints.com\/wp-content\/uploads\/2024\/11\/Packshot_PL_Family-Name-Photo-Collage-product-image-1.webp","width":1450,"height":1450},{"@type":"BreadcrumbList","@id":"https:\/\/positiveprints.com\/pl\/produkt\/nazwisko-rodzinne-kolaz-ze-zdjec-w-formie-napisu\/#breadcrumb","itemListElement":[{"@type":"ListItem","position":1,"name":"Home","item":"https:\/\/positiveprints.com\/pl\/"},{"@type":"ListItem","position":2,"name":"Produkty","item":"https:\/\/positiveprints.com\/pl\/shop\/"},{"@type":"ListItem","position":3,"name":"Nazwisko Rodzinne &#8211; Kola\u017c ze Zdj\u0119\u0107 w Formie Napisu"}]},{"@type":"WebSite","@id":"https:\/\/positiveprints.com\/pl\/#website","url":"https:\/\/positiveprints.com\/pl\/","name":"Positive Prints","description":"Amazing Custom Personalized Gifts","publisher":{"@id":"https:\/\/positiveprints.com\/pl\/#organization"},"potentialAction":[{"@type":"SearchAction","target":{"@type":"EntryPoint","urlTemplate":"https:\/\/positiveprints.com\/pl\/?s={search_term_string}"},"query-input":{"@type":"PropertyValueSpecification","valueRequired":true,"valueName":"search_term_string"}}],"inLanguage":"pl-PL"},{"@type":"Organization","@id":"https:\/\/positiveprints.com\/pl\/#organization","name":"Positive Prints","alternateName":"Positive Prints","url":"https:\/\/positiveprints.com\/pl\/","logo":{"@type":"ImageObject","inLanguage":"pl-PL","@id":"https:\/\/positiveprints.com\/pl\/#\/schema\/logo\/image\/","url":"https:\/\/positiveprints.com\/wp-content\/uploads\/2026\/03\/245815646_1337939713319158_5671353136411139666_n.png","contentUrl":"https:\/\/positiveprints.com\/wp-content\/uploads\/2026\/03\/245815646_1337939713319158_5671353136411139666_n.png","width":800,"height":800,"caption":"Positive Prints"},"image":{"@id":"https:\/\/positiveprints.com\/pl\/#\/schema\/logo\/image\/"},"sameAs":["https:\/\/www.facebook.com\/positiveprintscom","https:\/\/www.instagram.com\/positiveprintscom\/","https:\/\/www.tiktok.com\/@positiveprintscom","https:\/\/www.pinterest.com\/positiveprintscom\/"]}]}},"jetpack_sharing_enabled":true,"_links":{"self":[{"href":"https:\/\/positiveprints.com\/pl\/wp-json\/wp\/v2\/product\/964559","targetHints":{"allow":["GET"]}}],"collection":[{"href":"https:\/\/positiveprints.com\/pl\/wp-json\/wp\/v2\/product"}],"about":[{"href":"https:\/\/positiveprints.com\/pl\/wp-json\/wp\/v2\/types\/product"}],"wp:featuredmedia":[{"embeddable":true,"href":"https:\/\/positiveprints.com\/pl\/wp-json\/wp\/v2\/media\/1282808"}],"wp:attachment":[{"href":"https:\/\/positiveprints.com\/pl\/wp-json\/wp\/v2\/media?parent=964559"}],"wp:term":[{"taxonomy":"product_brand","embeddable":true,"href":"https:\/\/positiveprints.com\/pl\/wp-json\/wp\/v2\/product_brand?post=964559"},{"taxonomy":"product_cat","embeddable":true,"href":"https:\/\/positiveprints.com\/pl\/wp-json\/wp\/v2\/product_cat?post=964559"},{"taxonomy":"product_tag","embeddable":true,"href":"https:\/\/positiveprints.com\/pl\/wp-json\/wp\/v2\/product_tag?post=964559"}],"curies":[{"name":"wp","href":"https:\/\/api.w.org\/{rel}","templated":true}]}}