{"id":964553,"date":"2023-06-07T11:04:30","date_gmt":"2023-06-07T10:04:30","guid":{"rendered":"https:\/\/positiveprints.com\/?post_type=product&#038;p=964553"},"modified":"2026-04-12T22:13:08","modified_gmt":"2026-04-12T21:13:08","slug":"rodzina-kolaz-ze-zdjec-w-formie-napisu","status":"publish","type":"product","link":"https:\/\/positiveprints.com\/pl\/produkt\/rodzina-kolaz-ze-zdjec-w-formie-napisu\/","title":{"rendered":"Rodzina &#8211; Kola\u017c ze Zdj\u0119\u0107"},"content":{"rendered":"<h2 class=\"grenB f24 cblue\" style=\"margin-top: 3rem;\">Rodzina &#8211; Kola\u017c ze Zdj\u0119\u0107: Spersonalizowany ho\u0142d dla rodzinnych wspomnie\u0144<\/h2>\r\n<p style=\"margin-top: 1rem;\">Uchwycenie esencji cennych chwil rodzinnych nigdy nie by\u0142o \u0142atwiejsze dzi\u0119ki Kola\u017cowi ze Zdj\u0119\u0107 w Formie Napisu. Ten wyj\u0105tkowy produkt pozwala zamieni\u0107 ulubione zdj\u0119cia w efektowny wydruk lub p\u0142\u00f3tno w kszta\u0142cie s\u0142owa \u201erodzina\u201d. Niezale\u017cnie od tego, czy jest to wyj\u0105tkowy prezent na Bo\u017ce Narodzenie, przemy\u015blany prezent na parapet\u00f3wk\u0119, czy te\u017c serdeczny gest dla rodzic\u00f3w lub kt\u00f3regokolwiek cz\u0142onka rodziny, ten kola\u017c b\u0119dzie idealnym wyborem.<\/p>\r\n\r\n<h2 class=\"grenB f24 cblue\" style=\"margin-top: 3rem;\">\u0141atwy proces tworzenia<\/h2>\r\n<p style=\"margin-top: 1rem;\">Tworzenie w\u0142asnego Kola\u017cu ze Zdj\u0119\u0107 w Formie Napisu jest proste dzi\u0119ki naszemu intuicyjnemu edytorowi online. Post\u0119puj zgodnie z naszym prostym, trzyetapowym procesem, a w mgnieniu oka otrzymasz idealny prezent. Nasza przyjazna dla u\u017cytkownika platforma jest r\u00f3wnie\u017c przyjazna dla urz\u0105dze\u0144 mobilnych, dzi\u0119ki czemu mo\u017cesz stworzy\u0107 swoje arcydzie\u0142o na dowolnym urz\u0105dzeniu.<\/p>\r\n<p style=\"margin-top: 1rem;\">W przeciwie\u0144stwie do zwyk\u0142ych prezent\u00f3w, Rodzina &#8211; Kola\u017c ze Zdj\u0119\u0107 w Formie Napisu to szczery ho\u0142d, kt\u00f3ry m\u00f3wi wiele o Twojej mi\u0142o\u015bci i uznaniu dla swojej rodziny. Jego spersonalizowany charakter sprawia, \u017ce jest to prezent, kt\u00f3ry b\u0119dzie ceniony przez d\u0142ugie lata, s\u0142u\u017c\u0105c jako ci\u0105g\u0142e przypomnienie wyj\u0105tkowych chwil i wi\u0119zi, kt\u00f3re dzielicie.\/p&gt;<\/p>\r\n<p style=\"margin-top: 1rem;\">Aby rozpocz\u0105\u0107, wystarczy wpisa\u0107 s\u0142owo \u201erodzina\u201d w naszym edytorze. Je\u015bli masz na my\u015bli inne s\u0142owo, na przyk\u0142ad nazwisko rodowe lub wa\u017cn\u0105 dat\u0119, mo\u017cesz go u\u017cy\u0107 zamiast niego. Mo\u017cliwo\u015bci s\u0105 nieograniczone, dzi\u0119ki czemu mo\u017cesz dostosowa\u0107 kola\u017c do swoich unikalnych preferencji. Dodatkowo mo\u017cesz wybra\u0107 kolor konturu symboli lub wybra\u0107 bia\u0142y, aby uzyska\u0107 minimalistyczny i sp\u00f3jny wygl\u0105d.<\/p>\r\n<p style=\"margin-top: 1rem;\">Nast\u0119pnie prze\u015blij swoje zdj\u0119cia \u2014 po jednym dla ka\u017cdej litery wybranego s\u0142owa. Nasz edytor umo\u017cliwia powi\u0119kszanie, dostosowywanie pozycji i upewnianie si\u0119, \u017ce ka\u017cdy obraz jest odpowiedni. Mo\u017cesz nawet umie\u015bci\u0107 spersonalizowan\u0105 wiadomo\u015b\u0107 pod kola\u017cem, dodaj\u0105c dodatkow\u0105 odrobin\u0119 ciep\u0142a i sentymentalizmu.<\/p>\r\n<p style=\"margin-top: 1rem;\">W ostatnim kroku mo\u017cesz wybra\u0107 rozmiar i format, kt\u00f3ry najlepiej odpowiada Twoim potrzebom. Niezale\u017cnie od tego, czy wolisz plakat w ramce lub wydrukowany, p\u0142\u00f3tno, czy te\u017c plik do natychmiastowego pobrania w formacie cyfrowym, mamy wszystko, czego potrzebujesz. Mo\u017cesz mie\u0107 pewno\u015b\u0107, \u017ce Kola\u017c ze Zdj\u0119\u0107 w Formie Napisu zostanie dostarczony w formacie odpowiadaj\u0105cym Twojej wizji.<\/p>\r\n\r\n<h2 class=\"grenB f24 cblue\" style=\"margin-top: 3rem;\">Rodzina &#8211; Kola\u017c ze Zdj\u0119\u0107 w Formie Napisu: znacz\u0105cy i pi\u0119kny prezent<\/h2>\r\n<p style=\"margin-top: 1rem;\">Je\u015bli szukasz znacz\u0105cego prezentu dla swojej rodziny, nie szukaj dalej, mamy co\u015b dla Ciebie: Kola\u017c ze Zdj\u0119\u0107 w Formie Napisu. To spersonalizowane arcydzie\u0142o jest szczerym sposobem na uczczenie wi\u0119zi, kt\u00f3re Was \u0142\u0105cz\u0105. W przeciwie\u0144stwie do innych prezent\u00f3w kupowanych w sklepie, ten kola\u017c jest naprawd\u0119 wyj\u0105tkowym i pi\u0119knym dzie\u0142em sztuki, kt\u00f3re oddaje esencj\u0119 mi\u0142o\u015bci i wsp\u00f3lnoty Twojej rodziny.<\/p>\r\n<p style=\"margin-top: 1rem;\">Ka\u017cdy kola\u017c zdj\u0119\u0107 zosta\u0142 zaprojektowany tak, aby zachowa\u0107 najcenniejsze wspomnienia w naprawd\u0119 niezwyk\u0142y spos\u00f3b. Dzia\u0142a jak wizualna kapsu\u0142a czasu, zawieraj\u0105ca rado\u015b\u0107, \u015bmiech i mi\u0142o\u015b\u0107, kt\u00f3re definiuj\u0105 Twoj\u0105 rodzin\u0119.<\/p>\r\n<p style=\"margin-top: 1rem;\">Dzi\u0119ki Kola\u017cowi Zdj\u0119\u0107 w Formie Napisu masz pe\u0142n\u0105 kontrol\u0119 nad produktem ko\u0144cowym. Od wyboru s\u0142owa reprezentuj\u0105cego Twoj\u0105 rodzin\u0119 po dostosowanie schematu kolor\u00f3w i dodanie osobistych wiadomo\u015bci \u2013 mo\u017cesz dostosowa\u0107 ka\u017cdy aspekt tak, aby odzwierciedla\u0142 Twoje unikalne gusta i preferencje.<\/p>\r\n<p style=\"margin-top: 1rem;\">Podsumowuj\u0105c, Kola\u017c ze Zdj\u0119\u0107 w Formie Napisu to najlepszy spos\u00f3b na uczczenie rodziny i stworzenie trwa\u0142ej pami\u0105tki. Dzi\u0119ki przyjaznemu dla u\u017cytkownika procesowi tworzenia, spersonalizowanemu dotykowi i pi\u0119knemu projektowi wyr\u00f3\u017cnia si\u0119 jako naprawd\u0119 wyj\u0105tkowy prezent. Zachowaj swoje cenne wspomnienia, zaprezentuj swoj\u0105 indywidualno\u015b\u0107 i wyra\u017a swoj\u0105 mi\u0142o\u015b\u0107 do rodziny za pomoc\u0105 tego wyj\u0105tkowego kola\u017cu.<\/p>","protected":false},"excerpt":{"rendered":"<ul class=\"check-list\">\n<li>Dodaj dedykacj\u0119 prosto z serca<\/li>\n<li>Spersonalizuj w 3 prostych krokach<\/li>\n<li>Wybierz jeden z naszych szablon\u00f3w lub stw\u00f3rz w\u0142asny<\/li>\n<li>Interaktywny podgl\u0105d pozwoli dopracowa\u0107 ka\u017cdy szczeg\u00f3\u0142<\/li>\n<\/ul>\n","protected":false},"featured_media":1671174,"template":"","meta":[],"product_brand":[],"product_cat":[7690,8010,11415,7850,15059,9003,8829,5271,99],"product_tag":[16037,16038,8538,16039,16040,16041,13468],"class_list":{"0":"post-964553","1":"product","2":"type-product","3":"status-publish","4":"has-post-thumbnail","6":"product_cat-prezent-dla-kobiety","7":"product_cat-prezent-dla-mezczyzny","8":"product_cat-prezenty-pod-choinke-dla-rodzicow","9":"product_cat-prezent-dla-rodziny","10":"product_cat-prezenty-pod-choinke-dla-rodziny","11":"product_cat-dzien-babci-i-dziadka","12":"product_cat-kolaz-ze-zdjec-w-formie-napisu","13":"product_cat-prezent-na-boze-narodzenie","14":"product_cat-wszystkie-produkty","15":"product_tag-family-gift-ideas-pl","16":"product_tag-family-gifts-pl","17":"product_tag-family-pl","18":"product_tag-gift-for-family-pl","19":"product_tag-gifts-for-family-pl","20":"product_tag-personalized-family-gifts-pl","21":"product_tag-prezenty-swiateczne-dla-rodziny","23":"first","24":"instock","25":"sale","26":"taxable","27":"shipping-taxable","28":"purchasable","29":"product-type-variable"},"yoast_head":"<!-- This site is optimized with the Yoast SEO Premium plugin v27.2 (Yoast SEO v27.2) - https:\/\/yoast.com\/product\/yoast-seo-premium-wordpress\/ -->\n<title>Rodzina - Kola\u017c ze Zdj\u0119\u0107 - Positive Prints<\/title>\n<meta name=\"description\" content=\"Wyj\u0105tkowy pomys\u0142 na prezent dla rodziny. Stw\u00f3rz spersonalizowany kola\u017c ze zdj\u0119\u0107 uk\u0142adaj\u0105cych si\u0119 w napis, pe\u0142en wsp\u00f3lnych chwil i pi\u0119knych wspomnie\u0144.\" \/>\n<meta name=\"robots\" content=\"index, follow, max-snippet:-1, max-image-preview:large, max-video-preview:-1\" \/>\n<link rel=\"canonical\" href=\"https:\/\/positiveprints.com\/pl\/produkt\/rodzina-kolaz-ze-zdjec-w-formie-napisu\/\" \/>\n<meta property=\"og:locale\" content=\"pl_PL\" \/>\n<meta property=\"og:type\" content=\"article\" \/>\n<meta property=\"og:title\" content=\"Rodzina - Kola\u017c ze Zdj\u0119\u0107\" \/>\n<meta property=\"og:description\" content=\"Dodaj dedykacj\u0119 prosto z serca  Spersonalizuj w 3 prostych krokach  Wybierz jeden z naszych szablon\u00f3w lub stw\u00f3rz w\u0142asny  Interaktywny podgl\u0105d pozwoli dopracowa\u0107 ka\u017cdy szczeg\u00f3\u0142\" \/>\n<meta property=\"og:url\" content=\"https:\/\/positiveprints.com\/pl\/produkt\/rodzina-kolaz-ze-zdjec-w-formie-napisu\/\" \/>\n<meta property=\"og:site_name\" content=\"Positive Prints\" \/>\n<meta property=\"article:publisher\" content=\"https:\/\/www.facebook.com\/positiveprintscom\" \/>\n<meta property=\"article:modified_time\" content=\"2026-04-12T21:13:08+00:00\" \/>\n<meta property=\"og:image\" content=\"https:\/\/positiveprints.com\/wp-content\/uploads\/2025\/03\/Packshot_PL_RODZINA.webp\" \/>\n\t<meta property=\"og:image:width\" content=\"1450\" \/>\n\t<meta property=\"og:image:height\" content=\"1450\" \/>\n\t<meta property=\"og:image:type\" content=\"image\/webp\" \/>\n<meta name=\"twitter:card\" content=\"summary_large_image\" \/>\n<meta name=\"twitter:label1\" content=\"Szacowany czas czytania\" \/>\n\t<meta name=\"twitter:data1\" content=\"3 minuty\" \/>\n<!-- \/ Yoast SEO Premium plugin. -->","yoast_head_json":{"title":"Rodzina - Kola\u017c ze Zdj\u0119\u0107 - Positive Prints","description":"Wyj\u0105tkowy pomys\u0142 na prezent dla rodziny. Stw\u00f3rz spersonalizowany kola\u017c ze zdj\u0119\u0107 uk\u0142adaj\u0105cych si\u0119 w napis, pe\u0142en wsp\u00f3lnych chwil i pi\u0119knych wspomnie\u0144.","robots":{"index":"index","follow":"follow","max-snippet":"max-snippet:-1","max-image-preview":"max-image-preview:large","max-video-preview":"max-video-preview:-1"},"canonical":"https:\/\/positiveprints.com\/pl\/produkt\/rodzina-kolaz-ze-zdjec-w-formie-napisu\/","og_locale":"pl_PL","og_type":"article","og_title":"Rodzina - Kola\u017c ze Zdj\u0119\u0107","og_description":"Dodaj dedykacj\u0119 prosto z serca  Spersonalizuj w 3 prostych krokach  Wybierz jeden z naszych szablon\u00f3w lub stw\u00f3rz w\u0142asny  Interaktywny podgl\u0105d pozwoli dopracowa\u0107 ka\u017cdy szczeg\u00f3\u0142","og_url":"https:\/\/positiveprints.com\/pl\/produkt\/rodzina-kolaz-ze-zdjec-w-formie-napisu\/","og_site_name":"Positive Prints","article_publisher":"https:\/\/www.facebook.com\/positiveprintscom","article_modified_time":"2026-04-12T21:13:08+00:00","og_image":[{"width":1450,"height":1450,"url":"https:\/\/positiveprints.com\/wp-content\/uploads\/2025\/03\/Packshot_PL_RODZINA.webp","type":"image\/webp"}],"twitter_card":"summary_large_image","twitter_misc":{"Szacowany czas czytania":"3 minuty"},"schema":{"@context":"https:\/\/schema.org","@graph":[{"@type":["WebPage","ItemPage"],"@id":"https:\/\/positiveprints.com\/pl\/produkt\/rodzina-kolaz-ze-zdjec-w-formie-napisu\/","url":"https:\/\/positiveprints.com\/pl\/produkt\/rodzina-kolaz-ze-zdjec-w-formie-napisu\/","name":"Rodzina - Kola\u017c ze Zdj\u0119\u0107 - Positive Prints","isPartOf":{"@id":"https:\/\/positiveprints.com\/pl\/#website"},"primaryImageOfPage":{"@id":"https:\/\/positiveprints.com\/pl\/produkt\/rodzina-kolaz-ze-zdjec-w-formie-napisu\/#primaryimage"},"image":{"@id":"https:\/\/positiveprints.com\/pl\/produkt\/rodzina-kolaz-ze-zdjec-w-formie-napisu\/#primaryimage"},"thumbnailUrl":"https:\/\/positiveprints.com\/wp-content\/uploads\/2026\/03\/rodzina_PL.webp","datePublished":"2023-06-07T10:04:30+00:00","dateModified":"2026-04-12T21:13:08+00:00","description":"Wyj\u0105tkowy pomys\u0142 na prezent dla rodziny. Stw\u00f3rz spersonalizowany kola\u017c ze zdj\u0119\u0107 uk\u0142adaj\u0105cych si\u0119 w napis, pe\u0142en wsp\u00f3lnych chwil i pi\u0119knych wspomnie\u0144.","breadcrumb":{"@id":"https:\/\/positiveprints.com\/pl\/produkt\/rodzina-kolaz-ze-zdjec-w-formie-napisu\/#breadcrumb"},"inLanguage":"pl-PL","potentialAction":[{"@type":"ReadAction","target":["https:\/\/positiveprints.com\/pl\/produkt\/rodzina-kolaz-ze-zdjec-w-formie-napisu\/"]}]},{"@type":"ImageObject","inLanguage":"pl-PL","@id":"https:\/\/positiveprints.com\/pl\/produkt\/rodzina-kolaz-ze-zdjec-w-formie-napisu\/#primaryimage","url":"https:\/\/positiveprints.com\/wp-content\/uploads\/2026\/03\/rodzina_PL.webp","contentUrl":"https:\/\/positiveprints.com\/wp-content\/uploads\/2026\/03\/rodzina_PL.webp","width":1450,"height":1450},{"@type":"BreadcrumbList","@id":"https:\/\/positiveprints.com\/pl\/produkt\/rodzina-kolaz-ze-zdjec-w-formie-napisu\/#breadcrumb","itemListElement":[{"@type":"ListItem","position":1,"name":"Home","item":"https:\/\/positiveprints.com\/pl\/"},{"@type":"ListItem","position":2,"name":"Produkty","item":"https:\/\/positiveprints.com\/pl\/shop\/"},{"@type":"ListItem","position":3,"name":"Rodzina &#8211; Kola\u017c ze Zdj\u0119\u0107"}]},{"@type":"WebSite","@id":"https:\/\/positiveprints.com\/pl\/#website","url":"https:\/\/positiveprints.com\/pl\/","name":"Positive Prints","description":"Amazing Custom Personalized Gifts","publisher":{"@id":"https:\/\/positiveprints.com\/pl\/#organization"},"potentialAction":[{"@type":"SearchAction","target":{"@type":"EntryPoint","urlTemplate":"https:\/\/positiveprints.com\/pl\/?s={search_term_string}"},"query-input":{"@type":"PropertyValueSpecification","valueRequired":true,"valueName":"search_term_string"}}],"inLanguage":"pl-PL"},{"@type":"Organization","@id":"https:\/\/positiveprints.com\/pl\/#organization","name":"Positive Prints","alternateName":"Positive Prints","url":"https:\/\/positiveprints.com\/pl\/","logo":{"@type":"ImageObject","inLanguage":"pl-PL","@id":"https:\/\/positiveprints.com\/pl\/#\/schema\/logo\/image\/","url":"https:\/\/positiveprints.com\/wp-content\/uploads\/2026\/03\/245815646_1337939713319158_5671353136411139666_n.png","contentUrl":"https:\/\/positiveprints.com\/wp-content\/uploads\/2026\/03\/245815646_1337939713319158_5671353136411139666_n.png","width":800,"height":800,"caption":"Positive Prints"},"image":{"@id":"https:\/\/positiveprints.com\/pl\/#\/schema\/logo\/image\/"},"sameAs":["https:\/\/www.facebook.com\/positiveprintscom","https:\/\/www.instagram.com\/positiveprintscom\/","https:\/\/www.tiktok.com\/@positiveprintscom","https:\/\/www.pinterest.com\/positiveprintscom\/"]}]}},"jetpack_sharing_enabled":true,"_links":{"self":[{"href":"https:\/\/positiveprints.com\/pl\/wp-json\/wp\/v2\/product\/964553","targetHints":{"allow":["GET"]}}],"collection":[{"href":"https:\/\/positiveprints.com\/pl\/wp-json\/wp\/v2\/product"}],"about":[{"href":"https:\/\/positiveprints.com\/pl\/wp-json\/wp\/v2\/types\/product"}],"wp:featuredmedia":[{"embeddable":true,"href":"https:\/\/positiveprints.com\/pl\/wp-json\/wp\/v2\/media\/1671174"}],"wp:attachment":[{"href":"https:\/\/positiveprints.com\/pl\/wp-json\/wp\/v2\/media?parent=964553"}],"wp:term":[{"taxonomy":"product_brand","embeddable":true,"href":"https:\/\/positiveprints.com\/pl\/wp-json\/wp\/v2\/product_brand?post=964553"},{"taxonomy":"product_cat","embeddable":true,"href":"https:\/\/positiveprints.com\/pl\/wp-json\/wp\/v2\/product_cat?post=964553"},{"taxonomy":"product_tag","embeddable":true,"href":"https:\/\/positiveprints.com\/pl\/wp-json\/wp\/v2\/product_tag?post=964553"}],"curies":[{"name":"wp","href":"https:\/\/api.w.org\/{rel}","templated":true}]}}