{"id":964546,"date":"2023-06-06T19:42:13","date_gmt":"2023-10-09T13:11:56","guid":{"rendered":"https:\/\/positiveprints.com\/?post_type=product&#038;p=964546"},"modified":"2026-04-12T22:14:23","modified_gmt":"2026-04-12T21:14:23","slug":"nowozency-kolaz-ze-zdjec-w-formie-napisu","status":"publish","type":"product","link":"https:\/\/positiveprints.com\/pl\/produkt\/nowozency-kolaz-ze-zdjec-w-formie-napisu\/","title":{"rendered":"Nowo\u017ce\u0144cy &#8211; Kola\u017c ze Zdj\u0119\u0107 w Formie Napisu"},"content":{"rendered":"<h2 class=\"grenB f24 cblue\" style=\"margin-top: 3rem\">Uchwy\u0107 ich mi\u0142o\u015b\u0107 za pomoc\u0105 spersonalizowanego Kola\u017cu ze Zdj\u0119\u0107 w Formie Napisu\r\n<\/h2>\r\n\r\n<p style=\"margin-top: 1rem\">Nowo\u017ce\u0144cy &#8211; Kola\u017c ze Zdj\u0119\u0107 w Formie Napisu to niezwyk\u0142y i jedyny w swoim rodzaju spersonalizowany wydruk lub p\u0142\u00f3tno stworzone z Twoich w\u0142asnych zdj\u0119\u0107. Ten wyj\u0105tkowy kola\u017c pozwala uformowa\u0107 Twoje zdj\u0119cia w s\u0142owo, dzi\u0119ki czemu b\u0119dzie naprawd\u0119 wyj\u0105tkowym prezentem dla nowo\u017ce\u0144c\u00f3w.<\/p>\r\n\r\n<h2 class=\"grenB f24 cblue\" style=\"margin-top: 3rem\">Zaprojektuj sw\u00f3j idealny kola\u017c zdj\u0119\u0107 dla nowo\u017ce\u0144c\u00f3w w zaledwie trzech prostych krokach\r\n<\/h2>\r\n\r\n<p style=\"margin-top: 1rem\">Tworzenie kola\u017cu zdj\u0119\u0107 jest niezwykle proste dzi\u0119ki naszemu wygodnemu edytorowi online. W trzech prostych krokach mo\u017cesz z \u0142atwo\u015bci\u0105 zaprojektowa\u0107 idealny prezent. Nasz przyjazny dla u\u017cytkownika edytor jest kompatybilny z urz\u0105dzeniami mobilnymi, dzi\u0119ki czemu mo\u017cesz stworzy\u0107 swoje arcydzie\u0142o gdziekolwiek jeste\u015b. Po\u017cegnaj godziny frustracji i powitaj bezstresowe do\u015bwiadczenie!<\/p>\r\n\r\n<p style=\"margin-top: 1rem\">Aby rozpocz\u0105\u0107, po prostu wybierz s\u0142owo, kt\u00f3re ma znaczenie dla pary. Mo\u017ce to by\u0107 nazwisko rodowe, inicja\u0142y, data \u015blubu, a nawet s\u0142owa takie jak \u201emi\u0142o\u015b\u0107\u201d lub \u201ezawsze\u201d \u2013 mo\u017cliwo\u015bci s\u0105 nieograniczone! Po wybraniu s\u0142owa mo\u017cesz jeszcze bardziej spersonalizowa\u0107 kola\u017c, wybieraj\u0105c kolor konturu symboli lub wybieraj\u0105c minimalistyczny bia\u0142y kontur.<\/p>\r\n\r\n<p style=\"margin-top: 1rem\">Nast\u0119pnym krokiem jest przes\u0142anie zdj\u0119\u0107. B\u0119dziesz potrzebowa\u0107 jednego zdj\u0119cia dla ka\u017cdej litery wybranego s\u0142owa. Nasz edytor pozwala na powi\u0119kszanie, dostosowywanie po\u0142o\u017cenia zdj\u0119\u0107 i naprawd\u0119 personalizacj\u0119 aran\u017cacji. Dodatkowo mo\u017cesz doda\u0107 szczer\u0105, osobist\u0105 wiadomo\u015b\u0107 pod kola\u017cem, aby uczyni\u0107 go jeszcze bardziej wyj\u0105tkowym.<\/p>\r\n\r\n<p style=\"margin-top: 1rem\">Kiedy ju\u017c b\u0119dziesz zadowolony ze swojego dzie\u0142a, czas wybra\u0107 rozmiar i format odpowiadaj\u0105cy Twoim potrzebom. Mo\u017cesz zam\u00f3wi\u0107 wydruk w ramce, wydrukowany plakat, osza\u0142amiaj\u0105ce p\u0142\u00f3tno, a nawet natychmiastowy plik do pobrania w formacie cyfrowym \u2013 wyb\u00f3r nale\u017cy do Ciebie!<\/p>\r\n\r\n<h2 class=\"grenB f24 cblue\" style=\"margin-top: 3rem\">Wyj\u0105tkowy i znacz\u0105cy dodatek do salonu nowo\u017ce\u0144c\u00f3w<\/h2>\r\n\r\n<p style=\"margin-top: 1rem\">Je\u015bli szukasz wymownego prezentu dla nowo\u017ce\u0144c\u00f3w, Kola\u017c ze Zdj\u0119\u0107 w Formie Napisu b\u0119dzie idealnym wyborem. B\u0119dzie niew\u0105tpliwie efektownym dodatkiem do ich salonu, emanuj\u0105c osobistym akcentem i ukazuj\u0105c ich cenne wsp\u00f3lne chwile. W przeciwie\u0144stwie do innych prezent\u00f3w, kt\u00f3re mo\u017cna znale\u017a\u0107 na p\u00f3\u0142ce sklepowej, ten kola\u017c jest wyj\u0105tkowy i pi\u0119kny, oddaje esencj\u0119 ich mi\u0142o\u015bci i zaanga\u017cowania.<\/p>\r\n\r\n<p style=\"margin-top: 1rem\">Zaskocz szcz\u0119\u015bliw\u0105 par\u0119 Kola\u017cem ze Zdj\u0119\u0107 w Formie Napisu i zobacz, jak ich twarze rozja\u015bniaj\u0105 si\u0119 rado\u015bci\u0105 i uznaniem. \u015awi\u0119tuj ich zwi\u0105zek w naprawd\u0119 niezwyk\u0142y spos\u00f3b dzi\u0119ki temu niezapomnianemu prezentowi. Zam\u00f3w ju\u017c dzi\u015b i pozw\u00f3l, aby mi\u0142o\u015b\u0107 zakwit\u0142a!<\/p>","protected":false},"excerpt":{"rendered":"<ul class=\"check-list\">\n<li>Stw\u00f3rz trwa\u0142\u0105 pami\u0105tk\u0119 tego wyj\u0105tkowego dnia nowo\u017ce\u0144c\u00f3w, kt\u00f3ra b\u0119dzie przypomnieniem ich mi\u0142o\u015bci i wzajemnego zaanga\u017cowania<\/li>\n<li>Dodaj dedykacj\u0119 prosto z serca<\/li>\n<li>Spersonalizuj w 3 prostych krokach<\/li>\n<li>Wybierz jeden z naszych szablon\u00f3w lub stw\u00f3rz w\u0142asny<\/li>\n<li>Interaktywny podgl\u0105d pozwoli dopracowa\u0107 ka\u017cdy szczeg\u00f3\u0142<\/li>\n<\/ul>\n","protected":false},"featured_media":1288131,"template":"","meta":[],"product_brand":[],"product_cat":[8829,99],"product_tag":[],"class_list":{"0":"post-964546","1":"product","2":"type-product","3":"status-publish","4":"has-post-thumbnail","6":"product_cat-kolaz-ze-zdjec-w-formie-napisu","7":"product_cat-wszystkie-produkty","9":"first","10":"instock","11":"sale","12":"taxable","13":"shipping-taxable","14":"purchasable","15":"product-type-variable"},"yoast_head":"<!-- This site is optimized with the Yoast SEO Premium plugin v27.2 (Yoast SEO v27.2) - https:\/\/yoast.com\/product\/yoast-seo-premium-wordpress\/ -->\n<title>Nowo\u017ce\u0144cy - Kola\u017c ze Zdj\u0119\u0107 w Formie Napisu - Positive Prints<\/title>\n<meta name=\"description\" content=\"Zaskocz szcz\u0119\u015bliw\u0105 par\u0119 Kola\u017cem ze Zdj\u0119\u0107 w Formie Napisu i zobacz, jak ich twarze rozja\u015bniaj\u0105 si\u0119 rado\u015bci\u0105 i uznaniem.\" \/>\n<meta name=\"robots\" content=\"index, follow, max-snippet:-1, max-image-preview:large, max-video-preview:-1\" \/>\n<link rel=\"canonical\" href=\"https:\/\/positiveprints.com\/pl\/produkt\/nowozency-kolaz-ze-zdjec-w-formie-napisu\/\" \/>\n<meta property=\"og:locale\" content=\"pl_PL\" \/>\n<meta property=\"og:type\" content=\"article\" \/>\n<meta property=\"og:title\" content=\"Nowo\u017ce\u0144cy - Kola\u017c ze Zdj\u0119\u0107 w Formie Napisu\" \/>\n<meta property=\"og:description\" content=\"Stw\u00f3rz trwa\u0142\u0105 pami\u0105tk\u0119 tego wyj\u0105tkowego dnia nowo\u017ce\u0144c\u00f3w, kt\u00f3ra b\u0119dzie przypomnieniem ich mi\u0142o\u015bci i wzajemnego zaanga\u017cowania  Dodaj dedykacj\u0119 prosto z serca  Spersonalizuj w 3 prostych krokach  Wybierz jeden z naszych szablon\u00f3w lub stw\u00f3rz w\u0142asny  Interaktywny podgl\u0105d pozwoli dopracowa\u0107 ka\u017cdy szczeg\u00f3\u0142\" \/>\n<meta property=\"og:url\" content=\"https:\/\/positiveprints.com\/pl\/produkt\/nowozency-kolaz-ze-zdjec-w-formie-napisu\/\" \/>\n<meta property=\"og:site_name\" content=\"Positive Prints\" \/>\n<meta property=\"article:publisher\" content=\"https:\/\/www.facebook.com\/positiveprintscom\" \/>\n<meta property=\"article:modified_time\" content=\"2026-04-12T21:14:23+00:00\" \/>\n<meta property=\"og:image\" content=\"https:\/\/positiveprints.com\/wp-content\/uploads\/2024\/11\/Packshot_PL_Newlyweds-Letter-Photo-Collage-product-image.webp\" \/>\n\t<meta property=\"og:image:width\" content=\"1450\" \/>\n\t<meta property=\"og:image:height\" content=\"1450\" \/>\n\t<meta property=\"og:image:type\" content=\"image\/webp\" \/>\n<meta name=\"twitter:card\" content=\"summary_large_image\" \/>\n<meta name=\"twitter:label1\" content=\"Szacowany czas czytania\" \/>\n\t<meta name=\"twitter:data1\" content=\"2 minuty\" \/>\n<!-- \/ Yoast SEO Premium plugin. -->","yoast_head_json":{"title":"Nowo\u017ce\u0144cy - Kola\u017c ze Zdj\u0119\u0107 w Formie Napisu - Positive Prints","description":"Zaskocz szcz\u0119\u015bliw\u0105 par\u0119 Kola\u017cem ze Zdj\u0119\u0107 w Formie Napisu i zobacz, jak ich twarze rozja\u015bniaj\u0105 si\u0119 rado\u015bci\u0105 i uznaniem.","robots":{"index":"index","follow":"follow","max-snippet":"max-snippet:-1","max-image-preview":"max-image-preview:large","max-video-preview":"max-video-preview:-1"},"canonical":"https:\/\/positiveprints.com\/pl\/produkt\/nowozency-kolaz-ze-zdjec-w-formie-napisu\/","og_locale":"pl_PL","og_type":"article","og_title":"Nowo\u017ce\u0144cy - Kola\u017c ze Zdj\u0119\u0107 w Formie Napisu","og_description":"Stw\u00f3rz trwa\u0142\u0105 pami\u0105tk\u0119 tego wyj\u0105tkowego dnia nowo\u017ce\u0144c\u00f3w, kt\u00f3ra b\u0119dzie przypomnieniem ich mi\u0142o\u015bci i wzajemnego zaanga\u017cowania  Dodaj dedykacj\u0119 prosto z serca  Spersonalizuj w 3 prostych krokach  Wybierz jeden z naszych szablon\u00f3w lub stw\u00f3rz w\u0142asny  Interaktywny podgl\u0105d pozwoli dopracowa\u0107 ka\u017cdy szczeg\u00f3\u0142","og_url":"https:\/\/positiveprints.com\/pl\/produkt\/nowozency-kolaz-ze-zdjec-w-formie-napisu\/","og_site_name":"Positive Prints","article_publisher":"https:\/\/www.facebook.com\/positiveprintscom","article_modified_time":"2026-04-12T21:14:23+00:00","og_image":[{"width":1450,"height":1450,"url":"https:\/\/positiveprints.com\/wp-content\/uploads\/2024\/11\/Packshot_PL_Newlyweds-Letter-Photo-Collage-product-image.webp","type":"image\/webp"}],"twitter_card":"summary_large_image","twitter_misc":{"Szacowany czas czytania":"2 minuty"},"schema":{"@context":"https:\/\/schema.org","@graph":[{"@type":["WebPage","ItemPage"],"@id":"https:\/\/positiveprints.com\/pl\/produkt\/nowozency-kolaz-ze-zdjec-w-formie-napisu\/","url":"https:\/\/positiveprints.com\/pl\/produkt\/nowozency-kolaz-ze-zdjec-w-formie-napisu\/","name":"Nowo\u017ce\u0144cy - Kola\u017c ze Zdj\u0119\u0107 w Formie Napisu - Positive Prints","isPartOf":{"@id":"https:\/\/positiveprints.com\/pl\/#website"},"primaryImageOfPage":{"@id":"https:\/\/positiveprints.com\/pl\/produkt\/nowozency-kolaz-ze-zdjec-w-formie-napisu\/#primaryimage"},"image":{"@id":"https:\/\/positiveprints.com\/pl\/produkt\/nowozency-kolaz-ze-zdjec-w-formie-napisu\/#primaryimage"},"thumbnailUrl":"https:\/\/positiveprints.com\/wp-content\/uploads\/2024\/11\/Packshot_PL_Newlyweds-Letter-Photo-Collage-product-image.webp","datePublished":"2023-10-09T13:11:56+00:00","dateModified":"2026-04-12T21:14:23+00:00","description":"Zaskocz szcz\u0119\u015bliw\u0105 par\u0119 Kola\u017cem ze Zdj\u0119\u0107 w Formie Napisu i zobacz, jak ich twarze rozja\u015bniaj\u0105 si\u0119 rado\u015bci\u0105 i uznaniem.","breadcrumb":{"@id":"https:\/\/positiveprints.com\/pl\/produkt\/nowozency-kolaz-ze-zdjec-w-formie-napisu\/#breadcrumb"},"inLanguage":"pl-PL","potentialAction":[{"@type":"ReadAction","target":["https:\/\/positiveprints.com\/pl\/produkt\/nowozency-kolaz-ze-zdjec-w-formie-napisu\/"]}]},{"@type":"ImageObject","inLanguage":"pl-PL","@id":"https:\/\/positiveprints.com\/pl\/produkt\/nowozency-kolaz-ze-zdjec-w-formie-napisu\/#primaryimage","url":"https:\/\/positiveprints.com\/wp-content\/uploads\/2024\/11\/Packshot_PL_Newlyweds-Letter-Photo-Collage-product-image.webp","contentUrl":"https:\/\/positiveprints.com\/wp-content\/uploads\/2024\/11\/Packshot_PL_Newlyweds-Letter-Photo-Collage-product-image.webp","width":1450,"height":1450},{"@type":"BreadcrumbList","@id":"https:\/\/positiveprints.com\/pl\/produkt\/nowozency-kolaz-ze-zdjec-w-formie-napisu\/#breadcrumb","itemListElement":[{"@type":"ListItem","position":1,"name":"Home","item":"https:\/\/positiveprints.com\/pl\/"},{"@type":"ListItem","position":2,"name":"Produkty","item":"https:\/\/positiveprints.com\/pl\/shop\/"},{"@type":"ListItem","position":3,"name":"Nowo\u017ce\u0144cy &#8211; Kola\u017c ze Zdj\u0119\u0107 w Formie Napisu"}]},{"@type":"WebSite","@id":"https:\/\/positiveprints.com\/pl\/#website","url":"https:\/\/positiveprints.com\/pl\/","name":"Positive Prints","description":"Amazing Custom Personalized Gifts","publisher":{"@id":"https:\/\/positiveprints.com\/pl\/#organization"},"potentialAction":[{"@type":"SearchAction","target":{"@type":"EntryPoint","urlTemplate":"https:\/\/positiveprints.com\/pl\/?s={search_term_string}"},"query-input":{"@type":"PropertyValueSpecification","valueRequired":true,"valueName":"search_term_string"}}],"inLanguage":"pl-PL"},{"@type":"Organization","@id":"https:\/\/positiveprints.com\/pl\/#organization","name":"Positive Prints","alternateName":"Positive Prints","url":"https:\/\/positiveprints.com\/pl\/","logo":{"@type":"ImageObject","inLanguage":"pl-PL","@id":"https:\/\/positiveprints.com\/pl\/#\/schema\/logo\/image\/","url":"https:\/\/positiveprints.com\/wp-content\/uploads\/2026\/03\/245815646_1337939713319158_5671353136411139666_n.png","contentUrl":"https:\/\/positiveprints.com\/wp-content\/uploads\/2026\/03\/245815646_1337939713319158_5671353136411139666_n.png","width":800,"height":800,"caption":"Positive Prints"},"image":{"@id":"https:\/\/positiveprints.com\/pl\/#\/schema\/logo\/image\/"},"sameAs":["https:\/\/www.facebook.com\/positiveprintscom","https:\/\/www.instagram.com\/positiveprintscom\/","https:\/\/www.tiktok.com\/@positiveprintscom","https:\/\/www.pinterest.com\/positiveprintscom\/"]}]}},"jetpack_sharing_enabled":true,"_links":{"self":[{"href":"https:\/\/positiveprints.com\/pl\/wp-json\/wp\/v2\/product\/964546","targetHints":{"allow":["GET"]}}],"collection":[{"href":"https:\/\/positiveprints.com\/pl\/wp-json\/wp\/v2\/product"}],"about":[{"href":"https:\/\/positiveprints.com\/pl\/wp-json\/wp\/v2\/types\/product"}],"wp:featuredmedia":[{"embeddable":true,"href":"https:\/\/positiveprints.com\/pl\/wp-json\/wp\/v2\/media\/1288131"}],"wp:attachment":[{"href":"https:\/\/positiveprints.com\/pl\/wp-json\/wp\/v2\/media?parent=964546"}],"wp:term":[{"taxonomy":"product_brand","embeddable":true,"href":"https:\/\/positiveprints.com\/pl\/wp-json\/wp\/v2\/product_brand?post=964546"},{"taxonomy":"product_cat","embeddable":true,"href":"https:\/\/positiveprints.com\/pl\/wp-json\/wp\/v2\/product_cat?post=964546"},{"taxonomy":"product_tag","embeddable":true,"href":"https:\/\/positiveprints.com\/pl\/wp-json\/wp\/v2\/product_tag?post=964546"}],"curies":[{"name":"wp","href":"https:\/\/api.w.org\/{rel}","templated":true}]}}