{"id":964536,"date":"2023-06-06T10:56:11","date_gmt":"2023-10-09T12:56:11","guid":{"rendered":"https:\/\/positiveprints.com\/?post_type=product&#038;p=964536"},"modified":"2026-04-23T11:28:56","modified_gmt":"2026-04-23T10:28:56","slug":"dziecko-kolaz-ze-zdjec-w-formie-napisu","status":"publish","type":"product","link":"https:\/\/positiveprints.com\/pl\/produkt\/dziecko-kolaz-ze-zdjec-w-formie-napisu\/","title":{"rendered":"Dziecko &#8211; Kola\u017c ze Zdj\u0119\u0107 w Formie Napisu"},"content":{"rendered":"<h2 class=\"grenB f24 cblue\" style=\"margin-top: 3rem\">Spersonalizuj swoje wspomnienia dzi\u0119ki kola\u017cowi zdj\u0119\u0107 dziecka<\/h2>\r\n\r\n\r\n<p style=\"margin-top: 1rem\">Kola\u017c Zdj\u0119\u0107 w Formie Napisu to fantastyczny spos\u00f3b na zachowanie cennych wspomnie\u0144 i stworzenie niepowtarzalnego i spersonalizowanego wydruku lub p\u0142\u00f3tna. Dzi\u0119ki temu specjalnemu kola\u017cowi mo\u017cesz kszta\u0142towa\u0107 swoje zdj\u0119cia w r\u00f3\u017cne symbole, takie jak gwiazdy, \u015blady st\u00f3p, serca lub d\u0142onie. Dodatkowo masz mo\u017cliwo\u015b\u0107 u\u017cycia cyfr lub liter, aby uczyni\u0107 go jeszcze bardziej znacz\u0105cym. Ta niezwyk\u0142a kreacja jest nie tylko idealnym prezentem na urodziny dziecka, ale tak\u017ce stanowi wspania\u0142\u0105 dekoracj\u0119 pokoju ka\u017cdego dziecka.<\/p>\r\n\r\n<h2 class=\"grenB f24 cblue\" style=\"margin-top: 3rem\">Jak stworzy\u0107 wspania\u0142y Kola\u017c ze Zdj\u0119\u0107 w Formie Napisu dla dziecka<\/h2>\r\n\r\n<p style=\"margin-top: 1rem\">Za pomoc\u0105 naszego przyjaznego dla u\u017cytkownika edytora online mo\u017cesz stworzy\u0107 kola\u017c zdj\u0119\u0107 z imieniem dziecka. Proces jest bardzo prosty i mo\u017cesz go uko\u0144czy\u0107 w mgnieniu oka. Niezale\u017cnie od tego, czy korzystasz z komputera, czy urz\u0105dzenia mobilnego, nasz edytor zapewnia p\u0142ynn\u0105 obs\u0142ug\u0119. Najpierw wybierz symbole lub litery, kt\u00f3re chcesz uwzgl\u0119dni\u0107 w swoim uk\u0142adzie. Tutaj mo\u017cesz da\u0107 upust swojej kreatywno\u015bci, uk\u0142adaj\u0105c unikaln\u0105 sekwencj\u0119 symboli, liter i cyfr. Mo\u017cesz na przyk\u0142ad wybra\u0107 pierwsz\u0105 liter\u0119 imienia dziecka i po\u0142\u0105czy\u0107 j\u0105 ze specjalnymi symbolami dziecka, takimi jak balony lub \u015blady st\u00f3p. Mo\u017cliwo\u015bci s\u0105 niesko\u0144czone! Aby doda\u0107 odrobin\u0119 stylu, mo\u017cesz wybra\u0107 kolor konturu symboli lub zdecydowa\u0107 si\u0119 na czysty i prosty bia\u0142y kontur.<\/p>\r\n\r\n<p style=\"margin-top: 1rem\">Po sfinalizowaniu uk\u0142adu nadszed\u0142 czas na przes\u0142anie zdj\u0119\u0107. Mo\u017cesz \u0142atwo przes\u0142a\u0107 jedno zdj\u0119cie dla ka\u017cdego symbolu, a nasz edytor pozwala na powi\u0119kszenie, dostosowanie pozycji, a nawet dodanie osobistej wiadomo\u015bci pod zdj\u0119ciami. W ten spos\u00f3b mo\u017cesz doda\u0107 szczery akcent do swojego kola\u017cu. Na koniec wybierz \u017c\u0105dany rozmiar i format kola\u017cu. Niezale\u017cnie od tego, czy wolisz plakat w ramce, wydrukowane p\u0142\u00f3tno, czy te\u017c plik do natychmiastowego pobrania w formacie cyfrowym, mamy opcje odpowiadaj\u0105ce Twoim potrzebom.<\/p>\r\n\r\n<h2 class=\"grenB f24 cblue\" style=\"margin-top: 3rem\">Idealny prezent, kt\u00f3ry pozwoli Ci doceni\u0107 najwa\u017cniejsze momenty w \u017cyciu dziecka\r\n<\/h2>\r\n\r\n<p style=\"margin-top: 1rem\">Szukasz sensownego prezentu na pierwsze, drugie lub zbli\u017caj\u0105ce si\u0119 urodziny dziecka? Nie szukaj dalej, mamy co\u015b dla Ciebie: Kola\u017c ze Zdj\u0119\u0107 w Formie Napisu. Ta osza\u0142amiaj\u0105ca kreacja nie tylko przyci\u0105gnie uwag\u0119 wszystkich, ale tak\u017ce wniesie odrobin\u0119 ciep\u0142a i personalizacji do pokoju ka\u017cdego dziecka. W przeciwie\u0144stwie do zwyk\u0142ych prezent\u00f3w kupowanych w sklepie, nasz kola\u017c to wyj\u0105tkowy i pi\u0119kny prezent, kt\u00f3ry wyr\u00f3\u017cnia si\u0119 na tle innych. Zachowaj te wyj\u0105tkowe wspomnienia i \u015bwi\u0119tuj rado\u015b\u0107 dzieci\u0144stwa tworz\u0105c Kola\u017c ze Zdj\u0119\u0107 w Formie Napisu dla dziecka.<\/p>","protected":false},"excerpt":{"rendered":"<ul class=\"check-list\">\n<li>Stw\u00f3rz kola\u017c, kt\u00f3ry b\u0119dzie wyj\u0105tkow\u0105 pami\u0105tk\u0105 zar\u00f3wno dla dziecka, jak i jego rodzic\u00f3w<\/li>\n<li>Dodaj dedykacj\u0119 prosto z serca<\/li>\n<li>Spersonalizuj w 3 prostych krokach<\/li>\n<li>Wybierz jeden z naszych szablon\u00f3w lub stw\u00f3rz w\u0142asny<\/li>\n<li>Interaktywny podgl\u0105d pozwoli dopracowa\u0107 ka\u017cdy szczeg\u00f3\u0142<\/li>\n<\/ul>\n","protected":false},"featured_media":1270487,"template":"","meta":[],"product_brand":[],"product_cat":[7818,8829,5253,11210,11209,3126,99],"product_tag":[],"class_list":{"0":"post-964536","1":"product","2":"type-product","3":"status-publish","4":"has-post-thumbnail","6":"product_cat-prezent-dla-mlodych-rodzicow","7":"product_cat-kolaz-ze-zdjec-w-formie-napisu","8":"product_cat-prezent-na-narodziny-dziecka","9":"product_cat-prezenty-urodzinowe-dla-niego","10":"product_cat-prezenty-urodzinowe-dla-niej","11":"product_cat-prezent-na-urodziny","12":"product_cat-wszystkie-produkty","14":"first","15":"instock","16":"sale","17":"taxable","18":"shipping-taxable","19":"purchasable","20":"product-type-variable"},"yoast_head":"<!-- This site is optimized with the Yoast SEO Premium plugin v27.2 (Yoast SEO v27.2) - https:\/\/yoast.com\/product\/yoast-seo-premium-wordpress\/ -->\n<title>Dziecko - Kola\u017c ze Zdj\u0119\u0107 w Formie Napisu - Positive Prints<\/title>\n<meta name=\"description\" content=\"Kola\u017c zdj\u0119\u0107 dziecka to nie tylko idealny prezent na urodziny dziecka, ale tak\u017ce wspania\u0142a dekoracja pokoju ka\u017cdego dziecka.\" \/>\n<meta name=\"robots\" content=\"index, follow, max-snippet:-1, max-image-preview:large, max-video-preview:-1\" \/>\n<link rel=\"canonical\" href=\"https:\/\/positiveprints.com\/pl\/produkt\/dziecko-kolaz-ze-zdjec-w-formie-napisu\/\" \/>\n<meta property=\"og:locale\" content=\"pl_PL\" \/>\n<meta property=\"og:type\" content=\"article\" \/>\n<meta property=\"og:title\" content=\"Dziecko - Kola\u017c ze Zdj\u0119\u0107 w Formie Napisu\" \/>\n<meta property=\"og:description\" content=\"Stw\u00f3rz kola\u017c, kt\u00f3ry b\u0119dzie wyj\u0105tkow\u0105 pami\u0105tk\u0105 zar\u00f3wno dla dziecka, jak i jego rodzic\u00f3w  Dodaj dedykacj\u0119 prosto z serca  Spersonalizuj w 3 prostych krokach  Wybierz jeden z naszych szablon\u00f3w lub stw\u00f3rz w\u0142asny  Interaktywny podgl\u0105d pozwoli dopracowa\u0107 ka\u017cdy szczeg\u00f3\u0142\" \/>\n<meta property=\"og:url\" content=\"https:\/\/positiveprints.com\/pl\/produkt\/dziecko-kolaz-ze-zdjec-w-formie-napisu\/\" \/>\n<meta property=\"og:site_name\" content=\"Positive Prints\" \/>\n<meta property=\"article:publisher\" content=\"https:\/\/www.facebook.com\/positiveprintscom\" \/>\n<meta property=\"article:modified_time\" content=\"2026-04-23T10:28:56+00:00\" \/>\n<meta property=\"og:image\" content=\"https:\/\/positiveprints.com\/wp-content\/uploads\/2024\/11\/Packshot_PL_Baby-Photo-Collage-product-image-.webp\" \/>\n\t<meta property=\"og:image:width\" content=\"1450\" \/>\n\t<meta property=\"og:image:height\" content=\"1450\" \/>\n\t<meta property=\"og:image:type\" content=\"image\/webp\" \/>\n<meta name=\"twitter:card\" content=\"summary_large_image\" \/>\n<!-- \/ Yoast SEO Premium plugin. -->","yoast_head_json":{"title":"Dziecko - Kola\u017c ze Zdj\u0119\u0107 w Formie Napisu - Positive Prints","description":"Kola\u017c zdj\u0119\u0107 dziecka to nie tylko idealny prezent na urodziny dziecka, ale tak\u017ce wspania\u0142a dekoracja pokoju ka\u017cdego dziecka.","robots":{"index":"index","follow":"follow","max-snippet":"max-snippet:-1","max-image-preview":"max-image-preview:large","max-video-preview":"max-video-preview:-1"},"canonical":"https:\/\/positiveprints.com\/pl\/produkt\/dziecko-kolaz-ze-zdjec-w-formie-napisu\/","og_locale":"pl_PL","og_type":"article","og_title":"Dziecko - Kola\u017c ze Zdj\u0119\u0107 w Formie Napisu","og_description":"Stw\u00f3rz kola\u017c, kt\u00f3ry b\u0119dzie wyj\u0105tkow\u0105 pami\u0105tk\u0105 zar\u00f3wno dla dziecka, jak i jego rodzic\u00f3w  Dodaj dedykacj\u0119 prosto z serca  Spersonalizuj w 3 prostych krokach  Wybierz jeden z naszych szablon\u00f3w lub stw\u00f3rz w\u0142asny  Interaktywny podgl\u0105d pozwoli dopracowa\u0107 ka\u017cdy szczeg\u00f3\u0142","og_url":"https:\/\/positiveprints.com\/pl\/produkt\/dziecko-kolaz-ze-zdjec-w-formie-napisu\/","og_site_name":"Positive Prints","article_publisher":"https:\/\/www.facebook.com\/positiveprintscom","article_modified_time":"2026-04-23T10:28:56+00:00","og_image":[{"width":1450,"height":1450,"url":"https:\/\/positiveprints.com\/wp-content\/uploads\/2024\/11\/Packshot_PL_Baby-Photo-Collage-product-image-.webp","type":"image\/webp"}],"twitter_card":"summary_large_image","schema":{"@context":"https:\/\/schema.org","@graph":[{"@type":["WebPage","ItemPage"],"@id":"https:\/\/positiveprints.com\/pl\/produkt\/dziecko-kolaz-ze-zdjec-w-formie-napisu\/","url":"https:\/\/positiveprints.com\/pl\/produkt\/dziecko-kolaz-ze-zdjec-w-formie-napisu\/","name":"Dziecko - Kola\u017c ze Zdj\u0119\u0107 w Formie Napisu - Positive Prints","isPartOf":{"@id":"https:\/\/positiveprints.com\/pl\/#website"},"primaryImageOfPage":{"@id":"https:\/\/positiveprints.com\/pl\/produkt\/dziecko-kolaz-ze-zdjec-w-formie-napisu\/#primaryimage"},"image":{"@id":"https:\/\/positiveprints.com\/pl\/produkt\/dziecko-kolaz-ze-zdjec-w-formie-napisu\/#primaryimage"},"thumbnailUrl":"https:\/\/positiveprints.com\/wp-content\/uploads\/2024\/11\/Packshot_PL_Baby-Photo-Collage-product-image-.webp","datePublished":"2023-10-09T12:56:11+00:00","dateModified":"2026-04-23T10:28:56+00:00","description":"Kola\u017c zdj\u0119\u0107 dziecka to nie tylko idealny prezent na urodziny dziecka, ale tak\u017ce wspania\u0142a dekoracja pokoju ka\u017cdego dziecka.","breadcrumb":{"@id":"https:\/\/positiveprints.com\/pl\/produkt\/dziecko-kolaz-ze-zdjec-w-formie-napisu\/#breadcrumb"},"inLanguage":"pl-PL","potentialAction":[{"@type":"ReadAction","target":["https:\/\/positiveprints.com\/pl\/produkt\/dziecko-kolaz-ze-zdjec-w-formie-napisu\/"]}]},{"@type":"ImageObject","inLanguage":"pl-PL","@id":"https:\/\/positiveprints.com\/pl\/produkt\/dziecko-kolaz-ze-zdjec-w-formie-napisu\/#primaryimage","url":"https:\/\/positiveprints.com\/wp-content\/uploads\/2024\/11\/Packshot_PL_Baby-Photo-Collage-product-image-.webp","contentUrl":"https:\/\/positiveprints.com\/wp-content\/uploads\/2024\/11\/Packshot_PL_Baby-Photo-Collage-product-image-.webp","width":1450,"height":1450,"caption":"Packshot_PL_Baby Photo Collage product image"},{"@type":"BreadcrumbList","@id":"https:\/\/positiveprints.com\/pl\/produkt\/dziecko-kolaz-ze-zdjec-w-formie-napisu\/#breadcrumb","itemListElement":[{"@type":"ListItem","position":1,"name":"Home","item":"https:\/\/positiveprints.com\/pl\/"},{"@type":"ListItem","position":2,"name":"Produkty","item":"https:\/\/positiveprints.com\/pl\/shop\/"},{"@type":"ListItem","position":3,"name":"Dziecko &#8211; Kola\u017c ze Zdj\u0119\u0107 w Formie Napisu"}]},{"@type":"WebSite","@id":"https:\/\/positiveprints.com\/pl\/#website","url":"https:\/\/positiveprints.com\/pl\/","name":"Positive Prints","description":"Amazing Custom Personalized Gifts","publisher":{"@id":"https:\/\/positiveprints.com\/pl\/#organization"},"potentialAction":[{"@type":"SearchAction","target":{"@type":"EntryPoint","urlTemplate":"https:\/\/positiveprints.com\/pl\/?s={search_term_string}"},"query-input":{"@type":"PropertyValueSpecification","valueRequired":true,"valueName":"search_term_string"}}],"inLanguage":"pl-PL"},{"@type":"Organization","@id":"https:\/\/positiveprints.com\/pl\/#organization","name":"Positive Prints","alternateName":"Positive Prints","url":"https:\/\/positiveprints.com\/pl\/","logo":{"@type":"ImageObject","inLanguage":"pl-PL","@id":"https:\/\/positiveprints.com\/pl\/#\/schema\/logo\/image\/","url":"https:\/\/positiveprints.com\/wp-content\/uploads\/2026\/03\/245815646_1337939713319158_5671353136411139666_n.png","contentUrl":"https:\/\/positiveprints.com\/wp-content\/uploads\/2026\/03\/245815646_1337939713319158_5671353136411139666_n.png","width":800,"height":800,"caption":"Positive Prints"},"image":{"@id":"https:\/\/positiveprints.com\/pl\/#\/schema\/logo\/image\/"},"sameAs":["https:\/\/www.facebook.com\/positiveprintscom","https:\/\/www.instagram.com\/positiveprintscom\/","https:\/\/www.tiktok.com\/@positiveprintscom","https:\/\/www.pinterest.com\/positiveprintscom\/"]}]}},"jetpack_sharing_enabled":true,"_links":{"self":[{"href":"https:\/\/positiveprints.com\/pl\/wp-json\/wp\/v2\/product\/964536","targetHints":{"allow":["GET"]}}],"collection":[{"href":"https:\/\/positiveprints.com\/pl\/wp-json\/wp\/v2\/product"}],"about":[{"href":"https:\/\/positiveprints.com\/pl\/wp-json\/wp\/v2\/types\/product"}],"wp:featuredmedia":[{"embeddable":true,"href":"https:\/\/positiveprints.com\/pl\/wp-json\/wp\/v2\/media\/1270487"}],"wp:attachment":[{"href":"https:\/\/positiveprints.com\/pl\/wp-json\/wp\/v2\/media?parent=964536"}],"wp:term":[{"taxonomy":"product_brand","embeddable":true,"href":"https:\/\/positiveprints.com\/pl\/wp-json\/wp\/v2\/product_brand?post=964536"},{"taxonomy":"product_cat","embeddable":true,"href":"https:\/\/positiveprints.com\/pl\/wp-json\/wp\/v2\/product_cat?post=964536"},{"taxonomy":"product_tag","embeddable":true,"href":"https:\/\/positiveprints.com\/pl\/wp-json\/wp\/v2\/product_tag?post=964536"}],"curies":[{"name":"wp","href":"https:\/\/api.w.org\/{rel}","templated":true}]}}