{"id":964449,"date":"2023-06-02T13:37:25","date_gmt":"2023-10-09T12:31:43","guid":{"rendered":"https:\/\/positiveprints.com\/?post_type=product&#038;p=964449"},"modified":"2026-04-12T22:14:27","modified_gmt":"2026-04-12T21:14:27","slug":"imie-dziecka-kolaz-ze-zdjec-w-formie-napisu","status":"publish","type":"product","link":"https:\/\/positiveprints.com\/pl\/produkt\/imie-dziecka-kolaz-ze-zdjec-w-formie-napisu\/","title":{"rendered":"Imi\u0119 Dziecka &#8211; Kola\u017c ze Zdj\u0119\u0107"},"content":{"rendered":"<h2>Stw\u00f3rz wyj\u0105tkowy kola\u017c zdj\u0119\u0107 z imieniem dziecka<\/h2>\r\n<span style=\"font-weight: 400;\">Kola\u017c zdj\u0119\u0107 z imieniem dziecka to niepowtarzalny, spersonalizowany prezent, kt\u00f3ry ucieszy \u015bwie\u017co upieczonych rodzic\u00f3w i b\u0119dzie urocz\u0105 ozdob\u0105 ka\u017cdego dzieci\u0119cego pokoju. Dzi\u0119ki po\u0142\u0105czeniu imienia maluszka i jego w\u0142asnych zdj\u0119\u0107, ten wydruk lub obraz na p\u0142\u00f3tnie staje si\u0119 jedyn\u0105 w swoim rodzaju pami\u0105tk\u0105 na ca\u0142e \u017cycie.<\/span>\r\n<h2>Prosty spos\u00f3b na stworzenie kola\u017cu z imieniem dziecka<\/h2>\r\n<span style=\"font-weight: 400;\">Dzi\u0119ki naszemu intuicyjnemu edytorowi online zaprojektowanie w\u0142asnego kola\u017cu to czysta przyjemno\u015b\u0107. W zaledwie trzech krokach mo\u017cesz stworzy\u0107 idealny prezent, kt\u00f3ry zostanie zapami\u0119tany na lata. Edytor dzia\u0142a tak\u017ce na urz\u0105dzeniach mobilnych, wi\u0119c mo\u017cesz tworzy\u0107, gdziekolwiek jeste\u015b!<\/span>\r\n\r\n<span style=\"font-weight: 400;\">Wystarczy, \u017ce wpiszesz imi\u0119 dziecka, a nasz system automatycznie wygeneruje uk\u0142ad liter. Mo\u017cesz wybra\u0107 kolor konturu ka\u017cdej litery lub postawi\u0107 na klasyczn\u0105 biel \u2013 idealn\u0105 dla fan\u00f3w minimalistycznego stylu. Nast\u0119pnie prze\u015blij zdj\u0119cia \u2013 po jednym dla ka\u017cdej litery imienia. Dzi\u0119ki mo\u017cliwo\u015bci powi\u0119kszania i przesuwania zdj\u0119\u0107 z \u0142atwo\u015bci\u0105 dopasujesz je do swojego pomys\u0142u. Dodatkowo mo\u017cesz doda\u0107 osobist\u0105 wiadomo\u015b\u0107 pod kola\u017cem, aby nada\u0107 projektowi jeszcze bardziej emocjonalny charakter. Na koniec wybierz format i rozmiar \u2013 czy to plakat w ramce, wydruk na p\u0142\u00f3tnie, czy plik cyfrowy do pobrania \u2013 mamy co\u015b dla ka\u017cdego.<\/span>\r\n<h2>Idealny prezent dla \u015bwie\u017co upieczonych rodzic\u00f3w i urocza dekoracja dzieci\u0119cego pokoju<\/h2>\r\n<span style=\"font-weight: 400;\">Je\u015bli szukasz wyj\u0105tkowego prezentu dla nowonarodzonego dziecka, kola\u017c zdj\u0119\u0107 z imieniem to strza\u0142 w dziesi\u0105tk\u0119. To nie tylko pi\u0119kna dekoracja pokoju, ale tak\u017ce osobista pami\u0105tka, kt\u00f3rej nie znajdziesz na sklepowych p\u00f3\u0142kach. Dzi\u0119ki unikalnemu po\u0142\u0105czeniu imienia i zdj\u0119\u0107 maluszka, kola\u017c stanie si\u0119 bezcennym wspomnieniem dla ca\u0142ej rodziny.<\/span>\r\n\r\n<span style=\"font-weight: 400;\">Nie zwlekaj \u2013 stw\u00f3rz sw\u00f3j kola\u017c ju\u017c dzi\u015b i podaruj prezent, kt\u00f3ry m\u00f3wi wi\u0119cej ni\u017c s\u0142owa.<\/span>","protected":false},"excerpt":{"rendered":"<ul class=\"check-list\">\n<li>Dodaj dedykacj\u0119 prosto z serca<\/li>\n<li>Spersonalizuj w 3 prostych krokach<\/li>\n<li>Wybierz jeden z naszych szablon\u00f3w lub stw\u00f3rz w\u0142asny<\/li>\n<li>Interaktywny podgl\u0105d pozwoli dopracowa\u0107 ka\u017cdy szczeg\u00f3\u0142<\/li>\n<\/ul>\n","protected":false},"featured_media":1399917,"template":"","meta":[],"product_brand":[],"product_cat":[9279,8829,99,5253,3126,11209,11210,7690,7770,7818],"product_tag":[16165,8451,9486,16178],"class_list":{"0":"post-964449","1":"product","2":"type-product","3":"status-publish","4":"has-post-thumbnail","6":"product_cat-bestsellers-label-pl","7":"product_cat-kolaz-ze-zdjec-w-formie-napisu","8":"product_cat-wszystkie-produkty","9":"product_cat-prezent-na-narodziny-dziecka","10":"product_cat-prezent-na-urodziny","11":"product_cat-prezenty-urodzinowe-dla-niej","12":"product_cat-prezenty-urodzinowe-dla-niego","13":"product_cat-prezent-dla-kobiety","14":"product_cat-prezent-dla-corki","15":"product_cat-prezent-dla-mlodych-rodzicow","16":"product_tag-narodziny-dziecka","17":"product_tag-new-parents-pl","18":"product_tag-noworodek","19":"product_tag-prezent-dla-dziecka","21":"first","22":"instock","23":"sale","24":"taxable","25":"shipping-taxable","26":"purchasable","27":"product-type-variable"},"yoast_head":"<!-- This site is optimized with the Yoast SEO Premium plugin v27.2 (Yoast SEO v27.2) - https:\/\/yoast.com\/product\/yoast-seo-premium-wordpress\/ -->\n<title>Imi\u0119 Dziecka - Kola\u017c ze Zdj\u0119\u0107 - Positive Prints<\/title>\n<meta name=\"description\" content=\"Wyj\u0105tkowy prezent dla dziecka i rodzic\u00f3w! Stw\u00f3rz personalizowany kola\u017c ze zdj\u0119\u0107 uk\u0142adaj\u0105cych si\u0119 w imi\u0119, pe\u0142en rodzinnych wspomnie\u0144 i pi\u0119knych chwil.\" \/>\n<meta name=\"robots\" content=\"index, follow, max-snippet:-1, max-image-preview:large, max-video-preview:-1\" \/>\n<link rel=\"canonical\" href=\"https:\/\/positiveprints.com\/pl\/produkt\/imie-dziecka-kolaz-ze-zdjec-w-formie-napisu\/\" \/>\n<meta property=\"og:locale\" content=\"pl_PL\" \/>\n<meta property=\"og:type\" content=\"article\" \/>\n<meta property=\"og:title\" content=\"Imi\u0119 Dziecka - Kola\u017c ze Zdj\u0119\u0107\" \/>\n<meta property=\"og:description\" content=\"Dodaj dedykacj\u0119 prosto z serca  Spersonalizuj w 3 prostych krokach  Wybierz jeden z naszych szablon\u00f3w lub stw\u00f3rz w\u0142asny  Interaktywny podgl\u0105d pozwoli dopracowa\u0107 ka\u017cdy szczeg\u00f3\u0142\" \/>\n<meta property=\"og:url\" content=\"https:\/\/positiveprints.com\/pl\/produkt\/imie-dziecka-kolaz-ze-zdjec-w-formie-napisu\/\" \/>\n<meta property=\"og:site_name\" content=\"Positive Prints\" \/>\n<meta property=\"article:publisher\" content=\"https:\/\/www.facebook.com\/positiveprintscom\" \/>\n<meta property=\"article:modified_time\" content=\"2026-04-12T21:14:27+00:00\" \/>\n<meta property=\"og:image\" content=\"https:\/\/positiveprints.com\/wp-content\/uploads\/2025\/04\/Packshot_PL_BABY_NAME.webp\" \/>\n\t<meta property=\"og:image:width\" content=\"1450\" \/>\n\t<meta property=\"og:image:height\" content=\"1450\" \/>\n\t<meta property=\"og:image:type\" content=\"image\/webp\" \/>\n<meta name=\"twitter:card\" content=\"summary_large_image\" \/>\n<meta name=\"twitter:label1\" content=\"Szacowany czas czytania\" \/>\n\t<meta name=\"twitter:data1\" content=\"2 minuty\" \/>\n<!-- \/ Yoast SEO Premium plugin. -->","yoast_head_json":{"title":"Imi\u0119 Dziecka - Kola\u017c ze Zdj\u0119\u0107 - Positive Prints","description":"Wyj\u0105tkowy prezent dla dziecka i rodzic\u00f3w! Stw\u00f3rz personalizowany kola\u017c ze zdj\u0119\u0107 uk\u0142adaj\u0105cych si\u0119 w imi\u0119, pe\u0142en rodzinnych wspomnie\u0144 i pi\u0119knych chwil.","robots":{"index":"index","follow":"follow","max-snippet":"max-snippet:-1","max-image-preview":"max-image-preview:large","max-video-preview":"max-video-preview:-1"},"canonical":"https:\/\/positiveprints.com\/pl\/produkt\/imie-dziecka-kolaz-ze-zdjec-w-formie-napisu\/","og_locale":"pl_PL","og_type":"article","og_title":"Imi\u0119 Dziecka - Kola\u017c ze Zdj\u0119\u0107","og_description":"Dodaj dedykacj\u0119 prosto z serca  Spersonalizuj w 3 prostych krokach  Wybierz jeden z naszych szablon\u00f3w lub stw\u00f3rz w\u0142asny  Interaktywny podgl\u0105d pozwoli dopracowa\u0107 ka\u017cdy szczeg\u00f3\u0142","og_url":"https:\/\/positiveprints.com\/pl\/produkt\/imie-dziecka-kolaz-ze-zdjec-w-formie-napisu\/","og_site_name":"Positive Prints","article_publisher":"https:\/\/www.facebook.com\/positiveprintscom","article_modified_time":"2026-04-12T21:14:27+00:00","og_image":[{"width":1450,"height":1450,"url":"https:\/\/positiveprints.com\/wp-content\/uploads\/2025\/04\/Packshot_PL_BABY_NAME.webp","type":"image\/webp"}],"twitter_card":"summary_large_image","twitter_misc":{"Szacowany czas czytania":"2 minuty"},"schema":{"@context":"https:\/\/schema.org","@graph":[{"@type":["WebPage","ItemPage"],"@id":"https:\/\/positiveprints.com\/pl\/produkt\/imie-dziecka-kolaz-ze-zdjec-w-formie-napisu\/","url":"https:\/\/positiveprints.com\/pl\/produkt\/imie-dziecka-kolaz-ze-zdjec-w-formie-napisu\/","name":"Imi\u0119 Dziecka - Kola\u017c ze Zdj\u0119\u0107 - Positive Prints","isPartOf":{"@id":"https:\/\/positiveprints.com\/pl\/#website"},"primaryImageOfPage":{"@id":"https:\/\/positiveprints.com\/pl\/produkt\/imie-dziecka-kolaz-ze-zdjec-w-formie-napisu\/#primaryimage"},"image":{"@id":"https:\/\/positiveprints.com\/pl\/produkt\/imie-dziecka-kolaz-ze-zdjec-w-formie-napisu\/#primaryimage"},"thumbnailUrl":"https:\/\/positiveprints.com\/wp-content\/uploads\/2025\/04\/Packshot_PL_BABY_NAME.webp","datePublished":"2023-10-09T12:31:43+00:00","dateModified":"2026-04-12T21:14:27+00:00","description":"Wyj\u0105tkowy prezent dla dziecka i rodzic\u00f3w! Stw\u00f3rz personalizowany kola\u017c ze zdj\u0119\u0107 uk\u0142adaj\u0105cych si\u0119 w imi\u0119, pe\u0142en rodzinnych wspomnie\u0144 i pi\u0119knych chwil.","breadcrumb":{"@id":"https:\/\/positiveprints.com\/pl\/produkt\/imie-dziecka-kolaz-ze-zdjec-w-formie-napisu\/#breadcrumb"},"inLanguage":"pl-PL","potentialAction":[{"@type":"ReadAction","target":["https:\/\/positiveprints.com\/pl\/produkt\/imie-dziecka-kolaz-ze-zdjec-w-formie-napisu\/"]}]},{"@type":"ImageObject","inLanguage":"pl-PL","@id":"https:\/\/positiveprints.com\/pl\/produkt\/imie-dziecka-kolaz-ze-zdjec-w-formie-napisu\/#primaryimage","url":"https:\/\/positiveprints.com\/wp-content\/uploads\/2025\/04\/Packshot_PL_BABY_NAME.webp","contentUrl":"https:\/\/positiveprints.com\/wp-content\/uploads\/2025\/04\/Packshot_PL_BABY_NAME.webp","width":1450,"height":1450,"caption":"Packshot_PL_BABY_NAME"},{"@type":"BreadcrumbList","@id":"https:\/\/positiveprints.com\/pl\/produkt\/imie-dziecka-kolaz-ze-zdjec-w-formie-napisu\/#breadcrumb","itemListElement":[{"@type":"ListItem","position":1,"name":"Home","item":"https:\/\/positiveprints.com\/pl\/"},{"@type":"ListItem","position":2,"name":"Produkty","item":"https:\/\/positiveprints.com\/pl\/shop\/"},{"@type":"ListItem","position":3,"name":"Imi\u0119 Dziecka &#8211; Kola\u017c ze Zdj\u0119\u0107"}]},{"@type":"WebSite","@id":"https:\/\/positiveprints.com\/pl\/#website","url":"https:\/\/positiveprints.com\/pl\/","name":"Positive Prints","description":"Amazing Custom Personalized Gifts","publisher":{"@id":"https:\/\/positiveprints.com\/pl\/#organization"},"potentialAction":[{"@type":"SearchAction","target":{"@type":"EntryPoint","urlTemplate":"https:\/\/positiveprints.com\/pl\/?s={search_term_string}"},"query-input":{"@type":"PropertyValueSpecification","valueRequired":true,"valueName":"search_term_string"}}],"inLanguage":"pl-PL"},{"@type":"Organization","@id":"https:\/\/positiveprints.com\/pl\/#organization","name":"Positive Prints","alternateName":"Positive Prints","url":"https:\/\/positiveprints.com\/pl\/","logo":{"@type":"ImageObject","inLanguage":"pl-PL","@id":"https:\/\/positiveprints.com\/pl\/#\/schema\/logo\/image\/","url":"https:\/\/positiveprints.com\/wp-content\/uploads\/2026\/03\/245815646_1337939713319158_5671353136411139666_n.png","contentUrl":"https:\/\/positiveprints.com\/wp-content\/uploads\/2026\/03\/245815646_1337939713319158_5671353136411139666_n.png","width":800,"height":800,"caption":"Positive Prints"},"image":{"@id":"https:\/\/positiveprints.com\/pl\/#\/schema\/logo\/image\/"},"sameAs":["https:\/\/www.facebook.com\/positiveprintscom","https:\/\/www.instagram.com\/positiveprintscom\/","https:\/\/www.tiktok.com\/@positiveprintscom","https:\/\/www.pinterest.com\/positiveprintscom\/"]}]}},"jetpack_sharing_enabled":true,"_links":{"self":[{"href":"https:\/\/positiveprints.com\/pl\/wp-json\/wp\/v2\/product\/964449","targetHints":{"allow":["GET"]}}],"collection":[{"href":"https:\/\/positiveprints.com\/pl\/wp-json\/wp\/v2\/product"}],"about":[{"href":"https:\/\/positiveprints.com\/pl\/wp-json\/wp\/v2\/types\/product"}],"wp:featuredmedia":[{"embeddable":true,"href":"https:\/\/positiveprints.com\/pl\/wp-json\/wp\/v2\/media\/1399917"}],"wp:attachment":[{"href":"https:\/\/positiveprints.com\/pl\/wp-json\/wp\/v2\/media?parent=964449"}],"wp:term":[{"taxonomy":"product_brand","embeddable":true,"href":"https:\/\/positiveprints.com\/pl\/wp-json\/wp\/v2\/product_brand?post=964449"},{"taxonomy":"product_cat","embeddable":true,"href":"https:\/\/positiveprints.com\/pl\/wp-json\/wp\/v2\/product_cat?post=964449"},{"taxonomy":"product_tag","embeddable":true,"href":"https:\/\/positiveprints.com\/pl\/wp-json\/wp\/v2\/product_tag?post=964449"}],"curies":[{"name":"wp","href":"https:\/\/api.w.org\/{rel}","templated":true}]}}