{"id":964376,"date":"2023-05-29T11:07:07","date_gmt":"2023-10-09T11:59:49","guid":{"rendered":"https:\/\/positiveprints.com\/?post_type=product&#038;p=964376"},"modified":"2026-04-12T22:15:59","modified_gmt":"2026-04-12T21:15:59","slug":"40-urodziny-kolaz-ze-zdjec-w-formie-napisu","status":"publish","type":"product","link":"https:\/\/positiveprints.com\/pl\/produkt\/40-urodziny-kolaz-ze-zdjec-w-formie-napisu\/","title":{"rendered":"40 Urodziny &#8211; Kola\u017c ze Zdj\u0119\u0107 w Formie Napisu"},"content":{"rendered":"<h2 class=\"grenB f24 cblue\" style=\"margin-top: 3rem;\">Spersonalizowany kola\u017c zdj\u0119\u0107 z okazji 40-tych urodzin<\/h2>\r\n<p style=\"margin-top: 1rem;\">40 Urodziny &#8211; Kola\u017c ze Zdj\u0119\u0107 w Formie Napisu to wyj\u0105tkowy prezent, kt\u00f3ry mo\u017cesz spersonalizowa\u0107 za pomoc\u0105 zdj\u0119\u0107. To wyj\u0105tkowy prezent dla osoby, kt\u00f3ra ko\u0144czy 40 lat. Kola\u017c sk\u0142ada si\u0119 ze zdj\u0119\u0107 tworz\u0105cych liczb\u0119 40. Mo\u017cesz wybra\u0107 dowolne zdj\u0119cia dla ka\u017cdej cyfry. Nie musi wygl\u0105da\u0107 dok\u0142adnie jak liczba 40. Mo\u017cesz wykaza\u0107 si\u0119 kreatywno\u015bci\u0105 i zamiast tego u\u017cywa\u0107 liczb, s\u0142\u00f3w lub symboli. Mo\u017ce to by\u0107 imi\u0119 osoby obchodz\u0105cej urodziny, rok urodzenia, a nawet s\u0142owa takie jak \u201ekocham ci\u0119\u201d lub \u201ehurra\u201d.<\/p>\r\n\r\n<h2 class=\"grenB f24 cblue\" style=\"margin-top: 3rem;\">Tworzenie Twojego unikalnego kola\u017cu<\/h2>\r\n<p style=\"margin-top: 1rem;\">Aby stworzy\u0107 kola\u017c zdj\u0119\u0107 z okazji 40. urodzin, wystarczy wej\u015b\u0107 na nasz\u0105 stron\u0119 internetow\u0105. Dost\u0119pny jest edytor online, w kt\u00f3rym mo\u017cna wprowadzi\u0107 liczb\u0119 lub s\u0142owo. Mo\u017cesz tak\u017ce wybra\u0107 kolor cyfr lub kontur litery. Nast\u0119pnie mo\u017cesz przes\u0142a\u0107 swoje ulubione zdj\u0119cia dla ka\u017cdej cyfry lub litery. Mo\u017cesz nawet doda\u0107 osobist\u0105 wiadomo\u015b\u0107 pod kola\u017cem.<\/p>\r\n<p style=\"margin-top: 1rem;\">Istniej\u0105 r\u00f3\u017cne mo\u017cliwo\u015bci zam\u00f3wienia niestandardowego kola\u017cu zdj\u0119\u0107. Mo\u017cesz zam\u00f3wi\u0107 go w formie plakatu, plakatu oprawionego w ramk\u0119 lub wydruku na p\u0142\u00f3tnie. Je\u015bli wolisz, mo\u017cesz tak\u017ce wybra\u0107 plik cyfrowy do natychmiastowego pobrania.<\/p>\r\n\r\n<h2 class=\"grenB f24 cblue\" style=\"margin-top: 3rem;\">Wyr\u00f3\u017cnij si\u0119 wyj\u0105tkowym, osobistym prezentem<\/h2>\r\n<p style=\"margin-top: 1rem;\">Kola\u017c zdj\u0119\u0107 z okazji 40 urodzin to wyj\u0105tkowy prezent, kt\u00f3rego nie znajdziesz w zwyk\u0142ym sklepie. Jest wyj\u0105tkowy i spersonalizowany specjalnie dla osoby maj\u0105cej urodziny. To \u015bwietny spos\u00f3b, aby pokaza\u0107 im, jak bardzo Ci zale\u017cy. Zamiast kupowa\u0107 co\u015b ze sklepowej p\u00f3\u0142ki, mo\u017cesz podarowa\u0107 im prezent przygotowany specjalnie dla nich. To co\u015b, co b\u0119d\u0105 ceni\u0107 i pami\u0119ta\u0107 przez d\u0142ugi czas. \u015awi\u0119tuj wi\u0119c ich 40 urodziny jedynym w swoim rodzaju spersonalizowanym prezentem i spraw, aby ich wyj\u0105tkowy dzie\u0144 by\u0142 jeszcze bardziej niezapomniany.<\/p>","protected":false},"excerpt":{"rendered":"<ul class=\"check-list\">\n<li>Spraw, aby czyje\u015b urodziny sta\u0142y si\u0119 wyj\u0105tkowe dzi\u0119ki prezentowi, kt\u00f3ry opowiada histori\u0119 ich \u017cycia i zobacz, jak ich twarz promieniuje rado\u015bci\u0105<\/li>\n<li>Dodaj dedykacj\u0119 prosto z serca<\/li>\n<li>Spersonalizuj w 3 prostych krokach<\/li>\n<li>Wybierz jeden z naszych szablon\u00f3w lub stw\u00f3rz w\u0142asny<\/li>\n<li>Interaktywny podgl\u0105d pozwoli dopracowa\u0107 ka\u017cdy szczeg\u00f3\u0142<\/li>\n<\/ul>\n","protected":false},"featured_media":1269023,"template":"","meta":[],"product_brand":[],"product_cat":[8829,99,3126,11548,11209,11210],"product_tag":[13156,8468,17301,17371,17357,17437],"class_list":{"0":"post-964376","1":"product","2":"type-product","3":"status-publish","4":"has-post-thumbnail","6":"product_cat-kolaz-ze-zdjec-w-formie-napisu","7":"product_cat-wszystkie-produkty","8":"product_cat-prezent-na-urodziny","9":"product_cat-40-urodziny","10":"product_cat-prezenty-urodzinowe-dla-niej","11":"product_cat-prezenty-urodzinowe-dla-niego","12":"product_tag-40-urodziny","13":"product_tag-birthday-pl","14":"product_tag-prezent-urodzinowy","15":"product_tag-prezent-urodzinowy-dla-niego","16":"product_tag-prezent-urodzinowy-dla-niej","17":"product_tag-prezenty-urodzinowe","19":"first","20":"instock","21":"sale","22":"taxable","23":"shipping-taxable","24":"purchasable","25":"product-type-variable"},"yoast_head":"<!-- This site is optimized with the Yoast SEO Premium plugin v27.2 (Yoast SEO v27.2) - https:\/\/yoast.com\/product\/yoast-seo-premium-wordpress\/ -->\n<title>40 Urodziny - Kola\u017c ze Zdj\u0119\u0107 w Formie Napisu - Positive Prints<\/title>\n<meta name=\"description\" content=\"Kola\u017c ze Zdj\u0119\u0107 w Formie Napisu to wyj\u0105tkowy prezent, kt\u00f3rego nie znajdziesz w zwyk\u0142ym sklepie. Jest wyj\u0105tkowy i spersonalizowany specjalnie dla osoby maj\u0105cej urodziny.\" \/>\n<meta name=\"robots\" content=\"index, follow, max-snippet:-1, max-image-preview:large, max-video-preview:-1\" \/>\n<link rel=\"canonical\" href=\"https:\/\/positiveprints.com\/pl\/produkt\/40-urodziny-kolaz-ze-zdjec-w-formie-napisu\/\" \/>\n<meta property=\"og:locale\" content=\"pl_PL\" \/>\n<meta property=\"og:type\" content=\"article\" \/>\n<meta property=\"og:title\" content=\"40 Urodziny - Kola\u017c ze Zdj\u0119\u0107 w Formie Napisu\" \/>\n<meta property=\"og:description\" content=\"Spraw, aby czyje\u015b urodziny sta\u0142y si\u0119 wyj\u0105tkowe dzi\u0119ki prezentowi, kt\u00f3ry opowiada histori\u0119 ich \u017cycia i zobacz, jak ich twarz promieniuje rado\u015bci\u0105   Dodaj dedykacj\u0119 prosto z serca   Spersonalizuj w 3 prostych krokach   Wybierz jeden z naszych szablon\u00f3w lub stw\u00f3rz w\u0142asny   Interaktywny podgl\u0105d pozwoli dopracowa\u0107 ka\u017cdy szczeg\u00f3\u0142\" \/>\n<meta property=\"og:url\" content=\"https:\/\/positiveprints.com\/pl\/produkt\/40-urodziny-kolaz-ze-zdjec-w-formie-napisu\/\" \/>\n<meta property=\"og:site_name\" content=\"Positive Prints\" \/>\n<meta property=\"article:publisher\" content=\"https:\/\/www.facebook.com\/positiveprintscom\" \/>\n<meta property=\"article:modified_time\" content=\"2026-04-12T21:15:59+00:00\" \/>\n<meta property=\"og:image\" content=\"https:\/\/positiveprints.com\/wp-content\/uploads\/2024\/11\/Packshot_PL_40th-Birthday-Photo-Collage-product-image-.webp\" \/>\n\t<meta property=\"og:image:width\" content=\"1450\" \/>\n\t<meta property=\"og:image:height\" content=\"1450\" \/>\n\t<meta property=\"og:image:type\" content=\"image\/webp\" \/>\n<meta name=\"twitter:card\" content=\"summary_large_image\" \/>\n<meta name=\"twitter:label1\" content=\"Szacowany czas czytania\" \/>\n\t<meta name=\"twitter:data1\" content=\"2 minuty\" \/>\n<!-- \/ Yoast SEO Premium plugin. -->","yoast_head_json":{"title":"40 Urodziny - Kola\u017c ze Zdj\u0119\u0107 w Formie Napisu - Positive Prints","description":"Kola\u017c ze Zdj\u0119\u0107 w Formie Napisu to wyj\u0105tkowy prezent, kt\u00f3rego nie znajdziesz w zwyk\u0142ym sklepie. Jest wyj\u0105tkowy i spersonalizowany specjalnie dla osoby maj\u0105cej urodziny.","robots":{"index":"index","follow":"follow","max-snippet":"max-snippet:-1","max-image-preview":"max-image-preview:large","max-video-preview":"max-video-preview:-1"},"canonical":"https:\/\/positiveprints.com\/pl\/produkt\/40-urodziny-kolaz-ze-zdjec-w-formie-napisu\/","og_locale":"pl_PL","og_type":"article","og_title":"40 Urodziny - Kola\u017c ze Zdj\u0119\u0107 w Formie Napisu","og_description":"Spraw, aby czyje\u015b urodziny sta\u0142y si\u0119 wyj\u0105tkowe dzi\u0119ki prezentowi, kt\u00f3ry opowiada histori\u0119 ich \u017cycia i zobacz, jak ich twarz promieniuje rado\u015bci\u0105   Dodaj dedykacj\u0119 prosto z serca   Spersonalizuj w 3 prostych krokach   Wybierz jeden z naszych szablon\u00f3w lub stw\u00f3rz w\u0142asny   Interaktywny podgl\u0105d pozwoli dopracowa\u0107 ka\u017cdy szczeg\u00f3\u0142","og_url":"https:\/\/positiveprints.com\/pl\/produkt\/40-urodziny-kolaz-ze-zdjec-w-formie-napisu\/","og_site_name":"Positive Prints","article_publisher":"https:\/\/www.facebook.com\/positiveprintscom","article_modified_time":"2026-04-12T21:15:59+00:00","og_image":[{"width":1450,"height":1450,"url":"https:\/\/positiveprints.com\/wp-content\/uploads\/2024\/11\/Packshot_PL_40th-Birthday-Photo-Collage-product-image-.webp","type":"image\/webp"}],"twitter_card":"summary_large_image","twitter_misc":{"Szacowany czas czytania":"2 minuty"},"schema":{"@context":"https:\/\/schema.org","@graph":[{"@type":["WebPage","ItemPage"],"@id":"https:\/\/positiveprints.com\/pl\/produkt\/40-urodziny-kolaz-ze-zdjec-w-formie-napisu\/","url":"https:\/\/positiveprints.com\/pl\/produkt\/40-urodziny-kolaz-ze-zdjec-w-formie-napisu\/","name":"40 Urodziny - Kola\u017c ze Zdj\u0119\u0107 w Formie Napisu - Positive Prints","isPartOf":{"@id":"https:\/\/positiveprints.com\/pl\/#website"},"primaryImageOfPage":{"@id":"https:\/\/positiveprints.com\/pl\/produkt\/40-urodziny-kolaz-ze-zdjec-w-formie-napisu\/#primaryimage"},"image":{"@id":"https:\/\/positiveprints.com\/pl\/produkt\/40-urodziny-kolaz-ze-zdjec-w-formie-napisu\/#primaryimage"},"thumbnailUrl":"https:\/\/positiveprints.com\/wp-content\/uploads\/2024\/11\/Packshot_PL_40th-Birthday-Photo-Collage-product-image-.webp","datePublished":"2023-10-09T11:59:49+00:00","dateModified":"2026-04-12T21:15:59+00:00","description":"Kola\u017c ze Zdj\u0119\u0107 w Formie Napisu to wyj\u0105tkowy prezent, kt\u00f3rego nie znajdziesz w zwyk\u0142ym sklepie. Jest wyj\u0105tkowy i spersonalizowany specjalnie dla osoby maj\u0105cej urodziny.","breadcrumb":{"@id":"https:\/\/positiveprints.com\/pl\/produkt\/40-urodziny-kolaz-ze-zdjec-w-formie-napisu\/#breadcrumb"},"inLanguage":"pl-PL","potentialAction":[{"@type":"ReadAction","target":["https:\/\/positiveprints.com\/pl\/produkt\/40-urodziny-kolaz-ze-zdjec-w-formie-napisu\/"]}]},{"@type":"ImageObject","inLanguage":"pl-PL","@id":"https:\/\/positiveprints.com\/pl\/produkt\/40-urodziny-kolaz-ze-zdjec-w-formie-napisu\/#primaryimage","url":"https:\/\/positiveprints.com\/wp-content\/uploads\/2024\/11\/Packshot_PL_40th-Birthday-Photo-Collage-product-image-.webp","contentUrl":"https:\/\/positiveprints.com\/wp-content\/uploads\/2024\/11\/Packshot_PL_40th-Birthday-Photo-Collage-product-image-.webp","width":1450,"height":1450},{"@type":"BreadcrumbList","@id":"https:\/\/positiveprints.com\/pl\/produkt\/40-urodziny-kolaz-ze-zdjec-w-formie-napisu\/#breadcrumb","itemListElement":[{"@type":"ListItem","position":1,"name":"Home","item":"https:\/\/positiveprints.com\/pl\/"},{"@type":"ListItem","position":2,"name":"Produkty","item":"https:\/\/positiveprints.com\/pl\/shop\/"},{"@type":"ListItem","position":3,"name":"40 Urodziny &#8211; Kola\u017c ze Zdj\u0119\u0107 w Formie Napisu"}]},{"@type":"WebSite","@id":"https:\/\/positiveprints.com\/pl\/#website","url":"https:\/\/positiveprints.com\/pl\/","name":"Positive Prints","description":"Amazing Custom Personalized Gifts","publisher":{"@id":"https:\/\/positiveprints.com\/pl\/#organization"},"potentialAction":[{"@type":"SearchAction","target":{"@type":"EntryPoint","urlTemplate":"https:\/\/positiveprints.com\/pl\/?s={search_term_string}"},"query-input":{"@type":"PropertyValueSpecification","valueRequired":true,"valueName":"search_term_string"}}],"inLanguage":"pl-PL"},{"@type":"Organization","@id":"https:\/\/positiveprints.com\/pl\/#organization","name":"Positive Prints","alternateName":"Positive Prints","url":"https:\/\/positiveprints.com\/pl\/","logo":{"@type":"ImageObject","inLanguage":"pl-PL","@id":"https:\/\/positiveprints.com\/pl\/#\/schema\/logo\/image\/","url":"https:\/\/positiveprints.com\/wp-content\/uploads\/2026\/03\/245815646_1337939713319158_5671353136411139666_n.png","contentUrl":"https:\/\/positiveprints.com\/wp-content\/uploads\/2026\/03\/245815646_1337939713319158_5671353136411139666_n.png","width":800,"height":800,"caption":"Positive Prints"},"image":{"@id":"https:\/\/positiveprints.com\/pl\/#\/schema\/logo\/image\/"},"sameAs":["https:\/\/www.facebook.com\/positiveprintscom","https:\/\/www.instagram.com\/positiveprintscom\/","https:\/\/www.tiktok.com\/@positiveprintscom","https:\/\/www.pinterest.com\/positiveprintscom\/"]}]}},"jetpack_sharing_enabled":true,"_links":{"self":[{"href":"https:\/\/positiveprints.com\/pl\/wp-json\/wp\/v2\/product\/964376","targetHints":{"allow":["GET"]}}],"collection":[{"href":"https:\/\/positiveprints.com\/pl\/wp-json\/wp\/v2\/product"}],"about":[{"href":"https:\/\/positiveprints.com\/pl\/wp-json\/wp\/v2\/types\/product"}],"wp:featuredmedia":[{"embeddable":true,"href":"https:\/\/positiveprints.com\/pl\/wp-json\/wp\/v2\/media\/1269023"}],"wp:attachment":[{"href":"https:\/\/positiveprints.com\/pl\/wp-json\/wp\/v2\/media?parent=964376"}],"wp:term":[{"taxonomy":"product_brand","embeddable":true,"href":"https:\/\/positiveprints.com\/pl\/wp-json\/wp\/v2\/product_brand?post=964376"},{"taxonomy":"product_cat","embeddable":true,"href":"https:\/\/positiveprints.com\/pl\/wp-json\/wp\/v2\/product_cat?post=964376"},{"taxonomy":"product_tag","embeddable":true,"href":"https:\/\/positiveprints.com\/pl\/wp-json\/wp\/v2\/product_tag?post=964376"}],"curies":[{"name":"wp","href":"https:\/\/api.w.org\/{rel}","templated":true}]}}