{"id":964359,"date":"2023-05-29T09:58:20","date_gmt":"2023-05-29T08:58:20","guid":{"rendered":"https:\/\/positiveprints.com\/?post_type=product&#038;p=964359"},"modified":"2026-04-12T22:16:05","modified_gmt":"2026-04-12T21:16:05","slug":"kolaz-urodzinowy-z-data","status":"publish","type":"product","link":"https:\/\/positiveprints.com\/pl\/produkt\/kolaz-urodzinowy-z-data\/","title":{"rendered":"Kola\u017c urodzinowy z dat\u0105"},"content":{"rendered":"<h2 class=\"grenB f24 cblue\" style=\"margin-top: 3rem\">Kola\u017c urodzinowy z dat\u0105: wyj\u0105tkowy, spersonalizowany prezent\r\n<\/h2>\r\n\r\n<p style=\"margin-top: 1rem\">Kola\u017c urodzinowy z dat\u0105 to wyj\u0105tkowy i jedyny w swoim rodzaju prezent, kt\u00f3ry mo\u017cesz podarowa\u0107 z okazji czyich\u015b urodzin. Ten niesamowity prezent to spersonalizowany wydruk lub p\u0142\u00f3tno zaprojektowane specjalnie dla osoby obchodz\u0105cej urodziny. Jest to kola\u017c zdj\u0119\u0107 sk\u0142adaj\u0105cy si\u0119 z liczby odpowiadaj\u0105cej rokowi urodzenia. Czy to nie wspania\u0142e?<\/p>\r\n\r\n<h2 class=\"grenB f24 cblue\" style=\"margin-top: 3rem\">Tworzenie Kola\u017cu Zdj\u0119\u0107 w Formie Napisu<\/h2>\r\n\r\n\r\n<p style=\"margin-top: 1rem\">Stworzenie Kola\u017cu Zdj\u0119\u0107 w Formie Napisu jest niezwykle \u0142atwe. Wystarczy, \u017ce odwiedzisz nasz edytor online. Tam mo\u017cesz wprowadzi\u0107 rok urodzenia osoby obchodz\u0105cej urodziny. Nast\u0119pnie masz mo\u017cliwo\u015b\u0107 wyboru koloru konturu cyfr w kola\u017cu.<\/p>\r\n\r\n<p style=\"margin-top: 1rem\">Po wybraniu roku i koloru konturu zaczyna si\u0119 zabawa! Dla ka\u017cdej cyfry kola\u017cu mo\u017cesz przes\u0142a\u0107 specjalne zdj\u0119cia. Wyobra\u017a sobie, \u017ce mo\u017cesz wspomina\u0107 i pokazywa\u0107 pami\u0119tne chwile z przesz\u0142o\u015bci. Mo\u017cesz wybra\u0107 zdj\u0119cie, kt\u00f3re reprezentuje ka\u017cd\u0105 cyfr\u0119 roku urodzenia.<\/p>\r\n\r\n<p style=\"margin-top: 1rem\">Aby uczyni\u0107 ten prezent jeszcze bardziej osobistym, mo\u017cesz doda\u0107 tekst lub serdeczn\u0105 wiadomo\u015b\u0107 pod kola\u017cem. To Twoja szansa, aby wyrazi\u0107 swoj\u0105 mi\u0142o\u015b\u0107, podzieli\u0107 si\u0119 dowcipami lub po prostu \u017cyczy\u0107 im fantastycznych urodzin.<\/p>\r\n\r\n<h2 class=\"grenB f24 cblue\" style=\"margin-top: 3rem\">Opcje sk\u0142adania zam\u00f3wienia na Tw\u00f3j idealny prezent<\/h2>\r\n\r\n<p style=\"margin-top: 1rem\">Kola\u017c zdj\u0119\u0107 mo\u017cna zam\u00f3wi\u0107 w r\u00f3\u017cnych formatach i rozmiarach. Mo\u017cna go zam\u00f3wi\u0107 jako plakat zwyk\u0142y lub w ramce. Je\u017celi wolisz bardziej artystyczny charakter, mo\u017cesz wybra\u0107 wydruk na p\u0142\u00f3tnie. A dla tych, kt\u00f3rzy chc\u0105 natychmiastowej satysfakcji, oferujemy r\u00f3wnie\u017c opcj\u0119 pobierania cyfrowego. Wyb\u00f3r nale\u017cy do Ciebie!<\/p>\r\n\r\n<h2 class=\"grenB f24 cblue\" style=\"margin-top: 3rem\">Prezent wyr\u00f3\u017cniaj\u0105cy si\u0119 na tle innych<\/h2>\r\n\r\n<p style=\"margin-top: 1rem\">Ten niezwyk\u0142y prezent wyr\u00f3\u017cnia si\u0119 spo\u015br\u00f3d innych, kt\u00f3re mo\u017cna znale\u017a\u0107 na p\u00f3\u0142kach sklepowych. Nie jest to tylko przypadkowy przedmiot, o kt\u00f3rym mo\u017cna \u0142atwo zapomnie\u0107. To prezent naprawd\u0119 wyj\u0105tkowy i osobisty. Urodzinowy kola\u017c zdj\u0119\u0107 w kszta\u0142cie roku upami\u0119tnia wyj\u0105tkowy rok narodzin danej osoby i prezentuje cenne wspomnienia tej osoby. Jest to prezent, kt\u00f3ry b\u0119dzie ceniony przez wiele lat, przypominaj\u0105c im o radosnych chwilach, kt\u00f3rych do\u015bwiadczyli po drodze.<\/p>","protected":false},"excerpt":{"rendered":"<ul class=\"check-list\">\n<li>Prze\u015blij ulubione zdj\u0119cia<\/li>\n<li>Dodaj osobist\u0105 dedykacj\u0119<\/li>\n<li>Spersonalizuj projekt w 3 prostych krokach<\/li>\n<li>Interaktywny podgl\u0105d pozwoli dopracowa\u0107 ka\u017cdy szczeg\u00f3\u0142<\/li>\n<\/ul>\n","protected":false},"featured_media":1679384,"template":"","meta":[],"product_brand":[],"product_cat":[8829,99,3126,11209,11210,8010,7658,7690,7770],"product_tag":[8468,17301,17371,17357,17437],"class_list":{"0":"post-964359","1":"product","2":"type-product","3":"status-publish","4":"has-post-thumbnail","6":"product_cat-kolaz-ze-zdjec-w-formie-napisu","7":"product_cat-wszystkie-produkty","8":"product_cat-prezent-na-urodziny","9":"product_cat-prezenty-urodzinowe-dla-niej","10":"product_cat-prezenty-urodzinowe-dla-niego","11":"product_cat-prezent-dla-mezczyzny","12":"product_cat-prezent-dla-syna","13":"product_cat-prezent-dla-kobiety","14":"product_cat-prezent-dla-corki","15":"product_tag-birthday-pl","16":"product_tag-prezent-urodzinowy","17":"product_tag-prezent-urodzinowy-dla-niego","18":"product_tag-prezent-urodzinowy-dla-niej","19":"product_tag-prezenty-urodzinowe","21":"first","22":"instock","23":"sale","24":"taxable","25":"shipping-taxable","26":"purchasable","27":"product-type-variable"},"yoast_head":"<!-- This site is optimized with the Yoast SEO Premium plugin v27.2 (Yoast SEO v27.2) - https:\/\/yoast.com\/product\/yoast-seo-premium-wordpress\/ -->\n<title>Kola\u017c urodzinowy z dat\u0105 - Positive Prints<\/title>\n<meta name=\"description\" content=\"Szukasz wyj\u0105tkowego prezentu urodzinowego? Spersonalizowany fotokola\u017c pe\u0142en wsp\u00f3lnych wspomnie\u0144 to wzruszaj\u0105ca pami\u0105tka na ca\u0142e \u017cycie.\" \/>\n<meta name=\"robots\" content=\"index, follow, max-snippet:-1, max-image-preview:large, max-video-preview:-1\" \/>\n<link rel=\"canonical\" href=\"https:\/\/positiveprints.com\/pl\/produkt\/kolaz-urodzinowy-z-data\/\" \/>\n<meta property=\"og:locale\" content=\"pl_PL\" \/>\n<meta property=\"og:type\" content=\"article\" \/>\n<meta property=\"og:title\" content=\"Kola\u017c urodzinowy z dat\u0105\" \/>\n<meta property=\"og:description\" content=\"Prze\u015blij ulubione zdj\u0119cia  Dodaj osobist\u0105 dedykacj\u0119  Spersonalizuj projekt w 3 prostych krokach  Interaktywny podgl\u0105d pozwoli dopracowa\u0107 ka\u017cdy szczeg\u00f3\u0142\" \/>\n<meta property=\"og:url\" content=\"https:\/\/positiveprints.com\/pl\/produkt\/kolaz-urodzinowy-z-data\/\" \/>\n<meta property=\"og:site_name\" content=\"Positive Prints\" \/>\n<meta property=\"article:publisher\" content=\"https:\/\/www.facebook.com\/positiveprintscom\" \/>\n<meta property=\"article:modified_time\" content=\"2026-04-12T21:16:05+00:00\" \/>\n<meta property=\"og:image\" content=\"https:\/\/positiveprints.com\/wp-content\/uploads\/2025\/06\/Packshot_PL_Kolaz\u0307-urodzinowy-z-data\u0328.webp\" \/>\n\t<meta property=\"og:image:width\" content=\"1450\" \/>\n\t<meta property=\"og:image:height\" content=\"1450\" \/>\n\t<meta property=\"og:image:type\" content=\"image\/webp\" \/>\n<meta name=\"twitter:card\" content=\"summary_large_image\" \/>\n<meta name=\"twitter:label1\" content=\"Szacowany czas czytania\" \/>\n\t<meta name=\"twitter:data1\" content=\"2 minuty\" \/>\n<!-- \/ Yoast SEO Premium plugin. -->","yoast_head_json":{"title":"Kola\u017c urodzinowy z dat\u0105 - Positive Prints","description":"Szukasz wyj\u0105tkowego prezentu urodzinowego? Spersonalizowany fotokola\u017c pe\u0142en wsp\u00f3lnych wspomnie\u0144 to wzruszaj\u0105ca pami\u0105tka na ca\u0142e \u017cycie.","robots":{"index":"index","follow":"follow","max-snippet":"max-snippet:-1","max-image-preview":"max-image-preview:large","max-video-preview":"max-video-preview:-1"},"canonical":"https:\/\/positiveprints.com\/pl\/produkt\/kolaz-urodzinowy-z-data\/","og_locale":"pl_PL","og_type":"article","og_title":"Kola\u017c urodzinowy z dat\u0105","og_description":"Prze\u015blij ulubione zdj\u0119cia  Dodaj osobist\u0105 dedykacj\u0119  Spersonalizuj projekt w 3 prostych krokach  Interaktywny podgl\u0105d pozwoli dopracowa\u0107 ka\u017cdy szczeg\u00f3\u0142","og_url":"https:\/\/positiveprints.com\/pl\/produkt\/kolaz-urodzinowy-z-data\/","og_site_name":"Positive Prints","article_publisher":"https:\/\/www.facebook.com\/positiveprintscom","article_modified_time":"2026-04-12T21:16:05+00:00","og_image":[{"width":1450,"height":1450,"url":"https:\/\/positiveprints.com\/wp-content\/uploads\/2025\/06\/Packshot_PL_Kolaz\u0307-urodzinowy-z-data\u0328.webp","type":"image\/webp"}],"twitter_card":"summary_large_image","twitter_misc":{"Szacowany czas czytania":"2 minuty"},"schema":{"@context":"https:\/\/schema.org","@graph":[{"@type":["WebPage","ItemPage"],"@id":"https:\/\/positiveprints.com\/pl\/produkt\/kolaz-urodzinowy-z-data\/","url":"https:\/\/positiveprints.com\/pl\/produkt\/kolaz-urodzinowy-z-data\/","name":"Kola\u017c urodzinowy z dat\u0105 - Positive Prints","isPartOf":{"@id":"https:\/\/positiveprints.com\/pl\/#website"},"primaryImageOfPage":{"@id":"https:\/\/positiveprints.com\/pl\/produkt\/kolaz-urodzinowy-z-data\/#primaryimage"},"image":{"@id":"https:\/\/positiveprints.com\/pl\/produkt\/kolaz-urodzinowy-z-data\/#primaryimage"},"thumbnailUrl":"https:\/\/positiveprints.com\/wp-content\/uploads\/2026\/03\/rok_PL-Packshot.webp","datePublished":"2023-05-29T08:58:20+00:00","dateModified":"2026-04-12T21:16:05+00:00","description":"Szukasz wyj\u0105tkowego prezentu urodzinowego? Spersonalizowany fotokola\u017c pe\u0142en wsp\u00f3lnych wspomnie\u0144 to wzruszaj\u0105ca pami\u0105tka na ca\u0142e \u017cycie.","breadcrumb":{"@id":"https:\/\/positiveprints.com\/pl\/produkt\/kolaz-urodzinowy-z-data\/#breadcrumb"},"inLanguage":"pl-PL","potentialAction":[{"@type":"ReadAction","target":["https:\/\/positiveprints.com\/pl\/produkt\/kolaz-urodzinowy-z-data\/"]}]},{"@type":"ImageObject","inLanguage":"pl-PL","@id":"https:\/\/positiveprints.com\/pl\/produkt\/kolaz-urodzinowy-z-data\/#primaryimage","url":"https:\/\/positiveprints.com\/wp-content\/uploads\/2026\/03\/rok_PL-Packshot.webp","contentUrl":"https:\/\/positiveprints.com\/wp-content\/uploads\/2026\/03\/rok_PL-Packshot.webp","width":1450,"height":1450},{"@type":"BreadcrumbList","@id":"https:\/\/positiveprints.com\/pl\/produkt\/kolaz-urodzinowy-z-data\/#breadcrumb","itemListElement":[{"@type":"ListItem","position":1,"name":"Home","item":"https:\/\/positiveprints.com\/pl\/"},{"@type":"ListItem","position":2,"name":"Produkty","item":"https:\/\/positiveprints.com\/pl\/shop\/"},{"@type":"ListItem","position":3,"name":"Kola\u017c urodzinowy z dat\u0105"}]},{"@type":"WebSite","@id":"https:\/\/positiveprints.com\/pl\/#website","url":"https:\/\/positiveprints.com\/pl\/","name":"Positive Prints","description":"Amazing Custom Personalized Gifts","publisher":{"@id":"https:\/\/positiveprints.com\/pl\/#organization"},"potentialAction":[{"@type":"SearchAction","target":{"@type":"EntryPoint","urlTemplate":"https:\/\/positiveprints.com\/pl\/?s={search_term_string}"},"query-input":{"@type":"PropertyValueSpecification","valueRequired":true,"valueName":"search_term_string"}}],"inLanguage":"pl-PL"},{"@type":"Organization","@id":"https:\/\/positiveprints.com\/pl\/#organization","name":"Positive Prints","alternateName":"Positive Prints","url":"https:\/\/positiveprints.com\/pl\/","logo":{"@type":"ImageObject","inLanguage":"pl-PL","@id":"https:\/\/positiveprints.com\/pl\/#\/schema\/logo\/image\/","url":"https:\/\/positiveprints.com\/wp-content\/uploads\/2026\/03\/245815646_1337939713319158_5671353136411139666_n.png","contentUrl":"https:\/\/positiveprints.com\/wp-content\/uploads\/2026\/03\/245815646_1337939713319158_5671353136411139666_n.png","width":800,"height":800,"caption":"Positive Prints"},"image":{"@id":"https:\/\/positiveprints.com\/pl\/#\/schema\/logo\/image\/"},"sameAs":["https:\/\/www.facebook.com\/positiveprintscom","https:\/\/www.instagram.com\/positiveprintscom\/","https:\/\/www.tiktok.com\/@positiveprintscom","https:\/\/www.pinterest.com\/positiveprintscom\/"]}]}},"jetpack_sharing_enabled":true,"_links":{"self":[{"href":"https:\/\/positiveprints.com\/pl\/wp-json\/wp\/v2\/product\/964359","targetHints":{"allow":["GET"]}}],"collection":[{"href":"https:\/\/positiveprints.com\/pl\/wp-json\/wp\/v2\/product"}],"about":[{"href":"https:\/\/positiveprints.com\/pl\/wp-json\/wp\/v2\/types\/product"}],"wp:featuredmedia":[{"embeddable":true,"href":"https:\/\/positiveprints.com\/pl\/wp-json\/wp\/v2\/media\/1679384"}],"wp:attachment":[{"href":"https:\/\/positiveprints.com\/pl\/wp-json\/wp\/v2\/media?parent=964359"}],"wp:term":[{"taxonomy":"product_brand","embeddable":true,"href":"https:\/\/positiveprints.com\/pl\/wp-json\/wp\/v2\/product_brand?post=964359"},{"taxonomy":"product_cat","embeddable":true,"href":"https:\/\/positiveprints.com\/pl\/wp-json\/wp\/v2\/product_cat?post=964359"},{"taxonomy":"product_tag","embeddable":true,"href":"https:\/\/positiveprints.com\/pl\/wp-json\/wp\/v2\/product_tag?post=964359"}],"curies":[{"name":"wp","href":"https:\/\/api.w.org\/{rel}","templated":true}]}}