{"id":964356,"date":"2023-05-24T12:29:12","date_gmt":"2023-10-09T11:19:43","guid":{"rendered":"https:\/\/positiveprints.com\/?post_type=product&#038;p=964356"},"modified":"2026-04-28T14:19:29","modified_gmt":"2026-04-28T13:19:29","slug":"zareczyny-kolaz-ze-zdjec-w-formie-napisu","status":"publish","type":"product","link":"https:\/\/positiveprints.com\/pl\/produkt\/zareczyny-kolaz-ze-zdjec-w-formie-napisu\/","title":{"rendered":"Zar\u0119czyny &#8211; Kola\u017c ze Zdj\u0119\u0107 w Formie Napisu"},"content":{"rendered":"<p style=\"margin-top: 1rem\">Kola\u017c zdj\u0119\u0107 w formie napisu to wyj\u0105tkowy prezent na zar\u0119czyny. To jedyny w swoim rodzaju wydruk, w kt\u00f3rym wszystko mo\u017cna spersonalizowa\u0107! To kola\u017c zdj\u0119\u0107, w kt\u00f3rym mo\u017cesz wybra\u0107 dowolne kr\u00f3tkie s\u0142owo. Mo\u017ce to by\u0107 data zar\u0119czyn lub s\u0142owa takie jak \u201etak!\u201d, \u201ezar\u0119czeni\u201d lub \u201ekocham ci\u0119\u201d. To Ty mo\u017cesz zdecydowa\u0107!<\/p>\r\n\r\n<p style=\"margin-top: 1rem\">Stworzenie kola\u017cu zdj\u0119\u0107 w formie napisu jest niezwykle \u0142atwe. Wystarczy wej\u015b\u0107 na nasz\u0105 stron\u0119 internetow\u0105 i skorzysta\u0107 z naszego specjalnego narz\u0119dzia. Najpierw wybierz s\u0142owo lub wpisz w\u0142asne. Mo\u017cesz nawet wybra\u0107 kolor konturu wok\u00f3\u0142 liter. Nast\u0119pnie mo\u017cesz doda\u0107 obrazek do ka\u017cdej litery. Nie zapomnij, \u017ce pod kola\u017cem mo\u017cesz tak\u017ce umie\u015bci\u0107 osobist\u0105 wiadomo\u015b\u0107.<\/p>\r\n\r\n<p style=\"margin-top: 1rem\">Najlepsze jest to, \u017ce mo\u017cesz wybra\u0107, w jaki spos\u00f3b chcesz otrzyma\u0107 spersonalizowan\u0105 grafik\u0119. Oferujemy r\u00f3\u017cne rozmiary i formaty. Mo\u017cesz otrzyma\u0107 wydrukowany plakat, plakat w ramce, p\u0142\u00f3tno, a nawet wersj\u0119 cyfrow\u0105, kt\u00f3r\u0105 mo\u017cesz natychmiast pobra\u0107.<\/p>\r\n\r\n<p style=\"margin-top: 1rem\">Tym, co sprawia, \u017ce kola\u017c zdj\u0119\u0107 w formie napisu jest tak wyj\u0105tkowy, jest to, \u017ce nie przypomina \u017cadnego innego prezentu, kt\u00f3ry mo\u017cna kupi\u0107 w sklepie. Jest jedyny w swoim rodzaju i stworzony specjalnie dla Ciebie. To spos\u00f3b na okazanie mi\u0142o\u015bci i sprawienie, \u017ce wspomnienia pozostan\u0105 na zawsze. To prezent wyj\u0105tkowy i osobisty, podobnie jak mi\u0142o\u015b\u0107 mi\u0119dzy Tob\u0105 a Twoj\u0105 wyj\u0105tkow\u0105 osob\u0105.<\/p>\r\n\r\n<p style=\"margin-top: 1rem\">\u015awi\u0119tuj wi\u0119c swoje zar\u0119czyny, tworz\u0105c wyj\u0105tkowy kola\u017c zdj\u0119\u0107. To prezent pe\u0142en mi\u0142o\u015bci i cennych chwil. To przypomnienie Waszej wyj\u0105tkowej wi\u0119zi, kt\u00f3re wywo\u0142a u\u015bmiech na Waszej twarzy za ka\u017cdym razem, gdy je zobaczycie. B\u0105d\u017a kreatywny, podziel si\u0119 swoj\u0105 histori\u0105 i zr\u00f3b prezent, kt\u00f3ry b\u0119dzie ceniony na zawsze.<\/p>","protected":false},"excerpt":{"rendered":"<ul class=\"check-list\">\n<li>Celebruj niezapomnian\u0105 chwil\u0119 zar\u0119czyn, wyra\u017caj\u0105c swoj\u0105 mi\u0142o\u015b\u0107 i wdzi\u0119czno\u015b\u0107 w znacz\u0105cy i jedyny w swoim rodzaju spos\u00f3b<\/li>\n<li>Dodaj dedykacj\u0119 prosto z serca<\/li>\n<li>Spersonalizuj w 3 prostych krokach<\/li>\n<li>Wybierz jeden z naszych szablon\u00f3w lub stw\u00f3rz w\u0142asny<\/li>\n<li>Interaktywny podgl\u0105d pozwoli dopracowa\u0107 ka\u017cdy szczeg\u00f3\u0142<\/li>\n<\/ul>\n","protected":false},"featured_media":1280315,"template":"","meta":[],"product_brand":[],"product_cat":[8829,7929,99,5279],"product_tag":[8437],"class_list":{"0":"post-964356","1":"product","2":"type-product","3":"status-publish","4":"has-post-thumbnail","6":"product_cat-kolaz-ze-zdjec-w-formie-napisu","7":"product_cat-prezent-na-wieczor-panienski","8":"product_cat-wszystkie-produkty","9":"product_cat-prezent-na-zareczyny","10":"product_tag-zareczyny","12":"first","13":"instock","14":"sale","15":"taxable","16":"shipping-taxable","17":"purchasable","18":"product-type-variable"},"yoast_head":"<!-- This site is optimized with the Yoast SEO Premium plugin v27.2 (Yoast SEO v27.2) - https:\/\/yoast.com\/product\/yoast-seo-premium-wordpress\/ -->\n<title>Zar\u0119czyny - Kola\u017c ze Zdj\u0119\u0107 w Formie Napisu - Positive Prints<\/title>\n<meta name=\"description\" content=\"Celebruj swoje zar\u0119czyny za pomoc\u0105 wyj\u0105tkowego kola\u017cu zdj\u0119\u0107 w formie napisu. To prezent pe\u0142en mi\u0142o\u015bci i cennych chwil.\" \/>\n<meta name=\"robots\" content=\"index, follow, max-snippet:-1, max-image-preview:large, max-video-preview:-1\" \/>\n<link rel=\"canonical\" href=\"https:\/\/positiveprints.com\/pl\/produkt\/zareczyny-kolaz-ze-zdjec-w-formie-napisu\/\" \/>\n<meta property=\"og:locale\" content=\"pl_PL\" \/>\n<meta property=\"og:type\" content=\"article\" \/>\n<meta property=\"og:title\" content=\"Zar\u0119czyny - Kola\u017c ze Zdj\u0119\u0107 w Formie Napisu\" \/>\n<meta property=\"og:description\" content=\"Celebruj niezapomnian\u0105 chwil\u0119 zar\u0119czyn, wyra\u017caj\u0105c swoj\u0105 mi\u0142o\u015b\u0107 i wdzi\u0119czno\u015b\u0107 w znacz\u0105cy i jedyny w swoim rodzaju spos\u00f3b  Dodaj dedykacj\u0119 prosto z serca  Spersonalizuj w 3 prostych krokach  Wybierz jeden z naszych szablon\u00f3w lub stw\u00f3rz w\u0142asny  Interaktywny podgl\u0105d pozwoli dopracowa\u0107 ka\u017cdy szczeg\u00f3\u0142\" \/>\n<meta property=\"og:url\" content=\"https:\/\/positiveprints.com\/pl\/produkt\/zareczyny-kolaz-ze-zdjec-w-formie-napisu\/\" \/>\n<meta property=\"og:site_name\" content=\"Positive Prints\" \/>\n<meta property=\"article:publisher\" content=\"https:\/\/www.facebook.com\/positiveprintscom\" \/>\n<meta property=\"article:modified_time\" content=\"2026-04-28T13:19:29+00:00\" \/>\n<meta property=\"og:image\" content=\"https:\/\/positiveprints.com\/wp-content\/uploads\/2024\/11\/Packshot_PL_Engagement-Letter-Photo-Collage-product-image.webp\" \/>\n\t<meta property=\"og:image:width\" content=\"1450\" \/>\n\t<meta property=\"og:image:height\" content=\"1450\" \/>\n\t<meta property=\"og:image:type\" content=\"image\/webp\" \/>\n<meta name=\"twitter:card\" content=\"summary_large_image\" \/>\n<!-- \/ Yoast SEO Premium plugin. -->","yoast_head_json":{"title":"Zar\u0119czyny - Kola\u017c ze Zdj\u0119\u0107 w Formie Napisu - Positive Prints","description":"Celebruj swoje zar\u0119czyny za pomoc\u0105 wyj\u0105tkowego kola\u017cu zdj\u0119\u0107 w formie napisu. To prezent pe\u0142en mi\u0142o\u015bci i cennych chwil.","robots":{"index":"index","follow":"follow","max-snippet":"max-snippet:-1","max-image-preview":"max-image-preview:large","max-video-preview":"max-video-preview:-1"},"canonical":"https:\/\/positiveprints.com\/pl\/produkt\/zareczyny-kolaz-ze-zdjec-w-formie-napisu\/","og_locale":"pl_PL","og_type":"article","og_title":"Zar\u0119czyny - Kola\u017c ze Zdj\u0119\u0107 w Formie Napisu","og_description":"Celebruj niezapomnian\u0105 chwil\u0119 zar\u0119czyn, wyra\u017caj\u0105c swoj\u0105 mi\u0142o\u015b\u0107 i wdzi\u0119czno\u015b\u0107 w znacz\u0105cy i jedyny w swoim rodzaju spos\u00f3b  Dodaj dedykacj\u0119 prosto z serca  Spersonalizuj w 3 prostych krokach  Wybierz jeden z naszych szablon\u00f3w lub stw\u00f3rz w\u0142asny  Interaktywny podgl\u0105d pozwoli dopracowa\u0107 ka\u017cdy szczeg\u00f3\u0142","og_url":"https:\/\/positiveprints.com\/pl\/produkt\/zareczyny-kolaz-ze-zdjec-w-formie-napisu\/","og_site_name":"Positive Prints","article_publisher":"https:\/\/www.facebook.com\/positiveprintscom","article_modified_time":"2026-04-28T13:19:29+00:00","og_image":[{"width":1450,"height":1450,"url":"https:\/\/positiveprints.com\/wp-content\/uploads\/2024\/11\/Packshot_PL_Engagement-Letter-Photo-Collage-product-image.webp","type":"image\/webp"}],"twitter_card":"summary_large_image","schema":{"@context":"https:\/\/schema.org","@graph":[{"@type":["WebPage","ItemPage"],"@id":"https:\/\/positiveprints.com\/pl\/produkt\/zareczyny-kolaz-ze-zdjec-w-formie-napisu\/","url":"https:\/\/positiveprints.com\/pl\/produkt\/zareczyny-kolaz-ze-zdjec-w-formie-napisu\/","name":"Zar\u0119czyny - Kola\u017c ze Zdj\u0119\u0107 w Formie Napisu - Positive Prints","isPartOf":{"@id":"https:\/\/positiveprints.com\/pl\/#website"},"primaryImageOfPage":{"@id":"https:\/\/positiveprints.com\/pl\/produkt\/zareczyny-kolaz-ze-zdjec-w-formie-napisu\/#primaryimage"},"image":{"@id":"https:\/\/positiveprints.com\/pl\/produkt\/zareczyny-kolaz-ze-zdjec-w-formie-napisu\/#primaryimage"},"thumbnailUrl":"https:\/\/positiveprints.com\/wp-content\/uploads\/2024\/11\/Packshot_PL_Engagement-Letter-Photo-Collage-product-image.webp","datePublished":"2023-10-09T11:19:43+00:00","dateModified":"2026-04-28T13:19:29+00:00","description":"Celebruj swoje zar\u0119czyny za pomoc\u0105 wyj\u0105tkowego kola\u017cu zdj\u0119\u0107 w formie napisu. To prezent pe\u0142en mi\u0142o\u015bci i cennych chwil.","breadcrumb":{"@id":"https:\/\/positiveprints.com\/pl\/produkt\/zareczyny-kolaz-ze-zdjec-w-formie-napisu\/#breadcrumb"},"inLanguage":"pl-PL","potentialAction":[{"@type":"ReadAction","target":["https:\/\/positiveprints.com\/pl\/produkt\/zareczyny-kolaz-ze-zdjec-w-formie-napisu\/"]}]},{"@type":"ImageObject","inLanguage":"pl-PL","@id":"https:\/\/positiveprints.com\/pl\/produkt\/zareczyny-kolaz-ze-zdjec-w-formie-napisu\/#primaryimage","url":"https:\/\/positiveprints.com\/wp-content\/uploads\/2024\/11\/Packshot_PL_Engagement-Letter-Photo-Collage-product-image.webp","contentUrl":"https:\/\/positiveprints.com\/wp-content\/uploads\/2024\/11\/Packshot_PL_Engagement-Letter-Photo-Collage-product-image.webp","width":1450,"height":1450},{"@type":"BreadcrumbList","@id":"https:\/\/positiveprints.com\/pl\/produkt\/zareczyny-kolaz-ze-zdjec-w-formie-napisu\/#breadcrumb","itemListElement":[{"@type":"ListItem","position":1,"name":"Home","item":"https:\/\/positiveprints.com\/pl\/"},{"@type":"ListItem","position":2,"name":"Produkty","item":"https:\/\/positiveprints.com\/pl\/shop\/"},{"@type":"ListItem","position":3,"name":"Zar\u0119czyny &#8211; Kola\u017c ze Zdj\u0119\u0107 w Formie Napisu"}]},{"@type":"WebSite","@id":"https:\/\/positiveprints.com\/pl\/#website","url":"https:\/\/positiveprints.com\/pl\/","name":"Positive Prints","description":"Amazing Custom Personalized Gifts","publisher":{"@id":"https:\/\/positiveprints.com\/pl\/#organization"},"potentialAction":[{"@type":"SearchAction","target":{"@type":"EntryPoint","urlTemplate":"https:\/\/positiveprints.com\/pl\/?s={search_term_string}"},"query-input":{"@type":"PropertyValueSpecification","valueRequired":true,"valueName":"search_term_string"}}],"inLanguage":"pl-PL"},{"@type":"Organization","@id":"https:\/\/positiveprints.com\/pl\/#organization","name":"Positive Prints","alternateName":"Positive Prints","url":"https:\/\/positiveprints.com\/pl\/","logo":{"@type":"ImageObject","inLanguage":"pl-PL","@id":"https:\/\/positiveprints.com\/pl\/#\/schema\/logo\/image\/","url":"https:\/\/positiveprints.com\/wp-content\/uploads\/2026\/03\/245815646_1337939713319158_5671353136411139666_n.png","contentUrl":"https:\/\/positiveprints.com\/wp-content\/uploads\/2026\/03\/245815646_1337939713319158_5671353136411139666_n.png","width":800,"height":800,"caption":"Positive Prints"},"image":{"@id":"https:\/\/positiveprints.com\/pl\/#\/schema\/logo\/image\/"},"sameAs":["https:\/\/www.facebook.com\/positiveprintscom","https:\/\/www.instagram.com\/positiveprintscom\/","https:\/\/www.tiktok.com\/@positiveprintscom","https:\/\/www.pinterest.com\/positiveprintscom\/"]}]}},"jetpack_sharing_enabled":true,"_links":{"self":[{"href":"https:\/\/positiveprints.com\/pl\/wp-json\/wp\/v2\/product\/964356","targetHints":{"allow":["GET"]}}],"collection":[{"href":"https:\/\/positiveprints.com\/pl\/wp-json\/wp\/v2\/product"}],"about":[{"href":"https:\/\/positiveprints.com\/pl\/wp-json\/wp\/v2\/types\/product"}],"wp:featuredmedia":[{"embeddable":true,"href":"https:\/\/positiveprints.com\/pl\/wp-json\/wp\/v2\/media\/1280315"}],"wp:attachment":[{"href":"https:\/\/positiveprints.com\/pl\/wp-json\/wp\/v2\/media?parent=964356"}],"wp:term":[{"taxonomy":"product_brand","embeddable":true,"href":"https:\/\/positiveprints.com\/pl\/wp-json\/wp\/v2\/product_brand?post=964356"},{"taxonomy":"product_cat","embeddable":true,"href":"https:\/\/positiveprints.com\/pl\/wp-json\/wp\/v2\/product_cat?post=964356"},{"taxonomy":"product_tag","embeddable":true,"href":"https:\/\/positiveprints.com\/pl\/wp-json\/wp\/v2\/product_tag?post=964356"}],"curies":[{"name":"wp","href":"https:\/\/api.w.org\/{rel}","templated":true}]}}