{"id":964352,"date":"2023-05-24T11:19:29","date_gmt":"2023-05-24T10:19:29","guid":{"rendered":"https:\/\/positiveprints.com\/?post_type=product&#038;p=964352"},"modified":"2026-04-12T22:17:25","modified_gmt":"2026-04-12T21:17:25","slug":"slub-kolaz-ze-zdjec-w-formie-napisu","status":"publish","type":"product","link":"https:\/\/positiveprints.com\/pl\/produkt\/slub-kolaz-ze-zdjec-w-formie-napisu\/","title":{"rendered":"Mr &#038; Mrs &#8211; Fotokola\u017c"},"content":{"rendered":"<p style=\"margin-top: 1rem;\">\u015alubny Kola\u017c ze Zdj\u0119\u0107 w Formie Napisu to wyj\u0105tkowy, spersonalizowany prezent stworzony z my\u015bl\u0105 o zakochanych. To pi\u0119kna forma upami\u0119tnienia \u015blubu \u2013 kola\u017c, kt\u00f3ry zamienia ulubione zdj\u0119cia w wybrane s\u0142owo lub has\u0142o. Mo\u017ce to by\u0107 data \u015blubu, \u201eKocham Ci\u0119\u201d, \u201eTak!\u201d, \u201ePan i Pani\u201d, \u201eMi\u0142o\u015b\u0107\u201d \u2013 ogranicza Ci\u0119 tylko wyobra\u017ania. Dzi\u0119ki temu produktowi wyrazisz emocje i zatrzymasz magi\u0119 tego dnia na zawsze.<\/p>\r\n<p style=\"margin-top: 1rem;\">Tworzenie kola\u017cu jest bardzo proste dzi\u0119ki naszemu intuicyjnemu edytorowi online. Wystarczy wybra\u0107 lub wpisa\u0107 w\u0142asne s\u0142owo, dobra\u0107 kolor obrysu liter i przes\u0142a\u0107 po jednym zdj\u0119ciu do ka\u017cdej litery. Mo\u017cesz tak\u017ce doda\u0107 osobisty podpis lub dedykacj\u0119, kt\u00f3ra jeszcze bardziej spersonalizuje prezent.<\/p>\r\n<p style=\"margin-top: 1rem;\">Produkt dost\u0119pny jest w r\u00f3\u017cnych formatach i rozmiarach \u2013 jako plakat (drukowany lub oprawiony), eleganckie p\u0142\u00f3tno lub cyfrowy plik do samodzielnego pobrania i wydruku. Niezale\u017cnie od wybranej formy, zyskujesz pewno\u015b\u0107, \u017ce podarujesz co\u015b naprawd\u0119 niepowtarzalnego.<\/p>\r\n<p style=\"margin-top: 1rem;\">W przeciwie\u0144stwie do gotowych prezent\u00f3w z p\u00f3\u0142ki, kola\u017c ze zdj\u0119\u0107 w formie napisu jest w pe\u0142ni spersonalizowany i jedyny w swoim rodzaju. Oddaje histori\u0119 Pary M\u0142odej i celebruje ich wyj\u0105tkow\u0105 wi\u0119\u017a. To pami\u0105tka, kt\u00f3ra wywo\u0142a u\u015bmiech i wzruszenie \u2013 nie tylko w dniu \u015blubu, ale przez d\u0142ugie lata.<\/p>\r\n<p style=\"margin-top: 1rem;\">Zaskocz ukochan\u0105 par\u0119 czym\u015b naprawd\u0119 wyj\u0105tkowym. Podaruj im kawa\u0142ek wsp\u00f3lnych wspomnie\u0144 zamkni\u0119tych w pi\u0119knej formie.<\/p>","protected":false},"excerpt":{"rendered":"<ul class=\"check-list\">\n<li>Prze\u015blij ulubione zdj\u0119cia<\/li>\n<li>Dodaj osobist\u0105 dedykacj\u0119<\/li>\n<li>Spersonalizuj projekt w 3 prostych krokach<\/li>\n<li>Interaktywny podgl\u0105d pozwoli dopracowa\u0107 ka\u017cdy szczeg\u00f3\u0142<\/li>\n<\/ul>\n","protected":false},"featured_media":1672622,"template":"","meta":[],"product_brand":[],"product_cat":[8829,9765,99,3125,7929,7643,7753],"product_tag":[14959,16524,16312,16313,16280],"class_list":{"0":"post-964352","1":"product","2":"type-product","3":"status-publish","4":"has-post-thumbnail","6":"product_cat-kolaz-ze-zdjec-w-formie-napisu","7":"product_cat-trending-label-pl","8":"product_cat-wszystkie-produkty","9":"product_cat-prezent-na-slub","10":"product_cat-prezent-na-wieczor-panienski","11":"product_cat-prezent-dla-meza","12":"product_cat-prezent-dla-zony","13":"product_tag-couple-gift-pl","14":"product_tag-prezent-dla-nowozencow","15":"product_tag-prezent-slubny","16":"product_tag-prezenty-slubne","17":"product_tag-wedding-pl-2","19":"first","20":"instock","21":"sale","22":"taxable","23":"shipping-taxable","24":"purchasable","25":"product-type-variable"},"yoast_head":"<!-- This site is optimized with the Yoast SEO Premium plugin v27.2 (Yoast SEO v27.2) - https:\/\/yoast.com\/product\/yoast-seo-premium-wordpress\/ -->\n<title>Mr &amp; Mrs - Fotokola\u017c - Positive Prints<\/title>\n<meta name=\"description\" content=\"Wyj\u0105tkowy prezent na \u015blub! Personalizowany fotokola\u017c &#039;Mr &amp; Mrs&#039; z niezapomnianymi wspomnieniami m\u0142odej pary.\" \/>\n<meta name=\"robots\" content=\"index, follow, max-snippet:-1, max-image-preview:large, max-video-preview:-1\" \/>\n<link rel=\"canonical\" href=\"https:\/\/positiveprints.com\/pl\/produkt\/slub-kolaz-ze-zdjec-w-formie-napisu\/\" \/>\n<meta property=\"og:locale\" content=\"pl_PL\" \/>\n<meta property=\"og:type\" content=\"article\" \/>\n<meta property=\"og:title\" content=\"Mr &amp; Mrs - Fotokola\u017c\" \/>\n<meta property=\"og:description\" content=\"Prze\u015blij ulubione zdj\u0119cia  Dodaj osobist\u0105 dedykacj\u0119  Spersonalizuj projekt w 3 prostych krokach  Interaktywny podgl\u0105d pozwoli dopracowa\u0107 ka\u017cdy szczeg\u00f3\u0142\" \/>\n<meta property=\"og:url\" content=\"https:\/\/positiveprints.com\/pl\/produkt\/slub-kolaz-ze-zdjec-w-formie-napisu\/\" \/>\n<meta property=\"og:site_name\" content=\"Positive Prints\" \/>\n<meta property=\"article:publisher\" content=\"https:\/\/www.facebook.com\/positiveprintscom\" \/>\n<meta property=\"article:modified_time\" content=\"2026-04-12T21:17:25+00:00\" \/>\n<meta property=\"og:image\" content=\"https:\/\/positiveprints.com\/wp-content\/uploads\/2025\/04\/Packshot_PL_MRMRS.webp\" \/>\n\t<meta property=\"og:image:width\" content=\"1450\" \/>\n\t<meta property=\"og:image:height\" content=\"1450\" \/>\n\t<meta property=\"og:image:type\" content=\"image\/webp\" \/>\n<meta name=\"twitter:card\" content=\"summary_large_image\" \/>\n<meta name=\"twitter:label1\" content=\"Szacowany czas czytania\" \/>\n\t<meta name=\"twitter:data1\" content=\"2 minuty\" \/>\n<!-- \/ Yoast SEO Premium plugin. -->","yoast_head_json":{"title":"Mr & Mrs - Fotokola\u017c - Positive Prints","description":"Wyj\u0105tkowy prezent na \u015blub! Personalizowany fotokola\u017c 'Mr & Mrs' z niezapomnianymi wspomnieniami m\u0142odej pary.","robots":{"index":"index","follow":"follow","max-snippet":"max-snippet:-1","max-image-preview":"max-image-preview:large","max-video-preview":"max-video-preview:-1"},"canonical":"https:\/\/positiveprints.com\/pl\/produkt\/slub-kolaz-ze-zdjec-w-formie-napisu\/","og_locale":"pl_PL","og_type":"article","og_title":"Mr & Mrs - Fotokola\u017c","og_description":"Prze\u015blij ulubione zdj\u0119cia  Dodaj osobist\u0105 dedykacj\u0119  Spersonalizuj projekt w 3 prostych krokach  Interaktywny podgl\u0105d pozwoli dopracowa\u0107 ka\u017cdy szczeg\u00f3\u0142","og_url":"https:\/\/positiveprints.com\/pl\/produkt\/slub-kolaz-ze-zdjec-w-formie-napisu\/","og_site_name":"Positive Prints","article_publisher":"https:\/\/www.facebook.com\/positiveprintscom","article_modified_time":"2026-04-12T21:17:25+00:00","og_image":[{"width":1450,"height":1450,"url":"https:\/\/positiveprints.com\/wp-content\/uploads\/2025\/04\/Packshot_PL_MRMRS.webp","type":"image\/webp"}],"twitter_card":"summary_large_image","twitter_misc":{"Szacowany czas czytania":"2 minuty"},"schema":{"@context":"https:\/\/schema.org","@graph":[{"@type":["WebPage","ItemPage"],"@id":"https:\/\/positiveprints.com\/pl\/produkt\/slub-kolaz-ze-zdjec-w-formie-napisu\/","url":"https:\/\/positiveprints.com\/pl\/produkt\/slub-kolaz-ze-zdjec-w-formie-napisu\/","name":"Mr & Mrs - Fotokola\u017c - Positive Prints","isPartOf":{"@id":"https:\/\/positiveprints.com\/pl\/#website"},"primaryImageOfPage":{"@id":"https:\/\/positiveprints.com\/pl\/produkt\/slub-kolaz-ze-zdjec-w-formie-napisu\/#primaryimage"},"image":{"@id":"https:\/\/positiveprints.com\/pl\/produkt\/slub-kolaz-ze-zdjec-w-formie-napisu\/#primaryimage"},"thumbnailUrl":"https:\/\/positiveprints.com\/wp-content\/uploads\/2026\/03\/kolaz-zdjec-Mr-Mrs_PL.webp","datePublished":"2023-05-24T10:19:29+00:00","dateModified":"2026-04-12T21:17:25+00:00","description":"Wyj\u0105tkowy prezent na \u015blub! Personalizowany fotokola\u017c 'Mr & Mrs' z niezapomnianymi wspomnieniami m\u0142odej pary.","breadcrumb":{"@id":"https:\/\/positiveprints.com\/pl\/produkt\/slub-kolaz-ze-zdjec-w-formie-napisu\/#breadcrumb"},"inLanguage":"pl-PL","potentialAction":[{"@type":"ReadAction","target":["https:\/\/positiveprints.com\/pl\/produkt\/slub-kolaz-ze-zdjec-w-formie-napisu\/"]}]},{"@type":"ImageObject","inLanguage":"pl-PL","@id":"https:\/\/positiveprints.com\/pl\/produkt\/slub-kolaz-ze-zdjec-w-formie-napisu\/#primaryimage","url":"https:\/\/positiveprints.com\/wp-content\/uploads\/2026\/03\/kolaz-zdjec-Mr-Mrs_PL.webp","contentUrl":"https:\/\/positiveprints.com\/wp-content\/uploads\/2026\/03\/kolaz-zdjec-Mr-Mrs_PL.webp","width":1450,"height":1450},{"@type":"BreadcrumbList","@id":"https:\/\/positiveprints.com\/pl\/produkt\/slub-kolaz-ze-zdjec-w-formie-napisu\/#breadcrumb","itemListElement":[{"@type":"ListItem","position":1,"name":"Home","item":"https:\/\/positiveprints.com\/pl\/"},{"@type":"ListItem","position":2,"name":"Produkty","item":"https:\/\/positiveprints.com\/pl\/shop\/"},{"@type":"ListItem","position":3,"name":"Mr &#038; Mrs &#8211; Fotokola\u017c"}]},{"@type":"WebSite","@id":"https:\/\/positiveprints.com\/pl\/#website","url":"https:\/\/positiveprints.com\/pl\/","name":"Positive Prints","description":"Amazing Custom Personalized Gifts","publisher":{"@id":"https:\/\/positiveprints.com\/pl\/#organization"},"potentialAction":[{"@type":"SearchAction","target":{"@type":"EntryPoint","urlTemplate":"https:\/\/positiveprints.com\/pl\/?s={search_term_string}"},"query-input":{"@type":"PropertyValueSpecification","valueRequired":true,"valueName":"search_term_string"}}],"inLanguage":"pl-PL"},{"@type":"Organization","@id":"https:\/\/positiveprints.com\/pl\/#organization","name":"Positive Prints","alternateName":"Positive Prints","url":"https:\/\/positiveprints.com\/pl\/","logo":{"@type":"ImageObject","inLanguage":"pl-PL","@id":"https:\/\/positiveprints.com\/pl\/#\/schema\/logo\/image\/","url":"https:\/\/positiveprints.com\/wp-content\/uploads\/2026\/03\/245815646_1337939713319158_5671353136411139666_n.png","contentUrl":"https:\/\/positiveprints.com\/wp-content\/uploads\/2026\/03\/245815646_1337939713319158_5671353136411139666_n.png","width":800,"height":800,"caption":"Positive Prints"},"image":{"@id":"https:\/\/positiveprints.com\/pl\/#\/schema\/logo\/image\/"},"sameAs":["https:\/\/www.facebook.com\/positiveprintscom","https:\/\/www.instagram.com\/positiveprintscom\/","https:\/\/www.tiktok.com\/@positiveprintscom","https:\/\/www.pinterest.com\/positiveprintscom\/"]}]}},"jetpack_sharing_enabled":true,"_links":{"self":[{"href":"https:\/\/positiveprints.com\/pl\/wp-json\/wp\/v2\/product\/964352","targetHints":{"allow":["GET"]}}],"collection":[{"href":"https:\/\/positiveprints.com\/pl\/wp-json\/wp\/v2\/product"}],"about":[{"href":"https:\/\/positiveprints.com\/pl\/wp-json\/wp\/v2\/types\/product"}],"wp:featuredmedia":[{"embeddable":true,"href":"https:\/\/positiveprints.com\/pl\/wp-json\/wp\/v2\/media\/1672622"}],"wp:attachment":[{"href":"https:\/\/positiveprints.com\/pl\/wp-json\/wp\/v2\/media?parent=964352"}],"wp:term":[{"taxonomy":"product_brand","embeddable":true,"href":"https:\/\/positiveprints.com\/pl\/wp-json\/wp\/v2\/product_brand?post=964352"},{"taxonomy":"product_cat","embeddable":true,"href":"https:\/\/positiveprints.com\/pl\/wp-json\/wp\/v2\/product_cat?post=964352"},{"taxonomy":"product_tag","embeddable":true,"href":"https:\/\/positiveprints.com\/pl\/wp-json\/wp\/v2\/product_tag?post=964352"}],"curies":[{"name":"wp","href":"https:\/\/api.w.org\/{rel}","templated":true}]}}