{"id":964348,"date":"2023-05-23T11:25:45","date_gmt":"2023-05-23T10:25:45","guid":{"rendered":"https:\/\/positiveprints.com\/?post_type=product&#038;p=964348"},"modified":"2026-04-28T14:19:43","modified_gmt":"2026-04-28T13:19:43","slug":"pierwsza-rocznica-kolaz-ze-zdjec-w-formie-napisu","status":"publish","type":"product","link":"https:\/\/positiveprints.com\/pl\/produkt\/pierwsza-rocznica-kolaz-ze-zdjec-w-formie-napisu\/","title":{"rendered":"Pierwsza Rocznica &#8211; Kola\u017c ze Zdj\u0119\u0107"},"content":{"rendered":"<p style=\"margin-top: 1rem;\">Przedstawiamy kola\u017c zdj\u0119\u0107 z okazji pierwszej rocznicy! To wyj\u0105tkowy i spersonalizowany prezent, kt\u00f3ry mo\u017cesz podarowa\u0107 swojej drugiej po\u0142\u00f3wce z okazji roku sp\u0119dzonego wsp\u00f3lnie. To kola\u017c z\u0142o\u017cony z r\u00f3\u017cnych zdj\u0119\u0107, kt\u00f3re tworz\u0105 s\u0142owo lub znak. Mo\u017cesz wybra\u0107 dowolne kr\u00f3tkie s\u0142owo, na przyk\u0142ad \u201e1 rok\u201d, \u201erazem\u201d lub \u201emi\u0142o\u015b\u0107\u201d. To Ty mo\u017cesz zdecydowa\u0107!<\/p>\r\n<p style=\"margin-top: 1rem;\">Aby stworzy\u0107 spersonalizowan\u0105 grafik\u0119, wystarczy wej\u015b\u0107 na nasz\u0105 stron\u0119 internetow\u0105 i skorzysta\u0107 z naszego prostego edytora online. Mo\u017cesz wybra\u0107 s\u0142owo lub wpisa\u0107 je samodzielnie. Mo\u017cesz tak\u017ce wybra\u0107 kolor konturu wok\u00f3\u0142 liter. Nast\u0119pnie mo\u017cesz przes\u0142a\u0107 zdj\u0119cie ka\u017cdej litery. Mo\u017cesz nawet doda\u0107 w\u0142asn\u0105 wiadomo\u015b\u0107 pod kola\u017cem.<\/p>\r\n<p style=\"margin-top: 1rem;\">Istniej\u0105 r\u00f3\u017cne sposoby zamawiania kola\u017cu zdj\u0119\u0107 z okazji pierwszej rocznicy. Mo\u017cna go zam\u00f3wi\u0107 w formie plakatu zwyk\u0142ego lub oprawionego. Mo\u017cesz te\u017c wybra\u0107 wydruk na p\u0142\u00f3tnie. Je\u015bli wolisz, mo\u017cesz tak\u017ce uzyska\u0107 go w formie natychmiastowego pliku do pobrania w wersji cyfrowej.<\/p>\r\n<p style=\"margin-top: 1rem;\">Kola\u017c zdj\u0119\u0107 z okazji pierwszej rocznicy nie przypomina innych prezent\u00f3w, kt\u00f3re mo\u017cna znale\u017a\u0107 na sklepowych p\u00f3\u0142kach. Jest wyj\u0105tkowy i znacz\u0105cy, poniewa\u017c celebruje Tw\u00f3j zwi\u0105zek. To spos\u00f3b, aby przypomnie\u0107 sobie wszystkie dobre chwile, kt\u00f3re prze\u017cyli\u015bcie razem. Podaruj prezent rocznicowy, kt\u00f3ry poka\u017ce, jak bardzo Ci zale\u017cy, dzi\u0119ki kola\u017cowi zdj\u0119\u0107 z okazji pierwszej rocznicy!<\/p>\r\n<p style=\"margin-top: 1rem;\">Wyobra\u017a sobie rado\u015b\u0107 na twarzy swojego partnera, gdy zobaczy pi\u0119kny kola\u017c, kt\u00f3ry stworzy\u0142e\u015b specjalnie dla niego. To prezent, kt\u00f3ry pokazuje, jak bardzo Ci zale\u017cy i jak wa\u017cny jest Tw\u00f3j zwi\u0105zek. Co wi\u0119cej, jest to co\u015b, czym mog\u0105 cieszy\u0107 si\u0119 przez d\u0142ugie lata.<\/p>\r\n<p style=\"margin-top: 1rem;\">Kola\u017c zdj\u0119\u0107 w formie napisu to nie tylko przemy\u015blany i sentymentalny prezent, ale jego tworzenie to tak\u017ce \u015bwietna zabawa. Mo\u017cesz sp\u0119dzi\u0107 czas przegl\u0105daj\u0105c swoje zdj\u0119cia, wybieraj\u0105c idealne dla ka\u017cdej litery. To szansa, aby powspomina\u0107 ulubione chwile i zastanowi\u0107 si\u0119, jak daleko zaszli\u015bcie jako para.<\/p>\r\n<p style=\"margin-top: 1rem;\">Czy chcesz podarowa\u0107 swojej drugiej po\u0142\u00f3wce co\u015b naprawd\u0119 wyj\u0105tkowego? Kola\u017c zdj\u0119\u0107 w formie napisu to wspania\u0142y spos\u00f3b na uczczenie Twojej mi\u0142o\u015bci i upami\u0119tnienie tego wyj\u0105tkowego kamienia milowego. To prezent, kt\u00f3ry sprawi, \u017ce Twoja rocznica b\u0119dzie jeszcze bardziej niezapomniana i znacz\u0105ca. Nie czekaj i ju\u017c dzi\u015b zacznij tworzy\u0107 sw\u00f3j spersonalizowany kola\u017c i pozw\u00f3l wspomnieniom o\u017cy\u0107!<\/p>","protected":false},"excerpt":{"rendered":"<ul class=\"check-list\">\n<li>Dodaj dedykacj\u0119 prosto z serca<\/li>\n<li>Spersonalizuj w 3 prostych krokach<\/li>\n<li>Wybierz jeden z naszych szablon\u00f3w lub stw\u00f3rz w\u0142asny<\/li>\n<li>Interaktywny podgl\u0105d pozwoli dopracowa\u0107 ka\u017cdy szczeg\u00f3\u0142<\/li>\n<\/ul>\n","protected":false},"featured_media":1672451,"template":"","meta":[],"product_brand":[],"product_cat":[11539,7690,8010,8829,11185,11184,11186,5333,99],"product_tag":[14975,14970,14973,14981,14959,14960,14957,14962,14980,14977,14174,14979,14983,14968,14984,14976],"class_list":{"0":"post-964348","1":"product","2":"type-product","3":"status-publish","4":"has-post-thumbnail","6":"product_cat-1-rocznica","7":"product_cat-prezent-dla-kobiety","8":"product_cat-prezent-dla-mezczyzny","9":"product_cat-kolaz-ze-zdjec-w-formie-napisu","10":"product_cat-prezenty-na-rocznice-dla-niego","11":"product_cat-prezenty-na-rocznice-dla-niej","12":"product_cat-prezenty-na-rocznice-dla-pary","13":"product_cat-prezent-na-rocznice","14":"product_cat-wszystkie-produkty","15":"product_tag-anniversary-pl","16":"product_tag-anniversary-gift-pl","17":"product_tag-anniversary-gifts-pl","18":"product_tag-anniversary-present-pl","19":"product_tag-couple-gift-pl","20":"product_tag-gift-for-couple-pl","21":"product_tag-love-pl","22":"product_tag-love-gift-pl","23":"product_tag-personalized-gift-pl","24":"product_tag-romantic-gifts-pl","25":"product_tag-romantyczny-prezent","26":"product_tag-sentimental-gift-pl","27":"product_tag-special-occasion-pl","28":"product_tag-thoughtful-gift-pl","29":"product_tag-unique-gift-pl","30":"product_tag-wedding-anniversary-pl","32":"first","33":"instock","34":"sale","35":"taxable","36":"shipping-taxable","37":"purchasable","38":"product-type-variable"},"yoast_head":"<!-- This site is optimized with the Yoast SEO Premium plugin v27.2 (Yoast SEO v27.2) - https:\/\/yoast.com\/product\/yoast-seo-premium-wordpress\/ -->\n<title>Pierwsza Rocznica - Kola\u017c ze Zdj\u0119\u0107 - Positive Prints<\/title>\n<meta name=\"description\" content=\"Podaruj wyj\u0105tkowy prezent na 1. rocznic\u0119! Stw\u00f3rz kola\u017c ze zdj\u0119\u0107 uk\u0142adaj\u0105cych si\u0119 w napis, pe\u0142en Waszych wspomnie\u0144 \u2013 pi\u0119kn\u0105 pami\u0105tk\u0119 na lata.\" \/>\n<meta name=\"robots\" content=\"index, follow, max-snippet:-1, max-image-preview:large, max-video-preview:-1\" \/>\n<link rel=\"canonical\" href=\"https:\/\/positiveprints.com\/pl\/produkt\/pierwsza-rocznica-kolaz-ze-zdjec-w-formie-napisu\/\" \/>\n<meta property=\"og:locale\" content=\"pl_PL\" \/>\n<meta property=\"og:type\" content=\"article\" \/>\n<meta property=\"og:title\" content=\"Pierwsza Rocznica - Kola\u017c ze Zdj\u0119\u0107\" \/>\n<meta property=\"og:description\" content=\"Dodaj dedykacj\u0119 prosto z serca  Spersonalizuj w 3 prostych krokach  Wybierz jeden z naszych szablon\u00f3w lub stw\u00f3rz w\u0142asny  Interaktywny podgl\u0105d pozwoli dopracowa\u0107 ka\u017cdy szczeg\u00f3\u0142\" \/>\n<meta property=\"og:url\" content=\"https:\/\/positiveprints.com\/pl\/produkt\/pierwsza-rocznica-kolaz-ze-zdjec-w-formie-napisu\/\" \/>\n<meta property=\"og:site_name\" content=\"Positive Prints\" \/>\n<meta property=\"article:publisher\" content=\"https:\/\/www.facebook.com\/positiveprintscom\" \/>\n<meta property=\"article:modified_time\" content=\"2026-04-28T13:19:43+00:00\" \/>\n<meta property=\"og:image\" content=\"https:\/\/positiveprints.com\/wp-content\/uploads\/2025\/03\/Packshot_PL_1rok.webp\" \/>\n\t<meta property=\"og:image:width\" content=\"1450\" \/>\n\t<meta property=\"og:image:height\" content=\"1450\" \/>\n\t<meta property=\"og:image:type\" content=\"image\/webp\" \/>\n<meta name=\"twitter:card\" content=\"summary_large_image\" \/>\n<!-- \/ Yoast SEO Premium plugin. -->","yoast_head_json":{"title":"Pierwsza Rocznica - Kola\u017c ze Zdj\u0119\u0107 - Positive Prints","description":"Podaruj wyj\u0105tkowy prezent na 1. rocznic\u0119! Stw\u00f3rz kola\u017c ze zdj\u0119\u0107 uk\u0142adaj\u0105cych si\u0119 w napis, pe\u0142en Waszych wspomnie\u0144 \u2013 pi\u0119kn\u0105 pami\u0105tk\u0119 na lata.","robots":{"index":"index","follow":"follow","max-snippet":"max-snippet:-1","max-image-preview":"max-image-preview:large","max-video-preview":"max-video-preview:-1"},"canonical":"https:\/\/positiveprints.com\/pl\/produkt\/pierwsza-rocznica-kolaz-ze-zdjec-w-formie-napisu\/","og_locale":"pl_PL","og_type":"article","og_title":"Pierwsza Rocznica - Kola\u017c ze Zdj\u0119\u0107","og_description":"Dodaj dedykacj\u0119 prosto z serca  Spersonalizuj w 3 prostych krokach  Wybierz jeden z naszych szablon\u00f3w lub stw\u00f3rz w\u0142asny  Interaktywny podgl\u0105d pozwoli dopracowa\u0107 ka\u017cdy szczeg\u00f3\u0142","og_url":"https:\/\/positiveprints.com\/pl\/produkt\/pierwsza-rocznica-kolaz-ze-zdjec-w-formie-napisu\/","og_site_name":"Positive Prints","article_publisher":"https:\/\/www.facebook.com\/positiveprintscom","article_modified_time":"2026-04-28T13:19:43+00:00","og_image":[{"width":1450,"height":1450,"url":"https:\/\/positiveprints.com\/wp-content\/uploads\/2025\/03\/Packshot_PL_1rok.webp","type":"image\/webp"}],"twitter_card":"summary_large_image","schema":{"@context":"https:\/\/schema.org","@graph":[{"@type":["WebPage","ItemPage"],"@id":"https:\/\/positiveprints.com\/pl\/produkt\/pierwsza-rocznica-kolaz-ze-zdjec-w-formie-napisu\/","url":"https:\/\/positiveprints.com\/pl\/produkt\/pierwsza-rocznica-kolaz-ze-zdjec-w-formie-napisu\/","name":"Pierwsza Rocznica - Kola\u017c ze Zdj\u0119\u0107 - Positive Prints","isPartOf":{"@id":"https:\/\/positiveprints.com\/pl\/#website"},"primaryImageOfPage":{"@id":"https:\/\/positiveprints.com\/pl\/produkt\/pierwsza-rocznica-kolaz-ze-zdjec-w-formie-napisu\/#primaryimage"},"image":{"@id":"https:\/\/positiveprints.com\/pl\/produkt\/pierwsza-rocznica-kolaz-ze-zdjec-w-formie-napisu\/#primaryimage"},"thumbnailUrl":"https:\/\/positiveprints.com\/wp-content\/uploads\/2026\/03\/kolaz-zdjec-z-pierwszego-roku_PL.webp","datePublished":"2023-05-23T10:25:45+00:00","dateModified":"2026-04-28T13:19:43+00:00","description":"Podaruj wyj\u0105tkowy prezent na 1. rocznic\u0119! Stw\u00f3rz kola\u017c ze zdj\u0119\u0107 uk\u0142adaj\u0105cych si\u0119 w napis, pe\u0142en Waszych wspomnie\u0144 \u2013 pi\u0119kn\u0105 pami\u0105tk\u0119 na lata.","breadcrumb":{"@id":"https:\/\/positiveprints.com\/pl\/produkt\/pierwsza-rocznica-kolaz-ze-zdjec-w-formie-napisu\/#breadcrumb"},"inLanguage":"pl-PL","potentialAction":[{"@type":"ReadAction","target":["https:\/\/positiveprints.com\/pl\/produkt\/pierwsza-rocznica-kolaz-ze-zdjec-w-formie-napisu\/"]}]},{"@type":"ImageObject","inLanguage":"pl-PL","@id":"https:\/\/positiveprints.com\/pl\/produkt\/pierwsza-rocznica-kolaz-ze-zdjec-w-formie-napisu\/#primaryimage","url":"https:\/\/positiveprints.com\/wp-content\/uploads\/2026\/03\/kolaz-zdjec-z-pierwszego-roku_PL.webp","contentUrl":"https:\/\/positiveprints.com\/wp-content\/uploads\/2026\/03\/kolaz-zdjec-z-pierwszego-roku_PL.webp","width":1450,"height":1450},{"@type":"BreadcrumbList","@id":"https:\/\/positiveprints.com\/pl\/produkt\/pierwsza-rocznica-kolaz-ze-zdjec-w-formie-napisu\/#breadcrumb","itemListElement":[{"@type":"ListItem","position":1,"name":"Home","item":"https:\/\/positiveprints.com\/pl\/"},{"@type":"ListItem","position":2,"name":"Produkty","item":"https:\/\/positiveprints.com\/pl\/shop\/"},{"@type":"ListItem","position":3,"name":"Pierwsza Rocznica &#8211; Kola\u017c ze Zdj\u0119\u0107"}]},{"@type":"WebSite","@id":"https:\/\/positiveprints.com\/pl\/#website","url":"https:\/\/positiveprints.com\/pl\/","name":"Positive Prints","description":"Amazing Custom Personalized Gifts","publisher":{"@id":"https:\/\/positiveprints.com\/pl\/#organization"},"potentialAction":[{"@type":"SearchAction","target":{"@type":"EntryPoint","urlTemplate":"https:\/\/positiveprints.com\/pl\/?s={search_term_string}"},"query-input":{"@type":"PropertyValueSpecification","valueRequired":true,"valueName":"search_term_string"}}],"inLanguage":"pl-PL"},{"@type":"Organization","@id":"https:\/\/positiveprints.com\/pl\/#organization","name":"Positive Prints","alternateName":"Positive Prints","url":"https:\/\/positiveprints.com\/pl\/","logo":{"@type":"ImageObject","inLanguage":"pl-PL","@id":"https:\/\/positiveprints.com\/pl\/#\/schema\/logo\/image\/","url":"https:\/\/positiveprints.com\/wp-content\/uploads\/2026\/03\/245815646_1337939713319158_5671353136411139666_n.png","contentUrl":"https:\/\/positiveprints.com\/wp-content\/uploads\/2026\/03\/245815646_1337939713319158_5671353136411139666_n.png","width":800,"height":800,"caption":"Positive Prints"},"image":{"@id":"https:\/\/positiveprints.com\/pl\/#\/schema\/logo\/image\/"},"sameAs":["https:\/\/www.facebook.com\/positiveprintscom","https:\/\/www.instagram.com\/positiveprintscom\/","https:\/\/www.tiktok.com\/@positiveprintscom","https:\/\/www.pinterest.com\/positiveprintscom\/"]}]}},"jetpack_sharing_enabled":true,"_links":{"self":[{"href":"https:\/\/positiveprints.com\/pl\/wp-json\/wp\/v2\/product\/964348","targetHints":{"allow":["GET"]}}],"collection":[{"href":"https:\/\/positiveprints.com\/pl\/wp-json\/wp\/v2\/product"}],"about":[{"href":"https:\/\/positiveprints.com\/pl\/wp-json\/wp\/v2\/types\/product"}],"wp:featuredmedia":[{"embeddable":true,"href":"https:\/\/positiveprints.com\/pl\/wp-json\/wp\/v2\/media\/1672451"}],"wp:attachment":[{"href":"https:\/\/positiveprints.com\/pl\/wp-json\/wp\/v2\/media?parent=964348"}],"wp:term":[{"taxonomy":"product_brand","embeddable":true,"href":"https:\/\/positiveprints.com\/pl\/wp-json\/wp\/v2\/product_brand?post=964348"},{"taxonomy":"product_cat","embeddable":true,"href":"https:\/\/positiveprints.com\/pl\/wp-json\/wp\/v2\/product_cat?post=964348"},{"taxonomy":"product_tag","embeddable":true,"href":"https:\/\/positiveprints.com\/pl\/wp-json\/wp\/v2\/product_tag?post=964348"}],"curies":[{"name":"wp","href":"https:\/\/api.w.org\/{rel}","templated":true}]}}