{"id":664316,"date":"2023-08-30T22:57:20","date_gmt":"2023-08-30T21:57:20","guid":{"rendered":"https:\/\/positiveprints.com\/product\/znak-zodiaku-baran-aura\/"},"modified":"2026-04-12T21:40:48","modified_gmt":"2026-04-12T20:40:48","slug":"aries-aura-zodiac-art-2","status":"publish","type":"product","link":"https:\/\/positiveprints.com\/pl\/produkt\/aries-aura-zodiac-art-2\/","title":{"rendered":"Znak zodiaku Baran Aura"},"content":{"rendered":"<h2 class=\"grenB f24 cblue\" style=\"margin-top: 3rem;\">Zodiakalna Aura Barana: Spersonalizowana Niebia\u0144ska Sztuka<\/h2>\r\n<p style=\"margin-top: 1rem;\">Wkrocz do niesamowitego \u015bwiata spersonalizowanej sztuki z naszym plakatem z Aur\u0105 Znaku Zodiaku Baran. Wyra\u017a sw\u00f3j wyj\u0105tkowy styl dzi\u0119ki temu niesamowitemu arcydzie\u0142u, dost\u0119pnemu w trzech fantastycznych stylach: mistycznym, modern lub vintage. Wybierz styl, kt\u00f3ry jest dla Ciebie odpowiedni i pokazuje Twoj\u0105 wyj\u0105tkowo\u015b\u0107.<\/p>\r\n\r\n<h2 class=\"grenB f24 cblue\" style=\"margin-top: 3rem;\">Ognista energia Barana<\/h2>\r\n<p style=\"margin-top: 1rem;\">Poczuj ognist\u0105 i ekscytuj\u0105c\u0105 energi\u0119 Barana jak nigdy dot\u0105d. Nasz projekt Aura przekszta\u0142ca p\u0142\u00f3tno w wybuch ognistych kolor\u00f3w, podobnie jak odwa\u017cna natura Barana. Wyobra\u017a sobie jaskrawe czerwienie i ogniste pomara\u0144cze, kt\u00f3re oddaj\u0105 \u015bmia\u0142ego ducha tego znaku zodiaku.<\/p>\r\n\r\n<h2 class=\"grenB f24 cblue\" style=\"margin-top: 3rem;\">Stworzony specjalnie dla Ciebie<\/h2>\r\n<p style=\"margin-top: 1rem;\">Nadaj plakatowi sw\u00f3j w\u0142asny charakter, dodaj\u0105c do niego osobiste akcenty. Dodaj swoje imi\u0119 zodiaku, s\u0142odk\u0105 wiadomo\u015b\u0107 lub wybierz nazw\u0119 kamienia narodzin Barana, planet\u0119 rz\u0105dz\u0105c\u0105 i \u017cywio\u0142. Te szczeg\u00f3\u0142y sprawiaj\u0105, \u017ce Twoje dzie\u0142o jest jeszcze bardziej wyj\u0105tkowe i pokazuje Tw\u00f3j zwi\u0105zek z istot\u0105 Barana.<\/p>\r\n\r\n<h2 class=\"grenB f24 cblue\" style=\"margin-top: 3rem;\">\u015awi\u0119tuj z Aur\u0105 Znaku Zodiaku Baran<\/h2>\r\n<p style=\"margin-top: 1rem;\">Szukasz idealnego prezentu? Nie szukaj dalej. Plakat z Aur\u0105 Znaku Zodiaku Baran to wspania\u0142y spos\u00f3b na uczczenie wyj\u0105tkowych urodzin. \u0141\u0105cz\u0105c sztuk\u0119 i astrologi\u0119, staje si\u0119 pami\u0105tk\u0105, kt\u00f3ra oddaje serce ich znaku zodiaku i unikalnych cech.<\/p>\r\n\r\n<h2 class=\"grenB f24 cblue\" style=\"margin-top: 3rem;\">\u0141atwo\u015b\u0107 tworzenia<\/h2>\r\n<p style=\"margin-top: 1rem;\">Stworzenie w\u0142asnego plakatu jest bardzo proste. Przejd\u017a do naszego edytora online, wybierz sw\u00f3j ulubiony uk\u0142ad i styl, wybierz szczeg\u00f3\u0142y, kt\u00f3re lubisz i wybierz Barana jako znak zodiaku. Mo\u017cesz wybra\u0107 wydrukowany plakat, oprawion\u0105 grafik\u0119, p\u0142\u00f3tno lub plik cyfrowy do natychmiastowego pobrania &#8211; niezale\u017cnie od tego, na co si\u0119 zdecydujesz, otrzymasz osza\u0142amiaj\u0105ce dzie\u0142o, kt\u00f3re doda kosmicznego pi\u0119kna Twojej przestrzeni.<\/p>\r\n\r\n<h2 class=\"grenB f24 cblue\" style=\"margin-top: 3rem;\">Podnie\u015b swoj\u0105 przestrze\u0144 dzi\u0119ki Aurze Znaku Zodiaku Baran<\/h2>\r\n<p style=\"margin-top: 1rem;\">Spraw, by Twoja przestrze\u0144 nabra\u0142a blasku dzi\u0119ki plakatowi z Aur\u0105 Znaku Zodiaku Baran. To ponadczasowa mieszanka sztuki i astrologii, kt\u00f3ra przemawia do Twojego serca i ducha, sprawiaj\u0105c, \u017ce Twoja przestrze\u0144 zal\u015bni kosmiczn\u0105 magi\u0105.<\/p>","protected":false},"excerpt":{"rendered":"<ul class=\"check-list\">\n<li>Uczcij ognistego ducha Barana dzi\u0119ki temu wyj\u0105tkowemu plakatowi ze znakiem zodiaku, idealnemu prezentowi dla Ciebie lub Twoich bliskich<\/li>\n<li>Odkryj cechy, kt\u00f3re czyni\u0105 Tw\u00f3j znak zodiaku wyj\u0105tkowym<\/li>\n<li>Wybierz szablon lub sta\u0144 si\u0119 kreatywny<\/li>\n<li>Do\u0142\u0105cz spersonalizowany tekst prosto z serca<\/li>\n<li>Podgl\u0105d projektu na ka\u017cdym etapie<\/li>\n<\/ul>\n","protected":false},"featured_media":661855,"template":"","meta":[],"product_brand":[],"product_cat":[9014,99],"product_tag":[9147],"class_list":{"0":"post-664316","1":"product","2":"type-product","3":"status-publish","4":"has-post-thumbnail","6":"product_cat-zodiac-pl","7":"product_cat-wszystkie-produkty","8":"product_tag-aura-pl","10":"first","11":"instock","12":"sale","13":"taxable","14":"shipping-taxable","15":"purchasable","16":"product-type-variable"},"yoast_head":"<!-- This site is optimized with the Yoast SEO Premium plugin v27.2 (Yoast SEO v27.2) - https:\/\/yoast.com\/product\/yoast-seo-premium-wordpress\/ -->\n<title>Baran Aura Zodiac Art - Positive Prints<\/title>\n<meta name=\"description\" content=\"Podaruj swojej przestrzeni ognisty akcent w postaci spersonalizowanej grafiki \u015bciennej. Rozpal swoje otoczenie dzi\u0119ki znakowi zodiaku Baran Aura.\" \/>\n<meta name=\"robots\" content=\"index, follow, max-snippet:-1, max-image-preview:large, max-video-preview:-1\" \/>\n<link rel=\"canonical\" href=\"https:\/\/positiveprints.com\/pl\/produkt\/aries-aura-zodiac-art-2\/\" \/>\n<meta property=\"og:locale\" content=\"pl_PL\" \/>\n<meta property=\"og:type\" content=\"article\" \/>\n<meta property=\"og:title\" content=\"Znak zodiaku Baran Aura\" \/>\n<meta property=\"og:description\" content=\"Uczcij ognistego ducha Barana dzi\u0119ki temu wyj\u0105tkowemu plakatowi ze znakiem zodiaku, idealnemu prezentowi dla Ciebie lub Twoich bliskich  Odkryj cechy, kt\u00f3re czyni\u0105 Tw\u00f3j znak zodiaku wyj\u0105tkowym  Wybierz szablon lub sta\u0144 si\u0119 kreatywny  Do\u0142\u0105cz spersonalizowany tekst prosto z serca  Podgl\u0105d projektu na ka\u017cdym etapie\" \/>\n<meta property=\"og:url\" content=\"https:\/\/positiveprints.com\/pl\/produkt\/aries-aura-zodiac-art-2\/\" \/>\n<meta property=\"og:site_name\" content=\"Positive Prints\" \/>\n<meta property=\"article:publisher\" content=\"https:\/\/www.facebook.com\/positiveprintscom\" \/>\n<meta property=\"article:modified_time\" content=\"2026-04-12T20:40:48+00:00\" \/>\n<meta property=\"og:image\" content=\"https:\/\/positiveprints.com\/wp-content\/uploads\/2023\/08\/Aries-Aura-Zodiac-Art.jpg\" \/>\n\t<meta property=\"og:image:width\" content=\"1080\" \/>\n\t<meta property=\"og:image:height\" content=\"1080\" \/>\n\t<meta property=\"og:image:type\" content=\"image\/jpeg\" \/>\n<meta name=\"twitter:card\" content=\"summary_large_image\" \/>\n<meta name=\"twitter:label1\" content=\"Szacowany czas czytania\" \/>\n\t<meta name=\"twitter:data1\" content=\"2 minuty\" \/>\n<!-- \/ Yoast SEO Premium plugin. -->","yoast_head_json":{"title":"Baran Aura Zodiac Art - Positive Prints","description":"Podaruj swojej przestrzeni ognisty akcent w postaci spersonalizowanej grafiki \u015bciennej. Rozpal swoje otoczenie dzi\u0119ki znakowi zodiaku Baran Aura.","robots":{"index":"index","follow":"follow","max-snippet":"max-snippet:-1","max-image-preview":"max-image-preview:large","max-video-preview":"max-video-preview:-1"},"canonical":"https:\/\/positiveprints.com\/pl\/produkt\/aries-aura-zodiac-art-2\/","og_locale":"pl_PL","og_type":"article","og_title":"Znak zodiaku Baran Aura","og_description":"Uczcij ognistego ducha Barana dzi\u0119ki temu wyj\u0105tkowemu plakatowi ze znakiem zodiaku, idealnemu prezentowi dla Ciebie lub Twoich bliskich  Odkryj cechy, kt\u00f3re czyni\u0105 Tw\u00f3j znak zodiaku wyj\u0105tkowym  Wybierz szablon lub sta\u0144 si\u0119 kreatywny  Do\u0142\u0105cz spersonalizowany tekst prosto z serca  Podgl\u0105d projektu na ka\u017cdym etapie","og_url":"https:\/\/positiveprints.com\/pl\/produkt\/aries-aura-zodiac-art-2\/","og_site_name":"Positive Prints","article_publisher":"https:\/\/www.facebook.com\/positiveprintscom","article_modified_time":"2026-04-12T20:40:48+00:00","og_image":[{"width":1080,"height":1080,"url":"https:\/\/positiveprints.com\/wp-content\/uploads\/2023\/08\/Aries-Aura-Zodiac-Art.jpg","type":"image\/jpeg"}],"twitter_card":"summary_large_image","twitter_misc":{"Szacowany czas czytania":"2 minuty"},"schema":{"@context":"https:\/\/schema.org","@graph":[{"@type":["WebPage","ItemPage"],"@id":"https:\/\/positiveprints.com\/pl\/produkt\/aries-aura-zodiac-art-2\/","url":"https:\/\/positiveprints.com\/pl\/produkt\/aries-aura-zodiac-art-2\/","name":"Baran Aura Zodiac Art - Positive Prints","isPartOf":{"@id":"https:\/\/positiveprints.com\/pl\/#website"},"primaryImageOfPage":{"@id":"https:\/\/positiveprints.com\/pl\/produkt\/aries-aura-zodiac-art-2\/#primaryimage"},"image":{"@id":"https:\/\/positiveprints.com\/pl\/produkt\/aries-aura-zodiac-art-2\/#primaryimage"},"thumbnailUrl":"https:\/\/positiveprints.com\/wp-content\/uploads\/2023\/08\/Aries-Aura-Zodiac-Art.jpg","datePublished":"2023-08-30T21:57:20+00:00","dateModified":"2026-04-12T20:40:48+00:00","description":"Podaruj swojej przestrzeni ognisty akcent w postaci spersonalizowanej grafiki \u015bciennej. Rozpal swoje otoczenie dzi\u0119ki znakowi zodiaku Baran Aura.","breadcrumb":{"@id":"https:\/\/positiveprints.com\/pl\/produkt\/aries-aura-zodiac-art-2\/#breadcrumb"},"inLanguage":"pl-PL","potentialAction":[{"@type":"ReadAction","target":["https:\/\/positiveprints.com\/pl\/produkt\/aries-aura-zodiac-art-2\/"]}]},{"@type":"ImageObject","inLanguage":"pl-PL","@id":"https:\/\/positiveprints.com\/pl\/produkt\/aries-aura-zodiac-art-2\/#primaryimage","url":"https:\/\/positiveprints.com\/wp-content\/uploads\/2023\/08\/Aries-Aura-Zodiac-Art.jpg","contentUrl":"https:\/\/positiveprints.com\/wp-content\/uploads\/2023\/08\/Aries-Aura-Zodiac-Art.jpg","width":1080,"height":1080,"caption":"Aries Aura Zodiac Art"},{"@type":"BreadcrumbList","@id":"https:\/\/positiveprints.com\/pl\/produkt\/aries-aura-zodiac-art-2\/#breadcrumb","itemListElement":[{"@type":"ListItem","position":1,"name":"Home","item":"https:\/\/positiveprints.com\/pl\/"},{"@type":"ListItem","position":2,"name":"Produkty","item":"https:\/\/positiveprints.com\/pl\/shop\/"},{"@type":"ListItem","position":3,"name":"Znak zodiaku Baran Aura"}]},{"@type":"WebSite","@id":"https:\/\/positiveprints.com\/pl\/#website","url":"https:\/\/positiveprints.com\/pl\/","name":"Positive Prints","description":"Amazing Custom Personalized Gifts","publisher":{"@id":"https:\/\/positiveprints.com\/pl\/#organization"},"potentialAction":[{"@type":"SearchAction","target":{"@type":"EntryPoint","urlTemplate":"https:\/\/positiveprints.com\/pl\/?s={search_term_string}"},"query-input":{"@type":"PropertyValueSpecification","valueRequired":true,"valueName":"search_term_string"}}],"inLanguage":"pl-PL"},{"@type":"Organization","@id":"https:\/\/positiveprints.com\/pl\/#organization","name":"Positive Prints","alternateName":"Positive Prints","url":"https:\/\/positiveprints.com\/pl\/","logo":{"@type":"ImageObject","inLanguage":"pl-PL","@id":"https:\/\/positiveprints.com\/pl\/#\/schema\/logo\/image\/","url":"https:\/\/positiveprints.com\/wp-content\/uploads\/2026\/03\/245815646_1337939713319158_5671353136411139666_n.png","contentUrl":"https:\/\/positiveprints.com\/wp-content\/uploads\/2026\/03\/245815646_1337939713319158_5671353136411139666_n.png","width":800,"height":800,"caption":"Positive Prints"},"image":{"@id":"https:\/\/positiveprints.com\/pl\/#\/schema\/logo\/image\/"},"sameAs":["https:\/\/www.facebook.com\/positiveprintscom","https:\/\/www.instagram.com\/positiveprintscom\/","https:\/\/www.tiktok.com\/@positiveprintscom","https:\/\/www.pinterest.com\/positiveprintscom\/"]}]}},"jetpack_sharing_enabled":true,"_links":{"self":[{"href":"https:\/\/positiveprints.com\/pl\/wp-json\/wp\/v2\/product\/664316","targetHints":{"allow":["GET"]}}],"collection":[{"href":"https:\/\/positiveprints.com\/pl\/wp-json\/wp\/v2\/product"}],"about":[{"href":"https:\/\/positiveprints.com\/pl\/wp-json\/wp\/v2\/types\/product"}],"wp:featuredmedia":[{"embeddable":true,"href":"https:\/\/positiveprints.com\/pl\/wp-json\/wp\/v2\/media\/661855"}],"wp:attachment":[{"href":"https:\/\/positiveprints.com\/pl\/wp-json\/wp\/v2\/media?parent=664316"}],"wp:term":[{"taxonomy":"product_brand","embeddable":true,"href":"https:\/\/positiveprints.com\/pl\/wp-json\/wp\/v2\/product_brand?post=664316"},{"taxonomy":"product_cat","embeddable":true,"href":"https:\/\/positiveprints.com\/pl\/wp-json\/wp\/v2\/product_cat?post=664316"},{"taxonomy":"product_tag","embeddable":true,"href":"https:\/\/positiveprints.com\/pl\/wp-json\/wp\/v2\/product_tag?post=664316"}],"curies":[{"name":"wp","href":"https:\/\/api.w.org\/{rel}","templated":true}]}}